{"id":12527,"date":"2025-05-12T08:55:32","date_gmt":"2025-05-12T08:55:32","guid":{"rendered":"https:\/\/ttp-expert.com\/datovy-analytik-a-projektovy-manazer\/"},"modified":"2025-07-07T11:16:32","modified_gmt":"2025-07-07T11:16:32","slug":"datovy-analytik-a-projektovy-manazer","status":"publish","type":"page","link":"https:\/\/ttp.expert\/cs\/datovy-analytik-a-projektovy-manazer\/","title":{"rendered":"Datov\u00fd analytik a projektov\u00fd mana\u017eer"},"content":{"rendered":"\t\t<div data-elementor-type=\"wp-page\" data-elementor-id=\"12527\" class=\"elementor elementor-12527\" data-elementor-post-type=\"page\">\n\t\t\t\t<div class=\"elementor-element elementor-element-74ad67c e-flex e-con-boxed e-con e-parent\" data-id=\"74ad67c\" data-element_type=\"container\">\n\t\t\t\t\t<div class=\"e-con-inner\">\n\t\t<div class=\"elementor-element elementor-element-b4ba880 e-con-full e-flex e-con e-child\" data-id=\"b4ba880\" data-element_type=\"container\">\n\t\t<div class=\"elementor-element elementor-element-69ff3fe e-con-full e-flex e-con e-child\" data-id=\"69ff3fe\" data-element_type=\"container\">\n\t\t\t\t<div class=\"elementor-element elementor-element-bc7026c premium-header-inline elementor-invisible elementor-widget elementor-widget-premium-addon-dual-header\" data-id=\"bc7026c\" data-element_type=\"widget\" data-settings=\"{&quot;_animation&quot;:&quot;fadeInDown&quot;}\" data-widget_type=\"premium-addon-dual-header.default\">\n\t\t\t\t<div class=\"elementor-widget-container\">\n\t\t\t\t\t\r\n\t\t\t\t\t<h2 class=\"premium-dual-header-first-header \"><span class=\"premium-dual-header-first-span\">Datov\u00fd analytik a  <\/span><span class=\"premium-dual-header-second-header \">projektov\u00fd mana\u017eer<\/span><\/h2> \t\t\r\n\t\t\t\t\t\t<\/div>\n\t\t\t\t<\/div>\n\t\t\t\t<div class=\"elementor-element elementor-element-de8d321 elementor-widget-divider--view-line elementor-widget elementor-widget-divider\" data-id=\"de8d321\" data-element_type=\"widget\" data-widget_type=\"divider.default\">\n\t\t\t\t<div class=\"elementor-widget-container\">\n\t\t\t\t\t\t\t<div class=\"elementor-divider\">\n\t\t\t<span class=\"elementor-divider-separator\">\n\t\t\t\t\t\t<\/span>\n\t\t<\/div>\n\t\t\t\t\t\t<\/div>\n\t\t\t\t<\/div>\n\t\t\t\t<\/div>\n\t\t\t\t<\/div>\n\t\t\t\t<div class=\"elementor-element elementor-element-db504af elementor-widget__width-inherit elementor-invisible elementor-widget elementor-widget-html\" data-id=\"db504af\" data-element_type=\"widget\" data-settings=\"{&quot;_animation&quot;:&quot;fadeInLeft&quot;}\" data-widget_type=\"html.default\">\n\t\t\t\t<div class=\"elementor-widget-container\">\n\t\t\t\t\t\r\n<!DOCTYPE html>\r\n<html lang=\"es\">\r\n<head>\r\n    <meta charset=\"UTF-8\">\r\n    <meta name=\"viewport\" content=\"width=device-width, initial-scale=1.0\">\r\n    <title>Formulario de Aplicaci\u00f3n<\/title>\r\n    \r\n    <link href=\"https:\/\/fonts.googleapis.com\/css2?family=Montserrat:wght@400&display=swap\" rel=\"stylesheet\">\r\n\r\n    <style>\r\n        * {\r\n            margin: 0;\r\n            padding: 0;\r\n            box-sizing: border-box;\r\n            font-family: 'Montserrat', sans-serif;\r\n    font-weight: 400;\r\n        }\r\n        \r\n        body {\r\n            background-color: #f5f5f5;\r\n            color: #333;\r\n            line-height: 1.6;\r\n        }\r\n        \r\n        .container {\r\n            max-width: 1000px;\r\n            margin: 40px auto;\r\n            padding: 0px;\r\n            background-color: #fff;\r\n            border-radius: 8px;\r\n           \r\n        }\r\n        \r\n        .job-description {\r\n            border-bottom: 1px solid #e0e0e0;\r\n        }\r\n        \r\n        .job-title {\r\n            color: #DDAA33;\r\n            font-size: 28px;\r\n            margin-bottom: 15px;\r\n            font-weight: bold;\r\n        }\r\n        \r\n        .job-details {\r\n            margin-bottom: 20px;\r\n        }\r\n        \r\n        .job-details h3 {\r\n            font-size: 20px;\r\n            margin: 15px 0 10px;\r\n            color: #555;\r\n        }\r\n        \r\n        .job-details p, .job-details li {\r\n            margin-bottom: 10px;\r\n            font-size: 16px;\r\n        }\r\n        \r\n        .job-details ul {\r\n            padding-left: 20px;\r\n            margin-bottom: 15px;\r\n        }\r\n        \r\n        .application-form {\r\n            padding-top: 20px;\r\n        }\r\n        \r\n        .form-title {\r\n            font-size: 24px;\r\n            margin-bottom: 20px;\r\n            color: #333;\r\n        }\r\n        \r\n        .form-group {\r\n            margin-bottom: 20px;\r\n        }\r\n        \r\n        label {\r\n            display: block;\r\n            margin-bottom: 8px;\r\n\r\n            color: #555;\r\n             font-family: 'Montserrat', sans-serif;\r\n        }\r\n        \r\n        input, textarea {\r\n            width: 100%;\r\n            padding: 12px;\r\n            border: 1px solid #ddd;\r\n            border-radius: 4px;\r\n            font-size: 16px;\r\n            transition: border-color 0.3s;\r\n        }\r\n        \r\n        input:focus, textarea:focus {\r\n            border-color: #e6a700;\r\n            outline: none;\r\n        }\r\n        \r\n        textarea {\r\n            min-height: 150px;\r\n            resize: vertical;\r\n        }\r\n        \r\n        .file-upload {\r\n            position: relative;\r\n            overflow: hidden;\r\n            margin-top: 10px;\r\n            display: inline-block;\r\n        }\r\n        \r\n        .file-upload-label {\r\n            background-color: #f0f0f0;\r\n            color: #555;\r\n            border: 1px solid #ddd;\r\n            padding: 10px 20px;\r\n            border-radius: 4px;\r\n            cursor: pointer;\r\n            display: inline-block;\r\n            transition: all 0.3s;\r\n        }\r\n        \r\n        .file-upload-label:hover {\r\n            background-color: #e0e0e0;\r\n        }\r\n        \r\n        .file-name {\r\n            margin-left: 10px;\r\n            font-size: 14px;\r\n        }\r\n        \r\n        input[type=\"file\"] {\r\n            position: absolute;\r\n            left: 0;\r\n            top: 0;\r\n            opacity: 0;\r\n            cursor: pointer;\r\n            width: 100%;\r\n            height: 100%;\r\n        }\r\n        \r\n        .submit-btn {\r\n            background-color: #DDAA33;\r\n            color: black;\r\n            border: none;\r\n            padding: 5px 30px;\r\n            font-size: 14px;\r\n            border-radius: 40px;\r\n            cursor: pointer;\r\n            transition: background-color 0.3s;\r\n\r\n            margin-top: 10px;\r\n        }\r\n        \r\n        .submit-btn:hover {\r\n            background-color: #AB8635;\r\n             color: black;\r\n        }\r\n        \r\n        .required {\r\n            color: #e74c3c;\r\n        }\r\n        \r\n        @media (max-width: 768px) {\r\n            .container {\r\n                padding: 15px;\r\n                margin: 20px 10px;\r\n            }\r\n            \r\n            .job-title {\r\n                font-size: 24px;\r\n            }\r\n            \r\n            .form-title {\r\n                font-size: 20px;\r\n            }\r\n        }\r\n    <\/style>\r\n<\/head>\r\n<body>\r\n    <div class=\"container\">\r\n        <!-- Secci\u00f3n de descripci\u00f3n del puesto -->\r\n        <div class=\"job-description\">\r\n            <h1 class=\"job-title\">Datov\u00fd analytik a projektov\u00fd mana\u017eer (m\/\u017e)<\/h1>\r\n            \r\n            <div class=\"job-details\">\r\n                <p>V n\u00e1vaznosti na svou strategii konsolidace a r\u016fstu hled\u00e1 Truck & Trail Performance, mezin\u00e1rodn\u00ed spole\u010dnost specializuj\u00edc\u00ed se na silni\u010dn\u00ed asisten\u010dn\u00ed slu\u017eby pro dopravn\u00ed vozidla, datov\u00e9ho analytika a projektov\u00e9ho mana\u017eera pro svou kancel\u00e1\u0159 v Carnaxide. Hlavn\u00ed odpov\u011bdnosti budou zahrnovat anal\u00fdzu a transformaci dat, v\u00fdvoj a implementaci Power BI a tak\u00e9 rozhodov\u00e1n\u00ed v oblasti neust\u00e1l\u00e9 optimalizace a v\u00fdvoje hlavn\u00edho softwaru pro spr\u00e1vu spole\u010dnosti.<\/p>\r\n                \r\n                <h3>Popis pr\u00e1ce:<\/h3>\r\n                <ul>\r\n                    <li>Anal\u00fdza a ov\u011b\u0159ov\u00e1n\u00ed dat, p\u0159\u00edprava report\u016f a provozn\u00edch dashboard\u016f.<\/li>\r\n                    <li>Extrakce a p\u0159evod obchodn\u00edch dat do statistick\u00fdch dat.<\/li>\r\n                    <li>Vypracov\u00e1n\u00ed politik a proces\u016f pro sb\u011br a anal\u00fdzu dat.<\/li>\r\n                    <li>Syntetizov\u00e1n\u00ed informac\u00ed pro zp\u0159\u00edstupn\u011bn\u00ed s\u00edti partner\u016f a u\u017eivatel\u016f.<\/li>\r\n                    <li>Poskytov\u00e1n\u00ed podpory, \u0161kolen\u00ed a poradenstv\u00ed u\u017eivatel\u016fm pro efektivn\u00ed vyu\u017e\u00edv\u00e1n\u00ed \u0159e\u0161en\u00ed BI.<\/li>\r\n                     <li>Doporu\u010dov\u00e1n\u00ed vylep\u0161en\u00ed probl\u00e9m\u016f souvisej\u00edc\u00edch s navrhovan\u00fdmi\/implementovan\u00fdmi \u0159e\u0161en\u00edmi s c\u00edlem jejich integrace do procesu ETL.<\/li>\r\n                      <li>Dokumentace provozn\u00edch proces\u016f.<\/li>\r\n                       <li>Vytvo\u0159it podrobn\u00e9 technick\u00e9 specifikace pro \u0159e\u0161en\u00ed, kter\u00e1 maj\u00ed b\u00fdt vyvinuta a implementov\u00e1na v hlavn\u00edm softwaru pro spr\u00e1vu spole\u010dnosti.<\/li>\r\n                        <li>Poskytnout vstupy k reviz\u00edm n\u00e1vrhu a k\u00f3du, dokumentaci a implementaci metodologi\u00ed produktivity.<\/li>\r\n                         <li>Monitorovat, stanovovat priority a ov\u011b\u0159ovat pr\u00e1ci v\u00fdvojov\u00e9ho t\u00fdmu.<\/li>\r\n                          <li>Prov\u00e1d\u011bt u\u017eivatelsk\u00e9 akcepta\u010dn\u00ed testov\u00e1n\u00ed, aby se zajistilo, \u017ee implementovan\u00e1 \u0159e\u0161en\u00ed a v\u00fdvoj spl\u0148uj\u00ed pot\u0159eby u\u017eivatel\u016f p\u0159esn\u011b, efektivn\u011b a \u00fa\u010dinn\u011b.<\/li>\r\n                <\/ul>\r\n                \r\n                <h3>Po\u017eadavky:<\/h3>\r\n                <ul>\r\n                    <li>Akademick\u00e9 vzd\u011bl\u00e1n\u00ed nebo studium v oblasti po\u010d\u00edta\u010dov\u00e9ho in\u017een\u00fdrstv\u00ed, aplikovan\u00e9 statistiky, matematiky nebo jin\u00e9ho relevantn\u00edho oboru.<\/li>\r\n                    <li>\u0160kolen\u00ed v oblasti business intelligence, datov\u00e9 anal\u00fdzy nebo podobn\u00e9ho oboru je v\u00fdhodou.<\/li>\r\n                    <li>1 a\u017e 3 roky zku\u0161enost\u00ed s v\u00fdvojem dashboard\u016f, KPI a ETL proces\u016f.<\/li>\r\n                    <li>Zku\u0161enosti s prost\u0159ed\u00edm Microsoft a souvisej\u00edc\u00edmi \u0159e\u0161en\u00edmi pro BI, Big Data, datovou anal\u00fdzu, strojov\u00e9 u\u010den\u00ed a um\u011blou inteligenci.<\/li>\r\n                    <li>Znalost IT n\u00e1stroj\u016f (Microsoft Office), zejm\u00e9na zku\u0161enosti s Wordem, PowerPointem a Excelem se silnou znalost\u00ed vzorc\u016f, kontingen\u010dn\u00edch tabulek a VBA (v\u00fdhodou).<\/li>\r\n                     <li>Znalost SQL a n\u00e1stroj\u016f pro anal\u00fdzu dat, jako je Power BI, Tableau atd. (v\u00fdhodou).<\/li>\r\n                      <li>Zku\u0161enosti s generov\u00e1n\u00edm report\u016f a reportingem.<\/li>\r\n                       <li>Zku\u0161enosti s anal\u00fdzou a v\u00fdvojem obchodn\u00edch \u0159e\u0161en\u00ed a projektov\u00fdm \u0159\u00edzen\u00edm.<\/li>\r\n                        <li>Zku\u0161enosti s procesy shroma\u017e\u010fov\u00e1n\u00ed po\u017eadavk\u016f.<\/li>\r\n                         <li>Zku\u0161enosti s tvorbou funk\u010dn\u00ed dokumentace a procesn\u00edch tok\u016f.<\/li>\r\n                          <li>Siln\u00e9 analytick\u00e9 schopnosti se schopnost\u00ed identifikovat a \u0159e\u0161it probl\u00e9my a p\u0159\u00edle\u017eitosti ke zlep\u0161en\u00ed, s kritick\u00fdm my\u0161len\u00edm, p\u0159esnost\u00ed a smyslem pro detail.<\/li>\r\n                           <li>\u2022 Siln\u00e9 komunika\u010dn\u00ed a vyjedn\u00e1vac\u00ed dovednosti s intern\u00edmi klienty a podp\u016frn\u00fdmi t\u00fdmy a se z\u00e1kaznicky orientovan\u00fdm my\u0161len\u00edm.<\/li>\r\n                            <li>Dobr\u00e1 znalost mluven\u00e9 i psan\u00e9 angli\u010dtiny (povinn\u00e1).<\/li>\r\n                            <li>Siln\u00fd smysl pro odpov\u011bdnost s dobr\u00fdmi organiza\u010dn\u00edmi a pl\u00e1novac\u00edmi schopnostmi.<\/li>\r\n                            <li>Dobr\u00fd time management, schopnost stanovovat priority a zam\u011b\u0159en\u00ed na pln\u011bn\u00ed c\u00edl\u016f a term\u00edn\u016f.<\/li>\r\n                            <li>R\u00e1d pracuje v t\u00fdmu a dok\u00e1\u017ee se p\u0159izp\u016fsobit multikulturn\u00edmu prost\u0159ed\u00ed.<\/li>\r\n                            <li>Samostatn\u00fd, dynamick\u00fd a proaktivn\u00ed profil.<\/li>\r\n                <\/ul>\r\n                \r\n                <h3>Podm\u00ednky:<\/h3>\r\n                <ul>\r\n                    <li>Trval\u00fd pracovn\u00ed pom\u011br se spole\u010dnost\u00ed.<\/li>\r\n                    <li>Integrace do rozs\u00e1hl\u00e9ho projektu.<\/li>\r\n                    <li>Atraktivn\u00ed platov\u00fd bal\u00ed\u010dek zalo\u017een\u00fd na prok\u00e1zan\u00fdch zku\u0161enostech a podl\u00e9haj\u00edc\u00ed schv\u00e1len\u00ed v technick\u00e9m posouzen\u00ed.<\/li>\r\n                \r\n            <\/div>\r\n        <\/div>\r\n    <\/div>\r\n\r\n<\/body>\r\n<\/html>\t\t\t\t<\/div>\n\t\t\t\t<\/div>\n\t\t\t\t<div class=\"elementor-element elementor-element-ae5dc62 elementor-widget__width-initial elementor-widget elementor-widget-shortcode\" data-id=\"ae5dc62\" data-element_type=\"widget\" data-widget_type=\"shortcode.default\">\n\t\t\t\t<div class=\"elementor-widget-container\">\n\t\t\t\t\t\t\t<div class=\"elementor-shortcode\">\n<div class=\"wpcf7 no-js\" id=\"wpcf7-f14845-o1\" lang=\"en-US\" dir=\"ltr\" data-wpcf7-id=\"14845\">\n<div class=\"screen-reader-response\"><p role=\"status\" aria-live=\"polite\" aria-atomic=\"true\"><\/p> <ul><\/ul><\/div>\n<form action=\"\/cs\/wp-json\/wp\/v2\/pages\/12527#wpcf7-f14845-o1\" method=\"post\" class=\"wpcf7-form init\" aria-label=\"Contact form\" enctype=\"multipart\/form-data\" novalidate=\"novalidate\" data-status=\"init\">\n<div style=\"display: none;\">\n<input type=\"hidden\" name=\"_wpcf7\" value=\"14845\" \/>\n<input type=\"hidden\" name=\"_wpcf7_version\" value=\"6.0.3\" \/>\n<input type=\"hidden\" name=\"_wpcf7_locale\" value=\"en_US\" \/>\n<input type=\"hidden\" name=\"_wpcf7_unit_tag\" value=\"wpcf7-f14845-o1\" \/>\n<input type=\"hidden\" name=\"_wpcf7_container_post\" value=\"0\" \/>\n<input type=\"hidden\" name=\"_wpcf7_posted_data_hash\" value=\"\" \/>\n<\/div>\n<p><br \/>\n<label> Jm\u00e9no a p\u0159\u00edjmen\u00ed<br \/>\n<span class=\"wpcf7-form-control-wrap\" data-name=\"your-name\"><input size=\"40\" maxlength=\"400\" class=\"wpcf7-form-control wpcf7-text wpcf7-validates-as-required\" aria-required=\"true\" aria-invalid=\"false\" placeholder=\"Va\u0161e cel\u00e9 jm\u00e9no\" value=\"\" type=\"text\" name=\"your-name\" \/><\/span><br \/>\n<\/label>\n<\/p>\n<p><br \/>\n<label> E-mail<br \/>\n<span class=\"wpcf7-form-control-wrap\" data-name=\"your-email\"><input size=\"40\" maxlength=\"400\" class=\"wpcf7-form-control wpcf7-email wpcf7-validates-as-required wpcf7-text wpcf7-validates-as-email\" aria-required=\"true\" aria-invalid=\"false\" placeholder=\"Va\u0161e e-mailov\u00e1 adresa\" value=\"\" type=\"email\" name=\"your-email\" \/><\/span><br \/>\n<\/label>\n<\/p>\n<p><br \/>\n<label> Telefonn\u00ed \u010d\u00edslo<br \/>\n<span class=\"wpcf7-form-control-wrap\" data-name=\"your-phone\"><input size=\"40\" maxlength=\"400\" class=\"wpcf7-form-control wpcf7-tel wpcf7-validates-as-required wpcf7-text wpcf7-validates-as-tel\" aria-required=\"true\" aria-invalid=\"false\" placeholder=\"Va\u0161e telefonn\u00ed \u010d\u00edslo\" value=\"\" type=\"tel\" name=\"your-phone\" \/><\/span><br \/>\n<\/label>\n<\/p>\n<p class=\"cv-upload-wrapper\"><br \/>\n<label for=\"your-cv-input\" class=\"cv-upload-label\">P\u0159ilo\u017eit \u017eivotopis (PDF, DOC, DOCX)<\/label><br \/>\n<span class=\"wpcf7-form-control-wrap\" data-name=\"your-cv\"><input size=\"40\" class=\"wpcf7-form-control wpcf7-file wpcf7-validates-as-required cv-input\" id=\"your-cv-input\" accept=\".pdf,.doc,.docx\" aria-required=\"true\" aria-invalid=\"false\" type=\"file\" name=\"your-cv\" \/><\/span><br \/>\n<span class=\"cv-file-name\">\u017d\u00e1dn\u00fd soubor nebyl vybr\u00e1n<\/span>\n<\/p>\n<p><br \/>\n<input class=\"wpcf7-form-control wpcf7-submit has-spinner\" type=\"submit\" value=\"Odeslat \u017e\u00e1dost\" \/>\n<\/p>\n<input class=\"wpcf7-form-control wpcf7-hidden\" value=\"\" type=\"hidden\" name=\"page-url\" \/><div class=\"wpcf7-response-output\" aria-hidden=\"true\"><\/div>\n<\/form>\n<\/div>\n<\/div>\n\t\t\t\t\t\t<\/div>\n\t\t\t\t<\/div>\n\t\t\t\t<div class=\"elementor-element elementor-element-649e6bd elementor-widget elementor-widget-html\" data-id=\"649e6bd\" data-element_type=\"widget\" data-widget_type=\"html.default\">\n\t\t\t\t<div class=\"elementor-widget-container\">\n\t\t\t\t\t<script>\r\n  document.addEventListener('DOMContentLoaded', function () {\r\n    const fileInput = document.querySelector('#your-cv-input');\r\n    const fileNameDisplay = document.querySelector('.cv-file-name');\r\n\r\n    if (fileInput) {\r\n      fileInput.addEventListener('change', function () {\r\n        if (fileInput.files.length > 0) {\r\n          const fileName = fileInput.files[0].name;\r\n          fileNameDisplay.innerHTML = `${fileName} <span class=\"remove-file\" style=\"margin-left: 10px; color: red; cursor: pointer;\">Remove<\/span>`;\r\n\r\n          const removeBtn = fileNameDisplay.querySelector('.remove-file');\r\n          removeBtn.addEventListener('click', function () {\r\n            fileInput.value = '';\r\n            fileNameDisplay.textContent = 'No file selected';\r\n          });\r\n        } else {\r\n          fileNameDisplay.textContent = 'No file selected';\r\n        }\r\n      });\r\n    }\r\n  });\r\n<\/script>\r\n\t\t\t\t<\/div>\n\t\t\t\t<\/div>\n\t\t\t\t\t<\/div>\n\t\t\t\t<\/div>\n\t\t\t\t<\/div>\n\t\t","protected":false},"excerpt":{"rendered":"<p>Datov\u00fd analytik a projektov\u00fd mana\u017eer Formulario de Aplicaci\u00f3n Datov\u00fd analytik a projektov\u00fd mana\u017eer (m\/\u017e) V n\u00e1vaznosti na svou strategii konsolidace a r\u016fstu hled\u00e1 Truck &#038; Trail Performance, mezin\u00e1rodn\u00ed spole\u010dnost specializuj\u00edc\u00ed se na silni\u010dn\u00ed asisten\u010dn\u00ed slu\u017eby pro dopravn\u00ed vozidla, datov\u00e9ho analytika a projektov\u00e9ho mana\u017eera pro svou kancel\u00e1\u0159 v Carnaxide. Hlavn\u00ed odpov\u011bdnosti budou zahrnovat anal\u00fdzu a transformaci &#8230; <a title=\"Datov\u00fd analytik a projektov\u00fd mana\u017eer\" class=\"read-more\" href=\"https:\/\/ttp.expert\/cs\/datovy-analytik-a-projektovy-manazer\/\" aria-label=\"Read more about Datov\u00fd analytik a projektov\u00fd mana\u017eer\">\u010c\u00edst d\u00e1l<\/a><\/p>\n","protected":false},"author":1,"featured_media":0,"parent":0,"menu_order":0,"comment_status":"closed","ping_status":"closed","template":"","meta":{"_joinchat":[],"footnotes":""},"class_list":["post-12527","page","type-page","status-publish"],"aioseo_notices":[],"_links":{"self":[{"href":"https:\/\/ttp.expert\/cs\/wp-json\/wp\/v2\/pages\/12527","targetHints":{"allow":["GET"]}}],"collection":[{"href":"https:\/\/ttp.expert\/cs\/wp-json\/wp\/v2\/pages"}],"about":[{"href":"https:\/\/ttp.expert\/cs\/wp-json\/wp\/v2\/types\/page"}],"author":[{"embeddable":true,"href":"https:\/\/ttp.expert\/cs\/wp-json\/wp\/v2\/users\/1"}],"replies":[{"embeddable":true,"href":"https:\/\/ttp.expert\/cs\/wp-json\/wp\/v2\/comments?post=12527"}],"version-history":[{"count":9,"href":"https:\/\/ttp.expert\/cs\/wp-json\/wp\/v2\/pages\/12527\/revisions"}],"predecessor-version":[{"id":14861,"href":"https:\/\/ttp.expert\/cs\/wp-json\/wp\/v2\/pages\/12527\/revisions\/14861"}],"wp:attachment":[{"href":"https:\/\/ttp.expert\/cs\/wp-json\/wp\/v2\/media?parent=12527"}],"curies":[{"name":"wp","href":"https:\/\/api.w.org\/{rel}","templated":true}]}}