{"id":12537,"date":"2025-05-09T09:44:48","date_gmt":"2025-05-09T09:44:48","guid":{"rendered":"https:\/\/ttp-expert.com\/zpravodaj\/"},"modified":"2025-08-20T08:37:52","modified_gmt":"2025-08-20T08:37:52","slug":"zpravodaj","status":"publish","type":"page","link":"https:\/\/ttp.expert\/cs\/zpravodaj\/","title":{"rendered":"Zpravodaj"},"content":{"rendered":"\t\t<div data-elementor-type=\"wp-page\" data-elementor-id=\"12537\" class=\"elementor elementor-12537\" data-elementor-post-type=\"page\">\n\t\t\t\t<div class=\"elementor-element elementor-element-74ad67c e-flex e-con-boxed e-con e-parent\" data-id=\"74ad67c\" data-element_type=\"container\">\n\t\t\t\t\t<div class=\"e-con-inner\">\n\t\t<div class=\"elementor-element elementor-element-53d653e e-con-full e-flex e-con e-child\" data-id=\"53d653e\" data-element_type=\"container\">\n\t\t<div class=\"elementor-element elementor-element-4c7e06f e-con-full e-flex e-con e-child\" data-id=\"4c7e06f\" data-element_type=\"container\">\n\t\t\t\t<div class=\"elementor-element elementor-element-c20e6bb premium-header-inline elementor-invisible elementor-widget elementor-widget-premium-addon-dual-header\" data-id=\"c20e6bb\" data-element_type=\"widget\" data-settings=\"{&quot;_animation&quot;:&quot;fadeInDown&quot;}\" data-widget_type=\"premium-addon-dual-header.default\">\n\t\t\t\t<div class=\"elementor-widget-container\">\n\t\t\t\t\t\r\n\t\t\t\t\t<h2 class=\"premium-dual-header-first-header \"><span class=\"premium-dual-header-first-span\">Zpravodaj <\/span><\/h2> \t\t\r\n\t\t\t\t\t\t<\/div>\n\t\t\t\t<\/div>\n\t\t\t\t<div class=\"elementor-element elementor-element-ff8464e elementor-widget-divider--view-line elementor-widget elementor-widget-divider\" data-id=\"ff8464e\" data-element_type=\"widget\" data-widget_type=\"divider.default\">\n\t\t\t\t<div class=\"elementor-widget-container\">\n\t\t\t\t\t\t\t<div class=\"elementor-divider\">\n\t\t\t<span class=\"elementor-divider-separator\">\n\t\t\t\t\t\t<\/span>\n\t\t<\/div>\n\t\t\t\t\t\t<\/div>\n\t\t\t\t<\/div>\n\t\t\t\t<\/div>\n\t\t\t\t<\/div>\n\t\t\t\t<div class=\"elementor-element elementor-element-db504af elementor-invisible elementor-widget elementor-widget-html\" data-id=\"db504af\" data-element_type=\"widget\" data-settings=\"{&quot;_animation&quot;:&quot;fadeInLeft&quot;}\" data-widget_type=\"html.default\">\n\t\t\t\t<div class=\"elementor-widget-container\">\n\t\t\t\t\t<!DOCTYPE html>\r\n<html lang=\"es\">\r\n<head>\r\n    <meta charset=\"UTF-8\">\r\n    <meta name=\"viewport\" content=\"width=device-width, initial-scale=1.0\">\r\n    <title>Company Overview<\/title>\r\n    <link href=\"https:\/\/fonts.googleapis.com\/css2?family=Montserrat:wght@300;400;500;600;700&display=swap\" rel=\"stylesheet\">\r\n    <style>\r\n     \r\n        \r\n    * {\r\n    margin: 0;\r\n    padding: 0;\r\n    box-sizing: border-box;\r\n}\r\n\r\nbody {\r\n    font-family: 'Montserrat', sans-serif;\r\n    background-color: #f5f7fa;\r\n    color: #333;\r\n    line-height: 1.6;\r\n}\r\n\r\n.container {\r\n    max-width: 1200px;\r\n    margin: 0 auto;\r\n    padding: 40px 20px;\r\n}\r\n\r\n.news-section {\r\n    display: flex;\r\n    flex-direction: column;\r\n    gap: 30px;\r\n    position: relative;\r\n}\r\n\r\n\/* Fondo semi-transparente para la secci\u00f3n *\/\r\n.news-section::before {\r\n    content: '';\r\n    position: absolute;\r\n    top: 0;\r\n    left: 0;\r\n    right: 0;\r\n    bottom: 0;\r\n    background-image: url('https:\/\/ttp.expert\/wp-content\/uploads\/2025\/05\/3.jpg');\r\n    background-size: cover;\r\n    background-position: center;\r\n    opacity: 0.05;\r\n    z-index: -1;\r\n    border-radius: 15px;\r\n}\r\n\r\n.news-card {\r\n    display: flex;\r\n    background-color: #fff;\r\n    border-radius: 12px;\r\n    overflow: hidden;\r\n    box-shadow: 0 5px 15px rgba(0, 0, 0, 0.05);\r\n    transition: all 0.3s ease;\r\n}\r\n\r\n.news-card:hover {\r\n    transform: translateY(-5px);\r\n    box-shadow: 0 10px 25px rgba(0, 0, 0, 0.1);\r\n}\r\n\r\n.news-image {\r\n    flex: 0 0 260px;\r\n    overflow: hidden;\r\n}\r\n\r\n.news-image img {\r\n    width: 100%;\r\n    height: 100%;\r\n    object-fit: cover;\r\n    transition: transform 0.5s ease;\r\n}\r\n\r\n.news-card:hover .news-image img {\r\n    transform: scale(1.05);\r\n}\r\n\r\n.news-content {\r\n    flex: 1;\r\n    padding: 25px;\r\n    display: flex;\r\n    flex-direction: column;\r\n}\r\n\r\n.news-category {\r\n    color: black;\r\n    font-weight: 600;\r\n    font-size: 20px;\r\n    text-transform: uppercase;\r\n    margin-bottom: 10px;\r\n    letter-spacing: 0.5px;\r\n}\r\n\r\n.news-title {\r\n    color: #333;\r\n    font-size: 16px;\r\n    margin-bottom: 12px;\r\n    font-weight: 600;\r\n}\r\n\r\n.news-description {\r\n    color: #666;\r\n    color: #666;\r\n    font-size: 17px;\r\n    margin-bottom: 20px;\r\n    line-height: 1.5;\r\n    flex-grow: 1;\r\n    max-width: 75%; \/* Esto evita que se estire demasiado *\/\r\n}\r\n\r\n.see-more-btn {\r\n    align-self: flex-start;\r\n    background-color: #DDAA33;\r\n    color: black;\r\n    text-decoration: none;\r\n    padding: 8px 20px;\r\n    border-radius: 25px;\r\n    font-size: 13px;\r\n    font-weight: 500;\r\n    transition: all 0.3s ease;\r\n    text-transform: uppercase;\r\n    letter-spacing: 0.5px;\r\n}\r\n\r\n.see-more-btn:hover {\r\n    background-color: #AB8635;\r\n    transform: translateY(-2px);\r\n}\r\n\r\n.more-container {\r\n    display: flex;\r\n    justify-content: center;\r\n    margin-top: 10px;\r\n}\r\n\r\n.more-btn {\r\n    background-color: #DDAA33;\r\n    color: black;\r\n    text-decoration: none;\r\n    padding: 10px 40px;\r\n    border-radius: 25px;\r\n    font-size: 14px;\r\n    font-weight: 500;\r\n    transition: all 0.3s ease;\r\n    text-transform: uppercase;\r\n    letter-spacing: 1px;\r\n}\r\n\r\n.more-btn:hover {\r\n    background-color: #AB8635;\r\n    transform: translateY(-2px);\r\n   \r\n}\r\n\r\n\/* Responsive *\/\r\n@media (max-width: 768px) {\r\n    .news-card {\r\n        flex-direction: column;\r\n    }\r\n    \r\n    .news-image {\r\n        flex: 0 0 200px;\r\n    }\r\n    \r\n    .container {\r\n        padding: 20px 15px;\r\n    }\r\n}\r\n\r\n@media (max-width: 480px) {\r\n    .news-image {\r\n        flex: 0 0 180px;\r\n    }\r\n    \r\n    .news-content {\r\n        padding: 20px 15px;\r\n    }\r\n    \r\n    .news-title {\r\n        font-size: 16px;\r\n    }\r\n    \r\n    .news-description {\r\n        font-size: 14px;\r\n    }\r\n}\r\n    <\/style>\r\n<\/head>\r\n<body>\r\n    <div class=\"container\">\r\n        <section class=\"news-section\">\r\n            <article class=\"news-card\">\r\n                <div class=\"news-image\">\r\n                    <img decoding=\"async\" src=\"https:\/\/ttp.expert\/wp-content\/uploads\/2025\/05\/4.jpg\" alt=\"Carretera con vistas panor\u00e1micas\">\r\n                <\/div>\r\n                <div class=\"news-content\">\r\n                    <span class=\"news-category\">ZPRAVODAJ \u00danor<\/span>\r\n                    <p class=\"news-description\">\r\n                        V odv\u011btv\u00ed, kter\u00e9 se st\u00e1le v\u00edce automatizuje a disponuje st\u00e1le v\u011bt\u0161\u00edm po\u010dtem technologick\u00fdch zdroj\u016f, je z\u00e1kladn\u00ed rol\u00ed dopravn\u00edch spole\u010dnost\u00ed, kter\u00e9 dr\u017e\u00ed krok s jeho v\u00fdvojem, st\u00e1le pova\u017eodov\u00e1n\u00ed lidsk\u00e9ho zdroje za nezbytn\u00fd prvek jejich \u00fasp\u011bchu!\r\n                    <\/p>\r\n                   <a href=\"https:\/\/fomn-zgph.campaign-view.com\/ua\/SharedView?od=3z717f3de8b708c95e3cbd0a5f7d420b2a71ecda9908145a0b041782499cbafbb6&cno=11a2b0b1e9b7375&cd=181de85a0806e69d&m=0\" target=\"_blank\" class=\"see-more-btn\">V\u00cdCE INFORMAC\u00cd<\/a>\r\n\r\n                <\/div>\r\n            <\/article>\r\n\r\n            <article class=\"news-card\">\r\n                <div class=\"news-image\">\r\n                    <img decoding=\"async\" src=\"https:\/\/ttp.expert\/wp-content\/uploads\/2025\/05\/3.jpg\" alt=\"Camiones en carretera al atardecer\">\r\n                <\/div>\r\n                <div class=\"news-content\">\r\n                    <span class=\"news-category\">ZPRAVODAJ B\u0158EZEN<\/span>\r\n                    <p class=\"news-description\">\r\n                       V tomto b\u0159eznov\u00e9m vyd\u00e1n\u00ed se podrobn\u011b pod\u00edv\u00e1me na typy zbo\u017e\u00ed a n\u00e1klad\u016f ve sv\u011bt\u011b logistiky a na d\u016fle\u017eitost pochopen\u00ed, kter\u00e9 \u0159e\u0161en\u00ed je pro va\u0161e pot\u0159eby nejlep\u0161\u00ed, s ohledem na vzd\u00e1lenost nebo velikost va\u0161\u00ed z\u00e1silky. Abychom v\u00e1s je\u0161t\u011b l\u00e9pe informovali, p\u0159ipravili jsme u\u017eite\u010dn\u00e9ho pr\u016fvodce typy n\u00e1klad\u016f kamion\u016f v Evrop\u011b, kter\u00e9ho si m\u016f\u017eete kdykoli prohl\u00e9dnout, a\u0165 jste kdekoli!\r\n                    <\/p>\r\n                    <a href=\"https:\/\/fomn-zgph.campaign-view.com\/ua\/SharedView?od=3z717f3de8b708c95e3cbd0a5f7d420b2a71ecda9908145a0b041782499cbafbb6&cno=11a2b0b216209b8&cd=181de85a080a976f&m=0\" target=\"_blank\" class=\"see-more-btn\">V\u00cdCE INFORMAC\u00cd<\/a>\r\n                <\/div>\r\n            <\/article>\r\n\r\n            <article class=\"news-card\">\r\n                <div class=\"news-image\">\r\n                    <img decoding=\"async\" src=\"https:\/\/ttp.expert\/wp-content\/uploads\/2025\/05\/1.jpg\" alt=\"Vista a\u00e9rea de carretera\">\r\n                <\/div>\r\n                <div class=\"news-content\">\r\n                    <span class=\"news-category\">ZPRAVODAJ KV\u011aTEN<\/span>\r\n                   \r\n                    <p class=\"news-description\">\r\n                      V tomto kv\u011btnov\u00e9m vyd\u00e1n\u00ed na\u0161eho zpravodaje se budeme zab\u00fdvat t\u00edm, jak a jak\u00e9 jsou z\u00e1kladn\u00ed body, kter\u00e9 je t\u0159eba vz\u00edt v \u00favahu p\u0159i efektivn\u00ed logistice, jak\u00e9 v\u00fdzvy a \u0159e\u0161en\u00ed byla nalezeny pro spln\u011bn\u00ed pot\u0159eb dne\u0161n\u00edho trhu, aby va\u0161e spole\u010dnost mohla b\u00fdt l\u00e9pe postavena na p\u0159eprav\u011b citliv\u00e9ho n\u00e1kladu. Tyto informace dopln\u00edme na\u0161\u00edm zcela bezplatn\u00fdm e-bookem, abyste byli l\u00e9pe informov\u00e1ni.\r\n                    <\/p>\r\n                    <a href=\"https:\/\/fomn-zgpvh.campaign-view.com\/ua\/SharedView?od=3z717f3de8b708c95e3cbd0a5f7d420b2a71ecda9908145a0b041782499cbafbb6&cno=129de783353349&cd=181de85a0813c707&m=0\" target=\"_blank\" class=\"see-more-btn\">V\u00cdCE INFORMAC\u00cd<\/a>\r\n                <\/div>\r\n            <\/article>\r\n            \r\n              <article class=\"news-card\">\r\n                <div class=\"news-image\">\r\n                    <img decoding=\"async\" src=\"https:\/\/ttp.expert\/wp-content\/uploads\/2025\/08\/1.jpg\" alt=\"Vista a\u00e9rea de carretera\">\r\n                <\/div>\r\n                <div class=\"news-content\">\r\n                    <span class=\"news-category\">ZPRAVODAJ \u010cERVEN<\/span>\r\n                   \r\n                    <p class=\"news-description\">\r\n                       L\u00e9to nen\u00ed jen o vysok\u00fdch teplot\u00e1ch \u2014 je to tak\u00e9 vrcholn\u00e1 sez\u00f3na poruch na evropsk\u00fdch silnic\u00edch. P\u0159eh\u0159\u00e1t\u00e9 brzdy, opot\u0159ebovan\u00e9 pneumatiky, elektrick\u00e9 z\u00e1vady a p\u0159et\u00ed\u017een\u00e9 motory jsou b\u011b\u017en\u00e9. Jak teplota stoup\u00e1, rostou i rizika. Mal\u00e1 chyba v \u00fadr\u017eb\u011b m\u016f\u017ee v\u00e9st k nucen\u00fdm zastaven\u00edm, ztr\u00e1t\u00e1m a zpo\u017ed\u011bn\u00edm. P\u0159\u00edprava je kl\u00ed\u010dem k tomu, aby v\u00e1\u0161 vozov\u00fd park jezdil a va\u0161e podnik\u00e1n\u00ed \u0161lapalo jako hodinky.\r\n                    <\/p>\r\n                    <a href=\"https:\/\/fomn-zgph.campaign-view.com\/ua\/SharedView?od=3z717f3de8b708c95e3cbd0a5f7d420b2a71ecda9908145a0b041782499cbafbb6&cno=11a2b0b1eafb9b8&cd=181de85a082ac41c&m=0\" target=\"_blank\" class=\"see-more-btn\">V\u00cdCE INFORMAC\u00cd<\/a>\r\n                <\/div>\r\n            <\/article>\r\n            \r\n             <article class=\"news-card\">\r\n                <div class=\"news-image\">\r\n                    <img decoding=\"async\" src=\"https:\/\/ttp.expert\/wp-content\/uploads\/2025\/08\/1-1.jpg\" alt=\"Vista a\u00e9rea de carretera\">\r\n                <\/div>\r\n                <div class=\"news-content\">\r\n                    <span class=\"news-category\">ZPRAVODAJ \u010cERVENEC<\/span>\r\n                   \r\n                    <p class=\"news-description\">\r\n                       Nov\u00e9 webov\u00e9 str\u00e1nky TTP jsou spu\u0161t\u011bny \u2014 nov\u011b navr\u017een\u00e9 tak, aby spl\u0148ovaly to, co ka\u017ed\u00fd den slibujeme: rychlou reakci, efektivn\u00ed podporu a skute\u010dnou p\u0159\u00edtomnost tam, kde va\u0161e flotila pot\u0159ebuje pomoc.\r\nTato platforma byla vytvo\u0159ena s jedin\u00fdm jasn\u00fdm c\u00edlem: pomoci va\u0161\u00ed spole\u010dnosti u\u0161et\u0159it \u010das, kdy\u017e na \u010dase nejv\u00edce z\u00e1le\u017e\u00ed.\r\n                    <\/p>\r\n                    <a href=\"https:\/\/fomn-zgph.campaign-view.com\/ua\/SharedView?od=3z717f3de8b708c95e3cbd0a5f7d420b2a71ecda9908145a0b041782499cbafbb6&cno=129de782ece101&cd=181de85a082dd2f5&m=0\"_blank\" class=\"see-more-btn\">V\u00cdCE INFORMAC\u00cd<\/a>\r\n                <\/div>\r\n            <\/article>\r\n\r\n           \r\n        <\/section>\r\n    <\/div>\r\n<\/body>\r\n<script>document.addEventListener('DOMContentLoaded', function() {\r\n    \/\/ Animaci\u00f3n de entrada para las tarjetas de noticias\r\n    \r\n    \r\n    \/\/ Aplicar animaci\u00f3n con un peque\u00f1o retraso entre cada tarjeta\r\n    newsCards.forEach((card, index) => {\r\n        setTimeout(() => {\r\n            card.style.opacity = '0';\r\n            card.style.transform = 'translateY(20px)';\r\n            \r\n            \/\/ Establecer transici\u00f3n\r\n            card.style.transition = 'opacity 0.5s ease, transform 0.5s ease';\r\n            \r\n            \/\/ Forzar reflow\r\n            void card.offsetWidth;\r\n            \r\n            \/\/ Animar entrada\r\n            card.style.opacity = '1';\r\n            card.style.transform = 'translateY(0)';\r\n        }, index * 150);\r\n    });\r\n    \r\n    \/\/ Efecto hover mejorado para los botones\r\n    const allButtons = document.querySelectorAll('.see-more-btn, .more-btn');\r\n    \r\n    allButtons.forEach(button => {\r\n        button.addEventListener('mouseenter', function() {\r\n            this.style.transition = 'all 0.3s ease';\r\n           this.style.boxShadow = '0 5px 15px rgba(221, 170, 51, 0.3)';\r\n        });\r\n        \r\n        button.addEventListener('mouseleave', function() {\r\n            this.style.transition = 'all 0.3s ease';\r\n            this.style.boxShadow = 'none';\r\n        });\r\n    });\r\n});<\/script>\r\n<\/html>\t\t\t\t<\/div>\n\t\t\t\t<\/div>\n\t\t\t\t\t<\/div>\n\t\t\t\t<\/div>\n\t\t\t\t<\/div>\n\t\t","protected":false},"excerpt":{"rendered":"<p>Zpravodaj Company Overview ZPRAVODAJ \u00danor V odv\u011btv\u00ed, kter\u00e9 se st\u00e1le v\u00edce automatizuje a disponuje st\u00e1le v\u011bt\u0161\u00edm po\u010dtem technologick\u00fdch zdroj\u016f, je z\u00e1kladn\u00ed rol\u00ed dopravn\u00edch spole\u010dnost\u00ed, kter\u00e9 dr\u017e\u00ed krok s jeho v\u00fdvojem, st\u00e1le pova\u017eodov\u00e1n\u00ed lidsk\u00e9ho zdroje za nezbytn\u00fd prvek jejich \u00fasp\u011bchu! V\u00cdCE INFORMAC\u00cd ZPRAVODAJ B\u0158EZEN V tomto b\u0159eznov\u00e9m vyd\u00e1n\u00ed se podrobn\u011b pod\u00edv\u00e1me na typy zbo\u017e\u00ed a n\u00e1klad\u016f &#8230; <a title=\"Zpravodaj\" class=\"read-more\" href=\"https:\/\/ttp.expert\/cs\/zpravodaj\/\" aria-label=\"Read more about Zpravodaj\">\u010c\u00edst d\u00e1l<\/a><\/p>\n","protected":false},"author":1,"featured_media":0,"parent":0,"menu_order":0,"comment_status":"closed","ping_status":"closed","template":"","meta":{"_joinchat":[],"footnotes":""},"class_list":["post-12537","page","type-page","status-publish"],"aioseo_notices":[],"_links":{"self":[{"href":"https:\/\/ttp.expert\/cs\/wp-json\/wp\/v2\/pages\/12537","targetHints":{"allow":["GET"]}}],"collection":[{"href":"https:\/\/ttp.expert\/cs\/wp-json\/wp\/v2\/pages"}],"about":[{"href":"https:\/\/ttp.expert\/cs\/wp-json\/wp\/v2\/types\/page"}],"author":[{"embeddable":true,"href":"https:\/\/ttp.expert\/cs\/wp-json\/wp\/v2\/users\/1"}],"replies":[{"embeddable":true,"href":"https:\/\/ttp.expert\/cs\/wp-json\/wp\/v2\/comments?post=12537"}],"version-history":[{"count":9,"href":"https:\/\/ttp.expert\/cs\/wp-json\/wp\/v2\/pages\/12537\/revisions"}],"predecessor-version":[{"id":16242,"href":"https:\/\/ttp.expert\/cs\/wp-json\/wp\/v2\/pages\/12537\/revisions\/16242"}],"wp:attachment":[{"href":"https:\/\/ttp.expert\/cs\/wp-json\/wp\/v2\/media?parent=12537"}],"curies":[{"name":"wp","href":"https:\/\/api.w.org\/{rel}","templated":true}]}}