{"id":12583,"date":"2025-05-12T08:39:47","date_gmt":"2025-05-12T08:39:47","guid":{"rendered":"https:\/\/ttp-expert.com\/manazer-servisu-v-turecku\/"},"modified":"2025-07-07T11:15:47","modified_gmt":"2025-07-07T11:15:47","slug":"manazer-servisu-v-turecku","status":"publish","type":"page","link":"https:\/\/ttp.expert\/cs\/manazer-servisu-v-turecku\/","title":{"rendered":"Mana\u017eer servisu v Turecku"},"content":{"rendered":"\t\t<div data-elementor-type=\"wp-page\" data-elementor-id=\"12583\" class=\"elementor elementor-12583\" data-elementor-post-type=\"page\">\n\t\t\t\t<div class=\"elementor-element elementor-element-74ad67c e-flex e-con-boxed e-con e-parent\" data-id=\"74ad67c\" data-element_type=\"container\">\n\t\t\t\t\t<div class=\"e-con-inner\">\n\t\t<div class=\"elementor-element elementor-element-5a5bb37 e-con-full e-flex e-con e-child\" data-id=\"5a5bb37\" data-element_type=\"container\">\n\t\t<div class=\"elementor-element elementor-element-15521bf e-con-full e-flex e-con e-child\" data-id=\"15521bf\" data-element_type=\"container\">\n\t\t\t\t<div class=\"elementor-element elementor-element-a5db37d premium-header-inline elementor-invisible elementor-widget elementor-widget-premium-addon-dual-header\" data-id=\"a5db37d\" data-element_type=\"widget\" data-settings=\"{&quot;_animation&quot;:&quot;fadeInDown&quot;}\" data-widget_type=\"premium-addon-dual-header.default\">\n\t\t\t\t<div class=\"elementor-widget-container\">\n\t\t\t\t\t\r\n\t\t\t\t\t<h2 class=\"premium-dual-header-first-header \"><span class=\"premium-dual-header-first-span\">Mana\u017eer servisu <\/span><span class=\"premium-dual-header-second-header \">pro Turecko<\/span><\/h2> \t\t\r\n\t\t\t\t\t\t<\/div>\n\t\t\t\t<\/div>\n\t\t\t\t<div class=\"elementor-element elementor-element-eac478b elementor-widget-divider--view-line elementor-widget elementor-widget-divider\" data-id=\"eac478b\" data-element_type=\"widget\" data-widget_type=\"divider.default\">\n\t\t\t\t<div class=\"elementor-widget-container\">\n\t\t\t\t\t\t\t<div class=\"elementor-divider\">\n\t\t\t<span class=\"elementor-divider-separator\">\n\t\t\t\t\t\t<\/span>\n\t\t<\/div>\n\t\t\t\t\t\t<\/div>\n\t\t\t\t<\/div>\n\t\t\t\t<\/div>\n\t\t\t\t<\/div>\n\t\t\t\t<div class=\"elementor-element elementor-element-db504af elementor-widget__width-inherit elementor-invisible elementor-widget elementor-widget-html\" data-id=\"db504af\" data-element_type=\"widget\" data-settings=\"{&quot;_animation&quot;:&quot;fadeInLeft&quot;}\" data-widget_type=\"html.default\">\n\t\t\t\t<div class=\"elementor-widget-container\">\n\t\t\t\t\t\r\n<!DOCTYPE html>\r\n<html lang=\"es\">\r\n<head>\r\n    <meta charset=\"UTF-8\">\r\n    <meta name=\"viewport\" content=\"width=device-width, initial-scale=1.0\">\r\n    <title>Formulario de Aplicaci\u00f3n<\/title>\r\n    \r\n    <link href=\"https:\/\/fonts.googleapis.com\/css2?family=Montserrat:wght@400&display=swap\" rel=\"stylesheet\">\r\n\r\n    <style>\r\n        * {\r\n            margin: 0;\r\n            padding: 0;\r\n            box-sizing: border-box;\r\n            font-family: 'Montserrat', sans-serif;\r\n    font-weight: 400;\r\n        }\r\n        \r\n        body {\r\n            background-color: #f5f5f5;\r\n            color: #333;\r\n            line-height: 1.6;\r\n        }\r\n        \r\n        .container {\r\n            max-width: 1000px;\r\n            margin: 40px auto;\r\n            padding: 0px;\r\n            background-color: #fff;\r\n            border-radius: 8px;\r\n           \r\n        }\r\n        \r\n        .job-description {\r\n            border-bottom: 1px solid #e0e0e0;\r\n        }\r\n        \r\n        .job-title {\r\n            color: #DDAA33;\r\n            font-size: 28px;\r\n            margin-bottom: 15px;\r\n            font-weight: bold;\r\n        }\r\n        \r\n        .job-details {\r\n            margin-bottom: 20px;\r\n        }\r\n        \r\n        .job-details h3 {\r\n            font-size: 20px;\r\n            margin: 15px 0 10px;\r\n            color: #555;\r\n        }\r\n        \r\n        .job-details p, .job-details li {\r\n            margin-bottom: 10px;\r\n            font-size: 16px;\r\n        }\r\n        \r\n        .job-details ul {\r\n            padding-left: 20px;\r\n            margin-bottom: 15px;\r\n        }\r\n        \r\n        .application-form {\r\n            padding-top: 20px;\r\n        }\r\n        \r\n        .form-title {\r\n            font-size: 24px;\r\n            margin-bottom: 20px;\r\n            color: #333;\r\n        }\r\n        \r\n        .form-group {\r\n            margin-bottom: 20px;\r\n        }\r\n        \r\n        label {\r\n            display: block;\r\n            margin-bottom: 8px;\r\n\r\n            color: #555;\r\n             font-family: 'Montserrat', sans-serif;\r\n        }\r\n        \r\n        input, textarea {\r\n            width: 100%;\r\n            padding: 12px;\r\n            border: 1px solid #ddd;\r\n            border-radius: 4px;\r\n            font-size: 16px;\r\n            transition: border-color 0.3s;\r\n        }\r\n        \r\n        input:focus, textarea:focus {\r\n            border-color: #e6a700;\r\n            outline: none;\r\n        }\r\n        \r\n        textarea {\r\n            min-height: 150px;\r\n            resize: vertical;\r\n        }\r\n        \r\n        .file-upload {\r\n            position: relative;\r\n            overflow: hidden;\r\n            margin-top: 10px;\r\n            display: inline-block;\r\n        }\r\n        \r\n        .file-upload-label {\r\n            background-color: #f0f0f0;\r\n            color: #555;\r\n            border: 1px solid #ddd;\r\n            padding: 10px 20px;\r\n            border-radius: 4px;\r\n            cursor: pointer;\r\n            display: inline-block;\r\n            transition: all 0.3s;\r\n        }\r\n        \r\n        .file-upload-label:hover {\r\n            background-color: #e0e0e0;\r\n        }\r\n        \r\n        .file-name {\r\n            margin-left: 10px;\r\n            font-size: 14px;\r\n        }\r\n        \r\n        input[type=\"file\"] {\r\n            position: absolute;\r\n            left: 0;\r\n            top: 0;\r\n            opacity: 0;\r\n            cursor: pointer;\r\n            width: 100%;\r\n            height: 100%;\r\n        }\r\n        \r\n        .submit-btn {\r\n            background-color: #DDAA33;\r\n            color: black;\r\n            border: none;\r\n            padding: 5px 30px;\r\n            font-size: 14px;\r\n            border-radius: 40px;\r\n            cursor: pointer;\r\n            transition: background-color 0.3s;\r\n\r\n            margin-top: 10px;\r\n        }\r\n        \r\n        .submit-btn:hover {\r\n            background-color: #AB8635;\r\n             color: black;\r\n        }\r\n        \r\n        .required {\r\n            color: #e74c3c;\r\n        }\r\n        \r\n        @media (max-width: 768px) {\r\n            .container {\r\n                padding: 15px;\r\n                margin: 20px 10px;\r\n            }\r\n            \r\n            .job-title {\r\n                font-size: 24px;\r\n            }\r\n            \r\n            .form-title {\r\n                font-size: 20px;\r\n            }\r\n        }\r\n    <\/style>\r\n<\/head>\r\n<body>\r\n    <div class=\"container\">\r\n        <!-- Secci\u00f3n de descripci\u00f3n del puesto -->\r\n        <div class=\"job-description\">\r\n            <h1 class=\"job-title\">Mana\u017eer servisu pro Turecko (m\/\u017e)<\/h1>\r\n            \r\n            <div class=\"job-details\">\r\n                <p>V n\u00e1vaznosti na svou strategii konsolidace a r\u016fstu m\u00e1 Truck & Trail Performance, mezin\u00e1rodn\u00ed spole\u010dnost specializuj\u00edc\u00ed se na odtahov\u00e9 slu\u017eby pro dopravn\u00ed vozidla, v \u00famyslu najmout pro svou kancel\u00e1\u0159 v Lisabonu (Carnaxide) tureck\u00e9ho mana\u017eera servisu, kter\u00fd bude spravovat odtahov\u00e9 slu\u017eby pro sv\u00e9 tureck\u00e9 z\u00e1kazn\u00edky v cel\u00e9 Evrop\u011b.<\/p>\r\n                \r\n                <h3>Va\u0161e posl\u00e1n\u00ed:<\/h3>\r\n                <ul>\r\n                    <li>\u0158\u00edzen\u00ed odtahov\u00fdch slu\u017eeb pro tureck\u00e9 z\u00e1kazn\u00edky.<\/li>\r\n                    <li> \u0158\u00edzen\u00ed odtahov\u00fdch slu\u017eeb pro tureck\u00e9 z\u00e1kazn\u00edky.<\/li>\r\n                    <li>Vyhled\u00e1v\u00e1n\u00ed nov\u00fdch tureck\u00fdch z\u00e1kazn\u00edk\u016f.<\/li>\r\n                    <li>Vyhled\u00e1v\u00e1n\u00ed nov\u00fdch tureck\u00fdch z\u00e1kazn\u00edk\u016f.<\/li>\r\n                    <li>Vyhled\u00e1v\u00e1n\u00ed nov\u00fdch obchodn\u00edch partner\u016f.<\/li>\r\n                <\/ul>\r\n                \r\n                <h3>V\u00e1\u0161 profil:<\/h3>\r\n                <ul>\r\n                    <li>Bakal\u00e1\u0159sk\u00fd titul a obchodn\u00ed vzd\u011bl\u00e1n\u00ed (v\u00fdhodou).<\/li>\r\n                    <li>Plynn\u00e1 znalost ture\u010dtiny (rodn\u00fd jazyk v\u00fdhodou).<\/li>\r\n                    <li>Plynn\u00e1 znalost angli\u010dtiny.<\/li>\r\n                    <li>Znalost dal\u0161\u00edch jazyk\u016f, jako je n\u011bm\u010dina, francouz\u0161tina, ital\u0161tina, \u0161pan\u011bl\u0161tina nebo pol\u0161tina, bude v\u00fdhodou, ale ne vylu\u010duj\u00edc\u00edm faktorem.<\/li>\r\n                    <li>Zku\u0161enosti v dopravn\u00edm pr\u016fmyslu nebo v mechanice budou v\u00fdhodou, ale ne vylu\u010duj\u00edc\u00edm faktorem.<\/li>\r\n                    <li>Znalost n\u00e1stroj\u016f MS Office.<\/li>\r\n                <\/ul>\r\n                \r\n                <h3>O\u010dek\u00e1v\u00e1me motivovan\u00e9ho, nad\u0161en\u00e9ho, dynamick\u00e9ho a proaktivn\u00edho kolegu s n\u00e1sleduj\u00edc\u00edmi dovednostmi pro \u00fasp\u011b\u0161n\u00e9 za\u010dlen\u011bn\u00ed do t\u00fdmu:<\/h3>\r\n                <ul>\r\n                    <li>Orientace na z\u00e1kazn\u00edka.<\/li>\r\n                    <li>Vynikaj\u00edc\u00ed organizace a d\u016fslednost.<\/li>\r\n                    <li>Dobr\u00e9 znalosti a \u0159\u00edzen\u00ed priorit.<\/li>\r\n                    <li>Smysl pro odpov\u011bdnost a samostatnost.<\/li>\r\n                    <li>Smysl pro odpov\u011bdnost a samostatnost.<\/li>\r\n                <\/ul>\r\n                \r\n                 <h3>Truck & Trail Performance v\u00e1m nab\u00edz\u00ed:<\/h3>\r\n                <ul>\r\n                    <li>Trvalou smlouvu s mlad\u00fdm, ale zku\u0161en\u00fdm, dynamick\u00fdm a anga\u017eovan\u00fdm t\u00fdmem.<\/li>\r\n                <\/ul>\r\n                \r\n            <\/div>\r\n        <\/div>\r\n    <\/div>\r\n\r\n<\/body>\r\n<\/html>\t\t\t\t<\/div>\n\t\t\t\t<\/div>\n\t\t\t\t<div class=\"elementor-element elementor-element-ae5dc62 elementor-widget__width-initial elementor-widget elementor-widget-shortcode\" data-id=\"ae5dc62\" data-element_type=\"widget\" data-widget_type=\"shortcode.default\">\n\t\t\t\t<div class=\"elementor-widget-container\">\n\t\t\t\t\t\t\t<div class=\"elementor-shortcode\">\n<div class=\"wpcf7 no-js\" id=\"wpcf7-f14845-o1\" lang=\"en-US\" dir=\"ltr\" data-wpcf7-id=\"14845\">\n<div class=\"screen-reader-response\"><p role=\"status\" aria-live=\"polite\" aria-atomic=\"true\"><\/p> <ul><\/ul><\/div>\n<form action=\"\/cs\/wp-json\/wp\/v2\/pages\/12583#wpcf7-f14845-o1\" method=\"post\" class=\"wpcf7-form init\" aria-label=\"Contact form\" enctype=\"multipart\/form-data\" novalidate=\"novalidate\" data-status=\"init\">\n<div style=\"display: none;\">\n<input type=\"hidden\" name=\"_wpcf7\" value=\"14845\" \/>\n<input type=\"hidden\" name=\"_wpcf7_version\" value=\"6.0.3\" \/>\n<input type=\"hidden\" name=\"_wpcf7_locale\" value=\"en_US\" \/>\n<input type=\"hidden\" name=\"_wpcf7_unit_tag\" value=\"wpcf7-f14845-o1\" \/>\n<input type=\"hidden\" name=\"_wpcf7_container_post\" value=\"0\" \/>\n<input type=\"hidden\" name=\"_wpcf7_posted_data_hash\" value=\"\" \/>\n<\/div>\n<p><br \/>\n<label> Jm\u00e9no a p\u0159\u00edjmen\u00ed<br \/>\n<span class=\"wpcf7-form-control-wrap\" data-name=\"your-name\"><input size=\"40\" maxlength=\"400\" class=\"wpcf7-form-control wpcf7-text wpcf7-validates-as-required\" aria-required=\"true\" aria-invalid=\"false\" placeholder=\"Va\u0161e cel\u00e9 jm\u00e9no\" value=\"\" type=\"text\" name=\"your-name\" \/><\/span><br \/>\n<\/label>\n<\/p>\n<p><br \/>\n<label> E-mail<br \/>\n<span class=\"wpcf7-form-control-wrap\" data-name=\"your-email\"><input size=\"40\" maxlength=\"400\" class=\"wpcf7-form-control wpcf7-email wpcf7-validates-as-required wpcf7-text wpcf7-validates-as-email\" aria-required=\"true\" aria-invalid=\"false\" placeholder=\"Va\u0161e e-mailov\u00e1 adresa\" value=\"\" type=\"email\" name=\"your-email\" \/><\/span><br \/>\n<\/label>\n<\/p>\n<p><br \/>\n<label> Telefonn\u00ed \u010d\u00edslo<br \/>\n<span class=\"wpcf7-form-control-wrap\" data-name=\"your-phone\"><input size=\"40\" maxlength=\"400\" class=\"wpcf7-form-control wpcf7-tel wpcf7-validates-as-required wpcf7-text wpcf7-validates-as-tel\" aria-required=\"true\" aria-invalid=\"false\" placeholder=\"Va\u0161e telefonn\u00ed \u010d\u00edslo\" value=\"\" type=\"tel\" name=\"your-phone\" \/><\/span><br \/>\n<\/label>\n<\/p>\n<p class=\"cv-upload-wrapper\"><br \/>\n<label for=\"your-cv-input\" class=\"cv-upload-label\">P\u0159ilo\u017eit \u017eivotopis (PDF, DOC, DOCX)<\/label><br \/>\n<span class=\"wpcf7-form-control-wrap\" data-name=\"your-cv\"><input size=\"40\" class=\"wpcf7-form-control wpcf7-file wpcf7-validates-as-required cv-input\" id=\"your-cv-input\" accept=\".pdf,.doc,.docx\" aria-required=\"true\" aria-invalid=\"false\" type=\"file\" name=\"your-cv\" \/><\/span><br \/>\n<span class=\"cv-file-name\">\u017d\u00e1dn\u00fd soubor nebyl vybr\u00e1n<\/span>\n<\/p>\n<p><br \/>\n<input class=\"wpcf7-form-control wpcf7-submit has-spinner\" type=\"submit\" value=\"Odeslat \u017e\u00e1dost\" \/>\n<\/p>\n<input class=\"wpcf7-form-control wpcf7-hidden\" value=\"\" type=\"hidden\" name=\"page-url\" \/><div class=\"wpcf7-response-output\" aria-hidden=\"true\"><\/div>\n<\/form>\n<\/div>\n<\/div>\n\t\t\t\t\t\t<\/div>\n\t\t\t\t<\/div>\n\t\t\t\t<div class=\"elementor-element elementor-element-369977d elementor-widget elementor-widget-html\" data-id=\"369977d\" data-element_type=\"widget\" data-widget_type=\"html.default\">\n\t\t\t\t<div class=\"elementor-widget-container\">\n\t\t\t\t\t<script>\r\n  document.addEventListener('DOMContentLoaded', function () {\r\n    const fileInput = document.querySelector('#your-cv-input');\r\n    const fileNameDisplay = document.querySelector('.cv-file-name');\r\n\r\n    if (fileInput) {\r\n      fileInput.addEventListener('change', function () {\r\n        if (fileInput.files.length > 0) {\r\n          const fileName = fileInput.files[0].name;\r\n          fileNameDisplay.innerHTML = `${fileName} <span class=\"remove-file\" style=\"margin-left: 10px; color: red; cursor: pointer;\">Remove<\/span>`;\r\n\r\n          const removeBtn = fileNameDisplay.querySelector('.remove-file');\r\n          removeBtn.addEventListener('click', function () {\r\n            fileInput.value = '';\r\n            fileNameDisplay.textContent = 'No file selected';\r\n          });\r\n        } else {\r\n          fileNameDisplay.textContent = 'No file selected';\r\n        }\r\n      });\r\n    }\r\n  });\r\n<\/script>\r\n\t\t\t\t<\/div>\n\t\t\t\t<\/div>\n\t\t\t\t\t<\/div>\n\t\t\t\t<\/div>\n\t\t\t\t<\/div>\n\t\t","protected":false},"excerpt":{"rendered":"<p>Mana\u017eer servisu pro Turecko Formulario de Aplicaci\u00f3n Mana\u017eer servisu pro Turecko (m\/\u017e) V n\u00e1vaznosti na svou strategii konsolidace a r\u016fstu m\u00e1 Truck &#038; Trail Performance, mezin\u00e1rodn\u00ed spole\u010dnost specializuj\u00edc\u00ed se na odtahov\u00e9 slu\u017eby pro dopravn\u00ed vozidla, v \u00famyslu najmout pro svou kancel\u00e1\u0159 v Lisabonu (Carnaxide) tureck\u00e9ho mana\u017eera servisu, kter\u00fd bude spravovat odtahov\u00e9 slu\u017eby pro sv\u00e9 tureck\u00e9 &#8230; <a title=\"Mana\u017eer servisu v Turecku\" class=\"read-more\" href=\"https:\/\/ttp.expert\/cs\/manazer-servisu-v-turecku\/\" aria-label=\"Read more about Mana\u017eer servisu v Turecku\">\u010c\u00edst d\u00e1l<\/a><\/p>\n","protected":false},"author":1,"featured_media":0,"parent":0,"menu_order":0,"comment_status":"closed","ping_status":"closed","template":"","meta":{"_joinchat":[],"footnotes":""},"class_list":["post-12583","page","type-page","status-publish"],"aioseo_notices":[],"_links":{"self":[{"href":"https:\/\/ttp.expert\/cs\/wp-json\/wp\/v2\/pages\/12583","targetHints":{"allow":["GET"]}}],"collection":[{"href":"https:\/\/ttp.expert\/cs\/wp-json\/wp\/v2\/pages"}],"about":[{"href":"https:\/\/ttp.expert\/cs\/wp-json\/wp\/v2\/types\/page"}],"author":[{"embeddable":true,"href":"https:\/\/ttp.expert\/cs\/wp-json\/wp\/v2\/users\/1"}],"replies":[{"embeddable":true,"href":"https:\/\/ttp.expert\/cs\/wp-json\/wp\/v2\/comments?post=12583"}],"version-history":[{"count":9,"href":"https:\/\/ttp.expert\/cs\/wp-json\/wp\/v2\/pages\/12583\/revisions"}],"predecessor-version":[{"id":14858,"href":"https:\/\/ttp.expert\/cs\/wp-json\/wp\/v2\/pages\/12583\/revisions\/14858"}],"wp:attachment":[{"href":"https:\/\/ttp.expert\/cs\/wp-json\/wp\/v2\/media?parent=12583"}],"curies":[{"name":"wp","href":"https:\/\/api.w.org\/{rel}","templated":true}]}}