{"id":1448,"date":"2024-06-06T19:25:58","date_gmt":"2024-06-06T19:25:58","guid":{"rendered":"https:\/\/ttp-expert.com\/zasady-ochrany-osobnich-udaju\/"},"modified":"2025-06-03T14:09:58","modified_gmt":"2025-06-03T14:09:58","slug":"zasady-ochrany-osobnich-udaju","status":"publish","type":"page","link":"https:\/\/ttp.expert\/cs\/zasady-ochrany-osobnich-udaju\/","title":{"rendered":"Z\u00e1sady ochrany osobn\u00edch \u00fadaj\u016f"},"content":{"rendered":"\t\t<div data-elementor-type=\"wp-page\" data-elementor-id=\"1448\" class=\"elementor elementor-1448\" data-elementor-post-type=\"page\">\n\t\t\t\t<div class=\"elementor-element elementor-element-bc6625c e-flex e-con-boxed e-con e-parent\" data-id=\"bc6625c\" data-element_type=\"container\">\n\t\t\t\t\t<div class=\"e-con-inner\">\n\t\t\t\t<div class=\"elementor-element elementor-element-b8564de elementor-widget elementor-widget-text-editor\" data-id=\"b8564de\" data-element_type=\"widget\" data-widget_type=\"text-editor.default\">\n\t\t\t\t<div class=\"elementor-widget-container\">\n\t\t\t\t\t\t\t\t\t<h2><strong><span class=\"error-spellcheck\" style=\"color: #ddaa33;\" data-word=\"Koment\u00e1\u0159e\" data-suggestion=\"Koment\u00e1tore\">Koment\u00e1\u0159e<\/span><\/strong><\/h2><p>Kdy\u017e n\u00e1v\u0161t\u011bvn\u00edci zanech\u00e1vaj\u00ed na webu koment\u00e1\u0159e, shroma\u017e\u010fujeme \u00fadaje uveden\u00e9 ve formul\u00e1\u0159i koment\u00e1\u0159e a tak\u00e9 IP adresu n\u00e1v\u0161t\u011bvn\u00edka a \u0159et\u011bzec user agent prohl\u00ed\u017ee\u010de, abychom pomohli odhalit spam.<\/p><p>Slu\u017eb\u011b Gravatar m\u016f\u017ee b\u00fdt poskytnut anonymizovan\u00fd \u0159et\u011bzec vytvo\u0159en\u00fd z va\u0161\u00ed e-mailov\u00e9 adresy (naz\u00fdvan\u00fd tak\u00e9 hash), aby zjistila, zda ji pou\u017e\u00edv\u00e1te.<\/p><p>Z\u00e1sady ochrany osobn\u00edch \u00fadaj\u016f slu\u017eby Gravatar jsou k dispozici zde: https:\/\/automattic.com\/privacy\/. Po schv\u00e1len\u00ed va\u0161eho koment\u00e1\u0159e je v\u00e1\u0161 profilov\u00fd obr\u00e1zek viditeln\u00fd ve\u0159ejnosti v kontextu va\u0161eho koment\u00e1\u0159e.<\/p><p>\u00a0<\/p><h2><strong><span style=\"color: #ddaa33;\">M\u00e9dia<\/span><\/strong><\/h2><p>Pokud na webov\u00e9 str\u00e1nky nahr\u00e1v\u00e1te sn\u00edmky, m\u011bli byste se vyhnout nahr\u00e1v\u00e1n\u00ed sn\u00edmk\u016f s vlo\u017een\u00fdmi \u00fadaji o poloze (EXIF GPS).<\/p><p><span class=\"error-spellcheck\" data-word=\"N\u00e1v\u0161t\u011bvn\u00edci\" data-suggestion=\"\">N\u00e1v\u0161t\u011bvn\u00edci<\/span> webov\u00fdch str\u00e1nek si mohou z <span class=\"error-spellcheck\" data-word=\"obr\u00e1zk\u016f\" data-suggestion=\"obr\u00e1zkov\u00fd\">obr\u00e1zk\u016f<\/span> na webu st\u00e1hnout a vyt\u00e1hnout libovoln\u00e9 \u00fadaje o poloze.<\/p><p>\u00a0<\/p><h2 class=\"wp-block-heading\"><strong><span style=\"color: #ddaa33;\">Cookies<\/span><\/strong><\/h2><p>Pokud na na\u0161ich str\u00e1nk\u00e1ch zanech\u00e1te koment\u00e1\u0159, m\u016f\u017eete souhlasit s ulo\u017een\u00edm va\u0161eho jm\u00e9na, e-mailov\u00e9 adresy a webov\u00e9 str\u00e1nky do soubor\u016f cookie.<\/p><p>Tyto \u00fadaje slou\u017e\u00ed pro va\u0161e pohodl\u00ed, abyste nemuseli znovu vypl\u0148ovat sv\u00e9 \u00fadaje, kdy\u017e zanech\u00e1te dal\u0161\u00ed koment\u00e1\u0159.<\/p><p>Tyto <span class=\"error-spellcheck\" data-word=\"su\u0161enky\" data-suggestion=\"su\u00b9enky\">su\u0161enky<\/span> <span class=\"error-spellcheck\" data-word=\"vydr\u017e\u00ed\" data-suggestion=\"vydra\u00be\">vydr\u017e\u00ed<\/span> jeden rok.<\/p><p>Pokud nav\u0161t\u00edv\u00edte na\u0161i p\u0159ihla\u0161ovac\u00ed str\u00e1nku, nastav\u00edme do\u010dasn\u00fd soubor cookie, abychom zjistili, zda v\u00e1\u0161 prohl\u00ed\u017ee\u010d p\u0159ij\u00edm\u00e1 soubory cookie.<\/p><p>Tento soubor <span class=\"error-spellcheck\" data-word=\"cookie\" data-suggestion=\"cokoli\">cookie<\/span> neobsahuje <span class=\"error-spellcheck\" data-word=\"\u017e\u00e1dn\u00e9\" data-suggestion=\"\">\u017e\u00e1dn\u00e9<\/span> osobn\u00ed \u00fadaje a po <span class=\"error-spellcheck\" data-word=\"zav\u0159en\u00ed\" data-suggestion=\"zaveden\">zav\u0159en\u00ed<\/span> <span class=\"error-spellcheck\" data-word=\"prohl\u00ed\u017ee\u010de\" data-suggestion=\"prohl\u00ed\u00bee\u00e8e\">prohl\u00ed\u017ee\u010de<\/span> je <span class=\"error-spellcheck\" data-word=\"odstran\u011bn\" data-suggestion=\"odstran\u00ecn\u00fd\">odstran\u011bn<\/span>.<\/p><p>Kdy\u017e se p\u0159ihl\u00e1s\u00edte, nastav\u00edme tak\u00e9 n\u011bkolik soubor\u016f cookie, abychom ulo\u017eili va\u0161e p\u0159ihla\u0161ovac\u00ed \u00fadaje a volby zobrazen\u00ed na obrazovce.<\/p><p>Soubory cookie pro p\u0159ihl\u00e1\u0161en\u00ed vydr\u017e\u00ed dva dny a soubory cookie s mo\u017enostmi obrazovky vydr\u017e\u00ed rok.<\/p><p>Pokud zvol\u00edte mo\u017enost &#8222;Zapamatovat si m\u011b&#8220;, bude va\u0161e p\u0159ihl\u00e1\u0161en\u00ed trvat dva t\u00fddny.<\/p><p>Pokud se ze sv\u00e9ho <span class=\"error-spellcheck\" data-word=\"\u00fa\u010dtu\" data-suggestion=\"\">\u00fa\u010dtu<\/span> odhl\u00e1s\u00edte, <span class=\"error-spellcheck\" data-word=\"p\u0159ihla\u0161ovac\u00ed\" data-suggestion=\"\">p\u0159ihla\u0161ovac\u00ed<\/span> soubory <span class=\"error-spellcheck\" data-word=\"cookie\" data-suggestion=\"cokoli\">cookie<\/span> budou <span class=\"error-spellcheck\" data-word=\"odstran\u011bny\" data-suggestion=\"odstran\u00ecn\u00fd\">odstran\u011bny<\/span>.<\/p><p>Pokud uprav\u00edte nebo zve\u0159ejn\u00edte \u010dl\u00e1nek, ulo\u017e\u00ed se do va\u0161eho prohl\u00ed\u017ee\u010de dal\u0161\u00ed soubor cookie.<\/p><p>Tento soubor <span class=\"error-spellcheck\" data-word=\"cookie\" data-suggestion=\"cokoli\">cookie<\/span> neobsahuje <span class=\"error-spellcheck\" data-word=\"\u017e\u00e1dn\u00e9\" data-suggestion=\"\">\u017e\u00e1dn\u00e9<\/span> osobn\u00ed \u00fadaje a pouze <span class=\"error-spellcheck\" data-word=\"ozna\u010duje\" data-suggestion=\"ozna\u00e8uje\">ozna\u010duje<\/span> ID <span class=\"error-spellcheck\" data-word=\"p\u0159\u00edsp\u011bvku\" data-suggestion=\"\">p\u0159\u00edsp\u011bvku<\/span> <span class=\"error-spellcheck\" data-word=\"\u010dl\u00e1nku\" data-suggestion=\"\">\u010dl\u00e1nku<\/span>, kter\u00fd jste <span class=\"error-spellcheck\" data-word=\"pr\u00e1v\u011b\" data-suggestion=\"\">pr\u00e1v\u011b<\/span> upravili.<\/p><p>Jej\u00ed platnost vypr\u0161\u00ed po 1 dni.<\/p><p>\u00a0<\/p><h2><strong><span style=\"color: #ddaa33;\">Vlo\u017een\u00fd obsah z jin\u00fdch webov\u00fdch str\u00e1nek<\/span><\/strong><\/h2><p>\u010cl\u00e1nky na t\u011bchto str\u00e1nk\u00e1ch mohou obsahovat vlo\u017een\u00fd obsah (nap\u0159. videa, obr\u00e1zky, \u010dl\u00e1nky atd.).<\/p><p>Vlo\u017een\u00fd obsah z jin\u00fdch webov\u00fdch str\u00e1nek se chov\u00e1 \u00fapln\u011b stejn\u011b, jako kdyby n\u00e1v\u0161t\u011bvn\u00edk nav\u0161t\u00edvil jin\u00e9 webov\u00e9 str\u00e1nky.<\/p><p>Tyto webov\u00e9 str\u00e1nky mohou shroma\u017e\u010fovat \u00fadaje o v\u00e1s, pou\u017e\u00edvat soubory cookie, vkl\u00e1dat dal\u0161\u00ed sledov\u00e1n\u00ed t\u0159et\u00edch stran a sledovat va\u0161i interakci s vlo\u017een\u00fdm obsahem, v\u010detn\u011b sledov\u00e1n\u00ed va\u0161\u00ed interakce s vlo\u017een\u00fdm obsahem, pokud m\u00e1te \u00fa\u010det a jste p\u0159ihl\u00e1\u0161eni k dan\u00e9 webov\u00e9 str\u00e1nce.<\/p><p>\u00a0<\/p><h2><strong><span style=\"color: #ddaa33;\">S k\u00fdm sd\u00edl\u00edme va\u0161e \u00fadaje<\/span><\/strong><\/h2><p>Pokud <span class=\"error-spellcheck\" data-word=\"po\u017e\u00e1d\u00e1te\" data-suggestion=\"\">po\u017e\u00e1d\u00e1te<\/span> o obnoven\u00ed hesla, bude v e-mailu s <span class=\"error-spellcheck\" data-word=\"\u017e\u00e1dost\u00ed\" data-suggestion=\"\">\u017e\u00e1dost\u00ed<\/span> o obnoven\u00ed hesla uvedena <span class=\"error-spellcheck\" data-word=\"va\u0161e\" data-suggestion=\"vaze\">va\u0161e<\/span> IP adresa.<\/p><p>\u00a0<\/p><h2><strong><span style=\"color: #ddaa33;\">Jak dlouho va\u0161e \u00fadaje uchov\u00e1v\u00e1me<\/span><\/strong><\/h2><p>Pokud zanech\u00e1te koment\u00e1\u0159, koment\u00e1\u0159 a jeho metadata se uchov\u00e1vaj\u00ed po neomezenou dobu.<\/p><p>To proto, abychom mohli automaticky rozpoznat a schv\u00e1lit v\u0161echny n\u00e1sledn\u00e9 koment\u00e1\u0159e a nemuseli je dr\u017eet v moder\u00e1torsk\u00e9 front\u011b.<\/p><p>U u\u017eivatel\u016f, kte\u0159\u00ed se na na\u0161ich webov\u00fdch str\u00e1nk\u00e1ch zaregistruj\u00ed (pokud existuj\u00ed), ukl\u00e1d\u00e1me osobn\u00ed \u00fadaje, kter\u00e9 poskytli, do jejich u\u017eivatelsk\u00e9ho profilu.<\/p><p>V\u0161ichni u\u017eivatel\u00e9 mohou kdykoli zobrazit, upravit nebo odstranit sv\u00e9 osobn\u00ed \u00fadaje (krom\u011b toho, \u017ee nemohou zm\u011bnit sv\u00e9 u\u017eivatelsk\u00e9 jm\u00e9no).<\/p><p>Tyto informace mohou vid\u011bt a upravovat tak\u00e9 spr\u00e1vci webov\u00fdch str\u00e1nek.<\/p><p>\u00a0<\/p><h2><strong><span style=\"color: #ddaa33;\">Jak\u00e1 m\u00e1te pr\u00e1va na sv\u00e9 \u00fadaje<\/span><\/strong><\/h2><p>Pokud m\u00e1te na t\u011bchto str\u00e1nk\u00e1ch \u00fa\u010det nebo jste zanechali koment\u00e1\u0159e, m\u016f\u017eete po\u017e\u00e1dat o zasl\u00e1n\u00ed exportovan\u00e9ho souboru osobn\u00edch \u00fadaj\u016f, kter\u00e9 o v\u00e1s uchov\u00e1v\u00e1me, v\u010detn\u011b v\u0161ech \u00fadaj\u016f, kter\u00e9 jste n\u00e1m poskytli.<\/p><p><span class=\"error-spellcheck\" data-word=\"M\u016f\u017eete\" data-suggestion=\"\">M\u016f\u017eete<\/span> tak\u00e9 <span class=\"error-spellcheck\" data-word=\"po\u017e\u00e1dat\" data-suggestion=\"po\u00be\u00e1dat\">po\u017e\u00e1dat<\/span>, abychom vymazali <span class=\"error-spellcheck\" data-word=\"v\u0161echny\" data-suggestion=\"v\u00b9echny\">v\u0161echny<\/span> osobn\u00ed \u00fadaje, kter\u00e9 o v\u00e1s uchov\u00e1v\u00e1me.<\/p><p>To se net\u00fdk\u00e1 <span class=\"error-spellcheck\" data-word=\"\u00fadaj\u016f\" data-suggestion=\"\">\u00fadaj\u016f<\/span>, kter\u00e9 jsme povinni uchov\u00e1vat pro administrativn\u00ed, pr\u00e1vn\u00ed nebo <span class=\"error-spellcheck\" data-word=\"bezpe\u010dnostn\u00ed\" data-suggestion=\"bezpe\u00e8nostn\u00ed\">bezpe\u010dnostn\u00ed<\/span> <span class=\"error-spellcheck\" data-word=\"\u00fa\u010dely\" data-suggestion=\"\">\u00fa\u010dely<\/span>.<\/p><p>\u00a0<\/p><h2><strong><span style=\"color: #ddaa33;\">Kam jsou <span class=\"error-spellcheck\" data-word=\"va\u0161e\" data-suggestion=\"vaze\">va\u0161e<\/span> \u00fadaje odes\u00edl\u00e1ny<\/span><\/strong><\/h2><p>Koment\u00e1\u0159e n\u00e1v\u0161t\u011bvn\u00edk\u016f mohou b\u00fdt kontrolov\u00e1ny prost\u0159ednictv\u00edm automatick\u00e9 slu\u017eby pro detekci spamu.<\/p><p>\u00a0<\/p><h2><strong><span style=\"color: #ddaa33;\">Kontaktn\u00ed informace<\/span><\/strong><\/h2><p><span class=\"error-spellcheck\" data-word=\"Koment\u00e1\u0159e\" data-suggestion=\"Koment\u00e1tore\">Koment\u00e1\u0159e<\/span> n\u00e1v\u0161t\u011bvn\u00edk\u016f mohou b\u00fdt kontrolov\u00e1ny <span class=\"error-spellcheck\" data-word=\"prost\u0159ednictv\u00edm\" data-suggestion=\"prost\u00f8ednictv\u00edm\">prost\u0159ednictv\u00edm<\/span> automatick\u00e9 <span class=\"error-spellcheck\" data-word=\"slu\u017eby\" data-suggestion=\"slu\u00beby\">slu\u017eby<\/span> pro detekci spamu.<\/p><p>Pokud m\u00e1te jak\u00e9koli dotazy t\u00fdkaj\u00edc\u00ed se t\u011bchto z\u00e1sad ochrany osobn\u00edch \u00fadaj\u016f nebo si p\u0159ejete uplatnit sv\u00e1 pr\u00e1va t\u00fdkaj\u00edc\u00ed se va\u0161ich osobn\u00edch \u00fadaj\u016f, m\u016f\u017eete n\u00e1s kontaktovat na adrese:<br \/>E-mail: service24@ttp.expert<\/p><p>\u00a0<\/p><h2><strong><span style=\"color: #ddaa33;\">Kontaktn\u00ed informace<\/span><\/strong><\/h2><p>Va\u0161e osobn\u00ed \u00fadaje zpracov\u00e1v\u00e1me na z\u00e1klad\u011b n\u00e1sleduj\u00edc\u00edch pr\u00e1vn\u00edch d\u016fvod\u016f:<\/p><ul data-start=\"1415\" data-end=\"1664\"><li data-start=\"1415\" data-end=\"1490\"><p data-start=\"1417\" data-end=\"1490\"><strong data-start=\"1417\" data-end=\"1429\"><span class=\"sc-dcJsrY hepMoq AT-ate-chip--compact ate-chip--marker ate-chip ate-chip--compact ate-chip--marker\" data-segment=\"gid_0\" data-type=\"g\">Souhlas<\/span>:<\/strong> <span class=\"error-spellcheck\" data-word=\"kdy\u017e\" data-suggestion=\"kdy\u00be\">kdy\u017e<\/span> jej <span class=\"error-spellcheck\" data-word=\"v\u00fdslovn\u011b\" data-suggestion=\"v\u00fdslovn\u00fd\">v\u00fdslovn\u011b<\/span> poskytnete (nap\u0159. zanech\u00e1n\u00edm koment\u00e1\u0159e).<\/p><\/li><li data-start=\"1491\" data-end=\"1569\"><p data-start=\"1493\" data-end=\"1569\"><strong data-start=\"1493\" data-end=\"1517\"><span class=\"sc-dcJsrY hepMoq AT-ate-chip--compact ate-chip--marker ate-chip ate-chip--compact ate-chip--marker\" data-segment=\"gid_0\" data-type=\"g\">Opr\u00e1vn\u011bn\u00fd z\u00e1jem<\/span>:<\/strong> <span class=\"error-spellcheck\" data-word=\"zaji\u0161t\u011bn\u00ed\" data-suggestion=\"zaji\u00b9t\u00ecn\u00ecj\u00b9\u00ed\">zaji\u0161t\u011bn\u00ed<\/span> <span class=\"error-spellcheck\" data-word=\"bezpe\u010dnosti\" data-suggestion=\"bezpe\u00e8nosti\">bezpe\u010dnosti<\/span> webov\u00fdch str\u00e1nek nebo <span class=\"error-spellcheck\" data-word=\"zlep\u0161en\u00ed\" data-suggestion=\"zlep\u00b9en\u00ed\">zlep\u0161en\u00ed<\/span> <span class=\"error-spellcheck\" data-word=\"na\u0161ich\" data-suggestion=\"na\u00e8ichat\">na\u0161ich<\/span> <span class=\"error-spellcheck\" data-word=\"slu\u017eeb\" data-suggestion=\"slu\u00beeb\">slu\u017eeb<\/span>.<\/p><\/li><li data-start=\"1570\" data-end=\"1664\"><p data-start=\"1572\" data-end=\"1664\"><strong data-start=\"1572\" data-end=\"1598\"><span class=\"sc-dcJsrY hepMoq AT-ate-chip--compact ate-chip--marker ate-chip ate-chip--compact ate-chip--marker\" data-segment=\"gid_0\" data-type=\"g\">Smluvn\u00ed nutnost<\/span>:<\/strong> pokud se zaregistrujete nebo <span class=\"error-spellcheck\" data-word=\"pou\u017e\u00edv\u00e1te\" data-suggestion=\"\">pou\u017e\u00edv\u00e1te<\/span> funkce, kter\u00e9 <span class=\"error-spellcheck\" data-word=\"vy\u017eaduj\u00ed\" data-suggestion=\"vy\u00beaduj\u00edc\u00ed\">vy\u017eaduj\u00ed<\/span> identifikaci <span class=\"error-spellcheck\" data-word=\"u\u017eivatele\" data-suggestion=\"u\u00beivatele|u\u00beivatel\">u\u017eivatele<\/span>.<\/p><\/li><\/ul><h2><strong><span style=\"color: #ddaa33;\">Mezin\u00e1rodn\u00ed <span class=\"error-spellcheck\" data-word=\"p\u0159enosy\" data-suggestion=\"p\u00f8enosy\">p\u0159enosy<\/span> dat<\/span><\/strong><\/h2><p>N\u011bkte\u0159\u00ed z na\u0161ich poskytovatel\u016f slu\u017eeb se mohou nach\u00e1zet mimo Evropsk\u00fd hospod\u00e1\u0159sk\u00fd prostor. V takov\u00fdch p\u0159\u00edpadech zaji\u0161\u0165ujeme ochranu va\u0161ich \u00fadaj\u016f prost\u0159ednictv\u00edm standardn\u00edch smluvn\u00edch dolo\u017eek nebo ekvivalentn\u00edch mechanism\u016f schv\u00e1len\u00fdch p\u0159\u00edslu\u0161n\u00fdmi org\u00e1ny.<\/p><p>\u00a0<\/p><h2><strong><span style=\"color: #ddaa33;\"><span class=\"error-spellcheck\" data-word=\"Zm\u011bny\" data-suggestion=\"Zm\u00ecny\">Zm\u011bny<\/span> <span class=\"error-spellcheck\" data-word=\"t\u011bchto\" data-suggestion=\"t\u00ecchto\">t\u011bchto<\/span> z\u00e1sad<\/span><\/strong><\/h2><p>Vyhrazujeme si pr\u00e1vo kdykoli aktualizovat tyto z\u00e1sady ochrany osobn\u00edch <span class=\"error-spellcheck\" data-word=\"\u00fadaj\u016f\" data-suggestion=\"\">\u00fadaj\u016f<\/span>. <span class=\"error-spellcheck\" data-word=\"Ve\u0161ker\u00e9\" data-suggestion=\"Ve\u00b9keren\">Ve\u0161ker\u00e9<\/span> <span class=\"error-spellcheck\" data-word=\"zm\u011bny\" data-suggestion=\"zm\u00ecny\">zm\u011bny<\/span> budou <span class=\"error-spellcheck\" data-word=\"zve\u0159ejn\u011bny\" data-suggestion=\"\">zve\u0159ejn\u011bny<\/span> na t\u00e9to str\u00e1nce a v <span class=\"error-spellcheck\" data-word=\"p\u0159\u00edpad\u011b\" data-suggestion=\"\">p\u0159\u00edpad\u011b<\/span>, <span class=\"error-spellcheck\" data-word=\"\u017ee\" data-suggestion=\"\u00aee|L\u00bee|M\u00bee|\u00da\u00bee\">\u017ee<\/span> budou v\u00fdznamn\u00e9, v\u00e1s o nich budeme informovat.<\/p><h2 class=\"wp-block-heading\">\u00a0<\/h2>\t\t\t\t\t\t\t\t<\/div>\n\t\t\t\t<\/div>\n\t\t\t\t\t<\/div>\n\t\t\t\t<\/div>\n\t\t\t\t<\/div>\n\t\t","protected":false},"excerpt":{"rendered":"<p>Koment\u00e1\u0159e Kdy\u017e n\u00e1v\u0161t\u011bvn\u00edci zanech\u00e1vaj\u00ed na webu koment\u00e1\u0159e, shroma\u017e\u010fujeme \u00fadaje uveden\u00e9 ve formul\u00e1\u0159i koment\u00e1\u0159e a tak\u00e9 IP adresu n\u00e1v\u0161t\u011bvn\u00edka a \u0159et\u011bzec user agent prohl\u00ed\u017ee\u010de, abychom pomohli odhalit spam. Slu\u017eb\u011b Gravatar m\u016f\u017ee b\u00fdt poskytnut anonymizovan\u00fd \u0159et\u011bzec vytvo\u0159en\u00fd z va\u0161\u00ed e-mailov\u00e9 adresy (naz\u00fdvan\u00fd tak\u00e9 hash), aby zjistila, zda ji pou\u017e\u00edv\u00e1te. Z\u00e1sady ochrany osobn\u00edch \u00fadaj\u016f slu\u017eby Gravatar jsou k &#8230; <a title=\"Z\u00e1sady ochrany osobn\u00edch \u00fadaj\u016f\" class=\"read-more\" href=\"https:\/\/ttp.expert\/cs\/zasady-ochrany-osobnich-udaju\/\" aria-label=\"Read more about Z\u00e1sady ochrany osobn\u00edch \u00fadaj\u016f\">\u010c\u00edst d\u00e1l<\/a><\/p>\n","protected":false},"author":1,"featured_media":0,"parent":0,"menu_order":0,"comment_status":"closed","ping_status":"open","template":"","meta":{"_joinchat":[],"footnotes":""},"class_list":["post-1448","page","type-page","status-publish"],"aioseo_notices":[],"_links":{"self":[{"href":"https:\/\/ttp.expert\/cs\/wp-json\/wp\/v2\/pages\/1448","targetHints":{"allow":["GET"]}}],"collection":[{"href":"https:\/\/ttp.expert\/cs\/wp-json\/wp\/v2\/pages"}],"about":[{"href":"https:\/\/ttp.expert\/cs\/wp-json\/wp\/v2\/types\/page"}],"author":[{"embeddable":true,"href":"https:\/\/ttp.expert\/cs\/wp-json\/wp\/v2\/users\/1"}],"replies":[{"embeddable":true,"href":"https:\/\/ttp.expert\/cs\/wp-json\/wp\/v2\/comments?post=1448"}],"version-history":[{"count":6,"href":"https:\/\/ttp.expert\/cs\/wp-json\/wp\/v2\/pages\/1448\/revisions"}],"predecessor-version":[{"id":13538,"href":"https:\/\/ttp.expert\/cs\/wp-json\/wp\/v2\/pages\/1448\/revisions\/13538"}],"wp:attachment":[{"href":"https:\/\/ttp.expert\/cs\/wp-json\/wp\/v2\/media?parent=1448"}],"curies":[{"name":"wp","href":"https:\/\/api.w.org\/{rel}","templated":true}]}}