{"id":13618,"date":"2025-05-09T10:36:41","date_gmt":"2025-05-09T10:36:41","guid":{"rendered":"https:\/\/ttp-expert.com\/karrieren\/"},"modified":"2025-06-06T10:24:11","modified_gmt":"2025-06-06T10:24:11","slug":"karrieren","status":"publish","type":"page","link":"https:\/\/ttp.expert\/de\/karrieren\/","title":{"rendered":"Karrieren"},"content":{"rendered":"\t\t<div data-elementor-type=\"wp-page\" data-elementor-id=\"13618\" class=\"elementor elementor-13618\" data-elementor-post-type=\"page\">\n\t\t\t\t<div class=\"elementor-element elementor-element-b1bc4ed e-flex e-con-boxed e-con e-parent\" data-id=\"b1bc4ed\" data-element_type=\"container\">\n\t\t\t\t\t<div class=\"e-con-inner\">\n\t\t<div class=\"elementor-element elementor-element-511e9fe e-con-full e-flex e-con e-child\" data-id=\"511e9fe\" data-element_type=\"container\">\n\t\t\t\t<div class=\"elementor-element elementor-element-21cfa51 premium-header-inline elementor-invisible elementor-widget elementor-widget-premium-addon-dual-header\" data-id=\"21cfa51\" data-element_type=\"widget\" data-settings=\"{&quot;_animation&quot;:&quot;fadeInDown&quot;}\" data-widget_type=\"premium-addon-dual-header.default\">\n\t\t\t\t<div class=\"elementor-widget-container\">\n\t\t\t\t\t\r\n\t\t\t\t\t<h2 class=\"premium-dual-header-first-header \"><span class=\"premium-dual-header-first-span\">STELLENANGEBOTE <\/span><\/h2> \t\t\r\n\t\t\t\t\t\t<\/div>\n\t\t\t\t<\/div>\n\t\t\t\t<div class=\"elementor-element elementor-element-c1ac683 elementor-widget-divider--view-line elementor-widget elementor-widget-divider\" data-id=\"c1ac683\" data-element_type=\"widget\" data-widget_type=\"divider.default\">\n\t\t\t\t<div class=\"elementor-widget-container\">\n\t\t\t\t\t\t\t<div class=\"elementor-divider\">\n\t\t\t<span class=\"elementor-divider-separator\">\n\t\t\t\t\t\t<\/span>\n\t\t<\/div>\n\t\t\t\t\t\t<\/div>\n\t\t\t\t<\/div>\n\t\t\t\t<\/div>\n\t\t\t\t\t<\/div>\n\t\t\t\t<\/div>\n\t\t<div class=\"elementor-element elementor-element-74ad67c e-flex e-con-boxed e-con e-parent\" data-id=\"74ad67c\" data-element_type=\"container\">\n\t\t\t\t\t<div class=\"e-con-inner\">\n\t\t\t\t<div class=\"elementor-element elementor-element-db504af elementor-invisible elementor-widget elementor-widget-html\" data-id=\"db504af\" data-element_type=\"widget\" data-settings=\"{&quot;_animation&quot;:&quot;fadeInLeft&quot;}\" data-widget_type=\"html.default\">\n\t\t\t\t<div class=\"elementor-widget-container\">\n\t\t\t\t\t<!DOCTYPE html>\r\n<html lang=\"es\">\r\n<head>\r\n    <meta charset=\"UTF-8\">\r\n    <meta name=\"viewport\" content=\"width=device-width, initial-scale=1.0\">\r\n    <title>Ofertas de Trabajo<\/title>\r\n    <link href=\"https:\/\/fonts.googleapis.com\/css2?family=Montserrat:wght@300;400;500;600;700&display=swap\" rel=\"stylesheet\">\r\n    <style>\r\n        * {\r\n            margin: 0;\r\n            padding: 0;\r\n            box-sizing: border-box;\r\n        }\r\n\r\n        body {\r\n            font-family: 'Montserrat', sans-serif;\r\n            background-color: #f5f7fa;\r\n            color: #333;\r\n            line-height: 1.6;\r\n        }\r\n\r\n        .container {\r\n            max-width: 1200px;\r\n            margin: 0 auto;\r\n            padding: 40px 20px;\r\n        }\r\n\r\n        .jobs-section {\r\n            position: relative;\r\n            padding: 20px 0;\r\n        }\r\n\r\n        \/* Fondo semi-transparente para la secci\u00f3n *\/\r\n        .jobs-section::before {\r\n            content: '';\r\n            position: absolute;\r\n            top: 0;\r\n            left: 0;\r\n            right: 0;\r\n            bottom: 0;\r\n            background-size: cover;\r\n            background-position: center;\r\n            opacity: 0.15;\r\n            z-index: -1;\r\n            border-radius: 15px;\r\n        }\r\n\r\n        .jobs-grid {\r\n            display: grid;\r\n            grid-template-columns: repeat(3, 1fr);\r\n            gap: 25px;\r\n        }\r\n\r\n       .job-cardd {\r\n    border-radius: 12px;\r\n    padding: 25px;\r\n    transition: all 0.3s ease;\r\n    position: relative;\r\n    overflow: hidden;\r\n    display: flex;\r\n    flex-direction: column;\r\n    height: 100%;\r\n    backdrop-filter: blur(5px);\r\n    box-shadow: 0 5px 15px rgba(0, 0, 0, 0.05);\r\n    background-color: rgba(255, 255, 255, 0.5); \/* <-- agregado *\/\r\n}\r\n\r\n\r\n       .job-cardd:hover {\r\n    transform: translateY(-5px);\r\n    box-shadow: 0 10px 25px rgba(0, 0, 0, 0.1);\r\n    background-color: rgba(255, 255, 255, 0.85); \/* m\u00e1s coherente con el base *\/\r\n}\r\n        .job-title {\r\n            color: #DDAA33;\r\n            font-size: 18px;\r\n            font-weight: 700;\r\n            margin-bottom: 15px;\r\n            text-transform: uppercase;\r\n            letter-spacing: 0.5px;\r\n        }\r\n\r\n        .job-description {\r\n            color: #333;\r\n            font-size: 13px;\r\n           \r\n             font-weight: 400;\r\n            line-height: 1.5;\r\n            flex-grow: 1;\r\n        }\r\n\r\n        .see-more-btn {\r\n            align-self: flex-start;\r\n            background-color: #DDAA33;\r\n            color: black;\r\n            text-decoration: none;\r\n            padding: 8px 20px;\r\n            border-radius: 25px;\r\n            font-size: 13px;\r\n            font-weight: 500;\r\n            transition: all 0.3s ease;\r\n             margin-top: 20px;\r\n            text-transform: uppercase;\r\n            letter-spacing: 0.5px;\r\n            border: none;\r\n            cursor: pointer;\r\n        }\r\n\r\n        .see-more-btn:hover {\r\n            background-color: #AB8635;\r\n            color: black;\r\n            transform: translateY(-2px);\r\n        }\r\n\r\n        \/* Cursor personalizado para los botones *\/\r\n        .job-cardd:nth-child(1) .see-more-btn {\r\n            position: relative;\r\n        }\r\n\r\n        .job-cardd:nth-child(1) .see-more-btn::after {\r\n            content: '';\r\n            position: absolute;\r\n            width: 20px;\r\n            height: 20px;\r\n         \r\n            background-size: contain;\r\n            background-repeat: no-repeat;\r\n            right: -25px;\r\n            top: 50%;\r\n            transform: translateY(-50%);\r\n            opacity: 0;\r\n            transition: all 0.3s ease;\r\n        }\r\n\r\n        .job-card:nth-child(1) .see-more-btn:hover::after {\r\n            opacity: 1;\r\n            right: -30px;\r\n        }\r\n\r\n        \/* Responsive *\/\r\n        @media (max-width: 992px) {\r\n            .jobs-grid {\r\n                grid-template-columns: repeat(2, 1fr);\r\n            }\r\n        }\r\n\r\n        @media (max-width: 768px) {\r\n            .jobs-grid {\r\n                grid-template-columns: 1fr;\r\n            }\r\n            \r\n            .container {\r\n                padding: 20px 15px;\r\n            }\r\n        }\r\n\r\n        @media (max-width: 480px) {\r\n            .job-title {\r\n                font-size: 16px;\r\n            }\r\n            \r\n            .job-description {\r\n                font-size: 14px;\r\n            }\r\n            \r\n            .see-more-btn {\r\n                padding: 7px 15px;\r\n                font-size: 12px;\r\n            }\r\n        }\r\n    <\/style>\r\n<\/head>\r\n<body>\r\n    <div class=\"container\">\r\n        <section class=\"jobs-section\">\r\n            <div class=\"jobs-grid\">\r\n                <div class=\"job-cardd\">\r\n                    <h3 class=\"job-title\">Niederl\u00e4ndischer Service Manager (m\/w\/d) <\/h3>\r\n                    <p class=\"job-description\">\r\n                         Truck & Trail Performance, ein internationales Unternehmen, das sich auf Pannenhilfe f\u00fcr Lkw und Anh\u00e4nger spezialisiert hat, sucht einen niederl\u00e4ndischsprachigen Kundenmanager f\u00fcr sein B\u00fcro in Lissabon, Portugal, oder f\u00fcr den Hauptsitz in Livange, Luxemburg...\r\n                    <\/p>\r\n                   <a href=\"https:\/\/ttp.expert\/dutch-service-manager\/\"  <button class=\"see-more-btn\">MEHR ANZEIGEN<\/button><\/a>\r\n                <\/div>\r\n\r\n                <div class=\"job-cardd\">\r\n                    <h3 class=\"job-title\">T\u00fcrkischer Service Manager (m\/w\/d) <\/h3>\r\n                    <p class=\"job-description\">\r\n                       Im Rahmen seiner Konsolidierungs- und Wachstumsstrategie beabsichtigt Truck & Trail Performance, ein internationales Unternehmen, das sich auf Pannenhilfe f\u00fcr Nutzfahrzeuge spezialisiert hat, die Einstellung eines Mitarbeiters f\u00fcr sein B\u00fcro in Lissabon... \r\n                    <\/p>\r\n                    <a href=\"https:\/\/ttp.expert\/turkish-service-manager\/\"  <button class=\"see-more-btn\">MEHR ANZEIGEN<\/button><\/a>\r\n                <\/div>\r\n\r\n                <div class=\"job-cardd\">\r\n                    <h3 class=\"job-title\">Datenanalyst & Projektmanager (m\/w\/d) <\/h3>\r\n                    <p class=\"job-description\">\r\n                      Im Zuge seiner Konsolidierungs- und Wachstumsstrategie sucht Truck & Trail Performance, ein internationales Unternehmen, das sich auf Reiseassistenz f\u00fcr Nutzfahrzeuge spezialisiert hat, einen Datenanalysten & Projektmanager... \r\n                    <\/p>\r\n                    <a href=\"https:\/\/ttp.expert\/data-analyst-project-manager\/\"  <button class=\"see-more-btn\">MEHR ANZEIGEN<\/button><\/a>\r\n                <\/div>\r\n            <\/div>\r\n        <\/section>\r\n    <\/div>\r\n\r\n    <!-- Elemento para el cursor personalizado -->\r\n    <div class=\"cursor\"><\/div>\r\n\r\n    <script>\r\n        document.addEventListener('DOMContentLoaded', function() {\r\n            \/\/ Animaci\u00f3n de entrada para las tarjetas de trabajo\r\n\r\n            \r\n            \/\/ Aplicar animaci\u00f3n con un peque\u00f1o retraso entre cada tarjeta\r\n            jobCards.forEach((card, index) => {\r\n                \/\/ Establecer estado inicial\r\n                card.style.opacity = '0';\r\n                card.style.transform = 'translateY(30px)';\r\n                card.style.transition = 'opacity 0.5s ease, transform 0.5s ease';\r\n                \r\n                \/\/ Animar entrada con retraso escalonado\r\n                setTimeout(() => {\r\n                    card.style.opacity = '1';\r\n                    card.style.transform = 'translateY(0)';\r\n                }, 100 + (index * 150));\r\n            });\r\n            \r\n            \/\/ Efecto hover mejorado para los botones\r\n            const allButtons = document.querySelectorAll('.see-more-btn');\r\n            \r\n            allButtons.forEach(button => {\r\n                button.addEventListener('mouseenter', function() {\r\n                    this.style.transition = 'all 0.3s ease';\r\n                    this.style.boxShadow = '0 5px 15px rgba(221, 170, 51, 0.3)';\r\n                });\r\n                \r\n                button.addEventListener('mouseleave', function() {\r\n                    this.style.transition = 'all 0.3s ease';\r\n                    this.style.boxShadow = 'none';\r\n                });\r\n            });\r\n            \r\n            \/\/ Cursor personalizado\r\n            const cursor = document.querySelector('.cursor');\r\n            \r\n            document.addEventListener('mousemove', (e) => {\r\n                cursor.style.left = e.clientX + 'px';\r\n                cursor.style.top = e.clientY + 'px';\r\n            });\r\n            \r\n            \/\/ Mostrar cursor personalizado sobre los botones\r\n            allButtons.forEach(button => {\r\n                button.addEventListener('mouseenter', () => {\r\n                    cursor.style.opacity = '1';\r\n                });\r\n                \r\n                button.addEventListener('mouseleave', () => {\r\n                    cursor.style.opacity = '0';\r\n                });\r\n            });\r\n            \r\n            \/\/ Efecto de clic en los botones\r\n            allButtons.forEach(button => {\r\n                button.addEventListener('click', function() {\r\n                    \/\/ Guardar referencia al bot\u00f3n\r\n                    const btn = this;\r\n                    \r\n                    \/\/ Aplicar efecto de clic\r\n                    btn.style.transform = 'scale(0.95)';\r\n                    \r\n                    \/\/ Simular carga\r\n                    btn.textContent = 'Loading...';\r\n                    \r\n                    \/\/ Restaurar despu\u00e9s de un breve retraso\r\n                    setTimeout(() => {\r\n                        btn.style.transform = 'scale(1)';\r\n                        btn.textContent = 'See More';\r\n                        \r\n                        \/\/ Aqu\u00ed podr\u00edas redirigir o mostrar m\u00e1s informaci\u00f3n\r\n                        alert('Detalles de la vacante ser\u00e1n mostrados aqu\u00ed');\r\n                    }, 800);\r\n                });\r\n            });\r\n        });\r\n    <\/script>\r\n<\/body>\r\n<\/html>\t\t\t\t<\/div>\n\t\t\t\t<\/div>\n\t\t\t\t\t<\/div>\n\t\t\t\t<\/div>\n\t\t\t\t<\/div>\n\t\t","protected":false},"excerpt":{"rendered":"<p>STELLENANGEBOTE Ofertas de Trabajo Niederl\u00e4ndischer Service Manager (m\/w\/d) Truck &#038; Trail Performance, ein internationales Unternehmen, das sich auf Pannenhilfe f\u00fcr Lkw und Anh\u00e4nger spezialisiert hat, sucht einen niederl\u00e4ndischsprachigen Kundenmanager f\u00fcr sein B\u00fcro in Lissabon, Portugal, oder f\u00fcr den Hauptsitz in Livange, Luxemburg&#8230;<\/p>\n","protected":false},"author":1,"featured_media":0,"parent":0,"menu_order":0,"comment_status":"closed","ping_status":"closed","template":"","meta":{"_joinchat":[],"footnotes":""},"class_list":["post-13618","page","type-page","status-publish"],"aioseo_notices":[],"_links":{"self":[{"href":"https:\/\/ttp.expert\/de\/wp-json\/wp\/v2\/pages\/13618","targetHints":{"allow":["GET"]}}],"collection":[{"href":"https:\/\/ttp.expert\/de\/wp-json\/wp\/v2\/pages"}],"about":[{"href":"https:\/\/ttp.expert\/de\/wp-json\/wp\/v2\/types\/page"}],"author":[{"embeddable":true,"href":"https:\/\/ttp.expert\/de\/wp-json\/wp\/v2\/users\/1"}],"replies":[{"embeddable":true,"href":"https:\/\/ttp.expert\/de\/wp-json\/wp\/v2\/comments?post=13618"}],"version-history":[{"count":3,"href":"https:\/\/ttp.expert\/de\/wp-json\/wp\/v2\/pages\/13618\/revisions"}],"predecessor-version":[{"id":13673,"href":"https:\/\/ttp.expert\/de\/wp-json\/wp\/v2\/pages\/13618\/revisions\/13673"}],"wp:attachment":[{"href":"https:\/\/ttp.expert\/de\/wp-json\/wp\/v2\/media?parent=13618"}],"curies":[{"name":"wp","href":"https:\/\/api.w.org\/{rel}","templated":true}]}}