{"id":13661,"date":"2025-05-12T08:55:32","date_gmt":"2025-05-12T08:55:32","guid":{"rendered":"https:\/\/ttp-expert.com\/datenanalyst-projektleiter\/"},"modified":"2025-07-07T12:10:32","modified_gmt":"2025-07-07T12:10:32","slug":"datenanalyst-projektleiter","status":"publish","type":"page","link":"https:\/\/ttp.expert\/de\/datenanalyst-projektleiter\/","title":{"rendered":"Datenanalyst &amp; Projektleiter"},"content":{"rendered":"\t\t<div data-elementor-type=\"wp-page\" data-elementor-id=\"13661\" class=\"elementor elementor-13661\" data-elementor-post-type=\"page\">\n\t\t\t\t<div class=\"elementor-element elementor-element-74ad67c e-flex e-con-boxed e-con e-parent\" data-id=\"74ad67c\" data-element_type=\"container\">\n\t\t\t\t\t<div class=\"e-con-inner\">\n\t\t<div class=\"elementor-element elementor-element-b4ba880 e-con-full e-flex e-con e-child\" data-id=\"b4ba880\" data-element_type=\"container\">\n\t\t<div class=\"elementor-element elementor-element-69ff3fe e-con-full e-flex e-con e-child\" data-id=\"69ff3fe\" data-element_type=\"container\">\n\t\t\t\t<div class=\"elementor-element elementor-element-bc7026c premium-header-inline elementor-invisible elementor-widget elementor-widget-premium-addon-dual-header\" data-id=\"bc7026c\" data-element_type=\"widget\" data-settings=\"{&quot;_animation&quot;:&quot;fadeInDown&quot;}\" data-widget_type=\"premium-addon-dual-header.default\">\n\t\t\t\t<div class=\"elementor-widget-container\">\n\t\t\t\t\t\r\n\t\t\t\t\t<h2 class=\"premium-dual-header-first-header \"><span class=\"premium-dual-header-first-span\">Datenanalyst &amp;  <\/span><span class=\"premium-dual-header-second-header \">Projektmanager<\/span><\/h2> \t\t\r\n\t\t\t\t\t\t<\/div>\n\t\t\t\t<\/div>\n\t\t\t\t<div class=\"elementor-element elementor-element-de8d321 elementor-widget-divider--view-line elementor-widget elementor-widget-divider\" data-id=\"de8d321\" data-element_type=\"widget\" data-widget_type=\"divider.default\">\n\t\t\t\t<div class=\"elementor-widget-container\">\n\t\t\t\t\t\t\t<div class=\"elementor-divider\">\n\t\t\t<span class=\"elementor-divider-separator\">\n\t\t\t\t\t\t<\/span>\n\t\t<\/div>\n\t\t\t\t\t\t<\/div>\n\t\t\t\t<\/div>\n\t\t\t\t<\/div>\n\t\t\t\t<\/div>\n\t\t\t\t<div class=\"elementor-element elementor-element-db504af elementor-widget__width-inherit elementor-invisible elementor-widget elementor-widget-html\" data-id=\"db504af\" data-element_type=\"widget\" data-settings=\"{&quot;_animation&quot;:&quot;fadeInLeft&quot;}\" data-widget_type=\"html.default\">\n\t\t\t\t<div class=\"elementor-widget-container\">\n\t\t\t\t\t\r\n<!DOCTYPE html>\r\n<html lang=\"es\">\r\n<head>\r\n    <meta charset=\"UTF-8\">\r\n    <meta name=\"viewport\" content=\"width=device-width, initial-scale=1.0\">\r\n    <title>Formulario de Aplicaci\u00f3n<\/title>\r\n    \r\n    <link href=\"https:\/\/fonts.googleapis.com\/css2?family=Montserrat:wght@400&display=swap\" rel=\"stylesheet\">\r\n\r\n    <style>\r\n        * {\r\n            margin: 0;\r\n            padding: 0;\r\n            box-sizing: border-box;\r\n            font-family: 'Montserrat', sans-serif;\r\n    font-weight: 400;\r\n        }\r\n        \r\n        body {\r\n            background-color: #f5f5f5;\r\n            color: #333;\r\n            line-height: 1.6;\r\n        }\r\n        \r\n        .container {\r\n            max-width: 1000px;\r\n            margin: 40px auto;\r\n            padding: 0px;\r\n            background-color: #fff;\r\n            border-radius: 8px;\r\n           \r\n        }\r\n        \r\n        .job-description {\r\n            border-bottom: 1px solid #e0e0e0;\r\n        }\r\n        \r\n        .job-title {\r\n            color: #DDAA33;\r\n            font-size: 28px;\r\n            margin-bottom: 15px;\r\n            font-weight: bold;\r\n        }\r\n        \r\n        .job-details {\r\n            margin-bottom: 20px;\r\n        }\r\n        \r\n        .job-details h3 {\r\n            font-size: 20px;\r\n            margin: 15px 0 10px;\r\n            color: #555;\r\n        }\r\n        \r\n        .job-details p, .job-details li {\r\n            margin-bottom: 10px;\r\n            font-size: 16px;\r\n        }\r\n        \r\n        .job-details ul {\r\n            padding-left: 20px;\r\n            margin-bottom: 15px;\r\n        }\r\n        \r\n        .application-form {\r\n            padding-top: 20px;\r\n        }\r\n        \r\n        .form-title {\r\n            font-size: 24px;\r\n            margin-bottom: 20px;\r\n            color: #333;\r\n        }\r\n        \r\n        .form-group {\r\n            margin-bottom: 20px;\r\n        }\r\n        \r\n        label {\r\n            display: block;\r\n            margin-bottom: 8px;\r\n\r\n            color: #555;\r\n             font-family: 'Montserrat', sans-serif;\r\n        }\r\n        \r\n        input, textarea {\r\n            width: 100%;\r\n            padding: 12px;\r\n            border: 1px solid #ddd;\r\n            border-radius: 4px;\r\n            font-size: 16px;\r\n            transition: border-color 0.3s;\r\n        }\r\n        \r\n        input:focus, textarea:focus {\r\n            border-color: #e6a700;\r\n            outline: none;\r\n        }\r\n        \r\n        textarea {\r\n            min-height: 150px;\r\n            resize: vertical;\r\n        }\r\n        \r\n        .file-upload {\r\n            position: relative;\r\n            overflow: hidden;\r\n            margin-top: 10px;\r\n            display: inline-block;\r\n        }\r\n        \r\n        .file-upload-label {\r\n            background-color: #f0f0f0;\r\n            color: #555;\r\n            border: 1px solid #ddd;\r\n            padding: 10px 20px;\r\n            border-radius: 4px;\r\n            cursor: pointer;\r\n            display: inline-block;\r\n            transition: all 0.3s;\r\n        }\r\n        \r\n        .file-upload-label:hover {\r\n            background-color: #e0e0e0;\r\n        }\r\n        \r\n        .file-name {\r\n            margin-left: 10px;\r\n            font-size: 14px;\r\n        }\r\n        \r\n        input[type=\"file\"] {\r\n            position: absolute;\r\n            left: 0;\r\n            top: 0;\r\n            opacity: 0;\r\n            cursor: pointer;\r\n            width: 100%;\r\n            height: 100%;\r\n        }\r\n        \r\n        .submit-btn {\r\n            background-color: #DDAA33;\r\n            color: black;\r\n            border: none;\r\n            padding: 5px 30px;\r\n            font-size: 14px;\r\n            border-radius: 40px;\r\n            cursor: pointer;\r\n            transition: background-color 0.3s;\r\n\r\n            margin-top: 10px;\r\n        }\r\n        \r\n        .submit-btn:hover {\r\n            background-color: #AB8635;\r\n             color: black;\r\n        }\r\n        \r\n        .required {\r\n            color: #e74c3c;\r\n        }\r\n        \r\n        @media (max-width: 768px) {\r\n            .container {\r\n                padding: 15px;\r\n                margin: 20px 10px;\r\n            }\r\n            \r\n            .job-title {\r\n                font-size: 24px;\r\n            }\r\n            \r\n            .form-title {\r\n                font-size: 20px;\r\n            }\r\n        }\r\n    <\/style>\r\n<\/head>\r\n<body>\r\n    <div class=\"container\">\r\n        <!-- Secci\u00f3n de descripci\u00f3n del puesto -->\r\n        <div class=\"job-description\">\r\n            <h1 class=\"job-title\">Datenanalyst & Projektmanager (m\/w\/d) <\/h1>\r\n            \r\n            <div class=\"job-details\">\r\n                <p>Standort: Carnaxide, Portugal <\/p>\r\n                <p>\r\n                     Im Rahmen seiner Konsolidierungs- und Wachstumsstrategie sucht Truck&Trail Performance, ein internationales Unterehmen, das sich auf Pannenhilfe f\u00fcr Nutzfahrzeuge spezialisiert hat, einen Datenanalysten& Projektmanager f\u00fcr sein B\u00fcro in Carnaxide.\r\n                    \r\n                <\/p>\r\n                \r\n                <h3>Hauptaufgaben:<\/h3>\r\n                <ul>\r\n                    <li>Analyse und Validierung von Daten, Erstellung von Berichten und operativen Dashboards. <\/li>\r\n                    <li>Extraktion und \u00dcbersetzung von Gesch\u00e4ftsdaten in statistische Informationen. <\/li>\r\n                    <li>Entwicklung von Richtlinien und Prozessen f\u00fcr die Datenerfassung und -analyse. <\/li>\r\n                    <li>Synthese von Informationen zur Bereitstellung f\u00fcr Partnernetzwerke und Benutzer. <\/li>\r\n                    <li>Unterst\u00fctzung, Schulung und Anleitung von Benutzern zur effektiven Nutzung von BI-L\u00f6sungen. <\/li>\r\n                     <li>Empfehlungen zur Verbesserung von vorgeschlagenen\/implementierten L\u00f6sungen und deren Integration in den ETL-Prozess. <\/li>\r\n                      <li>Dokumentation von Betriebsprozessen. <\/li>\r\n                       <li>Erstellung detaillierter technischer Spezifikationen f\u00fcr die Entwicklung und Implementierung im Hauptverwaltungssystem des Unternehmens. <\/li>\r\n                        <li>Mitwirkung bei Design- und Code-Reviews, Dokumentation und Implementierung von Produktivit\u00e4tsmethoden. <\/li>\r\n                         <li>\u00dcberwachung, Priorisierung und Validierung der Arbeit des Entwicklungsteams. <\/li>\r\n                          <li>Durchf\u00fchrung von Benutzertests zur Sicherstellung, dass implementierte L\u00f6sungen den Benutzeranforderungen entsprechen. <\/li>\r\n                <\/ul>\r\n                \r\n                <h3>Anforderungen:<\/h3>\r\n                <ul>\r\n                    <li>Hochschulabschluss oder Studium in Informatik, Angewandter Statistik, Mathematik oder einem verwandten Bereich. <\/li>\r\n                    <li>Zus\u00e4tzliche Ausbildung in Business Intelligence, Datenanalyse oder einem \u00e4hnlichen Bereich von Vorteil. <\/li>\r\n                    <li>1 bis 3 Jahre Erfahrung in der Entwicklung von Dashboards, KPIs und ETL-Prozessen. <\/li>\r\n                    <li>Erfahrung mit Microsoft-Umgebungen sowie verwandten BI-, Big Data-, Datenanalyse-, Machine Learning- und KI-L\u00f6sungen. <\/li>\r\n                    <li>Sicherer Umgang mit IT-Tools (Microsoft Office), insbesondere Word, PowerPoint und Excel mit fundierten Kenntnissen in Formeln, Pivot-Tabellen und VBA (bevorzugt). <\/li>\r\n                     <li>Kenntnisse in SQL und Datenanalysetools wie Power BI, Tableau usw. (bevorzugt). <\/li>\r\n                      <li>Erfahrung in der Berichterstellung und im Reporting. <\/li>\r\n                       <li>Erfahrung in der Analyse und Entwicklung von Gesch\u00e4ftsl\u00f6sungen sowie im Projektmanagement. <\/li>\r\n                        <li>Erfahrung in der Anforderungsanalyse. <\/li>\r\n                         <li>Erfahrung in der Erstellung von funktionaler Dokumentation und Prozessabl\u00e4ufen. <\/li>\r\n                          <li>Ausgepr\u00e4gte analytische F\u00e4higkeiten, Probleml\u00f6sungskompetenz und ein Auge f\u00fcr Details. <\/li>\r\n                           <li>Starke Kommunikations- und Verhandlungsf\u00e4higkeiten mit internen Kunden und Support-Teams, kundenorientierte Denkweise. <\/li>\r\n                            <li>Gute Englischkenntnisse in Wort und Schrift (obligatorisch). <\/li>\r\n                            <li>Hohes Verantwortungsbewusstsein, gute Organisations- und Planungsf\u00e4higkeiten. <\/li>\r\n                            <li>Effektives Zeitmanagement, F\u00e4higkeit zur Priorisierung und Zielorientierung. <\/li>\r\n                            <li>Teamf\u00e4higkeit und Anpassungsf\u00e4higkeit an ein multikulturelles Umfeld.<\/li>\r\n                            <li>Selbstst\u00e4ndige, dynamische und proaktive Arbeitsweise. <\/li>\r\n                <\/ul>\r\n                \r\n                <h3>Bedingungen:<\/h3>\r\n                <ul>\r\n                    <li>Unbefristeter Arbeitsvertrag mit dem Unternehmen. <\/li>\r\n                    <li>Integration in ein Gro\u00dfprojekt. <\/li>\r\n                    <li>Attraktives Gehaltspaket basierend auf nachgewiesener Erfahrung und vorbehaltlich der Genehmigung in einer technischen Bewertung. <\/li>\r\n                \r\n            <\/div>\r\n        <\/div>\r\n    <\/div>\r\n\r\n<\/body>\r\n<\/html>\t\t\t\t<\/div>\n\t\t\t\t<\/div>\n\t\t\t\t<div class=\"elementor-element elementor-element-ae5dc62 elementor-widget__width-initial elementor-widget elementor-widget-shortcode\" data-id=\"ae5dc62\" data-element_type=\"widget\" data-widget_type=\"shortcode.default\">\n\t\t\t\t<div class=\"elementor-widget-container\">\n\t\t\t\t\t\t\t<div class=\"elementor-shortcode\">\n<div class=\"wpcf7 no-js\" id=\"wpcf7-f14888-o1\" lang=\"en-US\" dir=\"ltr\" data-wpcf7-id=\"14888\">\n<div class=\"screen-reader-response\"><p role=\"status\" aria-live=\"polite\" aria-atomic=\"true\"><\/p> <ul><\/ul><\/div>\n<form action=\"\/de\/wp-json\/wp\/v2\/pages\/13661#wpcf7-f14888-o1\" method=\"post\" class=\"wpcf7-form init\" aria-label=\"Contact form\" enctype=\"multipart\/form-data\" novalidate=\"novalidate\" data-status=\"init\">\n<div style=\"display: none;\">\n<input type=\"hidden\" name=\"_wpcf7\" value=\"14888\" \/>\n<input type=\"hidden\" name=\"_wpcf7_version\" value=\"6.0.3\" \/>\n<input type=\"hidden\" name=\"_wpcf7_locale\" value=\"en_US\" \/>\n<input type=\"hidden\" name=\"_wpcf7_unit_tag\" value=\"wpcf7-f14888-o1\" \/>\n<input type=\"hidden\" name=\"_wpcf7_container_post\" value=\"0\" \/>\n<input type=\"hidden\" name=\"_wpcf7_posted_data_hash\" value=\"\" \/>\n<\/div>\n<p><br \/>\n<label> Name<br \/>\n<span class=\"wpcf7-form-control-wrap\" data-name=\"your-name\"><input size=\"40\" maxlength=\"400\" class=\"wpcf7-form-control wpcf7-text wpcf7-validates-as-required\" aria-required=\"true\" aria-invalid=\"false\" placeholder=\"Ihr vollst\u00e4ndiger Name\" value=\"\" type=\"text\" name=\"your-name\" \/><\/span><br \/>\n<\/label>\n<\/p>\n<p><br \/>\n<label> E-Mail<br \/>\n<span class=\"wpcf7-form-control-wrap\" data-name=\"your-email\"><input size=\"40\" maxlength=\"400\" class=\"wpcf7-form-control wpcf7-email wpcf7-validates-as-required wpcf7-text wpcf7-validates-as-email\" aria-required=\"true\" aria-invalid=\"false\" placeholder=\"Ihre E-Mail-Adresse\" value=\"\" type=\"email\" name=\"your-email\" \/><\/span><br \/>\n<\/label>\n<\/p>\n<p><br \/>\n<label> Telefon<br \/>\n<span class=\"wpcf7-form-control-wrap\" data-name=\"your-phone\"><input size=\"40\" maxlength=\"400\" class=\"wpcf7-form-control wpcf7-tel wpcf7-validates-as-required wpcf7-text wpcf7-validates-as-tel\" aria-required=\"true\" aria-invalid=\"false\" placeholder=\"Ihre Telefonnummer\" value=\"\" type=\"tel\" name=\"your-phone\" \/><\/span><br \/>\n<\/label>\n<\/p>\n<p class=\"cv-upload-wrapper\"><br \/>\n<label for=\"your-cv-input\" class=\"cv-upload-label\">Lebenslauf anh\u00e4ngen (PDF, DOC, DOCX)<\/label><br \/>\n<span class=\"wpcf7-form-control-wrap\" data-name=\"your-cv\"><input size=\"40\" class=\"wpcf7-form-control wpcf7-file wpcf7-validates-as-required cv-input\" id=\"your-cv-input\" accept=\".pdf,.doc,.docx\" aria-required=\"true\" aria-invalid=\"false\" type=\"file\" name=\"your-cv\" \/><\/span><br \/>\n<span class=\"cv-file-name\">Keine Datei ausgew\u00e4hlt<\/span>\n<\/p>\n<p><br \/>\n<input class=\"wpcf7-form-control wpcf7-submit has-spinner\" type=\"submit\" value=\"Bewerbung absenden\" \/>\n<\/p>\n<input class=\"wpcf7-form-control wpcf7-hidden\" value=\"\" type=\"hidden\" name=\"page-url\" \/><div class=\"wpcf7-response-output\" aria-hidden=\"true\"><\/div>\n<\/form>\n<\/div>\n<\/div>\n\t\t\t\t\t\t<\/div>\n\t\t\t\t<\/div>\n\t\t\t\t<div class=\"elementor-element elementor-element-649e6bd elementor-widget elementor-widget-html\" data-id=\"649e6bd\" data-element_type=\"widget\" data-widget_type=\"html.default\">\n\t\t\t\t<div class=\"elementor-widget-container\">\n\t\t\t\t\t<script>\r\n  document.addEventListener('DOMContentLoaded', function () {\r\n    const fileInput = document.querySelector('#your-cv-input');\r\n    const fileNameDisplay = document.querySelector('.cv-file-name');\r\n\r\n    if (fileInput) {\r\n      fileInput.addEventListener('change', function () {\r\n        if (fileInput.files.length > 0) {\r\n          const fileName = fileInput.files[0].name;\r\n          fileNameDisplay.innerHTML = `${fileName} <span class=\"remove-file\" style=\"margin-left: 10px; color: red; cursor: pointer;\">Remove<\/span>`;\r\n\r\n          const removeBtn = fileNameDisplay.querySelector('.remove-file');\r\n          removeBtn.addEventListener('click', function () {\r\n            fileInput.value = '';\r\n            fileNameDisplay.textContent = 'No file selected';\r\n          });\r\n        } else {\r\n          fileNameDisplay.textContent = 'No file selected';\r\n        }\r\n      });\r\n    }\r\n  });\r\n<\/script>\r\n\t\t\t\t<\/div>\n\t\t\t\t<\/div>\n\t\t\t\t\t<\/div>\n\t\t\t\t<\/div>\n\t\t\t\t<\/div>\n\t\t","protected":false},"excerpt":{"rendered":"<p>Datenanalyst &amp; Projektmanager Formulario de Aplicaci\u00f3n Datenanalyst &#038; Projektmanager (m\/w\/d) Standort: Carnaxide, Portugal Im Rahmen seiner Konsolidierungs- und Wachstumsstrategie sucht Truck&#038;Trail Performance, ein internationales Unterehmen, das sich auf Pannenhilfe f\u00fcr Nutzfahrzeuge spezialisiert hat, einen Datenanalysten&#038; Projektmanager f\u00fcr sein B\u00fcro in Carnaxide. Hauptaufgaben: Analyse und Validierung von Daten, Erstellung von Berichten und operativen Dashboards. Extraktion und &#8230; <a title=\"Datenanalyst &amp; Projektleiter\" class=\"read-more\" href=\"https:\/\/ttp.expert\/de\/datenanalyst-projektleiter\/\" aria-label=\"Mehr Informationen \u00fcber Datenanalyst &amp; Projektleiter\">Weiterlesen<\/a><\/p>\n","protected":false},"author":1,"featured_media":0,"parent":0,"menu_order":0,"comment_status":"closed","ping_status":"closed","template":"","meta":{"_joinchat":[],"footnotes":""},"class_list":["post-13661","page","type-page","status-publish"],"aioseo_notices":[],"_links":{"self":[{"href":"https:\/\/ttp.expert\/de\/wp-json\/wp\/v2\/pages\/13661","targetHints":{"allow":["GET"]}}],"collection":[{"href":"https:\/\/ttp.expert\/de\/wp-json\/wp\/v2\/pages"}],"about":[{"href":"https:\/\/ttp.expert\/de\/wp-json\/wp\/v2\/types\/page"}],"author":[{"embeddable":true,"href":"https:\/\/ttp.expert\/de\/wp-json\/wp\/v2\/users\/1"}],"replies":[{"embeddable":true,"href":"https:\/\/ttp.expert\/de\/wp-json\/wp\/v2\/comments?post=13661"}],"version-history":[{"count":6,"href":"https:\/\/ttp.expert\/de\/wp-json\/wp\/v2\/pages\/13661\/revisions"}],"predecessor-version":[{"id":14895,"href":"https:\/\/ttp.expert\/de\/wp-json\/wp\/v2\/pages\/13661\/revisions\/14895"}],"wp:attachment":[{"href":"https:\/\/ttp.expert\/de\/wp-json\/wp\/v2\/media?parent=13661"}],"curies":[{"name":"wp","href":"https:\/\/api.w.org\/{rel}","templated":true}]}}