{"id":13685,"date":"2025-05-09T09:44:48","date_gmt":"2025-05-09T09:44:48","guid":{"rendered":"https:\/\/ttp-expert.com\/newsletter\/"},"modified":"2025-08-20T09:04:21","modified_gmt":"2025-08-20T09:04:21","slug":"newsletter","status":"publish","type":"page","link":"https:\/\/ttp.expert\/de\/newsletter\/","title":{"rendered":"Newsletter"},"content":{"rendered":"\t\t<div data-elementor-type=\"wp-page\" data-elementor-id=\"13685\" class=\"elementor elementor-13685\" data-elementor-post-type=\"page\">\n\t\t\t\t<div class=\"elementor-element elementor-element-74ad67c e-flex e-con-boxed e-con e-parent\" data-id=\"74ad67c\" data-element_type=\"container\">\n\t\t\t\t\t<div class=\"e-con-inner\">\n\t\t<div class=\"elementor-element elementor-element-53d653e e-con-full e-flex e-con e-child\" data-id=\"53d653e\" data-element_type=\"container\">\n\t\t<div class=\"elementor-element elementor-element-4c7e06f e-con-full e-flex e-con e-child\" data-id=\"4c7e06f\" data-element_type=\"container\">\n\t\t\t\t<div class=\"elementor-element elementor-element-c20e6bb premium-header-inline elementor-invisible elementor-widget elementor-widget-premium-addon-dual-header\" data-id=\"c20e6bb\" data-element_type=\"widget\" data-settings=\"{&quot;_animation&quot;:&quot;fadeInDown&quot;}\" data-widget_type=\"premium-addon-dual-header.default\">\n\t\t\t\t<div class=\"elementor-widget-container\">\n\t\t\t\t\t\r\n\t\t\t\t\t<h2 class=\"premium-dual-header-first-header \"><span class=\"premium-dual-header-first-span\">NEWSLETTERS <\/span><\/h2> \t\t\r\n\t\t\t\t\t\t<\/div>\n\t\t\t\t<\/div>\n\t\t\t\t<div class=\"elementor-element elementor-element-ff8464e elementor-widget-divider--view-line elementor-widget elementor-widget-divider\" data-id=\"ff8464e\" data-element_type=\"widget\" data-widget_type=\"divider.default\">\n\t\t\t\t<div class=\"elementor-widget-container\">\n\t\t\t\t\t\t\t<div class=\"elementor-divider\">\n\t\t\t<span class=\"elementor-divider-separator\">\n\t\t\t\t\t\t<\/span>\n\t\t<\/div>\n\t\t\t\t\t\t<\/div>\n\t\t\t\t<\/div>\n\t\t\t\t<\/div>\n\t\t\t\t<\/div>\n\t\t\t\t<div class=\"elementor-element elementor-element-db504af elementor-invisible elementor-widget elementor-widget-html\" data-id=\"db504af\" data-element_type=\"widget\" data-settings=\"{&quot;_animation&quot;:&quot;fadeInLeft&quot;}\" data-widget_type=\"html.default\">\n\t\t\t\t<div class=\"elementor-widget-container\">\n\t\t\t\t\t<!DOCTYPE html>\r\n<html lang=\"es\">\r\n<head>\r\n    <meta charset=\"UTF-8\">\r\n    <meta name=\"viewport\" content=\"width=device-width, initial-scale=1.0\">\r\n    <title>Company Overview<\/title>\r\n    <link href=\"https:\/\/fonts.googleapis.com\/css2?family=Montserrat:wght@300;400;500;600;700&display=swap\" rel=\"stylesheet\">\r\n    <style>\r\n     \r\n        \r\n    * {\r\n    margin: 0;\r\n    padding: 0;\r\n    box-sizing: border-box;\r\n}\r\n\r\nbody {\r\n    font-family: 'Montserrat', sans-serif;\r\n    background-color: #f5f7fa;\r\n    color: #333;\r\n    line-height: 1.6;\r\n}\r\n\r\n.container {\r\n    max-width: 1200px;\r\n    margin: 0 auto;\r\n    padding: 40px 20px;\r\n}\r\n\r\n.news-section {\r\n    display: flex;\r\n    flex-direction: column;\r\n    gap: 30px;\r\n    position: relative;\r\n}\r\n\r\n\/* Fondo semi-transparente para la secci\u00f3n *\/\r\n.news-section::before {\r\n    content: '';\r\n    position: absolute;\r\n    top: 0;\r\n    left: 0;\r\n    right: 0;\r\n    bottom: 0;\r\n    background-image: url('https:\/\/ttp.expert\/wp-content\/uploads\/2025\/05\/3.jpg');\r\n    background-size: cover;\r\n    background-position: center;\r\n    opacity: 0.05;\r\n    z-index: -1;\r\n    border-radius: 15px;\r\n}\r\n\r\n.news-card {\r\n    display: flex;\r\n    background-color: #fff;\r\n    border-radius: 12px;\r\n    overflow: hidden;\r\n    box-shadow: 0 5px 15px rgba(0, 0, 0, 0.05);\r\n    transition: all 0.3s ease;\r\n}\r\n\r\n.news-card:hover {\r\n    transform: translateY(-5px);\r\n    box-shadow: 0 10px 25px rgba(0, 0, 0, 0.1);\r\n}\r\n\r\n.news-image {\r\n    flex: 0 0 260px;\r\n    overflow: hidden;\r\n}\r\n\r\n.news-image img {\r\n    width: 100%;\r\n    height: 100%;\r\n    object-fit: cover;\r\n    transition: transform 0.5s ease;\r\n}\r\n\r\n.news-card:hover .news-image img {\r\n    transform: scale(1.05);\r\n}\r\n\r\n.news-content {\r\n    flex: 1;\r\n    padding: 25px;\r\n    display: flex;\r\n    flex-direction: column;\r\n}\r\n\r\n.news-category {\r\n    color: black;\r\n    font-weight: 600;\r\n    font-size: 20px;\r\n    text-transform: uppercase;\r\n    margin-bottom: 10px;\r\n    letter-spacing: 0.5px;\r\n}\r\n\r\n.news-title {\r\n    color: #333;\r\n    font-size: 16px;\r\n    margin-bottom: 12px;\r\n    font-weight: 600;\r\n}\r\n\r\n.news-description {\r\n    color: #666;\r\n    color: #666;\r\n    font-size: 17px;\r\n    margin-bottom: 20px;\r\n    line-height: 1.5;\r\n    flex-grow: 1;\r\n    max-width: 75%; \/* Esto evita que se estire demasiado *\/\r\n}\r\n\r\n.see-more-btn {\r\n    align-self: flex-start;\r\n    background-color: #DDAA33;\r\n    color: black;\r\n    text-decoration: none;\r\n    padding: 8px 20px;\r\n    border-radius: 25px;\r\n    font-size: 13px;\r\n    font-weight: 500;\r\n    transition: all 0.3s ease;\r\n    text-transform: uppercase;\r\n    letter-spacing: 0.5px;\r\n}\r\n\r\n.see-more-btn:hover {\r\n    background-color: #AB8635;\r\n    transform: translateY(-2px);\r\n}\r\n\r\n.more-container {\r\n    display: flex;\r\n    justify-content: center;\r\n    margin-top: 10px;\r\n}\r\n\r\n.more-btn {\r\n    background-color: #DDAA33;\r\n    color: black;\r\n    text-decoration: none;\r\n    padding: 10px 40px;\r\n    border-radius: 25px;\r\n    font-size: 14px;\r\n    font-weight: 500;\r\n    transition: all 0.3s ease;\r\n    text-transform: uppercase;\r\n    letter-spacing: 1px;\r\n}\r\n\r\n.more-btn:hover {\r\n    background-color: #AB8635;\r\n    transform: translateY(-2px);\r\n   \r\n}\r\n\r\n\/* Responsive *\/\r\n@media (max-width: 768px) {\r\n    .news-card {\r\n        flex-direction: column;\r\n    }\r\n    \r\n    .news-image {\r\n        flex: 0 0 200px;\r\n    }\r\n    \r\n    .container {\r\n        padding: 20px 15px;\r\n    }\r\n}\r\n\r\n@media (max-width: 480px) {\r\n    .news-image {\r\n        flex: 0 0 180px;\r\n    }\r\n    \r\n    .news-content {\r\n        padding: 20px 15px;\r\n    }\r\n    \r\n    .news-title {\r\n        font-size: 16px;\r\n    }\r\n    \r\n    .news-description {\r\n        font-size: 14px;\r\n    }\r\n}\r\n    <\/style>\r\n<\/head>\r\n<body>\r\n    <div class=\"container\">\r\n        <section class=\"news-section\">\r\n            <article class=\"news-card\">\r\n                <div class=\"news-image\">\r\n                    <img decoding=\"async\" src=\"https:\/\/ttp.expert\/wp-content\/uploads\/2025\/05\/4.jpg\" alt=\"Carretera con vistas panor\u00e1micas\">\r\n                <\/div>\r\n                <div class=\"news-content\">\r\n                    <span class=\"news-category\">NEWSLETTER Februar <\/span>\r\n                    <p class=\"news-description\">\r\n                       In einem Sektor, der zunehmend automatisiert wird und \u00fcber immer mehr technologische Ressourcen verf\u00fcgt, bleibt die grundlegende Rolle von Transportunternehmen, die mit dieser Entwicklung Schritt halten, dennoch bestehen: den Menschen als entscheidenden Erfolgsfaktor zu betrachten! \r\n                    <\/p>\r\n                   <a href=\"https:\/\/fomn-zgph.campaign-view.com\/ua\/SharedView?od=3z717f3de8b708c95e3cbd0a5f7d420b2a71ecda9908145a0b041782499cbafbb6&cno=11a2b0b1e9b7375&cd=181de85a0806e69d&m=0\" target=\"_blank\" class=\"see-more-btn\">MEHR ERFAHREN <\/a>\r\n\r\n                <\/div>\r\n            <\/article>\r\n\r\n            <article class=\"news-card\">\r\n                <div class=\"news-image\">\r\n                    <img decoding=\"async\" src=\"https:\/\/ttp.expert\/wp-content\/uploads\/2025\/05\/3.jpg\" alt=\"Camiones en carretera al atardecer\">\r\n                <\/div>\r\n                <div class=\"news-content\">\r\n                    <span class=\"news-category\">NEWSLETTER M\u00e4rz<\/span>\r\n                    <p class=\"news-description\">\r\n                       In dieser M\u00e4rzausgabe werfen wir einen genaueren Blick auf die verschiedenen Arten von G\u00fctern und Ladungen in der Logistikbranche sowie auf die Bedeutung der passenden L\u00f6sung \u2013 abh\u00e4ngig von Entfernung und Gr\u00f6\u00dfe Ihrer Sendung. Um Sie noch besser zu informieren, haben wir einen n\u00fctzlichen Leitfaden zu den Arten von Lkw-Ladungen in Europa vorbereitet, den Sie jederzeit und \u00fcberall einsehen k\u00f6nnen! \r\n                    <\/p>\r\n                    <a href=\"https:\/\/fomn-zgph.campaign-view.com\/ua\/SharedView?od=3z717f3de8b708c95e3cbd0a5f7d420b2a71ecda9908145a0b041782499cbafbb6&cno=11a2b0b216209b8&cd=181de85a080a976f&m=0\" target=\"_blank\" class=\"see-more-btn\">MEHR ERFAHREN <\/a>\r\n                <\/div>\r\n            <\/article>\r\n\r\n            <article class=\"news-card\">\r\n                <div class=\"news-image\">\r\n                    <img decoding=\"async\" src=\"https:\/\/ttp.expert\/wp-content\/uploads\/2025\/05\/1.jpg\" alt=\"Vista a\u00e9rea de carretera\">\r\n                <\/div>\r\n                <div class=\"news-content\">\r\n                    <span class=\"news-category\">NEWSLETTER Mai <\/span>\r\n                   \r\n                    <p class=\"news-description\">\r\n                      In dieser Maiausgabe unseres Newsletters beleuchten wir, welche wesentlichen Punkte bei effizienter Logistik zu beachten sind, welche Herausforderungen bestehen und welche L\u00f6sungen gefunden wurden, um den Anforderungen des heutigen Marktes gerecht zu werden. So kann Ihr Unternehmen im Bereich des Transports sensibler G\u00fcter besser aufgestellt sein. Erg\u00e4nzend dazu stellen wir Ihnen unser v\u00f6llig kostenloses eBook zur Verf\u00fcgung, damit Sie sich umfassend informieren k\u00f6nnen. \r\n                    <\/p>\r\n                    <a href=\"https:\/\/fomn-zgpvh.campaign-view.com\/ua\/SharedView?od=3z717f3de8b708c95e3cbd0a5f7d420b2a71ecda9908145a0b041782499cbafbb6&cno=129de783353349&cd=181de85a0813c707&m=0\" target=\"_blank\" class=\"see-more-btn\">MEHR ERFAHREN<\/a>\r\n                <\/div>\r\n            <\/article>\r\n            \r\n                         <article class=\"news-card\">\r\n                <div class=\"news-image\">\r\n                    <img decoding=\"async\" src=\"https:\/\/ttp.expert\/wp-content\/uploads\/2025\/08\/584879000009753088_zc_v1_1750866592174_aleman_1_11.jpg\" alt=\"Vista a\u00e9rea de carretera\">\r\n                <\/div>\r\n                <div class=\"news-content\">\r\n                    <span class=\"news-category\">NEWSLETTER Juni<\/span>\r\n                   \r\n                    <p class=\"news-description\">\r\n                      Der Sommer bringt nicht nur hohe Temperaturen \u2013 er ist auch die Hochsaison f\u00fcr Pannen auf europ\u00e4ischen Stra\u00dfen. \u00dcberhitzte Bremsen, abgefahrene Reifen, elektrische Ausf\u00e4lle und \u00fcberlastete Motoren sind h\u00e4ufige Probleme. Mit steigender Hitze nehmen auch die Risiken zu. Ein kleiner Wartungsfehler kann zu ungeplanten Stopps, Verlusten und Verz\u00f6gerungen f\u00fchren. Eine gute Vorbereitung ist entscheidend, um Ihre Flotte in Bewegung und Ihr Gesch\u00e4ft auf Kurs zu halten.\r\n                    <\/p>\r\n                    <a href=\"https:\/\/fomn-zgph.campaign-view.com\/ua\/SharedView?od=3z717f3de8b708c95e3cbd0a5f7d420b2a71ecda9908145a0b041782499cbafbb6&cno=11a2b0b2110774e&cd=181de85a082ac212&m=0\" target=\"_blank\" class=\"see-more-btn\">MEHR ERFAHREN<\/a>\r\n                <\/div>\r\n            <\/article>\r\n            \r\n             <article class=\"news-card\">\r\n                <div class=\"news-image\">\r\n                    <img decoding=\"async\" src=\"https:\/\/ttp.expert\/wp-content\/uploads\/2025\/08\/1-4.jpg\" alt=\"Vista a\u00e9rea de carretera\">\r\n                <\/div>\r\n                <div class=\"news-content\">\r\n                    <span class=\"news-category\">NEWSLETTER Juli<\/span>\r\n                   \r\n                    <p class=\"news-description\">\r\n                       Die neue TTP-Website ist online \u2013 neu gestaltet, um das zu liefern, was wir jeden Tag versprechen: schnelle Reaktion, effiziente Unterst\u00fctzung und echte Pr\u00e4senz, wo immer Ihre Flotte Unterst\u00fctzung ben\u00f6tigt.\r\nDiese Plattform wurde mit einem klaren Ziel entwickelt: Ihrem Unternehmen Zeit zu sparen \u2013 wenn Zeit am wichtigsten ist.\r\n                    <\/p>\r\n                    <a href=\"https:\/\/fomn-zgph.campaign-view.com\/ua\/SharedView?od=3z717f3de8b708c95e3cbd0a5f7d420b2a71ecda9908145a0b041782499cbafbb6&cno=11a2b0b1da94390&cd=181de85a082d4a24&m=0\" target=\"_blank\" class=\"see-more-btn\">MEHR ERFAHREN<\/a>\r\n                <\/div>\r\n            <\/article>\r\n        <\/section>\r\n    <\/div>\r\n<\/body>\r\n<script>document.addEventListener('DOMContentLoaded', function() {\r\n    \/\/ Animaci\u00f3n de entrada para las tarjetas de noticias\r\n    \r\n    \r\n    \/\/ Aplicar animaci\u00f3n con un peque\u00f1o retraso entre cada tarjeta\r\n    newsCards.forEach((card, index) => {\r\n        setTimeout(() => {\r\n            card.style.opacity = '0';\r\n            card.style.transform = 'translateY(20px)';\r\n            \r\n            \/\/ Establecer transici\u00f3n\r\n            card.style.transition = 'opacity 0.5s ease, transform 0.5s ease';\r\n            \r\n            \/\/ Forzar reflow\r\n            void card.offsetWidth;\r\n            \r\n            \/\/ Animar entrada\r\n            card.style.opacity = '1';\r\n            card.style.transform = 'translateY(0)';\r\n        }, index * 150);\r\n    });\r\n    \r\n    \/\/ Efecto hover mejorado para los botones\r\n    const allButtons = document.querySelectorAll('.see-more-btn, .more-btn');\r\n    \r\n    allButtons.forEach(button => {\r\n        button.addEventListener('mouseenter', function() {\r\n            this.style.transition = 'all 0.3s ease';\r\n           this.style.boxShadow = '0 5px 15px rgba(221, 170, 51, 0.3)';\r\n        });\r\n        \r\n        button.addEventListener('mouseleave', function() {\r\n            this.style.transition = 'all 0.3s ease';\r\n            this.style.boxShadow = 'none';\r\n        });\r\n    });\r\n});<\/script>\r\n<\/html>\t\t\t\t<\/div>\n\t\t\t\t<\/div>\n\t\t\t\t\t<\/div>\n\t\t\t\t<\/div>\n\t\t\t\t<\/div>\n\t\t","protected":false},"excerpt":{"rendered":"<p>NEWSLETTERS Company Overview NEWSLETTER Februar In einem Sektor, der zunehmend automatisiert wird und \u00fcber immer mehr technologische Ressourcen verf\u00fcgt, bleibt die grundlegende Rolle von Transportunternehmen, die mit dieser Entwicklung Schritt halten, dennoch bestehen: den Menschen als entscheidenden Erfolgsfaktor zu betrachten! MEHR ERFAHREN NEWSLETTER M\u00e4rz In dieser M\u00e4rzausgabe werfen wir einen genaueren Blick auf die verschiedenen &#8230; <a title=\"Newsletter\" class=\"read-more\" href=\"https:\/\/ttp.expert\/de\/newsletter\/\" aria-label=\"Mehr Informationen \u00fcber Newsletter\">Weiterlesen<\/a><\/p>\n","protected":false},"author":1,"featured_media":0,"parent":0,"menu_order":0,"comment_status":"closed","ping_status":"closed","template":"","meta":{"_joinchat":[],"footnotes":""},"class_list":["post-13685","page","type-page","status-publish"],"aioseo_notices":[],"_links":{"self":[{"href":"https:\/\/ttp.expert\/de\/wp-json\/wp\/v2\/pages\/13685","targetHints":{"allow":["GET"]}}],"collection":[{"href":"https:\/\/ttp.expert\/de\/wp-json\/wp\/v2\/pages"}],"about":[{"href":"https:\/\/ttp.expert\/de\/wp-json\/wp\/v2\/types\/page"}],"author":[{"embeddable":true,"href":"https:\/\/ttp.expert\/de\/wp-json\/wp\/v2\/users\/1"}],"replies":[{"embeddable":true,"href":"https:\/\/ttp.expert\/de\/wp-json\/wp\/v2\/comments?post=13685"}],"version-history":[{"count":6,"href":"https:\/\/ttp.expert\/de\/wp-json\/wp\/v2\/pages\/13685\/revisions"}],"predecessor-version":[{"id":16310,"href":"https:\/\/ttp.expert\/de\/wp-json\/wp\/v2\/pages\/13685\/revisions\/16310"}],"wp:attachment":[{"href":"https:\/\/ttp.expert\/de\/wp-json\/wp\/v2\/media?parent=13685"}],"curies":[{"name":"wp","href":"https:\/\/api.w.org\/{rel}","templated":true}]}}