{"id":13384,"date":"2025-05-12T08:55:32","date_gmt":"2025-05-12T08:55:32","guid":{"rendered":"https:\/\/ttp-expert.com\/analista-de-datos-gerente-de-proyectos\/"},"modified":"2025-07-07T10:47:56","modified_gmt":"2025-07-07T10:47:56","slug":"analista-de-datos-gerente-de-proyectos","status":"publish","type":"page","link":"https:\/\/ttp.expert\/es\/analista-de-datos-gerente-de-proyectos\/","title":{"rendered":"Analista de Datos &amp; Gerente de Proyectos"},"content":{"rendered":"\t\t<div data-elementor-type=\"wp-page\" data-elementor-id=\"13384\" class=\"elementor elementor-13384\" data-elementor-post-type=\"page\">\n\t\t\t\t<div class=\"elementor-element elementor-element-74ad67c e-flex e-con-boxed e-con e-parent\" data-id=\"74ad67c\" data-element_type=\"container\">\n\t\t\t\t\t<div class=\"e-con-inner\">\n\t\t<div class=\"elementor-element elementor-element-b4ba880 e-con-full e-flex e-con e-child\" data-id=\"b4ba880\" data-element_type=\"container\">\n\t\t<div class=\"elementor-element elementor-element-69ff3fe e-con-full e-flex e-con e-child\" data-id=\"69ff3fe\" data-element_type=\"container\">\n\t\t\t\t<div class=\"elementor-element elementor-element-bc7026c premium-header-inline elementor-invisible elementor-widget elementor-widget-premium-addon-dual-header\" data-id=\"bc7026c\" data-element_type=\"widget\" data-settings=\"{&quot;_animation&quot;:&quot;fadeInDown&quot;}\" data-widget_type=\"premium-addon-dual-header.default\">\n\t\t\t\t<div class=\"elementor-widget-container\">\n\t\t\t\t\t\r\n\t\t\t\t\t<h2 class=\"premium-dual-header-first-header \"><span class=\"premium-dual-header-first-span\">Analista de Datos &amp; <\/span><span class=\"premium-dual-header-second-header \">Gerente de Proyetos<\/span><\/h2> \t\t\r\n\t\t\t\t\t\t<\/div>\n\t\t\t\t<\/div>\n\t\t\t\t<div class=\"elementor-element elementor-element-de8d321 elementor-widget-divider--view-line elementor-widget elementor-widget-divider\" data-id=\"de8d321\" data-element_type=\"widget\" data-widget_type=\"divider.default\">\n\t\t\t\t<div class=\"elementor-widget-container\">\n\t\t\t\t\t\t\t<div class=\"elementor-divider\">\n\t\t\t<span class=\"elementor-divider-separator\">\n\t\t\t\t\t\t<\/span>\n\t\t<\/div>\n\t\t\t\t\t\t<\/div>\n\t\t\t\t<\/div>\n\t\t\t\t<\/div>\n\t\t\t\t<\/div>\n\t\t\t\t<div class=\"elementor-element elementor-element-db504af elementor-widget__width-inherit elementor-invisible elementor-widget elementor-widget-html\" data-id=\"db504af\" data-element_type=\"widget\" data-settings=\"{&quot;_animation&quot;:&quot;fadeInLeft&quot;}\" data-widget_type=\"html.default\">\n\t\t\t\t<div class=\"elementor-widget-container\">\n\t\t\t\t\t\r\n<!DOCTYPE html>\r\n<html lang=\"es\">\r\n<head>\r\n    <meta charset=\"UTF-8\">\r\n    <meta name=\"viewport\" content=\"width=device-width, initial-scale=1.0\">\r\n    <title>Formulario de Aplicaci\u00f3n<\/title>\r\n    \r\n    <link href=\"https:\/\/fonts.googleapis.com\/css2?family=Montserrat:wght@400&display=swap\" rel=\"stylesheet\">\r\n\r\n    <style>\r\n        * {\r\n            margin: 0;\r\n            padding: 0;\r\n            box-sizing: border-box;\r\n            font-family: 'Montserrat', sans-serif;\r\n    font-weight: 400;\r\n        }\r\n        \r\n        body {\r\n            background-color: #f5f5f5;\r\n            color: #333;\r\n            line-height: 1.6;\r\n        }\r\n        \r\n        .container {\r\n            max-width: 1000px;\r\n            margin: 40px auto;\r\n            padding: 0px;\r\n            background-color: #fff;\r\n            border-radius: 8px;\r\n           \r\n        }\r\n        \r\n        .job-description {\r\n            border-bottom: 1px solid #e0e0e0;\r\n        }\r\n        \r\n        .job-title {\r\n            color: #DDAA33;\r\n            font-size: 28px;\r\n            margin-bottom: 15px;\r\n            font-weight: bold;\r\n        }\r\n        \r\n        .job-details {\r\n            margin-bottom: 20px;\r\n        }\r\n        \r\n        .job-details h3 {\r\n            font-size: 20px;\r\n            margin: 15px 0 10px;\r\n            color: #555;\r\n        }\r\n        \r\n        .job-details p, .job-details li {\r\n            margin-bottom: 10px;\r\n            font-size: 16px;\r\n        }\r\n        \r\n        .job-details ul {\r\n            padding-left: 20px;\r\n            margin-bottom: 15px;\r\n        }\r\n        \r\n        .application-form {\r\n            padding-top: 20px;\r\n        }\r\n        \r\n        .form-title {\r\n            font-size: 24px;\r\n            margin-bottom: 20px;\r\n            color: #333;\r\n        }\r\n        \r\n        .form-group {\r\n            margin-bottom: 20px;\r\n        }\r\n        \r\n        label {\r\n            display: block;\r\n            margin-bottom: 8px;\r\n\r\n            color: #555;\r\n             font-family: 'Montserrat', sans-serif;\r\n        }\r\n        \r\n        input, textarea {\r\n            width: 100%;\r\n            padding: 12px;\r\n            border: 1px solid #ddd;\r\n            border-radius: 4px;\r\n            font-size: 16px;\r\n            transition: border-color 0.3s;\r\n        }\r\n        \r\n        input:focus, textarea:focus {\r\n            border-color: #e6a700;\r\n            outline: none;\r\n        }\r\n        \r\n        textarea {\r\n            min-height: 150px;\r\n            resize: vertical;\r\n        }\r\n        \r\n        .file-upload {\r\n            position: relative;\r\n            overflow: hidden;\r\n            margin-top: 10px;\r\n            display: inline-block;\r\n        }\r\n        \r\n        .file-upload-label {\r\n            background-color: #f0f0f0;\r\n            color: #555;\r\n            border: 1px solid #ddd;\r\n            padding: 10px 20px;\r\n            border-radius: 4px;\r\n            cursor: pointer;\r\n            display: inline-block;\r\n            transition: all 0.3s;\r\n        }\r\n        \r\n        .file-upload-label:hover {\r\n            background-color: #e0e0e0;\r\n        }\r\n        \r\n        .file-name {\r\n            margin-left: 10px;\r\n            font-size: 14px;\r\n        }\r\n        \r\n        input[type=\"file\"] {\r\n            position: absolute;\r\n            left: 0;\r\n            top: 0;\r\n            opacity: 0;\r\n            cursor: pointer;\r\n            width: 100%;\r\n            height: 100%;\r\n        }\r\n        \r\n        .submit-btn {\r\n            background-color: #DDAA33;\r\n            color: black;\r\n            border: none;\r\n            padding: 5px 30px;\r\n            font-size: 14px;\r\n            border-radius: 40px;\r\n            cursor: pointer;\r\n            transition: background-color 0.3s;\r\n\r\n            margin-top: 10px;\r\n        }\r\n        \r\n        .submit-btn:hover {\r\n            background-color: #AB8635;\r\n             color: black;\r\n        }\r\n        \r\n        .required {\r\n            color: #e74c3c;\r\n        }\r\n        \r\n        @media (max-width: 768px) {\r\n            .container {\r\n                padding: 15px;\r\n                margin: 20px 10px;\r\n            }\r\n            \r\n            .job-title {\r\n                font-size: 24px;\r\n            }\r\n            \r\n            .form-title {\r\n                font-size: 20px;\r\n            }\r\n        }\r\n    <\/style>\r\n<\/head>\r\n<body>\r\n    <div class=\"container\">\r\n        <!-- Secci\u00f3n de descripci\u00f3n del puesto -->\r\n        <div class=\"job-description\">\r\n            <h1 class=\"job-title\">Analista de datos y gerente de proyectos (m\/f)<\/h1>\r\n            \r\n            <div class=\"job-details\">\r\n                <p>Como parte de su estrategia de consolidaci\u00f3n y crecimiento, Truck & Trail Performance, empresa internacional especializada en asistencia en carretera para veh\u00edculos de transporte, est\u00e1 reclutando un Analista de Datos y Gerente de Proyectos para su oficina de Carnaxide.\r\nLas responsabilidades clave incluyen el an\u00e1lisis y la transformaci\u00f3n de datos, el desarrollo y la implementaci\u00f3n de soluciones Power BI, as\u00ed como la participaci\u00f3n en los procesos de toma de decisiones relacionados con la optimizaci\u00f3n y el desarrollo continuos del software de gesti\u00f3n central de la empresa.\r\n<\/p>\r\n                \r\n                <h3>Descripci\u00f3n del trabajo:<\/h3>\r\n                <ul>\r\n                    <li>Analizar y validar datos, elaborando informes y cuadros de mando operativos con enfoque en la eficiencia y la toma de decisiones.<\/li>\r\n                    <li>Extraer datos de los sistemas empresariales y traducirlos en informaci\u00f3n estad\u00edstica relevante.<\/li>\r\n                    <li>Desarrollar pol\u00edticas y procedimientos para la recopilaci\u00f3n, procesamiento y an\u00e1lisis de datos.<\/li>\r\n                    <li>Sintetizar y presentar la informaci\u00f3n de forma clara y accesible para la red de socios y usuarios.<\/li>\r\n                    <li>Brindar soporte t\u00e9cnico, capacitaci\u00f3n y orientaci\u00f3n a los usuarios, promoviendo el uso efectivo de las soluciones de Inteligencia de Negocios (BI);<\/li>\r\n                     <li>Proponer e implementar mejoras en los procesos y herramientas de BI, especialmente en las etapas ETL (extracci\u00f3n, transformaci\u00f3n y carga de datos);<\/li>\r\n                      <li>Documentar los flujos y procesos operativos, asegurando la trazabilidad y estandarizaci\u00f3n de las pr\u00e1cticas adoptadas.<\/li>\r\n                       <li>Desarrollar especificaciones t\u00e9cnicas detalladas de las soluciones a desarrollar e integrar al software de gesti\u00f3n principal de la empresa;<\/li>\r\n                        <li>Contribuir a la revisi\u00f3n de dise\u00f1o, c\u00f3digo y documentaci\u00f3n, as\u00ed como a la implementaci\u00f3n de metodolog\u00edas orientadas a incrementar la productividad y la eficiencia;<\/li>\r\n                         <li>Monitorear, priorizar y validar las actividades del equipo de desarrollo, asegurando la entrega de soluciones alineadas con los objetivos del proyecto;<\/li>\r\n                          <li>Monitorear, priorizar y validar las actividades del equipo de desarrollo, asegurando la entrega de soluciones alineadas con los objetivos del proyecto;<\/li>\r\n                <\/ul>\r\n                \r\n                <h3>Requisitos:<\/h3>\r\n                <ul>\r\n                    <li>Formaci\u00f3n acad\u00e9mica o estudios en Ingenier\u00eda Inform\u00e1tica, Estad\u00edstica Aplicada, Matem\u00e1ticas u otra \u00e1rea relevante;<\/li>\r\n                    <li>Se considerar\u00e1 diferencial la formaci\u00f3n o capacitaci\u00f3n complementaria en Business Intelligence, An\u00e1lisis de Datos o \u00e1reas afines;<\/li>\r\n                    <li>Buenas habilidades de comunicaci\u00f3n y colaboraci\u00f3n en equipo;<\/li>\r\n                    <li>Buenas habilidades de comunicaci\u00f3n y colaboraci\u00f3n en equipo;<\/li>\r\n                    <li>Entre 1 y 3 a\u00f1os de experiencia en desarrollo de cuadros de mando, KPIs y procesos ETL;<\/li>\r\n                     <li>Experiencia en entornos Microsoft y en soluciones vinculadas a BI, Big Data, An\u00e1lisis de Datos, Machine Learning e Inteligencia Artificial;<\/li>\r\n                      <li>Conocimiento de herramientas de productividad de Microsoft (Office), con \u00e9nfasis en Word, PowerPoint y Excel, este \u00faltimo con un s\u00f3lido dominio de f\u00f3rmulas, tablas din\u00e1micas y VBA (preferiblemente);<\/li>\r\n                       <li>Conocimiento de SQL y herramientas de visualizaci\u00f3n y an\u00e1lisis de datos como Power BI y Tableau (preferible);<\/li>\r\n                        <li>Experi\u00eancia na elabora\u00e7\u00e3o de relat\u00f3rios e na an\u00e1lise e desenvolvimento de solu\u00e7\u00f5es de neg\u00f3cio e gest\u00e3o de projetos;<\/li>\r\n                         <li>Experiencia en elaboraci\u00f3n de informes y an\u00e1lisis y desarrollo de soluciones de negocio y gesti\u00f3n de proyectos;<\/li>\r\n                          <li>Fuertes habilidades anal\u00edticas, con capacidad para identificar y resolver problemas, proponer mejoras y aplicar el pensamiento cr\u00edtico, con gran atenci\u00f3n al detalle;<\/li>\r\n                           <li>Excelentes habilidades de comunicaci\u00f3n y negociaci\u00f3n, con enfoque en el cliente interno y facilidad para interactuar con equipos de soporte;<\/li>\r\n                            <li>Buen dominio del ingl\u00e9s, hablado y escrito (obligatorio);<\/li>\r\n                            <li>Alto sentido de responsabilidad, con buenas habilidades de organizaci\u00f3n, planificaci\u00f3n y gesti\u00f3n del tiempo;<\/li>\r\n                            <li>Capacidad para establecer prioridades y mantener el enfoque en el cumplimiento de objetivos y plazos;<\/li>\r\n                            <li>Esp\u00edritu de colaboraci\u00f3n y gusto por el trabajo en equipo, con facilidad de adaptaci\u00f3n a entornos multiculturales;<\/li>\r\n                            <li>Perfil aut\u00f3nomo, proactivo y din\u00e1mico, con motivaci\u00f3n para contribuir activamente al crecimiento de la empresa.<\/li>\r\n                <\/ul>\r\n                \r\n                <h3>Condiciones ofrecidas:<\/h3>\r\n                <ul>\r\n                    <li>Contrato de trabajo indefinido directamente con la empresa;<\/li>\r\n                    <li>Integraci\u00f3n en un proyecto de gran envergadura con un fuerte componente internacional;<\/li>\r\n                    <li>Paquete salarial competitivo, ajustado a experiencia demostrada y sujeto a aprobaci\u00f3n en evaluaci\u00f3n t\u00e9cnica.<\/li>\r\n                \r\n            <\/div>\r\n        <\/div>\r\n    <\/div>\r\n\r\n<\/body>\r\n<\/html>\t\t\t\t<\/div>\n\t\t\t\t<\/div>\n\t\t\t\t<div class=\"elementor-element elementor-element-ae5dc62 elementor-widget__width-initial elementor-widget elementor-widget-shortcode\" data-id=\"ae5dc62\" data-element_type=\"widget\" data-widget_type=\"shortcode.default\">\n\t\t\t\t<div class=\"elementor-widget-container\">\n\t\t\t\t\t\t\t<div class=\"elementor-shortcode\">\n<div class=\"wpcf7 no-js\" id=\"wpcf7-f14820-o1\" lang=\"en-US\" dir=\"ltr\" data-wpcf7-id=\"14820\">\n<div class=\"screen-reader-response\"><p role=\"status\" aria-live=\"polite\" aria-atomic=\"true\"><\/p> <ul><\/ul><\/div>\n<form action=\"\/es\/wp-json\/wp\/v2\/pages\/13384#wpcf7-f14820-o1\" method=\"post\" class=\"wpcf7-form init\" aria-label=\"Contact form\" enctype=\"multipart\/form-data\" novalidate=\"novalidate\" data-status=\"init\">\n<div style=\"display: none;\">\n<input type=\"hidden\" name=\"_wpcf7\" value=\"14820\" \/>\n<input type=\"hidden\" name=\"_wpcf7_version\" value=\"6.0.3\" \/>\n<input type=\"hidden\" name=\"_wpcf7_locale\" value=\"en_US\" \/>\n<input type=\"hidden\" name=\"_wpcf7_unit_tag\" value=\"wpcf7-f14820-o1\" \/>\n<input type=\"hidden\" name=\"_wpcf7_container_post\" value=\"0\" \/>\n<input type=\"hidden\" name=\"_wpcf7_posted_data_hash\" value=\"\" \/>\n<\/div>\n<p><br \/>\n<label> Nombre completo<br \/>\n<span class=\"wpcf7-form-control-wrap\" data-name=\"your-name\"><input size=\"40\" maxlength=\"400\" class=\"wpcf7-form-control wpcf7-text wpcf7-validates-as-required\" aria-required=\"true\" aria-invalid=\"false\" placeholder=\"Tu nombre completo\" value=\"\" type=\"text\" name=\"your-name\" \/><\/span><br \/>\n<\/label>\n<\/p>\n<p><br \/>\n<label> Correo electr\u00f3nico<br \/>\n<span class=\"wpcf7-form-control-wrap\" data-name=\"your-email\"><input size=\"40\" maxlength=\"400\" class=\"wpcf7-form-control wpcf7-email wpcf7-validates-as-required wpcf7-text wpcf7-validates-as-email\" aria-required=\"true\" aria-invalid=\"false\" placeholder=\"Tu correo electr\u00f3nico\" value=\"\" type=\"email\" name=\"your-email\" \/><\/span><br \/>\n<\/label>\n<\/p>\n<p><br \/>\n<label> Tel\u00e9fono<br \/>\n<span class=\"wpcf7-form-control-wrap\" data-name=\"your-phone\"><input size=\"40\" maxlength=\"400\" class=\"wpcf7-form-control wpcf7-tel wpcf7-validates-as-required wpcf7-text wpcf7-validates-as-tel\" aria-required=\"true\" aria-invalid=\"false\" placeholder=\"Tu n\u00famero de tel\u00e9fono\" value=\"\" type=\"tel\" name=\"your-phone\" \/><\/span><br \/>\n<\/label>\n<\/p>\n<p class=\"cv-upload-wrapper\"><br \/>\n<label for=\"your-cv-input\" class=\"cv-upload-label\">Adjuntar CV (PDF, DOC, DOCX)<\/label><br \/>\n<span class=\"wpcf7-form-control-wrap\" data-name=\"your-cv\"><input size=\"40\" class=\"wpcf7-form-control wpcf7-file wpcf7-validates-as-required cv-input\" id=\"your-cv-input\" accept=\".pdf,.doc,.docx\" aria-required=\"true\" aria-invalid=\"false\" type=\"file\" name=\"your-cv\" \/><\/span><br \/>\n<span class=\"cv-file-name\">Ning\u00fan archivo seleccionado<\/span>\n<\/p>\n<p><br \/>\n<input class=\"wpcf7-form-control wpcf7-submit has-spinner\" type=\"submit\" value=\"Enviar solicitud\" \/>\n<\/p>\n<input class=\"wpcf7-form-control wpcf7-hidden\" value=\"\" type=\"hidden\" name=\"page-url\" \/><div class=\"wpcf7-response-output\" aria-hidden=\"true\"><\/div>\n<\/form>\n<\/div>\n<\/div>\n\t\t\t\t\t\t<\/div>\n\t\t\t\t<\/div>\n\t\t\t\t<div class=\"elementor-element elementor-element-649e6bd elementor-widget elementor-widget-html\" data-id=\"649e6bd\" data-element_type=\"widget\" data-widget_type=\"html.default\">\n\t\t\t\t<div class=\"elementor-widget-container\">\n\t\t\t\t\t<script>\r\n  document.addEventListener('DOMContentLoaded', function () {\r\n    const fileInput = document.querySelector('#your-cv-input');\r\n    const fileNameDisplay = document.querySelector('.cv-file-name');\r\n\r\n    if (fileInput) {\r\n      fileInput.addEventListener('change', function () {\r\n        if (fileInput.files.length > 0) {\r\n          const fileName = fileInput.files[0].name;\r\n          fileNameDisplay.innerHTML = `${fileName} <span class=\"remove-file\" style=\"margin-left: 10px; color: red; cursor: pointer;\">Remove<\/span>`;\r\n\r\n          const removeBtn = fileNameDisplay.querySelector('.remove-file');\r\n          removeBtn.addEventListener('click', function () {\r\n            fileInput.value = '';\r\n            fileNameDisplay.textContent = 'No file selected';\r\n          });\r\n        } else {\r\n          fileNameDisplay.textContent = 'No file selected';\r\n        }\r\n      });\r\n    }\r\n  });\r\n<\/script>\r\n\t\t\t\t<\/div>\n\t\t\t\t<\/div>\n\t\t\t\t\t<\/div>\n\t\t\t\t<\/div>\n\t\t\t\t<\/div>\n\t\t","protected":false},"excerpt":{"rendered":"<p>Analista de Datos &amp; Gerente de Proyetos Formulario de Aplicaci\u00f3n Analista de datos y gerente de proyectos (m\/f) Como parte de su estrategia de consolidaci\u00f3n y crecimiento, Truck &#038; Trail Performance, empresa internacional especializada en asistencia en carretera para veh\u00edculos de transporte, est\u00e1 reclutando un Analista de Datos y Gerente de Proyectos para su oficina &#8230; <a title=\"Analista de Datos &amp; Gerente de Proyectos\" class=\"read-more\" href=\"https:\/\/ttp.expert\/es\/analista-de-datos-gerente-de-proyectos\/\" aria-label=\"Leer m\u00e1s sobre Analista de Datos &amp; Gerente de Proyectos\">Leer m\u00e1s<\/a><\/p>\n","protected":false},"author":1,"featured_media":0,"parent":0,"menu_order":0,"comment_status":"closed","ping_status":"closed","template":"","meta":{"_joinchat":[],"footnotes":""},"class_list":["post-13384","page","type-page","status-publish"],"aioseo_notices":[],"_links":{"self":[{"href":"https:\/\/ttp.expert\/es\/wp-json\/wp\/v2\/pages\/13384","targetHints":{"allow":["GET"]}}],"collection":[{"href":"https:\/\/ttp.expert\/es\/wp-json\/wp\/v2\/pages"}],"about":[{"href":"https:\/\/ttp.expert\/es\/wp-json\/wp\/v2\/types\/page"}],"author":[{"embeddable":true,"href":"https:\/\/ttp.expert\/es\/wp-json\/wp\/v2\/users\/1"}],"replies":[{"embeddable":true,"href":"https:\/\/ttp.expert\/es\/wp-json\/wp\/v2\/comments?post=13384"}],"version-history":[{"count":6,"href":"https:\/\/ttp.expert\/es\/wp-json\/wp\/v2\/pages\/13384\/revisions"}],"predecessor-version":[{"id":14833,"href":"https:\/\/ttp.expert\/es\/wp-json\/wp\/v2\/pages\/13384\/revisions\/14833"}],"wp:attachment":[{"href":"https:\/\/ttp.expert\/es\/wp-json\/wp\/v2\/media?parent=13384"}],"curies":[{"name":"wp","href":"https:\/\/api.w.org\/{rel}","templated":true}]}}