{"id":12786,"date":"2025-05-12T08:55:32","date_gmt":"2025-05-12T08:55:32","guid":{"rendered":"https:\/\/ttp-expert.com\/analyste-de-donnees-et-gestionnaire-de-projet\/"},"modified":"2025-07-07T11:59:59","modified_gmt":"2025-07-07T11:59:59","slug":"analyste-de-donnees-et-gestionnaire-de-projet","status":"publish","type":"page","link":"https:\/\/ttp.expert\/fr\/analyste-de-donnees-et-gestionnaire-de-projet\/","title":{"rendered":"Analyste de donn\u00e9es et gestionnaire de projet"},"content":{"rendered":"\t\t<div data-elementor-type=\"wp-page\" data-elementor-id=\"12786\" class=\"elementor elementor-12786\" data-elementor-post-type=\"page\">\n\t\t\t\t<div class=\"elementor-element elementor-element-74ad67c e-flex e-con-boxed e-con e-parent\" data-id=\"74ad67c\" data-element_type=\"container\">\n\t\t\t\t\t<div class=\"e-con-inner\">\n\t\t<div class=\"elementor-element elementor-element-b4ba880 e-con-full e-flex e-con e-child\" data-id=\"b4ba880\" data-element_type=\"container\">\n\t\t<div class=\"elementor-element elementor-element-69ff3fe e-con-full e-flex e-con e-child\" data-id=\"69ff3fe\" data-element_type=\"container\">\n\t\t\t\t<div class=\"elementor-element elementor-element-bc7026c premium-header-inline elementor-invisible elementor-widget elementor-widget-premium-addon-dual-header\" data-id=\"bc7026c\" data-element_type=\"widget\" data-settings=\"{&quot;_animation&quot;:&quot;fadeInDown&quot;}\" data-widget_type=\"premium-addon-dual-header.default\">\n\t\t\t\t<div class=\"elementor-widget-container\">\n\t\t\t\t\t\r\n\t\t\t\t\t<h2 class=\"premium-dual-header-first-header \"><span class=\"premium-dual-header-first-span\">Analyste de donn\u00e9es  <\/span><span class=\"premium-dual-header-second-header \">et chef de projet<\/span><\/h2> \t\t\r\n\t\t\t\t\t\t<\/div>\n\t\t\t\t<\/div>\n\t\t\t\t<div class=\"elementor-element elementor-element-de8d321 elementor-widget-divider--view-line elementor-widget elementor-widget-divider\" data-id=\"de8d321\" data-element_type=\"widget\" data-widget_type=\"divider.default\">\n\t\t\t\t<div class=\"elementor-widget-container\">\n\t\t\t\t\t\t\t<div class=\"elementor-divider\">\n\t\t\t<span class=\"elementor-divider-separator\">\n\t\t\t\t\t\t<\/span>\n\t\t<\/div>\n\t\t\t\t\t\t<\/div>\n\t\t\t\t<\/div>\n\t\t\t\t<\/div>\n\t\t\t\t<\/div>\n\t\t\t\t<div class=\"elementor-element elementor-element-db504af elementor-widget__width-inherit elementor-invisible elementor-widget elementor-widget-html\" data-id=\"db504af\" data-element_type=\"widget\" data-settings=\"{&quot;_animation&quot;:&quot;fadeInLeft&quot;}\" data-widget_type=\"html.default\">\n\t\t\t\t<div class=\"elementor-widget-container\">\n\t\t\t\t\t\r\n<!DOCTYPE html>\r\n<html lang=\"es\">\r\n<head>\r\n    <meta charset=\"UTF-8\">\r\n    <meta name=\"viewport\" content=\"width=device-width, initial-scale=1.0\">\r\n    <title>Formulario de Aplicaci\u00f3n<\/title>\r\n    \r\n    <link href=\"https:\/\/fonts.googleapis.com\/css2?family=Montserrat:wght@400&display=swap\" rel=\"stylesheet\">\r\n\r\n    <style>\r\n        * {\r\n            margin: 0;\r\n            padding: 0;\r\n            box-sizing: border-box;\r\n            font-family: 'Montserrat', sans-serif;\r\n    font-weight: 400;\r\n        }\r\n        \r\n        body {\r\n            background-color: #f5f5f5;\r\n            color: #333;\r\n            line-height: 1.6;\r\n        }\r\n        \r\n        .container {\r\n            max-width: 1000px;\r\n            margin: 40px auto;\r\n            padding: 0px;\r\n            background-color: #fff;\r\n            border-radius: 8px;\r\n           \r\n        }\r\n        \r\n        .job-description {\r\n            border-bottom: 1px solid #e0e0e0;\r\n        }\r\n        \r\n        .job-title {\r\n            color: #DDAA33;\r\n            font-size: 28px;\r\n            margin-bottom: 15px;\r\n            font-weight: bold;\r\n        }\r\n        \r\n        .job-details {\r\n            margin-bottom: 20px;\r\n        }\r\n        \r\n        .job-details h3 {\r\n            font-size: 20px;\r\n            margin: 15px 0 10px;\r\n            color: #555;\r\n        }\r\n        \r\n        .job-details p, .job-details li {\r\n            margin-bottom: 10px;\r\n            font-size: 16px;\r\n        }\r\n        \r\n        .job-details ul {\r\n            padding-left: 20px;\r\n            margin-bottom: 15px;\r\n        }\r\n        \r\n        .application-form {\r\n            padding-top: 20px;\r\n        }\r\n        \r\n        .form-title {\r\n            font-size: 24px;\r\n            margin-bottom: 20px;\r\n            color: #333;\r\n        }\r\n        \r\n        .form-group {\r\n            margin-bottom: 20px;\r\n        }\r\n        \r\n        label {\r\n            display: block;\r\n            margin-bottom: 8px;\r\n\r\n            color: #555;\r\n             font-family: 'Montserrat', sans-serif;\r\n        }\r\n        \r\n        input, textarea {\r\n            width: 100%;\r\n            padding: 12px;\r\n            border: 1px solid #ddd;\r\n            border-radius: 4px;\r\n            font-size: 16px;\r\n            transition: border-color 0.3s;\r\n        }\r\n        \r\n        input:focus, textarea:focus {\r\n            border-color: #e6a700;\r\n            outline: none;\r\n        }\r\n        \r\n        textarea {\r\n            min-height: 150px;\r\n            resize: vertical;\r\n        }\r\n        \r\n        .file-upload {\r\n            position: relative;\r\n            overflow: hidden;\r\n            margin-top: 10px;\r\n            display: inline-block;\r\n        }\r\n        \r\n        .file-upload-label {\r\n            background-color: #f0f0f0;\r\n            color: #555;\r\n            border: 1px solid #ddd;\r\n            padding: 10px 20px;\r\n            border-radius: 4px;\r\n            cursor: pointer;\r\n            display: inline-block;\r\n            transition: all 0.3s;\r\n        }\r\n        \r\n        .file-upload-label:hover {\r\n            background-color: #e0e0e0;\r\n        }\r\n        \r\n        .file-name {\r\n            margin-left: 10px;\r\n            font-size: 14px;\r\n        }\r\n        \r\n        input[type=\"file\"] {\r\n            position: absolute;\r\n            left: 0;\r\n            top: 0;\r\n            opacity: 0;\r\n            cursor: pointer;\r\n            width: 100%;\r\n            height: 100%;\r\n        }\r\n        \r\n        .submit-btn {\r\n            background-color: #DDAA33;\r\n            color: black;\r\n            border: none;\r\n            padding: 5px 30px;\r\n            font-size: 14px;\r\n            border-radius: 40px;\r\n            cursor: pointer;\r\n            transition: background-color 0.3s;\r\n\r\n            margin-top: 10px;\r\n        }\r\n        \r\n        .submit-btn:hover {\r\n            background-color: #AB8635;\r\n             color: black;\r\n        }\r\n        \r\n        .required {\r\n            color: #e74c3c;\r\n        }\r\n        \r\n        @media (max-width: 768px) {\r\n            .container {\r\n                padding: 15px;\r\n                margin: 20px 10px;\r\n            }\r\n            \r\n            .job-title {\r\n                font-size: 24px;\r\n            }\r\n            \r\n            .form-title {\r\n                font-size: 20px;\r\n            }\r\n        }\r\n    <\/style>\r\n<\/head>\r\n<body>\r\n    <div class=\"container\">\r\n        <!-- Secci\u00f3n de descripci\u00f3n del puesto -->\r\n        <div class=\"job-description\">\r\n            <h1 class=\"job-title\">Analyste de donn\u00e9es et chef de projet (h\/f)<\/h1>\r\n            \r\n            <div class=\"job-details\">\r\n                <p>Dans le cadre de sa strat\u00e9gie de consolidation et de croissance, Truck & Trail Performance, entreprise internationale sp\u00e9cialis\u00e9e dans l'assistance routi\u00e8re pour les v\u00e9hicules de transport, recherche un(e) Analyste de donn\u00e9es et chef de projet pour son bureau de Carnaxide. Les principales responsabilit\u00e9s comprendront l'analyse et la transformation des donn\u00e9es, le d\u00e9veloppement et la mise en \u0153uvre de Power BI, ainsi que la prise de d\u00e9cision pour l'optimisation et le d\u00e9veloppement continus du principal logiciel de gestion de l'entreprise.<\/p>\r\n                \r\n                <h3>Description du poste :<\/h3>\r\n                <ul>\r\n                    <li>Analyser et valider les donn\u00e9es, pr\u00e9parer des rapports et des tableaux op\u00e9rationnels.<\/li>\r\n                    <li>Extraire et traduire les donn\u00e9es en statistiques.<\/li>\r\n                    <li>\u00c9laborer des politiques et des processus de collecte et d'analyse des donn\u00e9es.<\/li>\r\n                    <li>Synth\u00e9tiser les informations pour les rendre accessibles au r\u00e9seau de partenaires et d'utilisateurs.<\/li>\r\n                    <li>Fournir un support, une formation et des conseils aux utilisateurs pour une utilisation efficace des solutions BI.<\/li>\r\n                     <li>Recommander des am\u00e9liorations aux probl\u00e8mes li\u00e9s aux solutions propos\u00e9es\/mises en \u0153uvre, en vue de leur int\u00e9gration au processus ETL.<\/li>\r\n                      <li>Documenter les processus op\u00e9rationnels.<\/li>\r\n                       <li>Cr\u00e9er des sp\u00e9cifications techniques d\u00e9taill\u00e9es pour les solutions \u00e0 d\u00e9velopper et \u00e0 impl\u00e9menter dans le principal logiciel de gestion de l'entreprise.<\/li>\r\n                        <li>Contribuer aux revues de conception et de code, \u00e0 la documentation et \u00e0 la mise en \u0153uvre des m\u00e9thodologies de productivit\u00e9.<\/li>\r\n                         <li>Suivre, prioriser et valider le travail de l'\u00e9quipe de d\u00e9veloppement.<\/li>\r\n                          <li>R\u00e9aliser des tests d'acceptation utilisateur afin de garantir que les solutions et les d\u00e9veloppements mis en \u0153uvre r\u00e9pondent aux besoins des utilisateurs avec pr\u00e9cision, efficacit\u00e9 et efficience.<\/li>\r\n                <\/ul>\r\n                \r\n                <h3>Exigences :<\/h3>\r\n                <ul>\r\n                    <li>Formation universitaire ou \u00e9tudes en g\u00e9nie informatique, statistiques appliqu\u00e9es, math\u00e9matiques ou dans un autre domaine pertinent.<\/li>\r\n                    <li>\u2022 Une formation en Business Intelligence, en analyse de donn\u00e9es ou dans un domaine similaire est un plus.<\/li>\r\n                    <li>\u2022 1 \u00e0 3 ans d'exp\u00e9rience dans le d\u00e9veloppement de tableaux, d'indicateurs cl\u00e9s de performance (KPI) et de processus ETL.<\/li>\r\n                    <li>\u2022 Exp\u00e9rience des environnements Microsoft et des solutions associ\u00e9es de BI, de Big Data, d'analyse de donn\u00e9es, de Machine Learning et d'IA.<\/li>\r\n                    <li>\u2022 Ma\u00eetrise des outils informatiques (Microsoft Office), notamment de Word, PowerPoint et Excel, avec une solide connaissance des formules, des tableaux crois\u00e9s dynamiques et de VBA (souhaitable).<\/li>\r\n                     <li>\u2022 Connaissance de SQL et d'outils d'analyse de donn\u00e9es tels que Power BI, Tableau, etc. (souhaitable).<\/li>\r\n                      <li>Exp\u00e9rience en g\u00e9n\u00e9ration de rapports et reporting.<\/li>\r\n                       <li>Exp\u00e9rience en analyse et d\u00e9veloppement de solutions m\u00e9tier et en gestion de projets.<\/li>\r\n                        <li>Exp\u00e9rience en recueil des exigences.<\/li>\r\n                         <li>Exp\u00e9rience en cr\u00e9ation de documentation fonctionnelle et de flux de processus.<\/li>\r\n                          <li>Solides comp\u00e9tences analytiques, avec capacit\u00e9 \u00e0 identifier et r\u00e9soudre les probl\u00e8mes et les opportunit\u00e9s d'am\u00e9lioration, faisant preuve d'esprit critique, de pr\u00e9cision et de souci du d\u00e9tail.<\/li>\r\n                           <li>\u2022 Excellentes comp\u00e9tences en communication et n\u00e9gociation avec les clients internes et les \u00e9quipes support, avec une approche orient\u00e9e client.<\/li>\r\n                            <li>\u2022 Bonne ma\u00eetrise de l'anglais (oral et \u00e9crit) (obligatoire).<\/li>\r\n                            <li>Sens aigu des responsabilit\u00e9s, avec de bonnes comp\u00e9tences d'organisation et de planification.<\/li>\r\n                            <li>Bonne gestion du temps, capacit\u00e9 \u00e0 \u00e9tablir des priorit\u00e9s et souci du respect des objectifs et des d\u00e9lais.<\/li>\r\n                            <li>Appr\u00e9ciation du travail en \u00e9quipe et capacit\u00e9 d'adaptation \u00e0 un environnement multiculturel.<\/li>\r\n                            <li>Profil autonome, dynamique et proactif.<\/li>\r\n                <\/ul>\r\n                \r\n                <h3>Conditions :<\/h3>\r\n                <ul>\r\n                    <li> Contrat \u00e0 dur\u00e9e ind\u00e9termin\u00e9e avec l'entreprise.<\/li>\r\n                    <li>Int\u00e9gration \u00e0 un projet d'envergure.<\/li>\r\n                    <li>Salaire attractif bas\u00e9 sur une exp\u00e9rience d\u00e9montr\u00e9e et soumis \u00e0 approbation lors d\u2019une \u00e9valuation technique.<\/li>\r\n                \r\n            <\/div>\r\n        <\/div>\r\n    <\/div>\r\n\r\n<\/body>\r\n<\/html>\t\t\t\t<\/div>\n\t\t\t\t<\/div>\n\t\t\t\t<div class=\"elementor-element elementor-element-ae5dc62 elementor-widget__width-initial elementor-widget elementor-widget-shortcode\" data-id=\"ae5dc62\" data-element_type=\"widget\" data-widget_type=\"shortcode.default\">\n\t\t\t\t<div class=\"elementor-widget-container\">\n\t\t\t\t\t\t\t<div class=\"elementor-shortcode\">\n<div class=\"wpcf7 no-js\" id=\"wpcf7-f14875-o1\" lang=\"en-US\" dir=\"ltr\" data-wpcf7-id=\"14875\">\n<div class=\"screen-reader-response\"><p role=\"status\" aria-live=\"polite\" aria-atomic=\"true\"><\/p> <ul><\/ul><\/div>\n<form action=\"\/fr\/wp-json\/wp\/v2\/pages\/12786#wpcf7-f14875-o1\" method=\"post\" class=\"wpcf7-form init\" aria-label=\"Contact form\" enctype=\"multipart\/form-data\" novalidate=\"novalidate\" data-status=\"init\">\n<div style=\"display: none;\">\n<input type=\"hidden\" name=\"_wpcf7\" value=\"14875\" \/>\n<input type=\"hidden\" name=\"_wpcf7_version\" value=\"6.0.3\" \/>\n<input type=\"hidden\" name=\"_wpcf7_locale\" value=\"en_US\" \/>\n<input type=\"hidden\" name=\"_wpcf7_unit_tag\" value=\"wpcf7-f14875-o1\" \/>\n<input type=\"hidden\" name=\"_wpcf7_container_post\" value=\"0\" \/>\n<input type=\"hidden\" name=\"_wpcf7_posted_data_hash\" value=\"\" \/>\n<\/div>\n<p><br \/>\n<label> Nom<br \/>\n<span class=\"wpcf7-form-control-wrap\" data-name=\"your-name\"><input size=\"40\" maxlength=\"400\" class=\"wpcf7-form-control wpcf7-text wpcf7-validates-as-required\" aria-required=\"true\" aria-invalid=\"false\" placeholder=\"Votre nom complet\" value=\"\" type=\"text\" name=\"your-name\" \/><\/span><br \/>\n<\/label>\n<\/p>\n<p><br \/>\n<label> Courriel<br \/>\n<span class=\"wpcf7-form-control-wrap\" data-name=\"your-email\"><input size=\"40\" maxlength=\"400\" class=\"wpcf7-form-control wpcf7-email wpcf7-validates-as-required wpcf7-text wpcf7-validates-as-email\" aria-required=\"true\" aria-invalid=\"false\" placeholder=\"Votre adresse e-mail\" value=\"\" type=\"email\" name=\"your-email\" \/><\/span><br \/>\n<\/label>\n<\/p>\n<p><br \/>\n<label> T\u00e9l\u00e9phone<br \/>\n<span class=\"wpcf7-form-control-wrap\" data-name=\"your-phone\"><input size=\"40\" maxlength=\"400\" class=\"wpcf7-form-control wpcf7-tel wpcf7-validates-as-required wpcf7-text wpcf7-validates-as-tel\" aria-required=\"true\" aria-invalid=\"false\" placeholder=\"Votre num\u00e9ro de t\u00e9l\u00e9phone\" value=\"\" type=\"tel\" name=\"your-phone\" \/><\/span><br \/>\n<\/label>\n<\/p>\n<p class=\"cv-upload-wrapper\"><br \/>\n<label for=\"your-cv-input\" class=\"cv-upload-label\">Joindre CV (PDF, DOC, DOCX)<\/label><br \/>\n<span class=\"wpcf7-form-control-wrap\" data-name=\"your-cv\"><input size=\"40\" class=\"wpcf7-form-control wpcf7-file wpcf7-validates-as-required cv-input\" id=\"your-cv-input\" accept=\".pdf,.doc,.docx\" aria-required=\"true\" aria-invalid=\"false\" type=\"file\" name=\"your-cv\" \/><\/span><br \/>\n<span class=\"cv-file-name\">Aucun fichier s\u00e9lectionn\u00e9<\/span>\n<\/p>\n<p><br \/>\n<input class=\"wpcf7-form-control wpcf7-submit has-spinner\" type=\"submit\" value=\"Envoyer la candidature\" \/>\n<\/p>\n<input class=\"wpcf7-form-control wpcf7-hidden\" value=\"\" type=\"hidden\" name=\"page-url\" \/><div class=\"wpcf7-response-output\" aria-hidden=\"true\"><\/div>\n<\/form>\n<\/div>\n<\/div>\n\t\t\t\t\t\t<\/div>\n\t\t\t\t<\/div>\n\t\t\t\t<div class=\"elementor-element elementor-element-649e6bd elementor-widget elementor-widget-html\" data-id=\"649e6bd\" data-element_type=\"widget\" data-widget_type=\"html.default\">\n\t\t\t\t<div class=\"elementor-widget-container\">\n\t\t\t\t\t<script>\r\n  document.addEventListener('DOMContentLoaded', function () {\r\n    const fileInput = document.querySelector('#your-cv-input');\r\n    const fileNameDisplay = document.querySelector('.cv-file-name');\r\n\r\n    if (fileInput) {\r\n      fileInput.addEventListener('change', function () {\r\n        if (fileInput.files.length > 0) {\r\n          const fileName = fileInput.files[0].name;\r\n          fileNameDisplay.innerHTML = `${fileName} <span class=\"remove-file\" style=\"margin-left: 10px; color: red; cursor: pointer;\">Remove<\/span>`;\r\n\r\n          const removeBtn = fileNameDisplay.querySelector('.remove-file');\r\n          removeBtn.addEventListener('click', function () {\r\n            fileInput.value = '';\r\n            fileNameDisplay.textContent = 'No file selected';\r\n          });\r\n        } else {\r\n          fileNameDisplay.textContent = 'No file selected';\r\n        }\r\n      });\r\n    }\r\n  });\r\n<\/script>\r\n\t\t\t\t<\/div>\n\t\t\t\t<\/div>\n\t\t\t\t\t<\/div>\n\t\t\t\t<\/div>\n\t\t\t\t<\/div>\n\t\t","protected":false},"excerpt":{"rendered":"<p>Analyste de donn\u00e9es et chef de projet Formulario de Aplicaci\u00f3n Analyste de donn\u00e9es et chef de projet (h\/f) Dans le cadre de sa strat\u00e9gie de consolidation et de croissance, Truck &#038; Trail Performance, entreprise internationale sp\u00e9cialis\u00e9e dans l&rsquo;assistance routi\u00e8re pour les v\u00e9hicules de transport, recherche un(e) Analyste de donn\u00e9es et chef de projet pour son &#8230; <a title=\"Analyste de donn\u00e9es et gestionnaire de projet\" class=\"read-more\" href=\"https:\/\/ttp.expert\/fr\/analyste-de-donnees-et-gestionnaire-de-projet\/\" aria-label=\"En savoir plus sur Analyste de donn\u00e9es et gestionnaire de projet\">Lire la suite<\/a><\/p>\n","protected":false},"author":1,"featured_media":0,"parent":0,"menu_order":0,"comment_status":"closed","ping_status":"closed","template":"","meta":{"_joinchat":[],"footnotes":""},"class_list":["post-12786","page","type-page","status-publish"],"aioseo_notices":[],"_links":{"self":[{"href":"https:\/\/ttp.expert\/fr\/wp-json\/wp\/v2\/pages\/12786","targetHints":{"allow":["GET"]}}],"collection":[{"href":"https:\/\/ttp.expert\/fr\/wp-json\/wp\/v2\/pages"}],"about":[{"href":"https:\/\/ttp.expert\/fr\/wp-json\/wp\/v2\/types\/page"}],"author":[{"embeddable":true,"href":"https:\/\/ttp.expert\/fr\/wp-json\/wp\/v2\/users\/1"}],"replies":[{"embeddable":true,"href":"https:\/\/ttp.expert\/fr\/wp-json\/wp\/v2\/comments?post=12786"}],"version-history":[{"count":6,"href":"https:\/\/ttp.expert\/fr\/wp-json\/wp\/v2\/pages\/12786\/revisions"}],"predecessor-version":[{"id":14887,"href":"https:\/\/ttp.expert\/fr\/wp-json\/wp\/v2\/pages\/12786\/revisions\/14887"}],"wp:attachment":[{"href":"https:\/\/ttp.expert\/fr\/wp-json\/wp\/v2\/media?parent=12786"}],"curies":[{"name":"wp","href":"https:\/\/api.w.org\/{rel}","templated":true}]}}