{"id":13664,"date":"2025-05-12T08:55:32","date_gmt":"2025-05-12T08:55:32","guid":{"rendered":"https:\/\/ttp-expert.com\/adatelemzo-es-projektmenedzser\/"},"modified":"2025-07-07T13:20:55","modified_gmt":"2025-07-07T13:20:55","slug":"adatelemzo-es-projektmenedzser","status":"publish","type":"page","link":"https:\/\/ttp.expert\/hu\/adatelemzo-es-projektmenedzser\/","title":{"rendered":"Adatelemz\u0151 \u00e9s projektmenedzser"},"content":{"rendered":"\t\t<div data-elementor-type=\"wp-page\" data-elementor-id=\"13664\" class=\"elementor elementor-13664\" data-elementor-post-type=\"page\">\n\t\t\t\t<div class=\"elementor-element elementor-element-74ad67c e-flex e-con-boxed e-con e-parent\" data-id=\"74ad67c\" data-element_type=\"container\">\n\t\t\t\t\t<div class=\"e-con-inner\">\n\t\t<div class=\"elementor-element elementor-element-b4ba880 e-con-full e-flex e-con e-child\" data-id=\"b4ba880\" data-element_type=\"container\">\n\t\t<div class=\"elementor-element elementor-element-69ff3fe e-con-full e-flex e-con e-child\" data-id=\"69ff3fe\" data-element_type=\"container\">\n\t\t\t\t<div class=\"elementor-element elementor-element-bc7026c premium-header-inline elementor-invisible elementor-widget elementor-widget-premium-addon-dual-header\" data-id=\"bc7026c\" data-element_type=\"widget\" data-settings=\"{&quot;_animation&quot;:&quot;fadeInDown&quot;}\" data-widget_type=\"premium-addon-dual-header.default\">\n\t\t\t\t<div class=\"elementor-widget-container\">\n\t\t\t\t\t\r\n\t\t\t\t\t<h2 class=\"premium-dual-header-first-header \"><span class=\"premium-dual-header-first-span\">Adat Elemz\u0151 \u00e9s  <\/span><span class=\"premium-dual-header-second-header \">Projektmenedzser<\/span><\/h2> \t\t\r\n\t\t\t\t\t\t<\/div>\n\t\t\t\t<\/div>\n\t\t\t\t<div class=\"elementor-element elementor-element-de8d321 elementor-widget-divider--view-line elementor-widget elementor-widget-divider\" data-id=\"de8d321\" data-element_type=\"widget\" data-widget_type=\"divider.default\">\n\t\t\t\t<div class=\"elementor-widget-container\">\n\t\t\t\t\t\t\t<div class=\"elementor-divider\">\n\t\t\t<span class=\"elementor-divider-separator\">\n\t\t\t\t\t\t<\/span>\n\t\t<\/div>\n\t\t\t\t\t\t<\/div>\n\t\t\t\t<\/div>\n\t\t\t\t<\/div>\n\t\t\t\t<\/div>\n\t\t\t\t<div class=\"elementor-element elementor-element-db504af elementor-widget__width-inherit elementor-invisible elementor-widget elementor-widget-html\" data-id=\"db504af\" data-element_type=\"widget\" data-settings=\"{&quot;_animation&quot;:&quot;fadeInLeft&quot;}\" data-widget_type=\"html.default\">\n\t\t\t\t<div class=\"elementor-widget-container\">\n\t\t\t\t\t\r\n<!DOCTYPE html>\r\n<html lang=\"es\">\r\n<head>\r\n    <meta charset=\"UTF-8\">\r\n    <meta name=\"viewport\" content=\"width=device-width, initial-scale=1.0\">\r\n    <title>Formulario de Aplicaci\u00f3n<\/title>\r\n    \r\n    <link href=\"https:\/\/fonts.googleapis.com\/css2?family=Montserrat:wght@400&display=swap\" rel=\"stylesheet\">\r\n\r\n    <style>\r\n        * {\r\n            margin: 0;\r\n            padding: 0;\r\n            box-sizing: border-box;\r\n            font-family: 'Montserrat', sans-serif;\r\n    font-weight: 400;\r\n        }\r\n        \r\n        body {\r\n            background-color: #f5f5f5;\r\n            color: #333;\r\n            line-height: 1.6;\r\n        }\r\n        \r\n        .container {\r\n            max-width: 1000px;\r\n            margin: 40px auto;\r\n            padding: 0px;\r\n            background-color: #fff;\r\n            border-radius: 8px;\r\n           \r\n        }\r\n        \r\n        .job-description {\r\n            border-bottom: 1px solid #e0e0e0;\r\n        }\r\n        \r\n        .job-title {\r\n            color: #DDAA33;\r\n            font-size: 28px;\r\n            margin-bottom: 15px;\r\n            font-weight: bold;\r\n        }\r\n        \r\n        .job-details {\r\n            margin-bottom: 20px;\r\n        }\r\n        \r\n        .job-details h3 {\r\n            font-size: 20px;\r\n            margin: 15px 0 10px;\r\n            color: #555;\r\n        }\r\n        \r\n        .job-details p, .job-details li {\r\n            margin-bottom: 10px;\r\n            font-size: 16px;\r\n        }\r\n        \r\n        .job-details ul {\r\n            padding-left: 20px;\r\n            margin-bottom: 15px;\r\n        }\r\n        \r\n        .application-form {\r\n            padding-top: 20px;\r\n        }\r\n        \r\n        .form-title {\r\n            font-size: 24px;\r\n            margin-bottom: 20px;\r\n            color: #333;\r\n        }\r\n        \r\n        .form-group {\r\n            margin-bottom: 20px;\r\n        }\r\n        \r\n        label {\r\n            display: block;\r\n            margin-bottom: 8px;\r\n\r\n            color: #555;\r\n             font-family: 'Montserrat', sans-serif;\r\n        }\r\n        \r\n        input, textarea {\r\n            width: 100%;\r\n            padding: 12px;\r\n            border: 1px solid #ddd;\r\n            border-radius: 4px;\r\n            font-size: 16px;\r\n            transition: border-color 0.3s;\r\n        }\r\n        \r\n        input:focus, textarea:focus {\r\n            border-color: #e6a700;\r\n            outline: none;\r\n        }\r\n        \r\n        textarea {\r\n            min-height: 150px;\r\n            resize: vertical;\r\n        }\r\n        \r\n        .file-upload {\r\n            position: relative;\r\n            overflow: hidden;\r\n            margin-top: 10px;\r\n            display: inline-block;\r\n        }\r\n        \r\n        .file-upload-label {\r\n            background-color: #f0f0f0;\r\n            color: #555;\r\n            border: 1px solid #ddd;\r\n            padding: 10px 20px;\r\n            border-radius: 4px;\r\n            cursor: pointer;\r\n            display: inline-block;\r\n            transition: all 0.3s;\r\n        }\r\n        \r\n        .file-upload-label:hover {\r\n            background-color: #e0e0e0;\r\n        }\r\n        \r\n        .file-name {\r\n            margin-left: 10px;\r\n            font-size: 14px;\r\n        }\r\n        \r\n        input[type=\"file\"] {\r\n            position: absolute;\r\n            left: 0;\r\n            top: 0;\r\n            opacity: 0;\r\n            cursor: pointer;\r\n            width: 100%;\r\n            height: 100%;\r\n        }\r\n        \r\n        .submit-btn {\r\n            background-color: #DDAA33;\r\n            color: black;\r\n            border: none;\r\n            padding: 5px 30px;\r\n            font-size: 14px;\r\n            border-radius: 40px;\r\n            cursor: pointer;\r\n            transition: background-color 0.3s;\r\n\r\n            margin-top: 10px;\r\n        }\r\n        \r\n        .submit-btn:hover {\r\n            background-color: #AB8635;\r\n             color: black;\r\n        }\r\n        \r\n        .required {\r\n            color: #e74c3c;\r\n        }\r\n        \r\n        @media (max-width: 768px) {\r\n            .container {\r\n                padding: 15px;\r\n                margin: 20px 10px;\r\n            }\r\n            \r\n            .job-title {\r\n                font-size: 24px;\r\n            }\r\n            \r\n            .form-title {\r\n                font-size: 20px;\r\n            }\r\n        }\r\n    <\/style>\r\n<\/head>\r\n<body>\r\n    <div class=\"container\">\r\n        <!-- Secci\u00f3n de descripci\u00f3n del puesto -->\r\n        <div class=\"job-description\">\r\n            <h1 class=\"job-title\">Adat Elemz\u0151 \u00e9s Projektmenedzser (f\u00e9rfi\/n\u0151) <\/h1>\r\n            \r\n            <div class=\"job-details\">\r\n                <p>Munkav\u00e9gz\u00e9s helye: Carnaxide, Portug\u00e1lia \r\n\r\nA konszolid\u00e1ci\u00f3s \u00e9s n\u00f6veked\u00e9si strat\u00e9gi\u00e1ja keret\u00e9ben a Truck & Trail Performance, egy nemzetk\u00f6zi, teherg\u00e9p\u00e1rm\u0171vek m\u0171szaki seg\u00e9lyszolg\u00e1ltat\u00e1s\u00e1ra szakosodott c\u00e9g, Adat Elemz\u0151 \u00e9s Projektmenedzser poz\u00edci\u00f3 bet\u00f6lt\u00e9s\u00e9re keres munkat\u00e1rsat carnaxide-i irod\u00e1j\u00e1ba. <\/p>\r\n                \r\n                <h3>F\u0151bb feladatok: <\/h3>\r\n                <ul>\r\n                    <li>Adatok elemz\u00e9se \u00e9s valid\u00e1l\u00e1sa, jelent\u00e9sek \u00e9s operat\u00edv ir\u00e1ny\u00edt\u00f3pultok k\u00e9sz\u00edt\u00e9se. <\/li>\r\n                    <li>\u00dczleti adatok kinyer\u00e9se \u00e9s statisztikai adatokra val\u00f3 leford\u00edt\u00e1sa. <\/li>\r\n                    <li>Adatgy\u0171jt\u00e9si \u00e9s elemz\u00e9si ir\u00e1nyelvek \u00e9s folyamatok kidolgoz\u00e1sa. <\/li>\r\n                    <li>Inform\u00e1ci\u00f3k szintetiz\u00e1l\u00e1sa a partnerek \u00e9s felhaszn\u00e1l\u00f3k sz\u00e1m\u00e1ra. <\/li>\r\n                    <li>T\u00e1mogat\u00e1s, k\u00e9pz\u00e9s \u00e9s \u00fatmutat\u00e1s ny\u00fajt\u00e1sa a felhaszn\u00e1l\u00f3knak a BI megold\u00e1sok hat\u00e9kony haszn\u00e1lat\u00e1hoz. <\/li>\r\n                     <li>Javaslatok megfogalmaz\u00e1sa a javasolt\/megval\u00f3s\u00edtott megold\u00e1sokkal kapcsolatos probl\u00e9m\u00e1k jav\u00edt\u00e1s\u00e1ra, azok ETL folyamatba val\u00f3 integr\u00e1l\u00e1sa \u00e9rdek\u00e9ben. <\/li>\r\n                      <li>M\u0171k\u00f6d\u00e9si folyamatok dokument\u00e1l\u00e1sa.<\/li>\r\n                       <li>R\u00e9szletes m\u0171szaki specifik\u00e1ci\u00f3k k\u00e9sz\u00edt\u00e9se a v\u00e1llalat f\u0151 ir\u00e1ny\u00edt\u00e1si szoftver\u00e9ben fejlesztend\u0151 \u00e9s megval\u00f3s\u00edtand\u00f3 megold\u00e1sokhoz. <\/li>\r\n                        <li>Hozz\u00e1j\u00e1rul\u00e1s a tervez\u00e9si \u00e9s k\u00f3dellen\u0151rz\u00e9sekhez, dokument\u00e1ci\u00f3hoz \u00e9s a termel\u00e9kenys\u00e9gi m\u00f3dszerek megval\u00f3s\u00edt\u00e1s\u00e1hoz. <\/li>\r\n                         <li>A fejleszt\u0151csapat munk\u00e1j\u00e1nak nyomon k\u00f6vet\u00e9se, prioriz\u00e1l\u00e1sa \u00e9s valid\u00e1l\u00e1sa. <\/li>\r\n                          <li>Felhaszn\u00e1l\u00f3i elfogad\u00e1si tesztek v\u00e9grehajt\u00e1sa annak biztos\u00edt\u00e1s\u00e1ra, hogy a megval\u00f3s\u00edtott megold\u00e1sok pontosan, hat\u00e9konyan \u00e9s eredm\u00e9nyesen megfeleljenek a felhaszn\u00e1l\u00f3i ig\u00e9nyeknek. <\/li>\r\n                <\/ul>\r\n                \r\n                <h3>Elv\u00e1r\u00e1sok:<\/h3>\r\n                <ul>\r\n                    <li>Fels\u0151fok\u00fa v\u00e9gzetts\u00e9g vagy tanulm\u00e1nyok sz\u00e1m\u00edt\u00e1stechnika, alkalmazott statisztika, matematika vagy m\u00e1s relev\u00e1ns ter\u00fcleten. <\/li>\r\n                    <li>Tov\u00e1bbi k\u00e9pz\u00e9s \u00fczleti intelligencia, adat elemz\u00e9s vagy hasonl\u00f3 ter\u00fcleten el\u0151nyt jelent. <\/li>\r\n                    <li>1-3 \u00e9v tapasztalat ir\u00e1ny\u00edt\u00f3pultok, KPI-k \u00e9s ETL folyamatok fejleszt\u00e9s\u00e9ben. <\/li>\r\n                    <li>Tapasztalat Microsoft k\u00f6rnyezetekkel \u00e9s kapcsol\u00f3d\u00f3 BI, Big Data, adat elemz\u00e9s, g\u00e9pi tanul\u00e1s \u00e9s mesters\u00e9ges intelligencia megold\u00e1sokkal. <\/li>\r\n                    <li>Magabiztos IT eszk\u00f6zhaszn\u00e1lat (Microsoft Office), k\u00fcl\u00f6n\u00f6sen Word, PowerPoint \u00e9s Excel, er\u0151s k\u00e9pletek, kimutat\u00e1sok \u00e9s VBA ismeretekkel (el\u0151ny).<\/li>\r\n                     <li>SQL \u00e9s adat elemz\u0151 eszk\u00f6z\u00f6k, mint a Power BI, Tableau stb. ismerete (el\u0151ny). <\/li>\r\n                      <li>Jelent\u00e9sk\u00e9sz\u00edt\u00e9sben \u00e9s riport\u00e1l\u00e1sban szerzett tapasztalat. <\/li>\r\n                       <li>\u00dczleti megold\u00e1sok elemz\u00e9s\u00e9ben \u00e9s fejleszt\u00e9s\u00e9ben, valamint projektmenedzsmentben szerzett tapasztalat. <\/li>\r\n                        <li>K\u00f6vetelm\u00e9nygy\u0171jt\u00e9si folyamatokban szerzett tapasztalat. <\/li>\r\n                         <li>Funkcion\u00e1lis dokument\u00e1ci\u00f3 \u00e9s folyamat\u00e1br\u00e1k k\u00e9sz\u00edt\u00e9s\u00e9ben szerzett tapasztalat. <\/li>\r\n                          <li>Er\u0151s analitikai k\u00e9szs\u00e9gek, probl\u00e9mamegold\u00f3 k\u00e9pess\u00e9g, kritikus gondolkod\u00e1s, pontoss\u00e1g \u00e9s r\u00e9szletekre <\/li>\r\n                           <li>Strong communication and negotiation skills with internal clients and support teams, with a customer-oriented mindset.<\/li>\r\n                            <li>Good command of spoken and written English (mandatory).<\/li>\r\n                            <li>Strong sense of responsibility, with good organizational and planning skills.<\/li>\r\n                            <li>Good time management, ability to set priorities, and a focus on meeting goals and deadlines.<\/li>\r\n                            <li>Enjoys teamwork and can adapt to a multicultural environment.<\/li>\r\n                            <li>Autonomous, dynamic, and proactive profile.<\/li>\r\n                <\/ul>\r\n                \r\n                <h3>Felt\u00e9telek:<\/h3>\r\n                <ul>\r\n                    <li>\u00c1lland\u00f3 munkaszerz\u0151d\u00e9s a c\u00e9ggel.<\/li>\r\n                    <li>Integr\u00e1ci\u00f3 egy nagyszab\u00e1s\u00fa projektbe.<\/li>\r\n                    <li>Vonz\u00f3 fizet\u00e9si csomag a bizony\u00edtott tapasztalat alapj\u00e1n, amely egy m\u0171szaki \u00e9rt\u00e9kel\u00e9s j\u00f3v\u00e1hagy\u00e1s\u00e1hoz k\u00f6t\u00f6tt. <\/li>\r\n                \r\n            <\/div>\r\n        <\/div>\r\n    <\/div>\r\n\r\n<\/body>\r\n<\/html>\t\t\t\t<\/div>\n\t\t\t\t<\/div>\n\t\t\t\t<div class=\"elementor-element elementor-element-ae5dc62 elementor-widget__width-initial elementor-widget elementor-widget-shortcode\" data-id=\"ae5dc62\" data-element_type=\"widget\" data-widget_type=\"shortcode.default\">\n\t\t\t\t<div class=\"elementor-widget-container\">\n\t\t\t\t\t\t\t<div class=\"elementor-shortcode\">\n<div class=\"wpcf7 no-js\" id=\"wpcf7-f14907-o1\" lang=\"en-US\" dir=\"ltr\" data-wpcf7-id=\"14907\">\n<div class=\"screen-reader-response\"><p role=\"status\" aria-live=\"polite\" aria-atomic=\"true\"><\/p> <ul><\/ul><\/div>\n<form action=\"\/hu\/wp-json\/wp\/v2\/pages\/13664#wpcf7-f14907-o1\" method=\"post\" class=\"wpcf7-form init\" aria-label=\"Contact form\" enctype=\"multipart\/form-data\" novalidate=\"novalidate\" data-status=\"init\">\n<div style=\"display: none;\">\n<input type=\"hidden\" name=\"_wpcf7\" value=\"14907\" \/>\n<input type=\"hidden\" name=\"_wpcf7_version\" value=\"6.0.3\" \/>\n<input type=\"hidden\" name=\"_wpcf7_locale\" value=\"en_US\" \/>\n<input type=\"hidden\" name=\"_wpcf7_unit_tag\" value=\"wpcf7-f14907-o1\" \/>\n<input type=\"hidden\" name=\"_wpcf7_container_post\" value=\"0\" \/>\n<input type=\"hidden\" name=\"_wpcf7_posted_data_hash\" value=\"\" \/>\n<\/div>\n<p><br \/>\n<label> N\u00e9v<br \/>\n<span class=\"wpcf7-form-control-wrap\" data-name=\"your-name\"><input size=\"40\" maxlength=\"400\" class=\"wpcf7-form-control wpcf7-text wpcf7-validates-as-required\" aria-required=\"true\" aria-invalid=\"false\" placeholder=\"Teljes neved\" value=\"\" type=\"text\" name=\"your-name\" \/><\/span><br \/>\n<\/label>\n<\/p>\n<p><br \/>\n<label> E-mail<br \/>\n<span class=\"wpcf7-form-control-wrap\" data-name=\"your-email\"><input size=\"40\" maxlength=\"400\" class=\"wpcf7-form-control wpcf7-email wpcf7-validates-as-required wpcf7-text wpcf7-validates-as-email\" aria-required=\"true\" aria-invalid=\"false\" placeholder=\"E-mail c\u00edmed\" value=\"\" type=\"email\" name=\"your-email\" \/><\/span><br \/>\n<\/label>\n<\/p>\n<p><br \/>\n<label> Telefon<br \/>\n<span class=\"wpcf7-form-control-wrap\" data-name=\"your-phone\"><input size=\"40\" maxlength=\"400\" class=\"wpcf7-form-control wpcf7-tel wpcf7-validates-as-required wpcf7-text wpcf7-validates-as-tel\" aria-required=\"true\" aria-invalid=\"false\" placeholder=\"Telefonsz\u00e1mod\" value=\"\" type=\"tel\" name=\"your-phone\" \/><\/span><br \/>\n<\/label>\n<\/p>\n<p class=\"cv-upload-wrapper\"><br \/>\n<label for=\"your-cv-input\" class=\"cv-upload-label\">\u00d6n\u00e9letrajz csatol\u00e1sa (PDF, DOC, DOCX)<\/label><br \/>\n<span class=\"wpcf7-form-control-wrap\" data-name=\"your-cv\"><input size=\"40\" class=\"wpcf7-form-control wpcf7-file wpcf7-validates-as-required cv-input\" id=\"your-cv-input\" accept=\".pdf,.doc,.docx\" aria-required=\"true\" aria-invalid=\"false\" type=\"file\" name=\"your-cv\" \/><\/span><br \/>\n<span class=\"cv-file-name\">Nincs kiv\u00e1lasztott f\u00e1jl<\/span>\n<\/p>\n<p><br \/>\n<input class=\"wpcf7-form-control wpcf7-submit has-spinner\" type=\"submit\" value=\"Jelentkez\u00e9s elk\u00fcld\u00e9se\" \/>\n<\/p>\n<input class=\"wpcf7-form-control wpcf7-hidden\" value=\"\" type=\"hidden\" name=\"page-url\" \/><div class=\"wpcf7-response-output\" aria-hidden=\"true\"><\/div>\n<\/form>\n<\/div>\n<\/div>\n\t\t\t\t\t\t<\/div>\n\t\t\t\t<\/div>\n\t\t\t\t<div class=\"elementor-element elementor-element-649e6bd elementor-widget elementor-widget-html\" data-id=\"649e6bd\" data-element_type=\"widget\" data-widget_type=\"html.default\">\n\t\t\t\t<div class=\"elementor-widget-container\">\n\t\t\t\t\t<script>\r\n  document.addEventListener('DOMContentLoaded', function () {\r\n    const fileInput = document.querySelector('#your-cv-input');\r\n    const fileNameDisplay = document.querySelector('.cv-file-name');\r\n\r\n    if (fileInput) {\r\n      fileInput.addEventListener('change', function () {\r\n        if (fileInput.files.length > 0) {\r\n          const fileName = fileInput.files[0].name;\r\n          fileNameDisplay.innerHTML = `${fileName} <span class=\"remove-file\" style=\"margin-left: 10px; color: red; cursor: pointer;\">Remove<\/span>`;\r\n\r\n          const removeBtn = fileNameDisplay.querySelector('.remove-file');\r\n          removeBtn.addEventListener('click', function () {\r\n            fileInput.value = '';\r\n            fileNameDisplay.textContent = 'No file selected';\r\n          });\r\n        } else {\r\n          fileNameDisplay.textContent = 'No file selected';\r\n        }\r\n      });\r\n    }\r\n  });\r\n<\/script>\r\n\t\t\t\t<\/div>\n\t\t\t\t<\/div>\n\t\t\t\t\t<\/div>\n\t\t\t\t<\/div>\n\t\t\t\t<\/div>\n\t\t","protected":false},"excerpt":{"rendered":"<p>Adat Elemz\u0151 \u00e9s Projektmenedzser Formulario de Aplicaci\u00f3n Adat Elemz\u0151 \u00e9s Projektmenedzser (f\u00e9rfi\/n\u0151) Munkav\u00e9gz\u00e9s helye: Carnaxide, Portug\u00e1lia A konszolid\u00e1ci\u00f3s \u00e9s n\u00f6veked\u00e9si strat\u00e9gi\u00e1ja keret\u00e9ben a Truck &#038; Trail Performance, egy nemzetk\u00f6zi, teherg\u00e9p\u00e1rm\u0171vek m\u0171szaki seg\u00e9lyszolg\u00e1ltat\u00e1s\u00e1ra szakosodott c\u00e9g, Adat Elemz\u0151 \u00e9s Projektmenedzser poz\u00edci\u00f3 bet\u00f6lt\u00e9s\u00e9re keres munkat\u00e1rsat carnaxide-i irod\u00e1j\u00e1ba. F\u0151bb feladatok: Adatok elemz\u00e9se \u00e9s valid\u00e1l\u00e1sa, jelent\u00e9sek \u00e9s operat\u00edv ir\u00e1ny\u00edt\u00f3pultok k\u00e9sz\u00edt\u00e9se. &#8230; <a title=\"Adatelemz\u0151 \u00e9s projektmenedzser\" class=\"read-more\" href=\"https:\/\/ttp.expert\/hu\/adatelemzo-es-projektmenedzser\/\" aria-label=\"Read more about Adatelemz\u0151 \u00e9s projektmenedzser\">Olvass tov\u00e1bb<\/a><\/p>\n","protected":false},"author":1,"featured_media":0,"parent":0,"menu_order":0,"comment_status":"closed","ping_status":"closed","template":"","meta":{"_joinchat":[],"footnotes":""},"class_list":["post-13664","page","type-page","status-publish"],"aioseo_notices":[],"_links":{"self":[{"href":"https:\/\/ttp.expert\/hu\/wp-json\/wp\/v2\/pages\/13664","targetHints":{"allow":["GET"]}}],"collection":[{"href":"https:\/\/ttp.expert\/hu\/wp-json\/wp\/v2\/pages"}],"about":[{"href":"https:\/\/ttp.expert\/hu\/wp-json\/wp\/v2\/types\/page"}],"author":[{"embeddable":true,"href":"https:\/\/ttp.expert\/hu\/wp-json\/wp\/v2\/users\/1"}],"replies":[{"embeddable":true,"href":"https:\/\/ttp.expert\/hu\/wp-json\/wp\/v2\/comments?post=13664"}],"version-history":[{"count":6,"href":"https:\/\/ttp.expert\/hu\/wp-json\/wp\/v2\/pages\/13664\/revisions"}],"predecessor-version":[{"id":14917,"href":"https:\/\/ttp.expert\/hu\/wp-json\/wp\/v2\/pages\/13664\/revisions\/14917"}],"wp:attachment":[{"href":"https:\/\/ttp.expert\/hu\/wp-json\/wp\/v2\/media?parent=13664"}],"curies":[{"name":"wp","href":"https:\/\/api.w.org\/{rel}","templated":true}]}}