{"id":13667,"date":"2025-05-09T14:46:33","date_gmt":"2025-05-09T14:46:33","guid":{"rendered":"https:\/\/ttp-expert.com\/holland-nyelvu-szervizmenedzser\/"},"modified":"2025-07-07T13:19:18","modified_gmt":"2025-07-07T13:19:18","slug":"holland-nyelvu-szervizmenedzser","status":"publish","type":"page","link":"https:\/\/ttp.expert\/hu\/holland-nyelvu-szervizmenedzser\/","title":{"rendered":"Holland nyelv\u0171 szervizmenedzser"},"content":{"rendered":"\t\t<div data-elementor-type=\"wp-page\" data-elementor-id=\"13667\" class=\"elementor elementor-13667\" data-elementor-post-type=\"page\">\n\t\t\t\t<div class=\"elementor-element elementor-element-74ad67c e-flex e-con-boxed e-con e-parent\" data-id=\"74ad67c\" data-element_type=\"container\">\n\t\t\t\t\t<div class=\"e-con-inner\">\n\t\t<div class=\"elementor-element elementor-element-ef5c1a2 e-con-full e-flex e-con e-child\" data-id=\"ef5c1a2\" data-element_type=\"container\">\n\t\t<div class=\"elementor-element elementor-element-bd83002 e-con-full e-flex e-con e-child\" data-id=\"bd83002\" data-element_type=\"container\">\n\t\t\t\t<div class=\"elementor-element elementor-element-636fdc6 premium-header-inline elementor-invisible elementor-widget elementor-widget-premium-addon-dual-header\" data-id=\"636fdc6\" data-element_type=\"widget\" data-settings=\"{&quot;_animation&quot;:&quot;fadeInDown&quot;}\" data-widget_type=\"premium-addon-dual-header.default\">\n\t\t\t\t<div class=\"elementor-widget-container\">\n\t\t\t\t\t\r\n\t\t\t\t\t<h2 class=\"premium-dual-header-first-header \"><span class=\"premium-dual-header-first-span\">Holland nyelv\u0171  <\/span><span class=\"premium-dual-header-second-header \">szervizmenedzser<\/span><\/h2> \t\t\r\n\t\t\t\t\t\t<\/div>\n\t\t\t\t<\/div>\n\t\t\t\t<div class=\"elementor-element elementor-element-e346987 elementor-widget-divider--view-line elementor-widget elementor-widget-divider\" data-id=\"e346987\" data-element_type=\"widget\" data-widget_type=\"divider.default\">\n\t\t\t\t<div class=\"elementor-widget-container\">\n\t\t\t\t\t\t\t<div class=\"elementor-divider\">\n\t\t\t<span class=\"elementor-divider-separator\">\n\t\t\t\t\t\t<\/span>\n\t\t<\/div>\n\t\t\t\t\t\t<\/div>\n\t\t\t\t<\/div>\n\t\t\t\t<\/div>\n\t\t\t\t<\/div>\n\t\t\t\t<div class=\"elementor-element elementor-element-db504af elementor-widget__width-inherit elementor-invisible elementor-widget elementor-widget-html\" data-id=\"db504af\" data-element_type=\"widget\" data-settings=\"{&quot;_animation&quot;:&quot;fadeInLeft&quot;}\" data-widget_type=\"html.default\">\n\t\t\t\t<div class=\"elementor-widget-container\">\n\t\t\t\t\t\r\n<!DOCTYPE html>\r\n<html lang=\"es\">\r\n<head>\r\n    <meta charset=\"UTF-8\">\r\n    <meta name=\"viewport\" content=\"width=device-width, initial-scale=1.0\">\r\n    <title>Formulario de Aplicaci\u00f3n<\/title>\r\n    \r\n    <link href=\"https:\/\/fonts.googleapis.com\/css2?family=Montserrat:wght@400&display=swap\" rel=\"stylesheet\">\r\n\r\n    <style>\r\n        * {\r\n            margin: 0;\r\n            padding: 0;\r\n            box-sizing: border-box;\r\n            font-family: 'Montserrat', sans-serif;\r\n    font-weight: 400;\r\n        }\r\n        \r\n        body {\r\n            background-color: #f5f5f5;\r\n            color: #333;\r\n            line-height: 1.6;\r\n        }\r\n        \r\n        .container {\r\n            max-width: 1000px;\r\n            margin: 40px auto;\r\n            padding: 0px;\r\n            background-color: #fff;\r\n            border-radius: 8px;\r\n           \r\n        }\r\n        \r\n        .job-description {\r\n            border-bottom: 1px solid #e0e0e0;\r\n        }\r\n        \r\n        .job-title {\r\n            color: #DDAA33;\r\n            font-size: 28px;\r\n            margin-bottom: 15px;\r\n            font-weight: bold;\r\n        }\r\n        \r\n        .job-details {\r\n            margin-bottom: 20px;\r\n        }\r\n        \r\n        .job-details h3 {\r\n            font-size: 20px;\r\n            margin: 15px 0 10px;\r\n            color: #555;\r\n        }\r\n        \r\n        .job-details p, .job-details li {\r\n            margin-bottom: 10px;\r\n            font-size: 16px;\r\n        }\r\n        \r\n        .job-details ul {\r\n            padding-left: 20px;\r\n            margin-bottom: 15px;\r\n        }\r\n        \r\n        .application-form {\r\n            padding-top: 20px;\r\n        }\r\n        \r\n        .form-title {\r\n            font-size: 24px;\r\n            margin-bottom: 20px;\r\n            color: #333;\r\n        }\r\n        \r\n        .form-group {\r\n            margin-bottom: 20px;\r\n        }\r\n        \r\n        label {\r\n            display: block;\r\n            margin-bottom: 8px;\r\n\r\n            color: #555;\r\n             font-family: 'Montserrat', sans-serif;\r\n        }\r\n        \r\n        input, textarea {\r\n            width: 100%;\r\n            padding: 12px;\r\n            border: 1px solid #ddd;\r\n            border-radius: 4px;\r\n            font-size: 16px;\r\n            transition: border-color 0.3s;\r\n        }\r\n        \r\n        input:focus, textarea:focus {\r\n            border-color: #e6a700;\r\n            outline: none;\r\n        }\r\n        \r\n        textarea {\r\n            min-height: 150px;\r\n            resize: vertical;\r\n        }\r\n        \r\n        .file-upload {\r\n            position: relative;\r\n            overflow: hidden;\r\n            margin-top: 10px;\r\n            display: inline-block;\r\n        }\r\n        \r\n        .file-upload-label {\r\n            background-color: #f0f0f0;\r\n            color: #555;\r\n            border: 1px solid #ddd;\r\n            padding: 10px 20px;\r\n            border-radius: 4px;\r\n            cursor: pointer;\r\n            display: inline-block;\r\n            transition: all 0.3s;\r\n        }\r\n        \r\n        .file-upload-label:hover {\r\n            background-color: #e0e0e0;\r\n        }\r\n        \r\n        .file-name {\r\n            margin-left: 10px;\r\n            font-size: 14px;\r\n        }\r\n        \r\n        input[type=\"file\"] {\r\n            position: absolute;\r\n            left: 0;\r\n            top: 0;\r\n            opacity: 0;\r\n            cursor: pointer;\r\n            width: 100%;\r\n            height: 100%;\r\n        }\r\n        \r\n        .submit-btn {\r\n            background-color: #DDAA33;\r\n            color: black;\r\n            border: none;\r\n            padding: 5px 30px;\r\n            font-size: 14px;\r\n            border-radius: 40px;\r\n            cursor: pointer;\r\n            transition: background-color 0.3s;\r\n\r\n            margin-top: 10px;\r\n        }\r\n        \r\n        .submit-btn:hover {\r\n            background-color: #AB8635;\r\n             color: black;\r\n        }\r\n        \r\n        .required {\r\n            color: #e74c3c;\r\n        }\r\n        \r\n        @media (max-width: 768px) {\r\n            .container {\r\n                padding: 15px;\r\n                margin: 20px 10px;\r\n            }\r\n            \r\n            .job-title {\r\n                font-size: 24px;\r\n            }\r\n            \r\n            .form-title {\r\n                font-size: 20px;\r\n            }\r\n        }\r\n    <\/style>\r\n<\/head>\r\n<body>\r\n    <div class=\"container\">\r\n        <!-- Secci\u00f3n de descripci\u00f3n del puesto -->\r\n        <div class=\"job-description\">\r\n            <h1 class=\"job-title\">Holland nyelv\u0171 szervizmenedzser (f\u00e9rfi\/n\u0151) <\/h1>\r\n            \r\n            <div class=\"job-details\">\r\n                <p>A Truck & Trail Performance, egy nemzetk\u00f6zi c\u00e9g, amely teheraut\u00f3k \u00e9s p\u00f3tkocsik meghib\u00e1sod\u00e1si seg\u00e9lyszolg\u00e1ltat\u00e1s\u00e1ra specializ\u00e1l\u00f3dott, holland nyelv\u0171 \u00fcgyf\u00e9lmenedzsert keres lisszaboni (Portug\u00e1lia) irod\u00e1j\u00e1ba vagy k\u00f6zpontj\u00e1ba Livange-ba (Luxemburg). <\/p>\r\n                \r\n                <h3>Feladatok:<\/h3>\r\n                <ul>\r\n                    <li> Meghib\u00e1sod\u00e1si esetek kezel\u00e9se holland \u00fcgyfelek sz\u00e1m\u00e1ra. <\/li>\r\n                    <li> Rendszeres telefonos kapcsolattart\u00e1s \u00fcgyfelekkel \u00e9s partnerekkel. <\/li>\r\n                    <li>\u00daj holland \u00fcgyfelek felkutat\u00e1sa. <\/li>\r\n                    <li>Seg\u00e9lyh\u00edv\u00e1si \u00fcgyek ellen\u0151rz\u00e9se \u00e9s \u00e1raj\u00e1nlatok k\u00e9sz\u00edt\u00e9se<\/li>\r\n                    <li>\u00daj \u00fczleti partnerek keres\u00e9se.<\/li>\r\n                <\/ul>\r\n                \r\n                <h3>Elv\u00e1r\u00e1sok:<\/h3>\r\n                <ul>\r\n                    <li>F\u0151iskolai v\u00e9gzetts\u00e9g \u00e9s kereskedelmi k\u00e9pz\u00e9s (el\u0151ny). <\/li>\r\n                    <li>Holland nyelvtud\u00e1s (anyanyelvi szint el\u0151ny). <\/li>\r\n                    <li>Angol nyelv foly\u00e9kony haszn\u00e1lata. <\/li>\r\n                    <li>Egy\u00e9b nyelvek ismerete (n\u00e9met, francia, olasz, spanyol vagy lengyel) el\u0151ny, de nem kiz\u00e1r\u00f3 t\u00e9nyez\u0151. <\/li>\r\n                    <li>Tapasztalat a sz\u00e1ll\u00edtm\u00e1nyoz\u00e1si iparban vagy m\u0171szaki ter\u00fcleten el\u0151ny, de nem elv\u00e1r\u00e1s. <\/li>\r\n                    <li>MS Office alkalmaz\u00e1sok magabiztos haszn\u00e1lata. <\/li>\r\n                <\/ul>\r\n                \r\n                <h3>Olyan motiv\u00e1lt, lelkes, dinamikus \u00e9s proakt\u00edv koll\u00e9g\u00e1t keres\u00fcnk, aki az al\u00e1bbi tulajdons\u00e1gokkal rendelkezik a sikeres csapatba val\u00f3 beilleszked\u00e9shez: <\/h3>\r\n                <ul>\r\n                    <li>\u00dcgyf\u00e9lk\u00f6zpont\u00fas\u00e1g. <\/li>\r\n                    <li>Kiv\u00e1l\u00f3 szervez\u0151k\u00e9szs\u00e9g \u00e9s precizit\u00e1s. <\/li>\r\n                    <li>Priorit\u00e1sok hat\u00e9kony kezel\u00e9se. <\/li>\r\n                    <li>Felel\u0151ss\u00e9gteljes \u00e9s \u00f6n\u00e1ll\u00f3 munkav\u00e9gz\u00e9s. <\/li>\r\n                    <li>Probl\u00e9mamegold\u00f3 k\u00e9szs\u00e9g, diplom\u00e1cia \u00e9s csapatszellem. <\/li>\r\n                <\/ul>\r\n                \r\n                 <h3>Truck & Trail Performance k\u00edn\u00e1lata: <\/h3>\r\n                <ul>\r\n                    <li>Hat\u00e1rozatlan idej\u0171 munkaszerz\u0151d\u00e9s egy fiatal, de tapasztalt, dinamikus \u00e9s elk\u00f6telezett csapattal. <\/li>\r\n                <\/ul>\r\n                \r\n            <\/div>\r\n        <\/div>\r\n    <\/div>\r\n\r\n<\/body>\r\n<\/html>\t\t\t\t<\/div>\n\t\t\t\t<\/div>\n\t\t\t\t<div class=\"elementor-element elementor-element-ae5dc62 elementor-widget__width-initial elementor-widget elementor-widget-shortcode\" data-id=\"ae5dc62\" data-element_type=\"widget\" data-widget_type=\"shortcode.default\">\n\t\t\t\t<div class=\"elementor-widget-container\">\n\t\t\t\t\t\t\t<div class=\"elementor-shortcode\">\n<div class=\"wpcf7 no-js\" id=\"wpcf7-f14907-o1\" lang=\"en-US\" dir=\"ltr\" data-wpcf7-id=\"14907\">\n<div class=\"screen-reader-response\"><p role=\"status\" aria-live=\"polite\" aria-atomic=\"true\"><\/p> <ul><\/ul><\/div>\n<form action=\"\/hu\/wp-json\/wp\/v2\/pages\/13667#wpcf7-f14907-o1\" method=\"post\" class=\"wpcf7-form init\" aria-label=\"Contact form\" enctype=\"multipart\/form-data\" novalidate=\"novalidate\" data-status=\"init\">\n<div style=\"display: none;\">\n<input type=\"hidden\" name=\"_wpcf7\" value=\"14907\" \/>\n<input type=\"hidden\" name=\"_wpcf7_version\" value=\"6.0.3\" \/>\n<input type=\"hidden\" name=\"_wpcf7_locale\" value=\"en_US\" \/>\n<input type=\"hidden\" name=\"_wpcf7_unit_tag\" value=\"wpcf7-f14907-o1\" \/>\n<input type=\"hidden\" name=\"_wpcf7_container_post\" value=\"0\" \/>\n<input type=\"hidden\" name=\"_wpcf7_posted_data_hash\" value=\"\" \/>\n<\/div>\n<p><br \/>\n<label> N\u00e9v<br \/>\n<span class=\"wpcf7-form-control-wrap\" data-name=\"your-name\"><input size=\"40\" maxlength=\"400\" class=\"wpcf7-form-control wpcf7-text wpcf7-validates-as-required\" aria-required=\"true\" aria-invalid=\"false\" placeholder=\"Teljes neved\" value=\"\" type=\"text\" name=\"your-name\" \/><\/span><br \/>\n<\/label>\n<\/p>\n<p><br \/>\n<label> E-mail<br \/>\n<span class=\"wpcf7-form-control-wrap\" data-name=\"your-email\"><input size=\"40\" maxlength=\"400\" class=\"wpcf7-form-control wpcf7-email wpcf7-validates-as-required wpcf7-text wpcf7-validates-as-email\" aria-required=\"true\" aria-invalid=\"false\" placeholder=\"E-mail c\u00edmed\" value=\"\" type=\"email\" name=\"your-email\" \/><\/span><br \/>\n<\/label>\n<\/p>\n<p><br \/>\n<label> Telefon<br \/>\n<span class=\"wpcf7-form-control-wrap\" data-name=\"your-phone\"><input size=\"40\" maxlength=\"400\" class=\"wpcf7-form-control wpcf7-tel wpcf7-validates-as-required wpcf7-text wpcf7-validates-as-tel\" aria-required=\"true\" aria-invalid=\"false\" placeholder=\"Telefonsz\u00e1mod\" value=\"\" type=\"tel\" name=\"your-phone\" \/><\/span><br \/>\n<\/label>\n<\/p>\n<p class=\"cv-upload-wrapper\"><br \/>\n<label for=\"your-cv-input\" class=\"cv-upload-label\">\u00d6n\u00e9letrajz csatol\u00e1sa (PDF, DOC, DOCX)<\/label><br \/>\n<span class=\"wpcf7-form-control-wrap\" data-name=\"your-cv\"><input size=\"40\" class=\"wpcf7-form-control wpcf7-file wpcf7-validates-as-required cv-input\" id=\"your-cv-input\" accept=\".pdf,.doc,.docx\" aria-required=\"true\" aria-invalid=\"false\" type=\"file\" name=\"your-cv\" \/><\/span><br \/>\n<span class=\"cv-file-name\">Nincs kiv\u00e1lasztott f\u00e1jl<\/span>\n<\/p>\n<p><br \/>\n<input class=\"wpcf7-form-control wpcf7-submit has-spinner\" type=\"submit\" value=\"Jelentkez\u00e9s elk\u00fcld\u00e9se\" \/>\n<\/p>\n<input class=\"wpcf7-form-control wpcf7-hidden\" value=\"\" type=\"hidden\" name=\"page-url\" \/><div class=\"wpcf7-response-output\" aria-hidden=\"true\"><\/div>\n<\/form>\n<\/div>\n<\/div>\n\t\t\t\t\t\t<\/div>\n\t\t\t\t<\/div>\n\t\t\t\t<div class=\"elementor-element elementor-element-0a5d582 elementor-widget elementor-widget-html\" data-id=\"0a5d582\" data-element_type=\"widget\" data-widget_type=\"html.default\">\n\t\t\t\t<div class=\"elementor-widget-container\">\n\t\t\t\t\t<script>\r\n  document.addEventListener('DOMContentLoaded', function () {\r\n    const fileInput = document.querySelector('#your-cv-input');\r\n    const fileNameDisplay = document.querySelector('.cv-file-name');\r\n\r\n    if (fileInput) {\r\n      fileInput.addEventListener('change', function () {\r\n        if (fileInput.files.length > 0) {\r\n          const fileName = fileInput.files[0].name;\r\n          fileNameDisplay.innerHTML = `${fileName} <span class=\"remove-file\" style=\"margin-left: 10px; color: red; cursor: pointer;\">Remove<\/span>`;\r\n\r\n          const removeBtn = fileNameDisplay.querySelector('.remove-file');\r\n          removeBtn.addEventListener('click', function () {\r\n            fileInput.value = '';\r\n            fileNameDisplay.textContent = 'No file selected';\r\n          });\r\n        } else {\r\n          fileNameDisplay.textContent = 'No file selected';\r\n        }\r\n      });\r\n    }\r\n  });\r\n<\/script>\r\n\t\t\t\t<\/div>\n\t\t\t\t<\/div>\n\t\t\t\t\t<\/div>\n\t\t\t\t<\/div>\n\t\t\t\t<\/div>\n\t\t","protected":false},"excerpt":{"rendered":"<p>Holland nyelv\u0171 szervizmenedzser Formulario de Aplicaci\u00f3n Holland nyelv\u0171 szervizmenedzser (f\u00e9rfi\/n\u0151) A Truck &#038; Trail Performance, egy nemzetk\u00f6zi c\u00e9g, amely teheraut\u00f3k \u00e9s p\u00f3tkocsik meghib\u00e1sod\u00e1si seg\u00e9lyszolg\u00e1ltat\u00e1s\u00e1ra specializ\u00e1l\u00f3dott, holland nyelv\u0171 \u00fcgyf\u00e9lmenedzsert keres lisszaboni (Portug\u00e1lia) irod\u00e1j\u00e1ba vagy k\u00f6zpontj\u00e1ba Livange-ba (Luxemburg). Feladatok: Meghib\u00e1sod\u00e1si esetek kezel\u00e9se holland \u00fcgyfelek sz\u00e1m\u00e1ra. Rendszeres telefonos kapcsolattart\u00e1s \u00fcgyfelekkel \u00e9s partnerekkel. \u00daj holland \u00fcgyfelek felkutat\u00e1sa. Seg\u00e9lyh\u00edv\u00e1si \u00fcgyek &#8230; <a title=\"Holland nyelv\u0171 szervizmenedzser\" class=\"read-more\" href=\"https:\/\/ttp.expert\/hu\/holland-nyelvu-szervizmenedzser\/\" aria-label=\"Read more about Holland nyelv\u0171 szervizmenedzser\">Olvass tov\u00e1bb<\/a><\/p>\n","protected":false},"author":1,"featured_media":0,"parent":0,"menu_order":0,"comment_status":"closed","ping_status":"closed","template":"","meta":{"_joinchat":[],"footnotes":""},"class_list":["post-13667","page","type-page","status-publish"],"aioseo_notices":[],"_links":{"self":[{"href":"https:\/\/ttp.expert\/hu\/wp-json\/wp\/v2\/pages\/13667","targetHints":{"allow":["GET"]}}],"collection":[{"href":"https:\/\/ttp.expert\/hu\/wp-json\/wp\/v2\/pages"}],"about":[{"href":"https:\/\/ttp.expert\/hu\/wp-json\/wp\/v2\/types\/page"}],"author":[{"embeddable":true,"href":"https:\/\/ttp.expert\/hu\/wp-json\/wp\/v2\/users\/1"}],"replies":[{"embeddable":true,"href":"https:\/\/ttp.expert\/hu\/wp-json\/wp\/v2\/comments?post=13667"}],"version-history":[{"count":6,"href":"https:\/\/ttp.expert\/hu\/wp-json\/wp\/v2\/pages\/13667\/revisions"}],"predecessor-version":[{"id":14911,"href":"https:\/\/ttp.expert\/hu\/wp-json\/wp\/v2\/pages\/13667\/revisions\/14911"}],"wp:attachment":[{"href":"https:\/\/ttp.expert\/hu\/wp-json\/wp\/v2\/media?parent=13667"}],"curies":[{"name":"wp","href":"https:\/\/api.w.org\/{rel}","templated":true}]}}