{"id":13706,"date":"2025-05-09T09:44:48","date_gmt":"2025-05-09T09:44:48","guid":{"rendered":"https:\/\/ttp-expert.com\/hirlevelek\/"},"modified":"2025-08-20T09:31:32","modified_gmt":"2025-08-20T09:31:32","slug":"hirlevelek","status":"publish","type":"page","link":"https:\/\/ttp.expert\/hu\/hirlevelek\/","title":{"rendered":"H\u00edrlevelek"},"content":{"rendered":"\t\t<div data-elementor-type=\"wp-page\" data-elementor-id=\"13706\" class=\"elementor elementor-13706\" data-elementor-post-type=\"page\">\n\t\t\t\t<div class=\"elementor-element elementor-element-74ad67c e-flex e-con-boxed e-con e-parent\" data-id=\"74ad67c\" data-element_type=\"container\">\n\t\t\t\t\t<div class=\"e-con-inner\">\n\t\t<div class=\"elementor-element elementor-element-53d653e e-con-full e-flex e-con e-child\" data-id=\"53d653e\" data-element_type=\"container\">\n\t\t<div class=\"elementor-element elementor-element-4c7e06f e-con-full e-flex e-con e-child\" data-id=\"4c7e06f\" data-element_type=\"container\">\n\t\t\t\t<div class=\"elementor-element elementor-element-c20e6bb premium-header-inline elementor-invisible elementor-widget elementor-widget-premium-addon-dual-header\" data-id=\"c20e6bb\" data-element_type=\"widget\" data-settings=\"{&quot;_animation&quot;:&quot;fadeInDown&quot;}\" data-widget_type=\"premium-addon-dual-header.default\">\n\t\t\t\t<div class=\"elementor-widget-container\">\n\t\t\t\t\t\r\n\t\t\t\t\t<h2 class=\"premium-dual-header-first-header \"><span class=\"premium-dual-header-first-span\">H\u00cdRLEV\u00c9L  <\/span><\/h2> \t\t\r\n\t\t\t\t\t\t<\/div>\n\t\t\t\t<\/div>\n\t\t\t\t<div class=\"elementor-element elementor-element-ff8464e elementor-widget-divider--view-line elementor-widget elementor-widget-divider\" data-id=\"ff8464e\" data-element_type=\"widget\" data-widget_type=\"divider.default\">\n\t\t\t\t<div class=\"elementor-widget-container\">\n\t\t\t\t\t\t\t<div class=\"elementor-divider\">\n\t\t\t<span class=\"elementor-divider-separator\">\n\t\t\t\t\t\t<\/span>\n\t\t<\/div>\n\t\t\t\t\t\t<\/div>\n\t\t\t\t<\/div>\n\t\t\t\t<\/div>\n\t\t\t\t<\/div>\n\t\t\t\t<div class=\"elementor-element elementor-element-db504af elementor-invisible elementor-widget elementor-widget-html\" data-id=\"db504af\" data-element_type=\"widget\" data-settings=\"{&quot;_animation&quot;:&quot;fadeInLeft&quot;}\" data-widget_type=\"html.default\">\n\t\t\t\t<div class=\"elementor-widget-container\">\n\t\t\t\t\t<!DOCTYPE html>\r\n<html lang=\"es\">\r\n<head>\r\n    <meta charset=\"UTF-8\">\r\n    <meta name=\"viewport\" content=\"width=device-width, initial-scale=1.0\">\r\n    <title>Company Overview<\/title>\r\n    <link href=\"https:\/\/fonts.googleapis.com\/css2?family=Montserrat:wght@300;400;500;600;700&display=swap\" rel=\"stylesheet\">\r\n    <style>\r\n     \r\n        \r\n    * {\r\n    margin: 0;\r\n    padding: 0;\r\n    box-sizing: border-box;\r\n}\r\n\r\nbody {\r\n    font-family: 'Montserrat', sans-serif;\r\n    background-color: #f5f7fa;\r\n    color: #333;\r\n    line-height: 1.6;\r\n}\r\n\r\n.container {\r\n    max-width: 1200px;\r\n    margin: 0 auto;\r\n    padding: 40px 20px;\r\n}\r\n\r\n.news-section {\r\n    display: flex;\r\n    flex-direction: column;\r\n    gap: 30px;\r\n    position: relative;\r\n}\r\n\r\n\/* Fondo semi-transparente para la secci\u00f3n *\/\r\n.news-section::before {\r\n    content: '';\r\n    position: absolute;\r\n    top: 0;\r\n    left: 0;\r\n    right: 0;\r\n    bottom: 0;\r\n    background-image: url('https:\/\/ttp.expert\/wp-content\/uploads\/2025\/05\/3.jpg');\r\n    background-size: cover;\r\n    background-position: center;\r\n    opacity: 0.05;\r\n    z-index: -1;\r\n    border-radius: 15px;\r\n}\r\n\r\n.news-card {\r\n    display: flex;\r\n    background-color: #fff;\r\n    border-radius: 12px;\r\n    overflow: hidden;\r\n    box-shadow: 0 5px 15px rgba(0, 0, 0, 0.05);\r\n    transition: all 0.3s ease;\r\n}\r\n\r\n.news-card:hover {\r\n    transform: translateY(-5px);\r\n    box-shadow: 0 10px 25px rgba(0, 0, 0, 0.1);\r\n}\r\n\r\n.news-image {\r\n    flex: 0 0 260px;\r\n    overflow: hidden;\r\n}\r\n\r\n.news-image img {\r\n    width: 100%;\r\n    height: 100%;\r\n    object-fit: cover;\r\n    transition: transform 0.5s ease;\r\n}\r\n\r\n.news-card:hover .news-image img {\r\n    transform: scale(1.05);\r\n}\r\n\r\n.news-content {\r\n    flex: 1;\r\n    padding: 25px;\r\n    display: flex;\r\n    flex-direction: column;\r\n}\r\n\r\n.news-category {\r\n    color: black;\r\n    font-weight: 600;\r\n    font-size: 20px;\r\n    text-transform: uppercase;\r\n    margin-bottom: 10px;\r\n    letter-spacing: 0.5px;\r\n}\r\n\r\n.news-title {\r\n    color: #333;\r\n    font-size: 16px;\r\n    margin-bottom: 12px;\r\n    font-weight: 600;\r\n}\r\n\r\n.news-description {\r\n    color: #666;\r\n    color: #666;\r\n    font-size: 17px;\r\n    margin-bottom: 20px;\r\n    line-height: 1.5;\r\n    flex-grow: 1;\r\n    max-width: 75%; \/* Esto evita que se estire demasiado *\/\r\n}\r\n\r\n.see-more-btn {\r\n    align-self: flex-start;\r\n    background-color: #DDAA33;\r\n    color: black;\r\n    text-decoration: none;\r\n    padding: 8px 20px;\r\n    border-radius: 25px;\r\n    font-size: 13px;\r\n    font-weight: 500;\r\n    transition: all 0.3s ease;\r\n    text-transform: uppercase;\r\n    letter-spacing: 0.5px;\r\n}\r\n\r\n.see-more-btn:hover {\r\n    background-color: #AB8635;\r\n    transform: translateY(-2px);\r\n}\r\n\r\n.more-container {\r\n    display: flex;\r\n    justify-content: center;\r\n    margin-top: 10px;\r\n}\r\n\r\n.more-btn {\r\n    background-color: #DDAA33;\r\n    color: black;\r\n    text-decoration: none;\r\n    padding: 10px 40px;\r\n    border-radius: 25px;\r\n    font-size: 14px;\r\n    font-weight: 500;\r\n    transition: all 0.3s ease;\r\n    text-transform: uppercase;\r\n    letter-spacing: 1px;\r\n}\r\n\r\n.more-btn:hover {\r\n    background-color: #AB8635;\r\n    transform: translateY(-2px);\r\n   \r\n}\r\n\r\n\/* Responsive *\/\r\n@media (max-width: 768px) {\r\n    .news-card {\r\n        flex-direction: column;\r\n    }\r\n    \r\n    .news-image {\r\n        flex: 0 0 200px;\r\n    }\r\n    \r\n    .container {\r\n        padding: 20px 15px;\r\n    }\r\n}\r\n\r\n@media (max-width: 480px) {\r\n    .news-image {\r\n        flex: 0 0 180px;\r\n    }\r\n    \r\n    .news-content {\r\n        padding: 20px 15px;\r\n    }\r\n    \r\n    .news-title {\r\n        font-size: 16px;\r\n    }\r\n    \r\n    .news-description {\r\n        font-size: 14px;\r\n    }\r\n}\r\n    <\/style>\r\n<\/head>\r\n<body>\r\n    <div class=\"container\">\r\n        <section class=\"news-section\">\r\n            <article class=\"news-card\">\r\n                <div class=\"news-image\">\r\n                    <img decoding=\"async\" src=\"https:\/\/ttp.expert\/wp-content\/uploads\/2025\/05\/4.jpg\" alt=\"Carretera con vistas panor\u00e1micas\">\r\n                <\/div>\r\n                <div class=\"news-content\">\r\n                    <span class=\"news-category\">H\u00cdRLEV\u00c9L \u2013 Febru\u00e1r <\/span>\r\n                    <p class=\"news-description\">\r\n                       Egyre automatiz\u00e1ltabb\u00e1 \u00e9s technol\u00f3giailag fejlettebb\u00e9 v\u00e1l\u00f3 szektorban a fejl\u0151d\u00e9st k\u00f6vet\u0151 fuvaroz\u00f3 c\u00e9gek alapvet\u0151 feladata tov\u00e1bbra is az, hogy az emberi er\u0151forr\u00e1st sikereik kulcsfontoss\u00e1g\u00fa elem\u00e9nek tekints\u00e9k! \r\n                    <\/p>\r\n                   <a href=\"https:\/\/fomn-zgph.campaign-view.com\/ua\/SharedView?od=3z717f3de8b708c95e3cbd0a5f7d420b2a71ecda9908145a0b041782499cbafbb6&cno=11a2b0b1e9b7375&cd=181de85a0806e69d&m=0\" target=\"_blank\" class=\"see-more-btn\">TOV\u00c1BB OLVASOM <\/a>\r\n\r\n                <\/div>\r\n            <\/article>\r\n\r\n            <article class=\"news-card\">\r\n                <div class=\"news-image\">\r\n                    <img decoding=\"async\" src=\"https:\/\/ttp.expert\/wp-content\/uploads\/2025\/05\/3.jpg\" alt=\"Camiones en carretera al atardecer\">\r\n                <\/div>\r\n                <div class=\"news-content\">\r\n                    <span class=\"news-category\">H\u00cdRLEV\u00c9L \u2013 M\u00e1rcius <\/span>\r\n                    <p class=\"news-description\">\r\n                      M\u00e1rciusi kiad\u00e1sunkban k\u00f6zelebbr\u0151l megvizsg\u00e1ljuk a logisztika vil\u00e1g\u00e1ban el\u0151fordul\u00f3 \u00e1ru- \u00e9s rakom\u00e1nyt\u00edpusokat, valamint azt, hogy mi\u00e9rt fontos a megfelel\u0151 megold\u00e1s kiv\u00e1laszt\u00e1sa \u2013 figyelembe v\u00e9ve a sz\u00e1ll\u00edt\u00e1s t\u00e1vols\u00e1g\u00e1t \u00e9s a k\u00fcldem\u00e9ny m\u00e9ret\u00e9t. Hogy m\u00e9g jobban t\u00e1j\u00e9koz\u00f3dhasson, k\u00e9sz\u00edtett\u00fcnk egy hasznos \u00fatmutat\u00f3t az Eur\u00f3p\u00e1ban el\u00e9rhet\u0151 rakom\u00e1nyt\u00edpusokr\u00f3l, amelyet b\u00e1rmikor, b\u00e1rhonnan el\u00e9rhet! \r\n                    <\/p>\r\n                    <a href=\"https:\/\/fomn-zgph.campaign-view.com\/ua\/SharedView?od=3z717f3de8b708c95e3cbd0a5f7d420b2a71ecda9908145a0b041782499cbafbb6&cno=11a2b0b216209b8&cd=181de85a080a976f&m=0\" target=\"_blank\" class=\"see-more-btn\">TOV\u00c1BB OLVASOM<\/a>\r\n                <\/div>\r\n            <\/article>\r\n\r\n            <article class=\"news-card\">\r\n                <div class=\"news-image\">\r\n                    <img decoding=\"async\" src=\"https:\/\/ttp.expert\/wp-content\/uploads\/2025\/05\/1.jpg\" alt=\"Vista a\u00e9rea de carretera\">\r\n                <\/div>\r\n                <div class=\"news-content\">\r\n                    <span class=\"news-category\">H\u00cdRLEV\u00c9L \u2013 M\u00e1jus <\/span>\r\n                   \r\n                    <p class=\"news-description\">\r\n                      M\u00e1jus havi h\u00edrlevel\u00fcnkben bemutatjuk, melyek azok az alapvet\u0151 szempontok, amelyeket figyelembe kell venni a hat\u00e9kony logisztika sor\u00e1n, tov\u00e1bb\u00e1 milyen kih\u00edv\u00e1sokkal szembes\u00fcl a piac, \u00e9s milyen megold\u00e1sok sz\u00fclettek ezekre. Ez seg\u00edtheti v\u00e1llalkoz\u00e1s\u00e1t abban, hogy jobb poz\u00edci\u00f3ba ker\u00fclj\u00f6n az \u00e9rz\u00e9keny \u00e1ruk sz\u00e1ll\u00edt\u00e1sa ter\u00e9n. Ezt az inform\u00e1ci\u00f3t egy teljesen ingyenes eBook-kal eg\u00e9sz\u00edtj\u00fck ki, hogy m\u00e9g teljesebb k\u00e9pet kaphasson. \r\n                    <\/p>\r\n                    <a href=\"https:\/\/fomn-zgpvh.campaign-view.com\/ua\/SharedView?od=3z717f3de8b708c95e3cbd0a5f7d420b2a71ecda9908145a0b041782499cbafbb6&cno=129de783353349&cd=181de85a0813c707&m=0\" target=\"_blank\" class=\"see-more-btn\">TOV\u00c1BB OLVASOM<\/a>\r\n                <\/div>\r\n            <\/article>\r\n            \r\n            <article class=\"news-card\">\r\n                <div class=\"news-image\">\r\n                    <img decoding=\"async\" src=\"https:\/\/ttp.expert\/wp-content\/uploads\/2025\/08\/1-7.jpg\" alt=\"Vista a\u00e9rea de carretera\">\r\n                <\/div>\r\n                <div class=\"news-content\">\r\n                    <span class=\"news-category\">H\u00cdRLEV\u00c9L \u2013 J\u00fanius<\/span>\r\n                   \r\n                    <p class=\"news-description\">\r\n                       A ny\u00e1r nemcsak a magas h\u0151m\u00e9rs\u00e9kletr\u0151l sz\u00f3l \u2014 ez az eur\u00f3pai utak meghib\u00e1sod\u00e1sainak cs\u00facsszezonja is. T\u00falmelegedett f\u00e9kek, kopott gumik, elektromos meghib\u00e1sod\u00e1sok \u00e9s t\u00falterhelt motorok gyakori probl\u00e9m\u00e1k. Ahogy a h\u0151m\u00e9rs\u00e9klet n\u0151, \u00fagy n\u0151 a kock\u00e1zat is. Egy apr\u00f3 karbantart\u00e1si hiba k\u00e9nyszerle\u00e1ll\u00e1shoz, vesztes\u00e9gekhez \u00e9s k\u00e9s\u00e9sekhez vezethet. A felk\u00e9sz\u00fclts\u00e9g kulcsfontoss\u00e1g\u00fa ahhoz, hogy a flott\u00e1ja mozg\u00e1sban maradjon \u00e9s \u00fczleted z\u00f6kken\u0151mentesen m\u0171k\u00f6dj\u00f6n.\r\n                    <\/p>\r\n                    <a href=\"http:\/\/fomn-zgph.campaign-view.com\/ua\/SharedView?od=3z717f3de8b708c95e3cbd0a5f7d420b2a71ecda9908145a0b041782499cbafbb6&cno=11a2b0b1e3fda8e&cd=181de85a082ac5b0&m=0\" target=\"_blank\" class=\"see-more-btn\">TOV\u00c1BB OLVASOM<\/a>\r\n                <\/div>\r\n            <\/article>\r\n            \r\n             <article class=\"news-card\">\r\n                <div class=\"news-image\">\r\n                    <img decoding=\"async\" src=\"https:\/\/ttp.expert\/wp-content\/uploads\/2025\/08\/1-5.jpg\" alt=\"Vista a\u00e9rea de carretera\">\r\n                <\/div>\r\n                <div class=\"news-content\">\r\n                    <span class=\"news-category\">H\u00cdRLEV\u00c9L \u2013 J\u00falius<\/span>\r\n                   \r\n                    <p class=\"news-description\">\r\n                      Az \u00faj Truck & Trail Performance weboldal \u00e9l\u0151ben \u2014 \u00fajratervezve, hogy nap mint nap azt ny\u00fajtsa, amit \u00edg\u00e9r\u00fcnk: gyors v\u00e1lasz, hat\u00e9kony seg\u00edts\u00e9gny\u00fajt\u00e1s \u00e9s val\u00f3di jelenl\u00e9t ott, ahol a flott\u00e1ja t\u00e1mogat\u00e1sra szorul.\r\nEz a platform egyetlen vil\u00e1gos c\u00e9llal k\u00e9sz\u00fclt: hogy seg\u00edtse v\u00e1llalat\u00e1t id\u0151t megtakar\u00edtani akkor, amikor az id\u0151 a legfontosabb.\r\n                    <\/p>\r\n                    <a href=\"https:\/\/fomn-zgph.campaign-view.com\/ua\/SharedView?od=3z717f3de8b708c95e3cbd0a5f7d420b2a71ecda9908145a0b041782499cbafbb6&cno=11a2b0b1c73b42c&cd=181de85a082fd289&m=0\" target=\"_blank\" class=\"see-more-btn\">TOV\u00c1BB OLVASOM<\/a>\r\n                <\/div>\r\n            <\/article>\r\n\r\n\r\n           \r\n        <\/section>\r\n    <\/div>\r\n<\/body>\r\n<script>document.addEventListener('DOMContentLoaded', function() {\r\n    \/\/ Animaci\u00f3n de entrada para las tarjetas de noticias\r\n    \r\n    \r\n    \/\/ Aplicar animaci\u00f3n con un peque\u00f1o retraso entre cada tarjeta\r\n    newsCards.forEach((card, index) => {\r\n        setTimeout(() => {\r\n            card.style.opacity = '0';\r\n            card.style.transform = 'translateY(20px)';\r\n            \r\n            \/\/ Establecer transici\u00f3n\r\n            card.style.transition = 'opacity 0.5s ease, transform 0.5s ease';\r\n            \r\n            \/\/ Forzar reflow\r\n            void card.offsetWidth;\r\n            \r\n            \/\/ Animar entrada\r\n            card.style.opacity = '1';\r\n            card.style.transform = 'translateY(0)';\r\n        }, index * 150);\r\n    });\r\n    \r\n    \/\/ Efecto hover mejorado para los botones\r\n    const allButtons = document.querySelectorAll('.see-more-btn, .more-btn');\r\n    \r\n    allButtons.forEach(button => {\r\n        button.addEventListener('mouseenter', function() {\r\n            this.style.transition = 'all 0.3s ease';\r\n           this.style.boxShadow = '0 5px 15px rgba(221, 170, 51, 0.3)';\r\n        });\r\n        \r\n        button.addEventListener('mouseleave', function() {\r\n            this.style.transition = 'all 0.3s ease';\r\n            this.style.boxShadow = 'none';\r\n        });\r\n    });\r\n});<\/script>\r\n<\/html>\t\t\t\t<\/div>\n\t\t\t\t<\/div>\n\t\t\t\t\t<\/div>\n\t\t\t\t<\/div>\n\t\t\t\t<\/div>\n\t\t","protected":false},"excerpt":{"rendered":"<p>H\u00cdRLEV\u00c9L Company Overview H\u00cdRLEV\u00c9L \u2013 Febru\u00e1r Egyre automatiz\u00e1ltabb\u00e1 \u00e9s technol\u00f3giailag fejlettebb\u00e9 v\u00e1l\u00f3 szektorban a fejl\u0151d\u00e9st k\u00f6vet\u0151 fuvaroz\u00f3 c\u00e9gek alapvet\u0151 feladata tov\u00e1bbra is az, hogy az emberi er\u0151forr\u00e1st sikereik kulcsfontoss\u00e1g\u00fa elem\u00e9nek tekints\u00e9k! TOV\u00c1BB OLVASOM H\u00cdRLEV\u00c9L \u2013 M\u00e1rcius M\u00e1rciusi kiad\u00e1sunkban k\u00f6zelebbr\u0151l megvizsg\u00e1ljuk a logisztika vil\u00e1g\u00e1ban el\u0151fordul\u00f3 \u00e1ru- \u00e9s rakom\u00e1nyt\u00edpusokat, valamint azt, hogy mi\u00e9rt fontos a megfelel\u0151 megold\u00e1s &#8230; <a title=\"H\u00edrlevelek\" class=\"read-more\" href=\"https:\/\/ttp.expert\/hu\/hirlevelek\/\" aria-label=\"Read more about H\u00edrlevelek\">Olvass tov\u00e1bb<\/a><\/p>\n","protected":false},"author":1,"featured_media":0,"parent":0,"menu_order":0,"comment_status":"closed","ping_status":"closed","template":"","meta":{"_joinchat":[],"footnotes":""},"class_list":["post-13706","page","type-page","status-publish"],"aioseo_notices":[],"_links":{"self":[{"href":"https:\/\/ttp.expert\/hu\/wp-json\/wp\/v2\/pages\/13706","targetHints":{"allow":["GET"]}}],"collection":[{"href":"https:\/\/ttp.expert\/hu\/wp-json\/wp\/v2\/pages"}],"about":[{"href":"https:\/\/ttp.expert\/hu\/wp-json\/wp\/v2\/types\/page"}],"author":[{"embeddable":true,"href":"https:\/\/ttp.expert\/hu\/wp-json\/wp\/v2\/users\/1"}],"replies":[{"embeddable":true,"href":"https:\/\/ttp.expert\/hu\/wp-json\/wp\/v2\/comments?post=13706"}],"version-history":[{"count":6,"href":"https:\/\/ttp.expert\/hu\/wp-json\/wp\/v2\/pages\/13706\/revisions"}],"predecessor-version":[{"id":16359,"href":"https:\/\/ttp.expert\/hu\/wp-json\/wp\/v2\/pages\/13706\/revisions\/16359"}],"wp:attachment":[{"href":"https:\/\/ttp.expert\/hu\/wp-json\/wp\/v2\/media?parent=13706"}],"curies":[{"name":"wp","href":"https:\/\/api.w.org\/{rel}","templated":true}]}}