{"id":1456,"date":"2024-06-06T19:25:58","date_gmt":"2024-06-06T19:25:58","guid":{"rendered":"https:\/\/ttp-expert.com\/adatvedelmi-iranyelvek\/"},"modified":"2025-07-02T12:00:51","modified_gmt":"2025-07-02T12:00:51","slug":"adatvedelmi-iranyelvek","status":"publish","type":"page","link":"https:\/\/ttp.expert\/hu\/adatvedelmi-iranyelvek\/","title":{"rendered":"Adatv\u00e9delmi ir\u00e1nyelvek"},"content":{"rendered":"\t\t<div data-elementor-type=\"wp-page\" data-elementor-id=\"1456\" class=\"elementor elementor-1456\" data-elementor-post-type=\"page\">\n\t\t\t\t<div class=\"elementor-element elementor-element-9a248e2 e-flex e-con-boxed e-con e-parent\" data-id=\"9a248e2\" data-element_type=\"container\">\n\t\t\t\t\t<div class=\"e-con-inner\">\n\t\t\t\t<div class=\"elementor-element elementor-element-c796308 elementor-widget elementor-widget-text-editor\" data-id=\"c796308\" data-element_type=\"widget\" data-widget_type=\"text-editor.default\">\n\t\t\t\t<div class=\"elementor-widget-container\">\n\t\t\t\t\t\t\t\t\t<h2 class=\"wp-block-heading\"><strong><span style=\"color: #ddaa33;\">Megjegyz\u00e9sek<\/span><\/strong><\/h2><p>Amikor a l\u00e1togat\u00f3k hozz\u00e1sz\u00f3l\u00e1sokat hagynak az oldalon, a spamek felder\u00edt\u00e9se \u00e9rdek\u00e9ben gy\u0171jtj\u00fck a hozz\u00e1sz\u00f3l\u00e1si \u0171rlapon megjelen\u0151 adatokat, valamint a l\u00e1togat\u00f3 IP-c\u00edm\u00e9t \u00e9s a b\u00f6ng\u00e9sz\u0151 user agent stringj\u00e9t.<\/p><p>Az \u00d6n e-mail c\u00edm\u00e9b\u0151l l\u00e9trehozott anonimiz\u00e1lt karakterl\u00e1ncot (m\u00e1s n\u00e9ven hash) a Gravatar szolg\u00e1ltat\u00e1s megkaphatja, hogy l\u00e1ssa, haszn\u00e1lja-e azt.<\/p><p>A Gravatar szolg\u00e1ltat\u00e1s adatv\u00e9delmi szab\u00e1lyzata itt \u00e9rhet\u0151 el: https:\/\/automattic.com\/privacy\/. A hozz\u00e1sz\u00f3l\u00e1s j\u00f3v\u00e1hagy\u00e1sa ut\u00e1n az \u00d6n profilk\u00e9pe a nyilv\u00e1noss\u00e1g sz\u00e1m\u00e1ra a hozz\u00e1sz\u00f3l\u00e1s\u00e1val \u00f6sszef\u00fcgg\u00e9sben v\u00e1lik l\u00e1that\u00f3v\u00e1.<\/p><h2 class=\"wp-block-heading\"><strong><span style=\"color: #ddaa33;\">M\u00e9dia<\/span><\/strong><\/h2><p>Ha k\u00e9peket t\u00f6lt fel a weboldalra, ker\u00fclje a be\u00e1gyazott helyadatokat (EXIF GPS) tartalmaz\u00f3 k\u00e9pek felt\u00f6lt\u00e9s\u00e9t.<\/p><p>A weboldal l\u00e1togat\u00f3i let\u00f6lthetnek \u00e9s kivehetnek b\u00e1rmilyen helymeghat\u00e1roz\u00f3 adatot a weboldalon tal\u00e1lhat\u00f3 k\u00e9pekb\u0151l.<\/p><h2 class=\"wp-block-heading\"><strong><span style=\"color: #ddaa33;\"><span class=\"error-spellcheck\" data-word=\"Cookies\" data-suggestion=\"Csokis\">Cookies<\/span><\/span><\/strong><\/h2><p>Ha hozz\u00e1sz\u00f3l\u00e1st hagy az oldalunkon, akkor hozz\u00e1j\u00e1rulhat ahhoz, hogy nev\u00e9t, e-mail c\u00edm\u00e9t \u00e9s weboldal\u00e1t a cookie-kban t\u00e1roljuk.<\/p><p>Ezek az \u00d6n k\u00e9nyelm\u00e9t szolg\u00e1lj\u00e1k, hogy ne kelljen \u00fajra kit\u00f6ltenie adatait, amikor \u00fajabb hozz\u00e1sz\u00f3l\u00e1st hagy.<\/p><p>Ezek a s\u00fctik egy \u00e9vig el\u00e1llnak.<\/p><p>Ha megl\u00e1togatja a bejelentkez\u00e9si oldalunkat, egy ideiglenes s\u00fctit \u00e1ll\u00edtunk be, hogy meg\u00e1llap\u00edtsuk, a b\u00f6ng\u00e9sz\u0151je elfogadja-e a s\u00fctiket.<\/p><p>Ez a s\u00fcti nem tartalmaz szem\u00e9lyes adatokat, \u00e9s a b\u00f6ng\u00e9sz\u0151 bez\u00e1r\u00e1sakor t\u00f6rl\u0151dik.<\/p><p>Amikor bejelentkezik, t\u00f6bb s\u00fctit is be\u00e1ll\u00edtunk, hogy elmentse a bejelentkez\u00e9si adatait \u00e9s a k\u00e9perny\u0151 megjelen\u00edt\u00e9si be\u00e1ll\u00edt\u00e1sait.<\/p><p>A bejelentkez\u00e9si s\u00fctik k\u00e9t napig, a k\u00e9perny\u0151be\u00e1ll\u00edt\u00e1si s\u00fctik pedig egy \u00e9vig tartanak.<\/p><p>Ha az &#8222;Eml\u00e9kezz r\u00e1m&#8221; lehet\u0151s\u00e9get v\u00e1lasztja, a bejelentkez\u00e9se k\u00e9t h\u00e9tig megmarad.<\/p><p>Ha kijelentkezik a fi\u00f3kj\u00e1b\u00f3l, a bejelentkez\u00e9si s\u00fctik t\u00f6rl\u0151dnek.<\/p><p>Ha szerkeszt vagy k\u00f6zz\u00e9tesz egy cikket, egy tov\u00e1bbi <span class=\"error-spellcheck\" data-word=\"cookie\" data-suggestion=\"cooki\u00e9|cooki|cookin|cookit|cooki e\">cookie<\/span> ker\u00fcl elment\u00e9sre a b\u00f6ng\u00e9sz\u0151j\u00e9ben.<\/p><p>Ez a s\u00fcti nem tartalmaz szem\u00e9lyes adatokat, \u00e9s egyszer\u0171en csak az \u00d6n \u00e1ltal szerkesztett cikk hozz\u00e1sz\u00f3l\u00e1si azonos\u00edt\u00f3j\u00e1t jelzi.<\/p><p>1 nap m\u00falva lej\u00e1r.<\/p><h2 class=\"wp-block-heading\"><strong><span style=\"color: #ddaa33;\">Be\u00e1gyazott tartalom m\u00e1s webhelyekr\u0151l<\/span><\/strong><\/h2><p>Az oldalon tal\u00e1lhat\u00f3 cikkek tartalmazhatnak be\u00e1gyazott tartalmakat (pl. vide\u00f3kat, k\u00e9peket, cikkeket <span class=\"error-spellcheck\" data-word=\"stb\" data-suggestion=\"seb|stb.|tb|st\u00e1b|s tb\">stb<\/span>.).<\/p><p>A m\u00e1s webhelyekr\u0151l sz\u00e1rmaz\u00f3 be\u00e1gyazott tartalom ugyan\u00fagy viselkedik, mintha a l\u00e1togat\u00f3 megl\u00e1togatta volna a m\u00e1sik webhelyet.<\/p><p>Ezek a webhelyek adatokat gy\u0171jthetnek \u00d6nr\u0151l, cookie-kat haszn\u00e1lhatnak, tov\u00e1bbi harmadik f\u00e9lt\u0151l sz\u00e1rmaz\u00f3 nyomk\u00f6vet\u00e9st \u00e1gyazhatnak be, \u00e9s nyomon k\u00f6vethetik a be\u00e1gyazott tartalommal val\u00f3 interakci\u00f3j\u00e1t, bele\u00e9rtve a be\u00e1gyazott tartalommal val\u00f3 interakci\u00f3j\u00e1nak nyomon k\u00f6vet\u00e9s\u00e9t, ha \u00d6n rendelkezik fi\u00f3kkal \u00e9s be van jelentkezve az adott webhelyre.<\/p><h2 class=\"wp-block-heading\"><strong><span style=\"color: #ddaa33;\">Kivel osztjuk meg az \u00d6n adatait<\/span><\/strong><\/h2><p>Ha jelsz\u00f3-vissza\u00e1ll\u00edt\u00e1st k\u00e9r, az \u00d6n IP-c\u00edme szerepel a jelsz\u00f3-vissza\u00e1ll\u00edt\u00e1si e-mailben.<\/p><h2 class=\"wp-block-heading\"><strong><span style=\"color: #ddaa33;\">Mennyi ideig \u0151rizz\u00fck meg az \u00d6n adatait<\/span><\/strong><\/h2><p>Ha hozz\u00e1sz\u00f3l\u00e1st hagy, a hozz\u00e1sz\u00f3l\u00e1s \u00e9s annak metaadatai hat\u00e1rozatlan ideig megmaradnak.<\/p><p>Ez az\u00e9rt van, hogy automatikusan felismerj\u00fck \u00e9s j\u00f3v\u00e1hagyjuk a tov\u00e1bbi hozz\u00e1sz\u00f3l\u00e1sokat, ahelyett, hogy a moder\u00e1l\u00e1si sorban tartan\u00e1nk \u0151ket.<\/p><p>A weboldalunkon regisztr\u00e1l\u00f3 felhaszn\u00e1l\u00f3k eset\u00e9ben (ha vannak ilyenek) az \u00e1ltaluk megadott szem\u00e9lyes adatokat a felhaszn\u00e1l\u00f3i profiljukban is t\u00e1roljuk.<\/p><p>Minden felhaszn\u00e1l\u00f3 b\u00e1rmikor megtekintheti, szerkesztheti vagy t\u00f6r\u00f6lheti szem\u00e9lyes adatait (kiv\u00e9ve, hogy nem v\u00e1ltoztathatja meg a felhaszn\u00e1l\u00f3nev\u00e9t).<\/p><p>A weboldal adminisztr\u00e1torai is l\u00e1thatj\u00e1k \u00e9s szerkeszthetik ezeket az inform\u00e1ci\u00f3kat.<\/p><h2 class=\"wp-block-heading\"><strong><span style=\"color: #ddaa33;\">Milyen jogai vannak az adatai felett<\/span><\/strong><\/h2><p>Ha van fi\u00f3kja ezen az oldalon, vagy hozz\u00e1sz\u00f3l\u00e1sokat hagyott, k\u00e9rheti, hogy megkapja az \u00d6nr\u0151l t\u00e1rolt szem\u00e9lyes adatok export\u00e1lt f\u00e1jlj\u00e1t, bele\u00e9rtve az \u00d6n \u00e1ltal megadott adatokat is.<\/p><p>Azt is k\u00e9rheti, hogy t\u00f6r\u00f6lj\u00fck az \u00d6nr\u0151l t\u00e1rolt szem\u00e9lyes adatait.<\/p><p>Ez nem foglalja mag\u00e1ban azokat az adatokat, amelyeket adminisztrat\u00edv, jogi vagy biztons\u00e1gi okokb\u00f3l vagyunk k\u00f6telesek meg\u0151rizni.<\/p><h2 class=\"wp-block-heading\"><strong><span style=\"color: #ddaa33;\">Hov\u00e1 ker\u00fclnek az \u00d6n adatai<\/span><\/strong><\/h2><p>A l\u00e1togat\u00f3k hozz\u00e1sz\u00f3l\u00e1sait egy automatikus spam-felismer\u0151 szolg\u00e1ltat\u00e1s ellen\u0151rizheti.<\/p><h2 class=\"wp-block-heading\"><strong><span style=\"color: #ddaa33;\">Kapcsolattart\u00e1si adatok<\/span><\/strong><\/h2><p>A l\u00e1togat\u00f3k hozz\u00e1sz\u00f3l\u00e1sait egy automatikus spam-felismer\u0151 szolg\u00e1ltat\u00e1s ellen\u0151rizheti.<\/p><p>Ha b\u00e1rmilyen k\u00e9rd\u00e9se van jelen adatv\u00e9delmi szab\u00e1lyzattal kapcsolatban, vagy szeretn\u00e9 gyakorolni a szem\u00e9lyes adataihoz f\u0171z\u0151d\u0151 jogait, k\u00e9rj\u00fck, l\u00e9pjen vel\u00fcnk kapcsolatba az al\u00e1bbi el\u00e9rhet\u0151s\u00e9gen:<br \/>Email: service24@ttp.expert<\/p><h2 class=\"wp-block-heading\"><strong><span style=\"color: #ddaa33;\">Kapcsolattart\u00e1si adatok<\/span><\/strong><\/h2><p>Szem\u00e9lyes adatait az al\u00e1bbi jogalapok alapj\u00e1n kezelj\u00fck:<\/p><ul data-start=\"1415\" data-end=\"1664\"><li data-start=\"1415\" data-end=\"1490\"><p data-start=\"1417\" data-end=\"1490\"><strong data-start=\"1417\" data-end=\"1429\"><span class=\"sc-eDPEul fGsxle AT-ate-chip--compact ate-chip--marker  ate-chip ate-chip--compact ate-chip--marker\" data-segment=\"gid_0\" data-type=\"g\">Hozz\u00e1j\u00e1rul\u00e1s<\/span>:<\/strong> <span class=\"sc-eDPEul fGsxle AT-ate-chip--compact ate-chip--marker  ate-chip ate-chip--compact ate-chip--marker\" data-segment=\"gid_0\" data-type=\"g\">amikor azt kifejezetten megadja (p\u00e9ld\u00e1ul egy hozz\u00e1sz\u00f3l\u00e1s \u00edr\u00e1s\u00e1val).<\/span><\/p><\/li><li data-start=\"1491\" data-end=\"1569\"><p data-start=\"1493\" data-end=\"1569\"><strong data-start=\"1493\" data-end=\"1517\"><span class=\"sc-eDPEul fGsxle AT-ate-chip--compact ate-chip--marker  ate-chip ate-chip--compact ate-chip--marker\" data-segment=\"gid_0\" data-type=\"g\">Jogszer\u0171 \u00e9rdek:<\/span><\/strong> a weboldal biztons\u00e1g\u00e1nak biztos\u00edt\u00e1sa vagy szolg\u00e1ltat\u00e1saink fejleszt\u00e9se \u00e9rdek\u00e9ben.<\/p><\/li><li data-start=\"1570\" data-end=\"1664\"><p data-start=\"1572\" data-end=\"1664\"><strong data-start=\"1572\" data-end=\"1598\">Szerz\u0151d\u00e9s teljes\u00edt\u00e9s\u00e9hez sz\u00fcks\u00e9ges:<\/strong> <span class=\"sc-eDPEul fGsxle AT-ate-chip--compact ate-chip--marker  ate-chip ate-chip--compact ate-chip--marker\" data-segment=\"gid_0\" data-type=\"g\">ha regisztr\u00e1l, vagy olyan funkci\u00f3kat haszn\u00e1l, amelyek felhaszn\u00e1l\u00f3i azonos\u00edt\u00e1st ig\u00e9nyelnek.<\/span><\/p><\/li><\/ul><h2 class=\"wp-block-heading\"><strong><span style=\"color: #ddaa33;\">Nemzetk\u00f6zi adattov\u00e1bb\u00edt\u00e1sok<\/span><\/strong><\/h2><p>Egyes szolg\u00e1ltat\u00f3ink az Eur\u00f3pai Gazdas\u00e1gi T\u00e9rs\u00e9gen k\u00edv\u00fcl tal\u00e1lhat\u00f3k. Ilyen esetekben biztos\u00edtjuk, hogy adatai megfelel\u0151 v\u00e9delemben r\u00e9szes\u00fcljenek, p\u00e9ld\u00e1ul az illet\u00e9kes hat\u00f3s\u00e1gok \u00e1ltal j\u00f3v\u00e1hagyott szabv\u00e1nyos szerz\u0151d\u00e9si felt\u00e9telek vagy azokkal egyen\u00e9rt\u00e9k\u0171 mechanizmusok alkalmaz\u00e1s\u00e1val.<\/p><h2 class=\"wp-block-heading\"><strong><span style=\"color: #ddaa33;\">A jelen szab\u00e1lyzat m\u00f3dos\u00edt\u00e1sai<\/span><\/strong><\/h2><p>Fenntartjuk a jogot, hogy ezt az adatv\u00e9delmi szab\u00e1lyzatot b\u00e1rmikor friss\u00edts\u00fck. Minden v\u00e1ltoz\u00e1st ezen az oldalon tesz\u00fcnk k\u00f6zz\u00e9, \u00e9s amennyiben jelent\u0151s, \u00e9rtes\u00edtj\u00fck \u00d6nt r\u00f3la.<\/p><h2 class=\"wp-block-heading\">\u00a0<\/h2>\t\t\t\t\t\t\t\t<\/div>\n\t\t\t\t<\/div>\n\t\t\t\t\t<\/div>\n\t\t\t\t<\/div>\n\t\t\t\t<\/div>\n\t\t","protected":false},"excerpt":{"rendered":"<p>Megjegyz\u00e9sek Amikor a l\u00e1togat\u00f3k hozz\u00e1sz\u00f3l\u00e1sokat hagynak az oldalon, a spamek felder\u00edt\u00e9se \u00e9rdek\u00e9ben gy\u0171jtj\u00fck a hozz\u00e1sz\u00f3l\u00e1si \u0171rlapon megjelen\u0151 adatokat, valamint a l\u00e1togat\u00f3 IP-c\u00edm\u00e9t \u00e9s a b\u00f6ng\u00e9sz\u0151 user agent stringj\u00e9t. Az \u00d6n e-mail c\u00edm\u00e9b\u0151l l\u00e9trehozott anonimiz\u00e1lt karakterl\u00e1ncot (m\u00e1s n\u00e9ven hash) a Gravatar szolg\u00e1ltat\u00e1s megkaphatja, hogy l\u00e1ssa, haszn\u00e1lja-e azt. A Gravatar szolg\u00e1ltat\u00e1s adatv\u00e9delmi szab\u00e1lyzata itt \u00e9rhet\u0151 el: https:\/\/automattic.com\/privacy\/. &#8230; <a title=\"Adatv\u00e9delmi ir\u00e1nyelvek\" class=\"read-more\" href=\"https:\/\/ttp.expert\/hu\/adatvedelmi-iranyelvek\/\" aria-label=\"Read more about Adatv\u00e9delmi ir\u00e1nyelvek\">Olvass tov\u00e1bb<\/a><\/p>\n","protected":false},"author":1,"featured_media":0,"parent":0,"menu_order":0,"comment_status":"closed","ping_status":"open","template":"","meta":{"_joinchat":[],"footnotes":""},"class_list":["post-1456","page","type-page","status-publish"],"aioseo_notices":[],"_links":{"self":[{"href":"https:\/\/ttp.expert\/hu\/wp-json\/wp\/v2\/pages\/1456","targetHints":{"allow":["GET"]}}],"collection":[{"href":"https:\/\/ttp.expert\/hu\/wp-json\/wp\/v2\/pages"}],"about":[{"href":"https:\/\/ttp.expert\/hu\/wp-json\/wp\/v2\/types\/page"}],"author":[{"embeddable":true,"href":"https:\/\/ttp.expert\/hu\/wp-json\/wp\/v2\/users\/1"}],"replies":[{"embeddable":true,"href":"https:\/\/ttp.expert\/hu\/wp-json\/wp\/v2\/comments?post=1456"}],"version-history":[{"count":5,"href":"https:\/\/ttp.expert\/hu\/wp-json\/wp\/v2\/pages\/1456\/revisions"}],"predecessor-version":[{"id":14147,"href":"https:\/\/ttp.expert\/hu\/wp-json\/wp\/v2\/pages\/1456\/revisions\/14147"}],"wp:attachment":[{"href":"https:\/\/ttp.expert\/hu\/wp-json\/wp\/v2\/media?parent=1456"}],"curies":[{"name":"wp","href":"https:\/\/api.w.org\/{rel}","templated":true}]}}