{"id":16654,"date":"2025-05-12T08:55:32","date_gmt":"2025-05-12T08:55:32","guid":{"rendered":"https:\/\/ttp-expert.com\/analista-dati-e-project-manager\/"},"modified":"2025-09-11T13:09:35","modified_gmt":"2025-09-11T13:09:35","slug":"analista-dati-e-project-manager","status":"publish","type":"page","link":"https:\/\/ttp.expert\/it\/analista-dati-e-project-manager\/","title":{"rendered":"Analista dati e project manager"},"content":{"rendered":"\t\t<div data-elementor-type=\"wp-page\" data-elementor-id=\"16654\" class=\"elementor elementor-16654\" data-elementor-post-type=\"page\">\n\t\t\t\t<div class=\"elementor-element elementor-element-74ad67c e-flex e-con-boxed e-con e-parent\" data-id=\"74ad67c\" data-element_type=\"container\">\n\t\t\t\t\t<div class=\"e-con-inner\">\n\t\t<div class=\"elementor-element elementor-element-b4ba880 e-con-full e-flex e-con e-child\" data-id=\"b4ba880\" data-element_type=\"container\">\n\t\t<div class=\"elementor-element elementor-element-69ff3fe e-con-full e-flex e-con e-child\" data-id=\"69ff3fe\" data-element_type=\"container\">\n\t\t\t\t<div class=\"elementor-element elementor-element-bc7026c premium-header-inline elementor-invisible elementor-widget elementor-widget-premium-addon-dual-header\" data-id=\"bc7026c\" data-element_type=\"widget\" data-settings=\"{&quot;_animation&quot;:&quot;fadeInDown&quot;}\" data-widget_type=\"premium-addon-dual-header.default\">\n\t\t\t\t<div class=\"elementor-widget-container\">\n\t\t\t\t\t\r\n\t\t\t\t\t<h2 class=\"premium-dual-header-first-header \"><span class=\"premium-dual-header-first-span\">Analista dati e  <\/span><span class=\"premium-dual-header-second-header \">project manager<\/span><\/h2> \t\t\r\n\t\t\t\t\t\t<\/div>\n\t\t\t\t<\/div>\n\t\t\t\t<div class=\"elementor-element elementor-element-de8d321 elementor-widget-divider--view-line elementor-widget elementor-widget-divider\" data-id=\"de8d321\" data-element_type=\"widget\" data-widget_type=\"divider.default\">\n\t\t\t\t<div class=\"elementor-widget-container\">\n\t\t\t\t\t\t\t<div class=\"elementor-divider\">\n\t\t\t<span class=\"elementor-divider-separator\">\n\t\t\t\t\t\t<\/span>\n\t\t<\/div>\n\t\t\t\t\t\t<\/div>\n\t\t\t\t<\/div>\n\t\t\t\t<\/div>\n\t\t\t\t<\/div>\n\t\t\t\t<div class=\"elementor-element elementor-element-8b17bbd elementor-widget__width-inherit elementor-invisible elementor-widget elementor-widget-html\" data-id=\"8b17bbd\" data-element_type=\"widget\" data-settings=\"{&quot;_animation&quot;:&quot;fadeInLeft&quot;}\" data-widget_type=\"html.default\">\n\t\t\t\t<div class=\"elementor-widget-container\">\n\t\t\t\t\t\r\n<!DOCTYPE html>\r\n<html lang=\"es\">\r\n<head>\r\n    <meta charset=\"UTF-8\">\r\n    <meta name=\"viewport\" content=\"width=device-width, initial-scale=1.0\">\r\n    <title>Formulario de Aplicaci\u00f3n<\/title>\r\n    \r\n    <link href=\"https:\/\/fonts.googleapis.com\/css2?family=Montserrat:wght@400&display=swap\" rel=\"stylesheet\">\r\n\r\n    <style>\r\n        * {\r\n            margin: 0;\r\n            padding: 0;\r\n            box-sizing: border-box;\r\n            font-family: 'Montserrat', sans-serif;\r\n    font-weight: 400;\r\n        }\r\n        \r\n        body {\r\n            background-color: #f5f5f5;\r\n            color: #333;\r\n            line-height: 1.6;\r\n        }\r\n        \r\n        .container {\r\n            max-width: 1000px;\r\n            margin: 40px auto;\r\n            padding: 0px;\r\n            background-color: #fff;\r\n            border-radius: 8px;\r\n           \r\n        }\r\n        \r\n        .job-description {\r\n            border-bottom: 1px solid #e0e0e0;\r\n        }\r\n        \r\n        .job-title {\r\n            color: #DDAA33;\r\n            font-size: 28px;\r\n            margin-bottom: 15px;\r\n            font-weight: bold;\r\n        }\r\n        \r\n        .job-details {\r\n            margin-bottom: 20px;\r\n        }\r\n        \r\n        .job-details h3 {\r\n            font-size: 20px;\r\n            margin: 15px 0 10px;\r\n            color: #555;\r\n        }\r\n        \r\n        .job-details p, .job-details li {\r\n            margin-bottom: 10px;\r\n            font-size: 16px;\r\n        }\r\n        \r\n        .job-details ul {\r\n            padding-left: 20px;\r\n            margin-bottom: 15px;\r\n        }\r\n        \r\n        .application-form {\r\n            padding-top: 20px;\r\n        }\r\n        \r\n        .form-title {\r\n            font-size: 24px;\r\n            margin-bottom: 20px;\r\n            color: #333;\r\n        }\r\n        \r\n        .form-group {\r\n            margin-bottom: 20px;\r\n        }\r\n        \r\n        label {\r\n            display: block;\r\n            margin-bottom: 8px;\r\n\r\n            color: #555;\r\n             font-family: 'Montserrat', sans-serif;\r\n        }\r\n        \r\n        input, textarea {\r\n            width: 100%;\r\n            padding: 12px;\r\n            border: 1px solid #ddd;\r\n            border-radius: 4px;\r\n            font-size: 16px;\r\n            transition: border-color 0.3s;\r\n        }\r\n        \r\n        input:focus, textarea:focus {\r\n            border-color: #e6a700;\r\n            outline: none;\r\n        }\r\n        \r\n        textarea {\r\n            min-height: 150px;\r\n            resize: vertical;\r\n        }\r\n        \r\n        .file-upload {\r\n            position: relative;\r\n            overflow: hidden;\r\n            margin-top: 10px;\r\n            display: inline-block;\r\n        }\r\n        \r\n        .file-upload-label {\r\n            background-color: #f0f0f0;\r\n            color: #555;\r\n            border: 1px solid #ddd;\r\n            padding: 10px 20px;\r\n            border-radius: 4px;\r\n            cursor: pointer;\r\n            display: inline-block;\r\n            transition: all 0.3s;\r\n        }\r\n        \r\n        .file-upload-label:hover {\r\n            background-color: #e0e0e0;\r\n        }\r\n        \r\n        .file-name {\r\n            margin-left: 10px;\r\n            font-size: 14px;\r\n        }\r\n        \r\n        input[type=\"file\"] {\r\n            position: absolute;\r\n            left: 0;\r\n            top: 0;\r\n            opacity: 0;\r\n            cursor: pointer;\r\n            width: 100%;\r\n            height: 100%;\r\n        }\r\n        \r\n        .submit-btn {\r\n            background-color: #DDAA33;\r\n            color: black;\r\n            border: none;\r\n            padding: 5px 30px;\r\n            font-size: 14px;\r\n            border-radius: 40px;\r\n            cursor: pointer;\r\n            transition: background-color 0.3s;\r\n\r\n            margin-top: 10px;\r\n        }\r\n        \r\n        .submit-btn:hover {\r\n            background-color: #AB8635;\r\n             color: black;\r\n        }\r\n        \r\n        .required {\r\n            color: #e74c3c;\r\n        }\r\n        \r\n        @media (max-width: 768px) {\r\n            .container {\r\n                padding: 15px;\r\n                margin: 20px 10px;\r\n            }\r\n            \r\n            .job-title {\r\n                font-size: 24px;\r\n            }\r\n            \r\n            .form-title {\r\n                font-size: 20px;\r\n            }\r\n        }\r\n    <\/style>\r\n<\/head>\r\n<body>\r\n   <div class=\"container\">\r\n    <!-- Sezione di descrizione del posto -->\r\n    <div class=\"job-description\">\r\n        <h1 class=\"job-title\">Analista dati e Project Manager (m\/f)<\/h1>\r\n        \r\n        <div class=\"job-details\">\r\n            <p>In linea con la sua strategia di consolidamento e crescita, Truck & Trail Performance, azienda internazionale specializzata nell'assistenza stradale per veicoli da trasporto, sta cercando un analista dati e project manager per la sua sede di Carnaxide. Le principali responsabilit\u00e0 includeranno l'analisi e la trasformazione dei dati, lo sviluppo e l'implementazione di Power BI, nonch\u00e9 il processo decisionale nell'ottimizzazione e nello sviluppo continui del principale software di gestione dell'azienda.<\/p>\r\n            \r\n            <h3>Descrizione del lavoro:<\/h3>\r\n            <ul>\r\n                <li>Analizzare e convalidare i dati, preparare report e dashboard operativi.<\/li>\r\n                <li>Estrazione e traduzione dei dati aziendali in dati statistici.<\/li>\r\n                <li>Sviluppare politiche e processi per la raccolta e l'analisi dei dati.<\/li>\r\n                <li>Sintetizzare le informazioni per renderle accessibili alla rete di partner e utenti.<\/li>\r\n                <li>Fornire supporto, formazione e assistenza agli utenti per un uso efficace delle soluzioni BI.<\/li>\r\n                <li>Consigliare miglioramenti relativi alle soluzioni proposte\/implementate, con l'obiettivo di integrarli nel processo ETL.<\/li>\r\n                <li>Documentare i processi operativi.<\/li>\r\n                <li>Creare specifiche tecniche dettagliate per le soluzioni da sviluppare e implementare nel principale software di gestione dell'azienda.<\/li>\r\n                <li>Fornire input sulla revisione della progettazione e del codice, sulla documentazione e sull'implementazione di metodologie di produttivit\u00e0.<\/li>\r\n                <li>Monitorare, dare priorit\u00e0 e convalidare il lavoro del team di sviluppo.<\/li>\r\n                <li>Condurre test di accettazione da parte degli utenti per garantire che le soluzioni e gli sviluppi implementati soddisfino le esigenze degli utenti in modo accurato, efficiente ed efficace.<\/li>\r\n            <\/ul>\r\n            \r\n            <h3>Requisiti:<\/h3>\r\n            <ul>\r\n                <li>Formazione accademica o studi in Ingegneria Informatica, Statistica Applicata, Matematica o altro campo pertinente.<\/li>\r\n                <li>\u00c8 gradita una formazione in Business Intelligence, Analisi dei dati o un campo simile.<\/li>\r\n                <li>Da 1 a 3 anni di esperienza nello sviluppo di dashboard, KPI e processi ETL.<\/li>\r\n                <li>Esperienza con ambienti Microsoft e relative soluzioni BI, Big Data, analisi dei dati, machine learning e AI.<\/li>\r\n                <li>Competenza nell'uso degli strumenti IT (Microsoft Office), in particolare Word, PowerPoint ed Excel, con una solida conoscenza delle formule, delle tabelle pivot e del VBA (preferibile).<\/li>\r\n                <li>Conoscenza di SQL e strumenti di analisi dei dati come Power BI, Tableau, ecc. (preferibile).<\/li>\r\n                <li>Esperienza nella generazione di report e nella rendicontazione.<\/li>\r\n                <li>Esperienza nell'analisi e nello sviluppo di soluzioni aziendali e nella gestione di progetti.<\/li>\r\n                <li>Esperienza nei processi di raccolta dei requisiti.<\/li>\r\n                <li>Esperienza nella creazione di documentazione funzionale e flussi di processo.<\/li>\r\n                <li>Spiccate capacit\u00e0 analitiche, con la capacit\u00e0 di identificare e risolvere problemi e opportunit\u00e0 di miglioramento, dimostrando pensiero critico, precisione e attenzione ai dettagli.<\/li>\r\n                <li>Ottime capacit\u00e0 di comunicazione e negoziazione con i clienti interni e i team di supporto, con una mentalit\u00e0 orientata al cliente.<\/li>\r\n                <li>Buona padronanza dell'inglese parlato e scritto (obbligatorio).<\/li>\r\n                <li>Forte senso di responsabilit\u00e0, con buone capacit\u00e0 organizzative e di pianificazione.<\/li>\r\n                <li>Buona gestione del tempo, capacit\u00e0 di stabilire le priorit\u00e0 e attenzione al raggiungimento degli obiettivi e delle scadenze.<\/li>\r\n                <li>Apprezza il lavoro di squadra ed \u00e8 in grado di adattarsi a un ambiente multiculturale.<\/li>\r\n                <li>Profilo autonomo, dinamico e proattivo.<\/li>\r\n            <\/ul>\r\n            \r\n            <h3>Condizioni:<\/h3>\r\n            <ul>\r\n                <li>Contratto di lavoro a tempo indeterminato con l'azienda.<\/li>\r\n                <li>Integrazione in un progetto su larga scala.<\/li>\r\n                <li>Pacchetto retributivo interessante basato sull'esperienza dimostrata e soggetto ad approvazione in una valutazione tecnica.<\/li>\r\n            <\/ul>\r\n        <\/div>\r\n    <\/div>\r\n<\/div>\r\n\r\n\r\n<\/body>\r\n<\/html>\t\t\t\t<\/div>\n\t\t\t\t<\/div>\n\t\t\t\t<div class=\"elementor-element elementor-element-ae5dc62 elementor-widget__width-initial elementor-widget elementor-widget-shortcode\" data-id=\"ae5dc62\" data-element_type=\"widget\" data-widget_type=\"shortcode.default\">\n\t\t\t\t<div class=\"elementor-widget-container\">\n\t\t\t\t\t\t\t<div class=\"elementor-shortcode\">\n<div class=\"wpcf7 no-js\" id=\"wpcf7-f11038-o1\" lang=\"en-US\" dir=\"ltr\" data-wpcf7-id=\"11038\">\n<div class=\"screen-reader-response\"><p role=\"status\" aria-live=\"polite\" aria-atomic=\"true\"><\/p> <ul><\/ul><\/div>\n<form action=\"\/it\/wp-json\/wp\/v2\/pages\/16654#wpcf7-f11038-o1\" method=\"post\" class=\"wpcf7-form init\" aria-label=\"Contact form\" enctype=\"multipart\/form-data\" novalidate=\"novalidate\" data-status=\"init\">\n<div style=\"display: none;\">\n<input type=\"hidden\" name=\"_wpcf7\" value=\"11038\" \/>\n<input type=\"hidden\" name=\"_wpcf7_version\" value=\"6.0.3\" \/>\n<input type=\"hidden\" name=\"_wpcf7_locale\" value=\"en_US\" \/>\n<input type=\"hidden\" name=\"_wpcf7_unit_tag\" value=\"wpcf7-f11038-o1\" \/>\n<input type=\"hidden\" name=\"_wpcf7_container_post\" value=\"0\" \/>\n<input type=\"hidden\" name=\"_wpcf7_posted_data_hash\" value=\"\" \/>\n<\/div>\n<p><br \/>\n<label> Name<br \/>\n<span class=\"wpcf7-form-control-wrap\" data-name=\"your-name\"><input size=\"40\" maxlength=\"400\" class=\"wpcf7-form-control wpcf7-text wpcf7-validates-as-required\" aria-required=\"true\" aria-invalid=\"false\" placeholder=\"Your full name\" value=\"\" type=\"text\" name=\"your-name\" \/><\/span><br \/>\n<\/label>\n<\/p>\n<p><br \/>\n<label> Email<br \/>\n<span class=\"wpcf7-form-control-wrap\" data-name=\"your-email\"><input size=\"40\" maxlength=\"400\" class=\"wpcf7-form-control wpcf7-email wpcf7-validates-as-required wpcf7-text wpcf7-validates-as-email\" aria-required=\"true\" aria-invalid=\"false\" placeholder=\"Your email address\" value=\"\" type=\"email\" name=\"your-email\" \/><\/span><br \/>\n<\/label>\n<\/p>\n<p><br \/>\n<label> Phone<br \/>\n<span class=\"wpcf7-form-control-wrap\" data-name=\"your-phone\"><input size=\"40\" maxlength=\"400\" class=\"wpcf7-form-control wpcf7-tel wpcf7-validates-as-required wpcf7-text wpcf7-validates-as-tel\" aria-required=\"true\" aria-invalid=\"false\" placeholder=\"Your phone number\" value=\"\" type=\"tel\" name=\"your-phone\" \/><\/span><br \/>\n<\/label>\n<\/p>\n<p class=\"cv-upload-wrapper\"><br \/>\n<label for=\"your-cv-input\" class=\"cv-upload-label\">Attach CV (PDF, DOC, DOCX)<\/label><br \/>\n<span class=\"wpcf7-form-control-wrap\" data-name=\"your-cv\"><input size=\"40\" class=\"wpcf7-form-control wpcf7-file wpcf7-validates-as-required cv-input\" id=\"your-cv-input\" accept=\".pdf,.doc,.docx\" aria-required=\"true\" aria-invalid=\"false\" type=\"file\" name=\"your-cv\" \/><\/span><br \/>\n<span class=\"cv-file-name\">No file selected<\/span>\n<\/p>\n<p><br \/>\n<input class=\"wpcf7-form-control wpcf7-submit has-spinner\" type=\"submit\" value=\"Submit Application\" \/>\n<\/p>\n<input class=\"wpcf7-form-control wpcf7-hidden\" value=\"\" type=\"hidden\" name=\"page-url\" \/><div class=\"wpcf7-response-output\" aria-hidden=\"true\"><\/div>\n<\/form>\n<\/div>\n\n<\/div>\n\t\t\t\t\t\t<\/div>\n\t\t\t\t<\/div>\n\t\t\t\t<div class=\"elementor-element elementor-element-649e6bd elementor-widget elementor-widget-html\" data-id=\"649e6bd\" data-element_type=\"widget\" data-widget_type=\"html.default\">\n\t\t\t\t<div class=\"elementor-widget-container\">\n\t\t\t\t\t<script>\r\n  document.addEventListener('DOMContentLoaded', function () {\r\n    const fileInput = document.querySelector('#your-cv-input');\r\n    const fileNameDisplay = document.querySelector('.cv-file-name');\r\n\r\n    if (fileInput) {\r\n      fileInput.addEventListener('change', function () {\r\n        if (fileInput.files.length > 0) {\r\n          const fileName = fileInput.files[0].name;\r\n          fileNameDisplay.innerHTML = `${fileName} <span class=\"remove-file\" style=\"margin-left: 10px; color: red; cursor: pointer;\">Remove<\/span>`;\r\n\r\n          const removeBtn = fileNameDisplay.querySelector('.remove-file');\r\n          removeBtn.addEventListener('click', function () {\r\n            fileInput.value = '';\r\n            fileNameDisplay.textContent = 'No file selected';\r\n          });\r\n        } else {\r\n          fileNameDisplay.textContent = 'No file selected';\r\n        }\r\n      });\r\n    }\r\n  });\r\n<\/script>\r\n\t\t\t\t<\/div>\n\t\t\t\t<\/div>\n\t\t\t\t\t<\/div>\n\t\t\t\t<\/div>\n\t\t\t\t<\/div>\n\t\t","protected":false},"excerpt":{"rendered":"<p>Analista dati e project manager Formulario de Aplicaci\u00f3n Analista dati e Project Manager (m\/f) In linea con la sua strategia di consolidamento e crescita, Truck &#038; Trail Performance, azienda internazionale specializzata nell&#8217;assistenza stradale per veicoli da trasporto, sta cercando un analista dati e project manager per la sua sede di Carnaxide. Le principali responsabilit\u00e0 includeranno &#8230; <a title=\"Analista dati e project manager\" class=\"read-more\" href=\"https:\/\/ttp.expert\/it\/analista-dati-e-project-manager\/\" aria-label=\"Per saperne di pi\u00f9 su Analista dati e project manager\">Leggi tutto<\/a><\/p>\n","protected":false},"author":1,"featured_media":0,"parent":0,"menu_order":0,"comment_status":"closed","ping_status":"closed","template":"","meta":{"_joinchat":[],"footnotes":""},"class_list":["post-16654","page","type-page","status-publish"],"aioseo_notices":[],"_links":{"self":[{"href":"https:\/\/ttp.expert\/it\/wp-json\/wp\/v2\/pages\/16654","targetHints":{"allow":["GET"]}}],"collection":[{"href":"https:\/\/ttp.expert\/it\/wp-json\/wp\/v2\/pages"}],"about":[{"href":"https:\/\/ttp.expert\/it\/wp-json\/wp\/v2\/types\/page"}],"author":[{"embeddable":true,"href":"https:\/\/ttp.expert\/it\/wp-json\/wp\/v2\/users\/1"}],"replies":[{"embeddable":true,"href":"https:\/\/ttp.expert\/it\/wp-json\/wp\/v2\/comments?post=16654"}],"version-history":[{"count":3,"href":"https:\/\/ttp.expert\/it\/wp-json\/wp\/v2\/pages\/16654\/revisions"}],"predecessor-version":[{"id":16658,"href":"https:\/\/ttp.expert\/it\/wp-json\/wp\/v2\/pages\/16654\/revisions\/16658"}],"wp:attachment":[{"href":"https:\/\/ttp.expert\/it\/wp-json\/wp\/v2\/media?parent=16654"}],"curies":[{"name":"wp","href":"https:\/\/api.w.org\/{rel}","templated":true}]}}