{"id":16939,"date":"2024-06-06T19:25:58","date_gmt":"2024-06-06T19:25:58","guid":{"rendered":"https:\/\/ttp-expert.com\/dateschutzbestemmungen\/"},"modified":"2025-09-12T12:13:49","modified_gmt":"2025-09-12T12:13:49","slug":"dateschutzbestemmungen","status":"publish","type":"page","link":"https:\/\/ttp.expert\/lb\/dateschutzbestemmungen\/","title":{"rendered":"Dateschutzbest\u00ebmmungen"},"content":{"rendered":"\t\t<div data-elementor-type=\"wp-page\" data-elementor-id=\"16939\" class=\"elementor elementor-16939\" data-elementor-post-type=\"page\">\n\t\t\t\t<div class=\"elementor-element elementor-element-690ff084 e-flex e-con-boxed e-con e-parent\" data-id=\"690ff084\" data-element_type=\"container\">\n\t\t\t\t\t<div class=\"e-con-inner\">\n\t\t\t\t<div class=\"elementor-element elementor-element-312a9b79 elementor-widget elementor-widget-text-editor\" data-id=\"312a9b79\" data-element_type=\"widget\" data-widget_type=\"text-editor.default\">\n\t\t\t\t<div class=\"elementor-widget-container\">\n\t\t\t\t\t\t\t\t\t<h2 class=\"wp-block-heading\"><strong><span style=\"color: #ddaa33;\">Kommentarer<\/span><\/strong><\/h2>\n<p>Wa Visiteure Kommentarer op der S\u00e4it hannerloossen, sammele mir d&#8217;Donn\u00e9e\u00ebn, d\u00e9i am Kommentarformular ugewise ginn, souw\u00e9i d&#8217;IP-Adress vum Visiteur an de Browser-User-Agent-String, fir d&#8217;Spam-Detektioun z\u2019assist\u00e9ieren.<\/p>\n<p>En anonymis\u00e9ierte String, deen aus \u00c4rer E-Mailadress erstallt g\u00ebtt (och Hash genannt), kann dem Gravatar-Service weidergi ginn, fir ze best\u00ebmmen, ob Dir e benotzt. D&#8217;Dateschutzbest\u00ebmmunge vum Gravatar-Service fannt Dir hei: <a href=\"https:\/\/automattic.com\/privacy\/\" target=\"_blank\" rel=\"noopener\">https:\/\/automattic.com\/privacy\/<\/a>. Nodeems \u00c4re Kommentar ugeholl gouf, ass \u00c4ert Profilbild am Kontext vun \u00c4rem Kommentar \u00ebffentlech sichtbar.<\/p>\n\n<h2 class=\"wp-block-heading\"><strong><span style=\"color: #ddaa33;\">Medien<\/span><\/strong><\/h2>\n<p>Wann Dir Biller op d&#8217;Webs\u00e4it eropluet, sollt Dir vermeiden, Biller mat integr\u00e9ierte Standuertdaten (EXIF GPS) eropzelueden. Visiteure vun der Webs\u00e4it k\u00ebnnen all Standuertdaten aus de Biller op der Webs\u00e4it eroflueden an extrah\u00e9ieren.<\/p>\n\n<h2 class=\"wp-block-heading\"><strong><span style=\"color: #ddaa33;\">Cookien<\/span><\/strong><\/h2>\n<p>Wann Dir e Kommentar op eiser S\u00e4it hannerloosst, k\u00ebnnt Dir Iech dofir entscheeden, \u00c4ren Numm, \u00c4r E-Mailadress an \u00c4r Webs\u00e4it an de Cookien ze sp\u00e4icheren. D\u00ebs sinn n\u00ebmme fir \u00c4re Komfort, sou datt Dir \u00c4r Donn\u00e9e\u00ebn net nach eng K\u00e9ier agi musst, wann Dir en anere Kommentar hannerloosst. D\u00ebs Cooki\u00eb bleiwen ee Joer laang g\u00eblteg.<\/p>\n<p>Wann Dir eis Login-S\u00e4it besicht, sp\u00e4ichere mir en tempor\u00e4re Cookie fir ze best\u00ebmmen, ob \u00c4re Browser Cookien akzept\u00e9iert. D\u00ebse Cookie enth\u00e4lt keng pers\u00e9inlech Donn\u00e9e\u00ebn a g\u00ebtt gel\u00e4scht, wann Dir \u00c4re Browser zoumaacht.<\/p>\n<p>Wann Dir Iech umellt, sp\u00e4ichere mir och verschidde Cooki\u00eb fir \u00c4r Logininformatiounen an \u00c4r Bildschirmastellungen ze sp\u00e4icheren. Login-Cookien sinn zwee Deeg g\u00eblteg, a Cooki\u00eb fir Bildschirmastellungen ee Joer. Wann Dir \u201eU mech er\u00ebnneren\u201c auswielt, bleift \u00c4re Login zwou Woche bestoen. Wann Dir Iech aus \u00c4rem Kont ofmellt, ginn d&#8217;Login-Cooki\u00eb gel\u00e4scht.<\/p>\n<p>Wann Dir en Artikel \u00e4nnert oder publiz\u00e9iert, g\u00ebtt en zous\u00e4tzleche Cookie an \u00c4rem Browser gesp\u00e4ichert. D\u00ebse Cookie enth\u00e4lt keng pers\u00e9inlech Donn\u00e9e\u00ebn a weist einfach d&#8217;Post-ID vum Artikel un, deen Dir grad ge\u00e4nnert hutt. E leeft no 1 Dag of.<\/p>\n\n<h2 class=\"wp-block-heading\"><strong><span style=\"color: #ddaa33;\">Integr\u00e9ierten Inhalt vun anere Webs\u00e4iten<\/span><\/strong><\/h2>\n<p>Artikelen op d\u00ebser S\u00e4it k\u00ebnnen integr\u00e9iert Inhalter enthalen (z.&nbsp;B. Videoen, Biller, Artikelen, asw.). Integr\u00e9iert Inhalter vun anere Webs\u00e4ite verhale sech genee sou, w\u00e9i wann de Besucher d\u00e9i aner Webs\u00e4it besicht h\u00e4tt.<\/p>\n<p>D\u00ebs Webs\u00e4ite k\u00ebnnen Donn\u00e9e\u00ebn iwwer Iech sammelen, Cooki\u00eb benotzen, zous\u00e4tzlech Tracking vun Dr\u00ebttpersounen integr\u00e9ieren an \u00c4r Interaktioun mat deem integr\u00e9ierten Inhalt iwwerwaachen, dor\u00ebnner d&#8217;Verfollegung vun \u00c4rer Interaktioun mam integr\u00e9ierten Inhalt, wann Dir e Kont hutt a bei d\u00e4r Webs\u00e4it ageloggt sidd.<\/p>\n\n<h2 class=\"wp-block-heading\"><strong><span style=\"color: #ddaa33;\">Mat wiem mir \u00c4r Donn\u00e9e\u00ebn deelen<\/span><\/strong><\/h2>\n<p>Wann Dir e Passwuert-Reset ufrot, g\u00ebtt \u00c4r IP-Adress an der E-Mail mat abegraff.<\/p>\n\n<h2 class=\"wp-block-heading\"><strong><span style=\"color: #ddaa33;\">W\u00e9i laang mir \u00c4r Donn\u00e9e\u00eb sp\u00e4icheren<\/span><\/strong><\/h2>\n<p>Wann Dir e Kommentar hannerloosst, ginn de Kommentar a seng Metadaten op onbest\u00ebmmter Z\u00e4it gesp\u00e4ichert. D\u00ebst ass, fir datt mir all weider Kommentarer automatesch erkennen a k\u00ebnne ugeholl ginn, anstatt se an enger Moderatiounsschlaang ze sp\u00e4icheren.<\/p>\n<p>Fir Benotzer, d\u00e9i sech op eiser Webs\u00e4it umellen (wann iwwerhaapt), sp\u00e4ichere mir och d\u00e9i pers\u00e9inlech Informatiounen, d\u00e9i se uginn, an hirem Benotzerprofil. All Benotzer k\u00ebnnen hir pers\u00e9inlech Informatiounen zu all Moment gesinn, \u00e4nneren oder l\u00e4schen (ausser datt se hire Benotzernumm net \u00e4nnere k\u00ebnnen). Webs\u00e4it-Administrateure k\u00ebnnen d\u00ebs Informatiounen och gesinn an \u00e4nneren.<\/p>\n\n<h2 class=\"wp-block-heading\"><strong><span style=\"color: #ddaa33;\">W\u00e9i eng Rechter hutt Dir iwwer \u00c4r Donn\u00e9e\u00ebn<\/span><\/strong><\/h2>\n<p>Wann Dir e Kont op d\u00ebser S\u00e4it hutt oder Kommentarer hannerlooss hutt, k\u00ebnnt Dir ufroen, eng export\u00e9iert Datei vun de pers\u00e9inlechen Donn\u00e9e\u00ebn ze kr\u00e9ien, d\u00e9i mir iwwer Iech sp\u00e4icheren, inklusiv all Donn\u00e9e\u00ebn, d\u00e9i Dir eis zur Verf\u00fcgung gestallt hutt. Dir k\u00ebnnt och ufroen, datt mir all pers\u00e9inlech Donn\u00e9e\u00eb l\u00e4schen, d\u00e9i mir iwwer Iech sp\u00e4icheren. D\u00ebst schl\u00e9isst keng Donn\u00e9e\u00ebn an, d\u00e9i mir aus administrativen, juristeschen oder S\u00e9cherheetsgr\u00ebnn musse sp\u00e4icheren.<\/p>\n\n<h2 class=\"wp-block-heading\"><strong><span style=\"color: #ddaa33;\">Wou \u00c4r Donn\u00e9e\u00eb gesch\u00e9ckt ginn<\/span><\/strong><\/h2>\n<p>D&#8217;Kommentare vun de Visiteure k\u00ebnnen iwwer en automatis\u00e9ierte Spam-Detektiounsservice iwwerpr\u00e9ift ginn.<\/p>\n\n<h2 class=\"wp-block-heading\"><strong><span style=\"color: #ddaa33;\">Kontaktinformatiounen<\/span><\/strong><\/h2>\n<p>Wann Dir Froen zu d\u00ebser Dateschutzpolitik hutt oder \u00c4r Rechter betreffend \u00c4r pers\u00e9inlech Donn\u00e9e\u00ebn aus\u00fcbe w\u00ebllt, k\u00ebnnt Dir eis kontakt\u00e9ieren \u00ebnnert:<br>\nE-Mail: <a href=\"mailto:service24@ttp.expert\">service24@ttp.expert<\/a><\/p>\n\n<h2 class=\"wp-block-heading\"><strong><span style=\"color: #ddaa33;\">Rechtsgrondlagen fir d&#8217;Veraarbechtung<\/span><\/strong><\/h2>\n<ul>\n  <li><strong>Zoust\u00ebmmung:<\/strong> wann Dir se explizit gitt (z.&nbsp;B. andeems Dir e Kommentar hannerloosst).<\/li>\n  <li><strong>Legitime Interesse:<\/strong> fir d&#8217;S\u00e9cherheet vun der Webs\u00e4it ze garant\u00e9ieren oder eis Servicer ze verbesseren.<\/li>\n  <li><strong>Vertraglech Noutwennegkeet:<\/strong> wann Dir Iech umellt oder Funktioune benotzt, d\u00e9i d&#8217;Benotzeridentifikatioun erfuerderen.<\/li>\n<\/ul>\n\n<h2 class=\"wp-block-heading\"><strong><span style=\"color: #ddaa33;\">International Dateniwwerdroungen<\/span><\/strong><\/h2>\n<p>E puer vun eisen D\u00e9ngschtleeschter k\u00ebnnen ausserhalb vum Europ\u00e4esche Wirtschaftsraum etabl\u00e9iert sinn. An esou F\u00e4ll suerge mir dofir, datt \u00c4r Donn\u00e9e\u00ebn duerch Standardvertragsklauselen oder gl\u00e4ichw\u00e4erteg Mechanisme gesch\u00fctzt sinn, d\u00e9i vun den zoust\u00e4nnegen Autorit\u00e9ite ugeholl goufen.<\/p>\n\n<h2 class=\"wp-block-heading\"><strong><span style=\"color: #ddaa33;\">\u00c4nnerungen un d\u00ebser Politik<\/span><\/strong><\/h2>\n<p>Mir behalen eis d&#8217;Recht vir, d\u00ebs Dateschutzpolitik zu all Moment z&#8217;aktualis\u00e9ieren. All \u00c4nnerunge ginn op d\u00ebser S\u00e4it publiz\u00e9iert a wa se bedeitend sinn, inform\u00e9iere mir Iech deementspriechend.<\/p>\n\t\t\t\t\t\t\t\t<\/div>\n\t\t\t\t<\/div>\n\t\t\t\t\t<\/div>\n\t\t\t\t<\/div>\n\t\t\t\t<\/div>\n\t\t","protected":false},"excerpt":{"rendered":"<p>Kommentarer Wa Visiteure Kommentarer op der S\u00e4it hannerloossen, sammele mir d&#8217;Donn\u00e9e\u00ebn, d\u00e9i am Kommentarformular ugewise ginn, souw\u00e9i d&#8217;IP-Adress vum Visiteur an de Browser-User-Agent-String, fir d&#8217;Spam-Detektioun z\u2019assist\u00e9ieren. En anonymis\u00e9ierte String, deen aus \u00c4rer E-Mailadress erstallt g\u00ebtt (och Hash genannt), kann dem Gravatar-Service weidergi ginn, fir ze best\u00ebmmen, ob Dir e benotzt. D&#8217;Dateschutzbest\u00ebmmunge vum Gravatar-Service fannt Dir &#8230; <a title=\"Dateschutzbest\u00ebmmungen\" class=\"read-more\" href=\"https:\/\/ttp.expert\/lb\/dateschutzbestemmungen\/\" aria-label=\"Read more about Dateschutzbest\u00ebmmungen\">Read more<\/a><\/p>\n","protected":false},"author":1,"featured_media":0,"parent":0,"menu_order":0,"comment_status":"closed","ping_status":"open","template":"","meta":{"_joinchat":[],"footnotes":""},"class_list":["post-16939","page","type-page","status-publish"],"aioseo_notices":[],"_links":{"self":[{"href":"https:\/\/ttp.expert\/lb\/wp-json\/wp\/v2\/pages\/16939","targetHints":{"allow":["GET"]}}],"collection":[{"href":"https:\/\/ttp.expert\/lb\/wp-json\/wp\/v2\/pages"}],"about":[{"href":"https:\/\/ttp.expert\/lb\/wp-json\/wp\/v2\/types\/page"}],"author":[{"embeddable":true,"href":"https:\/\/ttp.expert\/lb\/wp-json\/wp\/v2\/users\/1"}],"replies":[{"embeddable":true,"href":"https:\/\/ttp.expert\/lb\/wp-json\/wp\/v2\/comments?post=16939"}],"version-history":[{"count":3,"href":"https:\/\/ttp.expert\/lb\/wp-json\/wp\/v2\/pages\/16939\/revisions"}],"predecessor-version":[{"id":16943,"href":"https:\/\/ttp.expert\/lb\/wp-json\/wp\/v2\/pages\/16939\/revisions\/16943"}],"wp:attachment":[{"href":"https:\/\/ttp.expert\/lb\/wp-json\/wp\/v2\/media?parent=16939"}],"curies":[{"name":"wp","href":"https:\/\/api.w.org\/{rel}","templated":true}]}}