{"id":16944,"date":"2025-05-12T08:55:32","date_gmt":"2025-05-12T08:55:32","guid":{"rendered":"https:\/\/ttp-expert.com\/datenanalyst-project-manager\/"},"modified":"2025-09-12T12:23:25","modified_gmt":"2025-09-12T12:23:25","slug":"datenanalyst-project-manager","status":"publish","type":"page","link":"https:\/\/ttp.expert\/lb\/datenanalyst-project-manager\/","title":{"rendered":"Datenanalyst &amp; Project Manager"},"content":{"rendered":"\t\t<div data-elementor-type=\"wp-page\" data-elementor-id=\"16944\" class=\"elementor elementor-16944\" data-elementor-post-type=\"page\">\n\t\t\t\t<div class=\"elementor-element elementor-element-74ad67c e-flex e-con-boxed e-con e-parent\" data-id=\"74ad67c\" data-element_type=\"container\">\n\t\t\t\t\t<div class=\"e-con-inner\">\n\t\t<div class=\"elementor-element elementor-element-b4ba880 e-con-full e-flex e-con e-child\" data-id=\"b4ba880\" data-element_type=\"container\">\n\t\t<div class=\"elementor-element elementor-element-69ff3fe e-con-full e-flex e-con e-child\" data-id=\"69ff3fe\" data-element_type=\"container\">\n\t\t\t\t<div class=\"elementor-element elementor-element-bc7026c premium-header-inline elementor-invisible elementor-widget elementor-widget-premium-addon-dual-header\" data-id=\"bc7026c\" data-element_type=\"widget\" data-settings=\"{&quot;_animation&quot;:&quot;fadeInDown&quot;}\" data-widget_type=\"premium-addon-dual-header.default\">\n\t\t\t\t<div class=\"elementor-widget-container\">\n\t\t\t\t\t\r\n\t\t\t\t\t<h2 class=\"premium-dual-header-first-header \"><span class=\"premium-dual-header-first-span\">Datenanalyst &amp;  <\/span><span class=\"premium-dual-header-second-header \">Project Manager<\/span><\/h2> \t\t\r\n\t\t\t\t\t\t<\/div>\n\t\t\t\t<\/div>\n\t\t\t\t<div class=\"elementor-element elementor-element-de8d321 elementor-widget-divider--view-line elementor-widget elementor-widget-divider\" data-id=\"de8d321\" data-element_type=\"widget\" data-widget_type=\"divider.default\">\n\t\t\t\t<div class=\"elementor-widget-container\">\n\t\t\t\t\t\t\t<div class=\"elementor-divider\">\n\t\t\t<span class=\"elementor-divider-separator\">\n\t\t\t\t\t\t<\/span>\n\t\t<\/div>\n\t\t\t\t\t\t<\/div>\n\t\t\t\t<\/div>\n\t\t\t\t<\/div>\n\t\t\t\t<\/div>\n\t\t\t\t<div class=\"elementor-element elementor-element-8b17bbd elementor-widget__width-inherit elementor-invisible elementor-widget elementor-widget-html\" data-id=\"8b17bbd\" data-element_type=\"widget\" data-settings=\"{&quot;_animation&quot;:&quot;fadeInLeft&quot;}\" data-widget_type=\"html.default\">\n\t\t\t\t<div class=\"elementor-widget-container\">\n\t\t\t\t\t\r\n<!DOCTYPE html>\r\n<html lang=\"es\">\r\n<head>\r\n    <meta charset=\"UTF-8\">\r\n    <meta name=\"viewport\" content=\"width=device-width, initial-scale=1.0\">\r\n    <title>Formulario de Aplicaci\u00f3n<\/title>\r\n    \r\n    <link href=\"https:\/\/fonts.googleapis.com\/css2?family=Montserrat:wght@400&display=swap\" rel=\"stylesheet\">\r\n\r\n    <style>\r\n        * {\r\n            margin: 0;\r\n            padding: 0;\r\n            box-sizing: border-box;\r\n            font-family: 'Montserrat', sans-serif;\r\n    font-weight: 400;\r\n        }\r\n        \r\n        body {\r\n            background-color: #f5f5f5;\r\n            color: #333;\r\n            line-height: 1.6;\r\n        }\r\n        \r\n        .container {\r\n            max-width: 1000px;\r\n            margin: 40px auto;\r\n            padding: 0px;\r\n            background-color: #fff;\r\n            border-radius: 8px;\r\n           \r\n        }\r\n        \r\n        .job-description {\r\n            border-bottom: 1px solid #e0e0e0;\r\n        }\r\n        \r\n        .job-title {\r\n            color: #DDAA33;\r\n            font-size: 28px;\r\n            margin-bottom: 15px;\r\n            font-weight: bold;\r\n        }\r\n        \r\n        .job-details {\r\n            margin-bottom: 20px;\r\n        }\r\n        \r\n        .job-details h3 {\r\n            font-size: 20px;\r\n            margin: 15px 0 10px;\r\n            color: #555;\r\n        }\r\n        \r\n        .job-details p, .job-details li {\r\n            margin-bottom: 10px;\r\n            font-size: 16px;\r\n        }\r\n        \r\n        .job-details ul {\r\n            padding-left: 20px;\r\n            margin-bottom: 15px;\r\n        }\r\n        \r\n        .application-form {\r\n            padding-top: 20px;\r\n        }\r\n        \r\n        .form-title {\r\n            font-size: 24px;\r\n            margin-bottom: 20px;\r\n            color: #333;\r\n        }\r\n        \r\n        .form-group {\r\n            margin-bottom: 20px;\r\n        }\r\n        \r\n        label {\r\n            display: block;\r\n            margin-bottom: 8px;\r\n\r\n            color: #555;\r\n             font-family: 'Montserrat', sans-serif;\r\n        }\r\n        \r\n        input, textarea {\r\n            width: 100%;\r\n            padding: 12px;\r\n            border: 1px solid #ddd;\r\n            border-radius: 4px;\r\n            font-size: 16px;\r\n            transition: border-color 0.3s;\r\n        }\r\n        \r\n        input:focus, textarea:focus {\r\n            border-color: #e6a700;\r\n            outline: none;\r\n        }\r\n        \r\n        textarea {\r\n            min-height: 150px;\r\n            resize: vertical;\r\n        }\r\n        \r\n        .file-upload {\r\n            position: relative;\r\n            overflow: hidden;\r\n            margin-top: 10px;\r\n            display: inline-block;\r\n        }\r\n        \r\n        .file-upload-label {\r\n            background-color: #f0f0f0;\r\n            color: #555;\r\n            border: 1px solid #ddd;\r\n            padding: 10px 20px;\r\n            border-radius: 4px;\r\n            cursor: pointer;\r\n            display: inline-block;\r\n            transition: all 0.3s;\r\n        }\r\n        \r\n        .file-upload-label:hover {\r\n            background-color: #e0e0e0;\r\n        }\r\n        \r\n        .file-name {\r\n            margin-left: 10px;\r\n            font-size: 14px;\r\n        }\r\n        \r\n        input[type=\"file\"] {\r\n            position: absolute;\r\n            left: 0;\r\n            top: 0;\r\n            opacity: 0;\r\n            cursor: pointer;\r\n            width: 100%;\r\n            height: 100%;\r\n        }\r\n        \r\n        .submit-btn {\r\n            background-color: #DDAA33;\r\n            color: black;\r\n            border: none;\r\n            padding: 5px 30px;\r\n            font-size: 14px;\r\n            border-radius: 40px;\r\n            cursor: pointer;\r\n            transition: background-color 0.3s;\r\n\r\n            margin-top: 10px;\r\n        }\r\n        \r\n        .submit-btn:hover {\r\n            background-color: #AB8635;\r\n             color: black;\r\n        }\r\n        \r\n        .required {\r\n            color: #e74c3c;\r\n        }\r\n        \r\n        @media (max-width: 768px) {\r\n            .container {\r\n                padding: 15px;\r\n                margin: 20px 10px;\r\n            }\r\n            \r\n            .job-title {\r\n                font-size: 24px;\r\n            }\r\n            \r\n            .form-title {\r\n                font-size: 20px;\r\n            }\r\n        }\r\n    <\/style>\r\n<\/head>\r\n<body>\r\n  <div class=\"container\">\r\n    <!-- Secci\u00f3n de descripci\u00f3n del puesto -->\r\n    <div class=\"job-description\">\r\n      <h1 class=\"job-title\">Datenanalyst &amp; Project Manager (m\/w)<\/h1>\r\n\r\n      <div class=\"job-details\">\r\n        <p>\r\n          Am Kader vun hirer Strategie vun der Konsolid\u00e9ierung a vum Wuesstem sicht\r\n          Truck &amp; Trail Performance, eng international Firma spezialis\u00e9iert op\r\n          Stroossenassistenz fir Transportm\u00ebttel, en Datenanalyst &amp; Project Manager\r\n          fir hire B\u00fcro zu Carnaxide. Zu den Haaptaufgabe geh\u00e9ieren d'Datenanalys an\r\n          d'Transformatioun, d'Entw\u00e9cklung an d'\u00cbmsetzung vu Power BI, souw\u00e9i\r\n          d'Treffen vun Entscheedungen bei der kontinu\u00e9ierlecher Optimis\u00e9ierung an\r\n          Entw\u00e9cklung vun der Haaptmanagementsoftware vun der Firma.\r\n        <\/p>\r\n\r\n        <h3>Beschreiwung vun der Aarbechtsplaz:<\/h3>\r\n        <ul>\r\n          <li>Daten analys\u00e9ieren a valid\u00e9ieren, Rapporten an operationell Dashboards erstellen.<\/li>\r\n          <li>Gesch\u00e4ftsdaten extrah\u00e9ieren an a statistesch Donn\u00e9e\u00ebn \u00ebmsetzen.<\/li>\r\n          <li>Prozesser entw\u00e9ckelen fir d'Datenammlung an -analys.<\/li>\r\n          <li>Informatioune synthetis\u00e9ieren, fir se fir dem Netzwierk vu Partner a Benotzer zoug\u00e4nglech ze maachen.<\/li>\r\n          <li>Benotzer \u00cbnnerst\u00ebtzung, Training a Berodung fir d\u00e9i effektiv Notzung vu BI-L\u00e9isungen ubidden.<\/li>\r\n          <li>Verbesserungsvirschl\u00e9i fir Problemer am Zesummenhang mat propos\u00e9ierten\/implement\u00e9ierte L\u00e9isunge recommand\u00e9ieren, mam Zil, se an den ETL-Prozess z'integr\u00e9ieren.<\/li>\r\n          <li>Operationell Prozesser dokument\u00e9ieren.<\/li>\r\n          <li>Detail\u00e9iert technesch Spezifikatioune fir d'L\u00e9isungen erstellen, d\u00e9i an der Haaptmanagementsoftware vun der Firma entw\u00e9ckelt a implement\u00e9iert solle ginn.<\/li>\r\n          <li>Input zu Design- a Code-Reviews, Dokumentatioun an \u00cbmsetzung vu Produktivit\u00e9itsmethodologien ginn.<\/li>\r\n          <li>D'Aarbecht vum Entw\u00e9cklungsteam iwwerwaachen, prioris\u00e9ieren a valid\u00e9ieren.<\/li>\r\n          <li>Benotzerakzeptanztester duerchf\u00e9ieren, fir s\u00e9cherzestellen, datt implement\u00e9iert L\u00e9isungen an Entw\u00e9cklungen den Ufuerderunge vun de Benotzer pr\u00e4zis, effizient an effektiv erf\u00ebllen.<\/li>\r\n        <\/ul>\r\n\r\n        <h3>Ufuerderungen:<\/h3>\r\n        <ul>\r\n          <li>Akademeschen Hannergrond oder Studien an Informatik, ugewandter Statistik, Mathematik oder engem anere relevante Ber\u00e4ich.<\/li>\r\n          <li>Eng Ausbildung am Ber\u00e4ich Business Intelligence, Data Analytics oder engem \u00e4hnleche Ber\u00e4ich ass e Plus.<\/li>\r\n          <li>1 bis 3 Joer Erfahrung an der Entw\u00e9cklung vun Dashboards, KPIs an ETL-Prozesser.<\/li>\r\n          <li>Erfahrung mam Microsoft-Environment a verwandte BI, Big Data, Data Analytics, Machine Learning a KI-L\u00e9isungen.<\/li>\r\n          <li>Kenntnisser vun IT-Tools (Microsoft Office), besonnesch Erfahrung a Word, PowerPoint an Excel, mat staarke Kenntnisser vu Formelen, Pivottabellen a VBA (am l\u00e9iwsten).<\/li>\r\n          <li>Kenntnisser vu SQL an Datenanalystools w\u00e9i Power BI, Tableau, etc. (am l\u00e9iwsten).<\/li>\r\n          <li>Erfahrung an der Rapporterstellung.<\/li>\r\n          <li>Erfahrung an der Analys an Entw\u00e9cklung vu Gesch\u00e4ftsl\u00e9isungen a Project Management.<\/li>\r\n          <li>Erfahrung am Prozess vun der Ufuerderungssammlung.<\/li>\r\n          <li>Erfahrung an der Erstellung vu funktioneller Dokumentatioun a Prozesser.<\/li>\r\n          <li>Staark analytesch F\u00e4egkeeten, mat der F\u00e4egkeet fir Problemer a Verbesserungsm\u00e9iglechkeeten z'identifiz\u00e9ieren an ze l\u00e9isen, andeems kritescht Denken, Pr\u00e4zisioun an Opmierksamkeet fir Detailer demonstr\u00e9iert ginn.<\/li>\r\n          <li>Staark Kommunikatiouns- a Verhandlungsf\u00e4egkeete mat interne Clienten a Supportteams, mat enger clientorient\u00e9ierter Denkweis.<\/li>\r\n          <li>Gutt Kenntnisser vum m\u00ebndlechen a schr\u00ebftlechen Englesch (obligatoresch).<\/li>\r\n          <li>Staarkt Verantwortungsgefill, mat gudden Organisatiouns- a Planungsf\u00e4egkeeten.<\/li>\r\n          <li>Gudde Z\u00e4itmanagement, F\u00e4egkeet fir Priorit\u00e9iten ze setzen, a Fokus op d'Erreeche vun Ziler an Deadlines.<\/li>\r\n          <li>Freed un Teamwork a F\u00e4egkeet, sech un e multikulturellt \u00cbmfeld upassen.<\/li>\r\n          <li>Autonomt, dynamescht a proaktivt Profil.<\/li>\r\n        <\/ul>\r\n\r\n        <h3>Konditiounen:<\/h3>\r\n        <ul>\r\n          <li>Onbefristeten Aarbechtskontrakt mat der Firma.<\/li>\r\n          <li>Integratioun an engem grousse Projet.<\/li>\r\n          <li>Attraktivt Gehaltspaket bas\u00e9iert op bewisener Erfahrung a kann an enger technescher Bew\u00e4ertung ugeholl ginn.<\/li>\r\n        <\/ul>\r\n      <\/div>\r\n    <\/div>\r\n  <\/div>\r\n<\/body>\r\n\r\n<\/html>\t\t\t\t<\/div>\n\t\t\t\t<\/div>\n\t\t\t\t<div class=\"elementor-element elementor-element-ae5dc62 elementor-widget__width-initial elementor-widget elementor-widget-shortcode\" data-id=\"ae5dc62\" data-element_type=\"widget\" data-widget_type=\"shortcode.default\">\n\t\t\t\t<div class=\"elementor-widget-container\">\n\t\t\t\t\t\t\t<div class=\"elementor-shortcode\">\n<div class=\"wpcf7 no-js\" id=\"wpcf7-f11038-o1\" lang=\"en-US\" dir=\"ltr\" data-wpcf7-id=\"11038\">\n<div class=\"screen-reader-response\"><p role=\"status\" aria-live=\"polite\" aria-atomic=\"true\"><\/p> <ul><\/ul><\/div>\n<form action=\"\/lb\/wp-json\/wp\/v2\/pages\/16944#wpcf7-f11038-o1\" method=\"post\" class=\"wpcf7-form init\" aria-label=\"Contact form\" enctype=\"multipart\/form-data\" novalidate=\"novalidate\" data-status=\"init\">\n<div style=\"display: none;\">\n<input type=\"hidden\" name=\"_wpcf7\" value=\"11038\" \/>\n<input type=\"hidden\" name=\"_wpcf7_version\" value=\"6.0.3\" \/>\n<input type=\"hidden\" name=\"_wpcf7_locale\" value=\"en_US\" \/>\n<input type=\"hidden\" name=\"_wpcf7_unit_tag\" value=\"wpcf7-f11038-o1\" \/>\n<input type=\"hidden\" name=\"_wpcf7_container_post\" value=\"0\" \/>\n<input type=\"hidden\" name=\"_wpcf7_posted_data_hash\" value=\"\" \/>\n<\/div>\n<p><br \/>\n<label> Name<br \/>\n<span class=\"wpcf7-form-control-wrap\" data-name=\"your-name\"><input size=\"40\" maxlength=\"400\" class=\"wpcf7-form-control wpcf7-text wpcf7-validates-as-required\" aria-required=\"true\" aria-invalid=\"false\" placeholder=\"Your full name\" value=\"\" type=\"text\" name=\"your-name\" \/><\/span><br \/>\n<\/label>\n<\/p>\n<p><br \/>\n<label> Email<br \/>\n<span class=\"wpcf7-form-control-wrap\" data-name=\"your-email\"><input size=\"40\" maxlength=\"400\" class=\"wpcf7-form-control wpcf7-email wpcf7-validates-as-required wpcf7-text wpcf7-validates-as-email\" aria-required=\"true\" aria-invalid=\"false\" placeholder=\"Your email address\" value=\"\" type=\"email\" name=\"your-email\" \/><\/span><br \/>\n<\/label>\n<\/p>\n<p><br \/>\n<label> Phone<br \/>\n<span class=\"wpcf7-form-control-wrap\" data-name=\"your-phone\"><input size=\"40\" maxlength=\"400\" class=\"wpcf7-form-control wpcf7-tel wpcf7-validates-as-required wpcf7-text wpcf7-validates-as-tel\" aria-required=\"true\" aria-invalid=\"false\" placeholder=\"Your phone number\" value=\"\" type=\"tel\" name=\"your-phone\" \/><\/span><br \/>\n<\/label>\n<\/p>\n<p class=\"cv-upload-wrapper\"><br \/>\n<label for=\"your-cv-input\" class=\"cv-upload-label\">Attach CV (PDF, DOC, DOCX)<\/label><br \/>\n<span class=\"wpcf7-form-control-wrap\" data-name=\"your-cv\"><input size=\"40\" class=\"wpcf7-form-control wpcf7-file wpcf7-validates-as-required cv-input\" id=\"your-cv-input\" accept=\".pdf,.doc,.docx\" aria-required=\"true\" aria-invalid=\"false\" type=\"file\" name=\"your-cv\" \/><\/span><br \/>\n<span class=\"cv-file-name\">No file selected<\/span>\n<\/p>\n<p><br \/>\n<input class=\"wpcf7-form-control wpcf7-submit has-spinner\" type=\"submit\" value=\"Submit Application\" \/>\n<\/p>\n<input class=\"wpcf7-form-control wpcf7-hidden\" value=\"\" type=\"hidden\" name=\"page-url\" \/><div class=\"wpcf7-response-output\" aria-hidden=\"true\"><\/div>\n<\/form>\n<\/div>\n\n<\/div>\n\t\t\t\t\t\t<\/div>\n\t\t\t\t<\/div>\n\t\t\t\t<div class=\"elementor-element elementor-element-649e6bd elementor-widget elementor-widget-html\" data-id=\"649e6bd\" data-element_type=\"widget\" data-widget_type=\"html.default\">\n\t\t\t\t<div class=\"elementor-widget-container\">\n\t\t\t\t\t<script>\r\n  document.addEventListener('DOMContentLoaded', function () {\r\n    const fileInput = document.querySelector('#your-cv-input');\r\n    const fileNameDisplay = document.querySelector('.cv-file-name');\r\n\r\n    if (fileInput) {\r\n      fileInput.addEventListener('change', function () {\r\n        if (fileInput.files.length > 0) {\r\n          const fileName = fileInput.files[0].name;\r\n          fileNameDisplay.innerHTML = `${fileName} <span class=\"remove-file\" style=\"margin-left: 10px; color: red; cursor: pointer;\">Remove<\/span>`;\r\n\r\n          const removeBtn = fileNameDisplay.querySelector('.remove-file');\r\n          removeBtn.addEventListener('click', function () {\r\n            fileInput.value = '';\r\n            fileNameDisplay.textContent = 'No file selected';\r\n          });\r\n        } else {\r\n          fileNameDisplay.textContent = 'No file selected';\r\n        }\r\n      });\r\n    }\r\n  });\r\n<\/script>\r\n\t\t\t\t<\/div>\n\t\t\t\t<\/div>\n\t\t\t\t\t<\/div>\n\t\t\t\t<\/div>\n\t\t\t\t<\/div>\n\t\t","protected":false},"excerpt":{"rendered":"<p>Datenanalyst &amp; Project Manager Formulario de Aplicaci\u00f3n Datenanalyst &amp; Project Manager (m\/w) Am Kader vun hirer Strategie vun der Konsolid\u00e9ierung a vum Wuesstem sicht Truck &amp; Trail Performance, eng international Firma spezialis\u00e9iert op Stroossenassistenz fir Transportm\u00ebttel, en Datenanalyst &amp; Project Manager fir hire B\u00fcro zu Carnaxide. Zu den Haaptaufgabe geh\u00e9ieren d&#8217;Datenanalys an d&#8217;Transformatioun, d&#8217;Entw\u00e9cklung an &#8230; <a title=\"Datenanalyst &amp; Project Manager\" class=\"read-more\" href=\"https:\/\/ttp.expert\/lb\/datenanalyst-project-manager\/\" aria-label=\"Read more about Datenanalyst &amp; Project Manager\">Read more<\/a><\/p>\n","protected":false},"author":1,"featured_media":0,"parent":0,"menu_order":0,"comment_status":"closed","ping_status":"closed","template":"","meta":{"_joinchat":[],"footnotes":""},"class_list":["post-16944","page","type-page","status-publish"],"aioseo_notices":[],"_links":{"self":[{"href":"https:\/\/ttp.expert\/lb\/wp-json\/wp\/v2\/pages\/16944","targetHints":{"allow":["GET"]}}],"collection":[{"href":"https:\/\/ttp.expert\/lb\/wp-json\/wp\/v2\/pages"}],"about":[{"href":"https:\/\/ttp.expert\/lb\/wp-json\/wp\/v2\/types\/page"}],"author":[{"embeddable":true,"href":"https:\/\/ttp.expert\/lb\/wp-json\/wp\/v2\/users\/1"}],"replies":[{"embeddable":true,"href":"https:\/\/ttp.expert\/lb\/wp-json\/wp\/v2\/comments?post=16944"}],"version-history":[{"count":3,"href":"https:\/\/ttp.expert\/lb\/wp-json\/wp\/v2\/pages\/16944\/revisions"}],"predecessor-version":[{"id":16948,"href":"https:\/\/ttp.expert\/lb\/wp-json\/wp\/v2\/pages\/16944\/revisions\/16948"}],"wp:attachment":[{"href":"https:\/\/ttp.expert\/lb\/wp-json\/wp\/v2\/media?parent=16944"}],"curies":[{"name":"wp","href":"https:\/\/api.w.org\/{rel}","templated":true}]}}