{"id":12494,"date":"2025-05-12T08:55:32","date_gmt":"2025-05-12T08:55:32","guid":{"rendered":"https:\/\/ttp-expert.com\/duomenu-analitikas-projekto-vadovas\/"},"modified":"2025-07-07T11:46:06","modified_gmt":"2025-07-07T11:46:06","slug":"duomenu-analitikas-projekto-vadovas","status":"publish","type":"page","link":"https:\/\/ttp.expert\/lt\/duomenu-analitikas-projekto-vadovas\/","title":{"rendered":"Duomen\u0173 analitikas &amp; Projekto vadovas"},"content":{"rendered":"\t\t<div data-elementor-type=\"wp-page\" data-elementor-id=\"12494\" class=\"elementor elementor-12494\" data-elementor-post-type=\"page\">\n\t\t\t\t<div class=\"elementor-element elementor-element-74ad67c e-flex e-con-boxed e-con e-parent\" data-id=\"74ad67c\" data-element_type=\"container\">\n\t\t\t\t\t<div class=\"e-con-inner\">\n\t\t<div class=\"elementor-element elementor-element-b4ba880 e-con-full e-flex e-con e-child\" data-id=\"b4ba880\" data-element_type=\"container\">\n\t\t<div class=\"elementor-element elementor-element-69ff3fe e-con-full e-flex e-con e-child\" data-id=\"69ff3fe\" data-element_type=\"container\">\n\t\t\t\t<div class=\"elementor-element elementor-element-bc7026c premium-header-inline elementor-invisible elementor-widget elementor-widget-premium-addon-dual-header\" data-id=\"bc7026c\" data-element_type=\"widget\" data-settings=\"{&quot;_animation&quot;:&quot;fadeInDown&quot;}\" data-widget_type=\"premium-addon-dual-header.default\">\n\t\t\t\t<div class=\"elementor-widget-container\">\n\t\t\t\t\t\r\n\t\t\t\t\t<h2 class=\"premium-dual-header-first-header \"><span class=\"premium-dual-header-first-span\">Duomen\u0173 analitikas ir  <\/span><span class=\"premium-dual-header-second-header \">projekt\u0173 vadovas<\/span><\/h2> \t\t\r\n\t\t\t\t\t\t<\/div>\n\t\t\t\t<\/div>\n\t\t\t\t<div class=\"elementor-element elementor-element-de8d321 elementor-widget-divider--view-line elementor-widget elementor-widget-divider\" data-id=\"de8d321\" data-element_type=\"widget\" data-widget_type=\"divider.default\">\n\t\t\t\t<div class=\"elementor-widget-container\">\n\t\t\t\t\t\t\t<div class=\"elementor-divider\">\n\t\t\t<span class=\"elementor-divider-separator\">\n\t\t\t\t\t\t<\/span>\n\t\t<\/div>\n\t\t\t\t\t\t<\/div>\n\t\t\t\t<\/div>\n\t\t\t\t<\/div>\n\t\t\t\t<\/div>\n\t\t\t\t<div class=\"elementor-element elementor-element-db504af elementor-widget__width-inherit elementor-invisible elementor-widget elementor-widget-html\" data-id=\"db504af\" data-element_type=\"widget\" data-settings=\"{&quot;_animation&quot;:&quot;fadeInLeft&quot;}\" data-widget_type=\"html.default\">\n\t\t\t\t<div class=\"elementor-widget-container\">\n\t\t\t\t\t\r\n<!DOCTYPE html>\r\n<html lang=\"es\">\r\n<head>\r\n    <meta charset=\"UTF-8\">\r\n    <meta name=\"viewport\" content=\"width=device-width, initial-scale=1.0\">\r\n    <title>Formulario de Aplicaci\u00f3n<\/title>\r\n    \r\n    <link href=\"https:\/\/fonts.googleapis.com\/css2?family=Montserrat:wght@400&display=swap\" rel=\"stylesheet\">\r\n\r\n    <style>\r\n        * {\r\n            margin: 0;\r\n            padding: 0;\r\n            box-sizing: border-box;\r\n            font-family: 'Montserrat', sans-serif;\r\n    font-weight: 400;\r\n        }\r\n        \r\n        body {\r\n            background-color: #f5f5f5;\r\n            color: #333;\r\n            line-height: 1.6;\r\n        }\r\n        \r\n        .container {\r\n            max-width: 1000px;\r\n            margin: 40px auto;\r\n            padding: 0px;\r\n            background-color: #fff;\r\n            border-radius: 8px;\r\n           \r\n        }\r\n        \r\n        .job-description {\r\n            border-bottom: 1px solid #e0e0e0;\r\n        }\r\n        \r\n        .job-title {\r\n            color: #DDAA33;\r\n            font-size: 28px;\r\n            margin-bottom: 15px;\r\n            font-weight: bold;\r\n        }\r\n        \r\n        .job-details {\r\n            margin-bottom: 20px;\r\n        }\r\n        \r\n        .job-details h3 {\r\n            font-size: 20px;\r\n            margin: 15px 0 10px;\r\n            color: #555;\r\n        }\r\n        \r\n        .job-details p, .job-details li {\r\n            margin-bottom: 10px;\r\n            font-size: 16px;\r\n        }\r\n        \r\n        .job-details ul {\r\n            padding-left: 20px;\r\n            margin-bottom: 15px;\r\n        }\r\n        \r\n        .application-form {\r\n            padding-top: 20px;\r\n        }\r\n        \r\n        .form-title {\r\n            font-size: 24px;\r\n            margin-bottom: 20px;\r\n            color: #333;\r\n        }\r\n        \r\n        .form-group {\r\n            margin-bottom: 20px;\r\n        }\r\n        \r\n        label {\r\n            display: block;\r\n            margin-bottom: 8px;\r\n\r\n            color: #555;\r\n             font-family: 'Montserrat', sans-serif;\r\n        }\r\n        \r\n        input, textarea {\r\n            width: 100%;\r\n            padding: 12px;\r\n            border: 1px solid #ddd;\r\n            border-radius: 4px;\r\n            font-size: 16px;\r\n            transition: border-color 0.3s;\r\n        }\r\n        \r\n        input:focus, textarea:focus {\r\n            border-color: #e6a700;\r\n            outline: none;\r\n        }\r\n        \r\n        textarea {\r\n            min-height: 150px;\r\n            resize: vertical;\r\n        }\r\n        \r\n        .file-upload {\r\n            position: relative;\r\n            overflow: hidden;\r\n            margin-top: 10px;\r\n            display: inline-block;\r\n        }\r\n        \r\n        .file-upload-label {\r\n            background-color: #f0f0f0;\r\n            color: #555;\r\n            border: 1px solid #ddd;\r\n            padding: 10px 20px;\r\n            border-radius: 4px;\r\n            cursor: pointer;\r\n            display: inline-block;\r\n            transition: all 0.3s;\r\n        }\r\n        \r\n        .file-upload-label:hover {\r\n            background-color: #e0e0e0;\r\n        }\r\n        \r\n        .file-name {\r\n            margin-left: 10px;\r\n            font-size: 14px;\r\n        }\r\n        \r\n        input[type=\"file\"] {\r\n            position: absolute;\r\n            left: 0;\r\n            top: 0;\r\n            opacity: 0;\r\n            cursor: pointer;\r\n            width: 100%;\r\n            height: 100%;\r\n        }\r\n        \r\n        .submit-btn {\r\n            background-color: #DDAA33;\r\n            color: black;\r\n            border: none;\r\n            padding: 5px 30px;\r\n            font-size: 14px;\r\n            border-radius: 40px;\r\n            cursor: pointer;\r\n            transition: background-color 0.3s;\r\n\r\n            margin-top: 10px;\r\n        }\r\n        \r\n        .submit-btn:hover {\r\n            background-color: #AB8635;\r\n             color: black;\r\n        }\r\n        \r\n        .required {\r\n            color: #e74c3c;\r\n        }\r\n        \r\n        @media (max-width: 768px) {\r\n            .container {\r\n                padding: 15px;\r\n                margin: 20px 10px;\r\n            }\r\n            \r\n            .job-title {\r\n                font-size: 24px;\r\n            }\r\n            \r\n            .form-title {\r\n                font-size: 20px;\r\n            }\r\n        }\r\n    <\/style>\r\n<\/head>\r\n<body>\r\n    <div class=\"container\">\r\n        <!-- Secci\u00f3n de descripci\u00f3n del puesto -->\r\n        <div class=\"job-description\">\r\n            <h1 class=\"job-title\">Duomen\u0173 analitikas ir projekt\u0173 vadovas (m\/v)<\/h1>\r\n            \r\n            <div class=\"job-details\">\r\n                <p>Vykdydama konsolidavimo ir augimo strategij\u0105, tarptautin\u0117 \u012fmon\u0117 \u201eTruck & Trail Performance\u201c, kurios specializacija yra transporto priemoni\u0173 pagalba kelyje, savo biure Carnaxide (Portugalija) ie\u0161ko duomen\u0173 analitiko ir projekt\u0173 vadovo. Pagrindin\u0117s pareigos apims duomen\u0173 analiz\u0119 ir transformavim\u0105, Power BI k\u016brim\u0105 ir diegim\u0105, taip pat sprendim\u0173 pri\u0117mim\u0105 nuolat optimizuojant ir tobulinant pagrindin\u0119 \u012fmon\u0117s valdymo programin\u0119 \u012frang\u0105.<\/p>\r\n                \r\n                <h3>Darbo apra\u0161ymas:<\/h3>\r\n                <ul>\r\n                    <li>Analizuoti ir patvirtinti duomenis, rengti ataskaitas ir veiklos prietais\u0173 skydelius.<\/li>\r\n                    <li>I\u0161skleisti ir paversti verslo duomenis \u012f statistinius duomenis.<\/li>\r\n                    <li>Sukurti duomen\u0173 rinkimo ir analiz\u0117s politik\u0105 ir procesus.<\/li>\r\n                    <li>Apibendrinti informacij\u0105, kad ji b\u016bt\u0173 prieinama partneri\u0173 ir vartotoj\u0173 tinklui.<\/li>\r\n                    <li>Teikti palaikym\u0105, mokymus ir patarimus vartotojams, kaip efektyviai naudoti BI sprendimus.<\/li>\r\n                     <li>Rekomenduoti patobulinimus, susijusius su pasi\u016blytais\/\u012fgyvendintais sprendimais, siekiant juos integruoti \u012f ETL proces\u0105.<\/li>\r\n                      <li>Dokumentuoti veiklos procesus.<\/li>\r\n                       <li>Sukurti i\u0161samias technines specifikacijas sprendimams, kurie bus kuriami ir diegiami pagrindin\u0117je \u012fmon\u0117s valdymo programin\u0117je \u012frangoje.<\/li>\r\n                        <li>Pateikti informacij\u0105 apie dizaino ir kodo per\u017ei\u016bras, dokumentacij\u0105 ir produktyvumo metodik\u0173 \u012fgyvendinim\u0105.<\/li>\r\n                         <li>Steb\u0117ti, nustatyti prioritetus ir patvirtinti k\u016brimo komandos darb\u0105.<\/li>\r\n                          <li>Atlikti vartotojo pri\u0117mimo testavim\u0105, kad \u012fsitikinti, jog \u012fdiegti sprendimai ir patobulinimai tiksliai, efektyviai ir efektyviai atitinka vartotoj\u0173 poreikius.<\/li>\r\n                <\/ul>\r\n                \r\n                <h3>Reikalavimai:<\/h3>\r\n                <ul>\r\n                    <li>Akademinis i\u0161silavinimas arba studijos kompiuteri\u0173 in\u017einerijos, taikomosios statistikos, matematikos ar kitose atitinkamose srityse.<\/li>\r\n                    <li>Business Intelligence, Data Analytics ar pana\u0161ios srities mokymai \u2013 privalumas.<\/li>\r\n                    <li>1\u20133 met\u0173 patirtis kuriant prietais\u0173 skydelius, KPI ir ETL procesus.<\/li>\r\n                    <li>Patirtis dirbant su Microsoft aplinkomis ir susijusiais BI, did\u017ei\u0173j\u0173 duomen\u0173, duomen\u0173 analiz\u0117s, ma\u0161ininio mokymosi ir AI sprendimais.<\/li>\r\n                    <li>IT \u012franki\u0173 (\u201eMicrosoft Office\u201c) \u012fg\u016bd\u017eiai, ypa\u010d \u201eWord\u201c, \u201ePowerPoint\u201c ir \u201eExcel\u201c darbo patirtis, gerai i\u0161manyti formules, suvestines lenteles ir VBA (pageidautina).<\/li>\r\n                     <li>SQL ir duomen\u0173 analiz\u0117s \u012franki\u0173, toki\u0173 kaip Power BI, Tableau ir kt., i\u0161manymas (pageidautina).<\/li>\r\n                      <li>Patirtis ataskait\u0173 rengime ir teikime.<\/li>\r\n                       <li>Patirtis analizuojant ir pl\u0117tojant verslo sprendimus bei projekt\u0173 valdym\u0105.<\/li>\r\n                        <li>Patirtis reikalavim\u0173 rinkimo procesuose.<\/li>\r\n                         <li>Patirtis kuriant funkcin\u0119 dokumentacij\u0105 ir proces\u0173 srautus.<\/li>\r\n                          <li>Stipr\u016bs analitiniai \u012fg\u016bd\u017eiai, geb\u0117jimas identifikuoti ir spr\u0119sti problemas bei tobul\u0117jimo galimybes, demonstruojant kritin\u012f m\u0105stym\u0105, tikslum\u0105 ir d\u0117mes\u012f detal\u0117ms.<\/li>\r\n                           <li>Stipr\u016bs bendravimo ir deryb\u0173 su vidiniais klientais ir palaikymo komandomis \u012fg\u016bd\u017eiai, \u012f klient\u0105 orientuotas m\u0105stymas.<\/li>\r\n                            <li>Geras angl\u0173 kalbos mok\u0117jimas \u017eod\u017eiu ir ra\u0161tu (privaloma).<\/li>\r\n                            <li>Stiprus atsakomyb\u0117s jausmas, geri organizaciniai ir planavimo \u012fg\u016bd\u017eiai.<\/li>\r\n                            <li>Geras laiko planavimas, geb\u0117jimas susid\u0117lioti prioritetus ir susitelkimas \u012f tiksl\u0173 ir termin\u0173 laikym\u0105si.<\/li>\r\n                            <li>M\u0117gsta komandin\u012f darb\u0105 ir gali prisitaikyti prie daugiakult\u016br\u0117s aplinkos.<\/li>\r\n                            <li>Savaranki\u0161kas, dinami\u0161kas ir iniciatyvus profilis.<\/li>\r\n                <\/ul>\r\n                \r\n                <h3>S\u0105lygos:<\/h3>\r\n                <ul>\r\n                    <li>Neterminuota darbo sutartis.<\/li>\r\n                    <li>Integravimas \u012f didel\u0117s apimties projekt\u0105.<\/li>\r\n                    <li>Patrauklus atlyginimo paketas, pagr\u012fstas \u012frodyta patirtimi ir patvirtintas techniniame \u012fvertinime.<\/li>\r\n                \r\n            <\/div>\r\n        <\/div>\r\n    <\/div>\r\n\r\n<\/body>\r\n<\/html>\t\t\t\t<\/div>\n\t\t\t\t<\/div>\n\t\t\t\t<div class=\"elementor-element elementor-element-ae5dc62 elementor-widget__width-initial elementor-widget elementor-widget-shortcode\" data-id=\"ae5dc62\" data-element_type=\"widget\" data-widget_type=\"shortcode.default\">\n\t\t\t\t<div class=\"elementor-widget-container\">\n\t\t\t\t\t\t\t<div class=\"elementor-shortcode\">\n<div class=\"wpcf7 no-js\" id=\"wpcf7-f14864-o1\" lang=\"en-US\" dir=\"ltr\" data-wpcf7-id=\"14864\">\n<div class=\"screen-reader-response\"><p role=\"status\" aria-live=\"polite\" aria-atomic=\"true\"><\/p> <ul><\/ul><\/div>\n<form action=\"\/lt\/wp-json\/wp\/v2\/pages\/12494#wpcf7-f14864-o1\" method=\"post\" class=\"wpcf7-form init\" aria-label=\"Contact form\" enctype=\"multipart\/form-data\" novalidate=\"novalidate\" data-status=\"init\">\n<div style=\"display: none;\">\n<input type=\"hidden\" name=\"_wpcf7\" value=\"14864\" \/>\n<input type=\"hidden\" name=\"_wpcf7_version\" value=\"6.0.3\" \/>\n<input type=\"hidden\" name=\"_wpcf7_locale\" value=\"en_US\" \/>\n<input type=\"hidden\" name=\"_wpcf7_unit_tag\" value=\"wpcf7-f14864-o1\" \/>\n<input type=\"hidden\" name=\"_wpcf7_container_post\" value=\"0\" \/>\n<input type=\"hidden\" name=\"_wpcf7_posted_data_hash\" value=\"\" \/>\n<\/div>\n<p><br \/>\n<label> Vardas ir pavard\u0117<br \/>\n<span class=\"wpcf7-form-control-wrap\" data-name=\"your-name\"><input size=\"40\" maxlength=\"400\" class=\"wpcf7-form-control wpcf7-text wpcf7-validates-as-required\" aria-required=\"true\" aria-invalid=\"false\" placeholder=\"J\u016bs\u0173 pilnas vardas\" value=\"\" type=\"text\" name=\"your-name\" \/><\/span><br \/>\n<\/label>\n<\/p>\n<p><br \/>\n<label> Elektroninis pa\u0161tas<br \/>\n<span class=\"wpcf7-form-control-wrap\" data-name=\"your-email\"><input size=\"40\" maxlength=\"400\" class=\"wpcf7-form-control wpcf7-email wpcf7-validates-as-required wpcf7-text wpcf7-validates-as-email\" aria-required=\"true\" aria-invalid=\"false\" placeholder=\"J\u016bs\u0173 el. pa\u0161to adresas\" value=\"\" type=\"email\" name=\"your-email\" \/><\/span><br \/>\n<\/label>\n<\/p>\n<p><br \/>\n<label> Telefonas<br \/>\n<span class=\"wpcf7-form-control-wrap\" data-name=\"your-phone\"><input size=\"40\" maxlength=\"400\" class=\"wpcf7-form-control wpcf7-tel wpcf7-validates-as-required wpcf7-text wpcf7-validates-as-tel\" aria-required=\"true\" aria-invalid=\"false\" placeholder=\"J\u016bs\u0173 telefono numeris\" value=\"\" type=\"tel\" name=\"your-phone\" \/><\/span><br \/>\n<\/label>\n<\/p>\n<p class=\"cv-upload-wrapper\"><br \/>\n<label for=\"your-cv-input\" class=\"cv-upload-label\">Prisegti CV (PDF, DOC, DOCX)<\/label><br \/>\n<span class=\"wpcf7-form-control-wrap\" data-name=\"your-cv\"><input size=\"40\" class=\"wpcf7-form-control wpcf7-file wpcf7-validates-as-required cv-input\" id=\"your-cv-input\" accept=\".pdf,.doc,.docx\" aria-required=\"true\" aria-invalid=\"false\" type=\"file\" name=\"your-cv\" \/><\/span><br \/>\n<span class=\"cv-file-name\">N\u0117ra pasirinkto failo<\/span>\n<\/p>\n<p><br \/>\n<input class=\"wpcf7-form-control wpcf7-submit has-spinner\" type=\"submit\" value=\"Pateikti parai\u0161k\u0105\" \/>\n<\/p>\n<input class=\"wpcf7-form-control wpcf7-hidden\" value=\"\" type=\"hidden\" name=\"page-url\" \/><div class=\"wpcf7-response-output\" aria-hidden=\"true\"><\/div>\n<\/form>\n<\/div>\n<\/div>\n\t\t\t\t\t\t<\/div>\n\t\t\t\t<\/div>\n\t\t\t\t<div class=\"elementor-element elementor-element-649e6bd elementor-widget elementor-widget-html\" data-id=\"649e6bd\" data-element_type=\"widget\" data-widget_type=\"html.default\">\n\t\t\t\t<div class=\"elementor-widget-container\">\n\t\t\t\t\t<script>\r\n  document.addEventListener('DOMContentLoaded', function () {\r\n    const fileInput = document.querySelector('#your-cv-input');\r\n    const fileNameDisplay = document.querySelector('.cv-file-name');\r\n\r\n    if (fileInput) {\r\n      fileInput.addEventListener('change', function () {\r\n        if (fileInput.files.length > 0) {\r\n          const fileName = fileInput.files[0].name;\r\n          fileNameDisplay.innerHTML = `${fileName} <span class=\"remove-file\" style=\"margin-left: 10px; color: red; cursor: pointer;\">Remove<\/span>`;\r\n\r\n          const removeBtn = fileNameDisplay.querySelector('.remove-file');\r\n          removeBtn.addEventListener('click', function () {\r\n            fileInput.value = '';\r\n            fileNameDisplay.textContent = 'No file selected';\r\n          });\r\n        } else {\r\n          fileNameDisplay.textContent = 'No file selected';\r\n        }\r\n      });\r\n    }\r\n  });\r\n<\/script>\r\n\t\t\t\t<\/div>\n\t\t\t\t<\/div>\n\t\t\t\t\t<\/div>\n\t\t\t\t<\/div>\n\t\t\t\t<\/div>\n\t\t","protected":false},"excerpt":{"rendered":"<p>Duomen\u0173 analitikas ir projekt\u0173 vadovas Formulario de Aplicaci\u00f3n Duomen\u0173 analitikas ir projekt\u0173 vadovas (m\/v) Vykdydama konsolidavimo ir augimo strategij\u0105, tarptautin\u0117 \u012fmon\u0117 \u201eTruck &#038; Trail Performance\u201c, kurios specializacija yra transporto priemoni\u0173 pagalba kelyje, savo biure Carnaxide (Portugalija) ie\u0161ko duomen\u0173 analitiko ir projekt\u0173 vadovo. Pagrindin\u0117s pareigos apims duomen\u0173 analiz\u0119 ir transformavim\u0105, Power BI k\u016brim\u0105 ir diegim\u0105, taip &#8230; <a title=\"Duomen\u0173 analitikas &amp; Projekto vadovas\" class=\"read-more\" href=\"https:\/\/ttp.expert\/lt\/duomenu-analitikas-projekto-vadovas\/\" aria-label=\"Read more about Duomen\u0173 analitikas &amp; Projekto vadovas\">Skaityti toliau<\/a><\/p>\n","protected":false},"author":1,"featured_media":0,"parent":0,"menu_order":0,"comment_status":"closed","ping_status":"closed","template":"","meta":{"_joinchat":[],"footnotes":""},"class_list":["post-12494","page","type-page","status-publish"],"aioseo_notices":[],"_links":{"self":[{"href":"https:\/\/ttp.expert\/lt\/wp-json\/wp\/v2\/pages\/12494","targetHints":{"allow":["GET"]}}],"collection":[{"href":"https:\/\/ttp.expert\/lt\/wp-json\/wp\/v2\/pages"}],"about":[{"href":"https:\/\/ttp.expert\/lt\/wp-json\/wp\/v2\/types\/page"}],"author":[{"embeddable":true,"href":"https:\/\/ttp.expert\/lt\/wp-json\/wp\/v2\/users\/1"}],"replies":[{"embeddable":true,"href":"https:\/\/ttp.expert\/lt\/wp-json\/wp\/v2\/comments?post=12494"}],"version-history":[{"count":6,"href":"https:\/\/ttp.expert\/lt\/wp-json\/wp\/v2\/pages\/12494\/revisions"}],"predecessor-version":[{"id":14874,"href":"https:\/\/ttp.expert\/lt\/wp-json\/wp\/v2\/pages\/12494\/revisions\/14874"}],"wp:attachment":[{"href":"https:\/\/ttp.expert\/lt\/wp-json\/wp\/v2\/media?parent=12494"}],"curies":[{"name":"wp","href":"https:\/\/api.w.org\/{rel}","templated":true}]}}