{"id":12572,"date":"2025-05-12T08:39:47","date_gmt":"2025-05-12T08:39:47","guid":{"rendered":"https:\/\/ttp-expert.com\/pagalbu-vadybininkas-turku-kalba\/"},"modified":"2025-07-07T11:45:20","modified_gmt":"2025-07-07T11:45:20","slug":"pagalbu-vadybininkas-turku-kalba","status":"publish","type":"page","link":"https:\/\/ttp.expert\/lt\/pagalbu-vadybininkas-turku-kalba\/","title":{"rendered":"Pagalb\u0173 vadybininkas turk\u0173 kalba"},"content":{"rendered":"\t\t<div data-elementor-type=\"wp-page\" data-elementor-id=\"12572\" class=\"elementor elementor-12572\" data-elementor-post-type=\"page\">\n\t\t\t\t<div class=\"elementor-element elementor-element-74ad67c e-flex e-con-boxed e-con e-parent\" data-id=\"74ad67c\" data-element_type=\"container\">\n\t\t\t\t\t<div class=\"e-con-inner\">\n\t\t<div class=\"elementor-element elementor-element-5a5bb37 e-con-full e-flex e-con e-child\" data-id=\"5a5bb37\" data-element_type=\"container\">\n\t\t<div class=\"elementor-element elementor-element-15521bf e-con-full e-flex e-con e-child\" data-id=\"15521bf\" data-element_type=\"container\">\n\t\t\t\t<div class=\"elementor-element elementor-element-a5db37d premium-header-inline elementor-invisible elementor-widget elementor-widget-premium-addon-dual-header\" data-id=\"a5db37d\" data-element_type=\"widget\" data-settings=\"{&quot;_animation&quot;:&quot;fadeInDown&quot;}\" data-widget_type=\"premium-addon-dual-header.default\">\n\t\t\t\t<div class=\"elementor-widget-container\">\n\t\t\t\t\t\r\n\t\t\t\t\t<h2 class=\"premium-dual-header-first-header \"><span class=\"premium-dual-header-first-span\">Pagalb\u0173 vadybininkas  <\/span><span class=\"premium-dual-header-second-header \">turk\u0173 kalba<\/span><\/h2> \t\t\r\n\t\t\t\t\t\t<\/div>\n\t\t\t\t<\/div>\n\t\t\t\t<div class=\"elementor-element elementor-element-eac478b elementor-widget-divider--view-line elementor-widget elementor-widget-divider\" data-id=\"eac478b\" data-element_type=\"widget\" data-widget_type=\"divider.default\">\n\t\t\t\t<div class=\"elementor-widget-container\">\n\t\t\t\t\t\t\t<div class=\"elementor-divider\">\n\t\t\t<span class=\"elementor-divider-separator\">\n\t\t\t\t\t\t<\/span>\n\t\t<\/div>\n\t\t\t\t\t\t<\/div>\n\t\t\t\t<\/div>\n\t\t\t\t<\/div>\n\t\t\t\t<\/div>\n\t\t\t\t<div class=\"elementor-element elementor-element-db504af elementor-widget__width-inherit elementor-invisible elementor-widget elementor-widget-html\" data-id=\"db504af\" data-element_type=\"widget\" data-settings=\"{&quot;_animation&quot;:&quot;fadeInLeft&quot;}\" data-widget_type=\"html.default\">\n\t\t\t\t<div class=\"elementor-widget-container\">\n\t\t\t\t\t\r\n<!DOCTYPE html>\r\n<html lang=\"es\">\r\n<head>\r\n    <meta charset=\"UTF-8\">\r\n    <meta name=\"viewport\" content=\"width=device-width, initial-scale=1.0\">\r\n    <title>Formulario de Aplicaci\u00f3n<\/title>\r\n    \r\n    <link href=\"https:\/\/fonts.googleapis.com\/css2?family=Montserrat:wght@400&display=swap\" rel=\"stylesheet\">\r\n\r\n    <style>\r\n        * {\r\n            margin: 0;\r\n            padding: 0;\r\n            box-sizing: border-box;\r\n            font-family: 'Montserrat', sans-serif;\r\n    font-weight: 400;\r\n        }\r\n        \r\n        body {\r\n            background-color: #f5f5f5;\r\n            color: #333;\r\n            line-height: 1.6;\r\n        }\r\n        \r\n        .container {\r\n            max-width: 1000px;\r\n            margin: 40px auto;\r\n            padding: 0px;\r\n            background-color: #fff;\r\n            border-radius: 8px;\r\n           \r\n        }\r\n        \r\n        .job-description {\r\n            border-bottom: 1px solid #e0e0e0;\r\n        }\r\n        \r\n        .job-title {\r\n            color: #DDAA33;\r\n            font-size: 28px;\r\n            margin-bottom: 15px;\r\n            font-weight: bold;\r\n        }\r\n        \r\n        .job-details {\r\n            margin-bottom: 20px;\r\n        }\r\n        \r\n        .job-details h3 {\r\n            font-size: 20px;\r\n            margin: 15px 0 10px;\r\n            color: #555;\r\n        }\r\n        \r\n        .job-details p, .job-details li {\r\n            margin-bottom: 10px;\r\n            font-size: 16px;\r\n        }\r\n        \r\n        .job-details ul {\r\n            padding-left: 20px;\r\n            margin-bottom: 15px;\r\n        }\r\n        \r\n        .application-form {\r\n            padding-top: 20px;\r\n        }\r\n        \r\n        .form-title {\r\n            font-size: 24px;\r\n            margin-bottom: 20px;\r\n            color: #333;\r\n        }\r\n        \r\n        .form-group {\r\n            margin-bottom: 20px;\r\n        }\r\n        \r\n        label {\r\n            display: block;\r\n            margin-bottom: 8px;\r\n\r\n            color: #555;\r\n             font-family: 'Montserrat', sans-serif;\r\n        }\r\n        \r\n        input, textarea {\r\n            width: 100%;\r\n            padding: 12px;\r\n            border: 1px solid #ddd;\r\n            border-radius: 4px;\r\n            font-size: 16px;\r\n            transition: border-color 0.3s;\r\n        }\r\n        \r\n        input:focus, textarea:focus {\r\n            border-color: #e6a700;\r\n            outline: none;\r\n        }\r\n        \r\n        textarea {\r\n            min-height: 150px;\r\n            resize: vertical;\r\n        }\r\n        \r\n        .file-upload {\r\n            position: relative;\r\n            overflow: hidden;\r\n            margin-top: 10px;\r\n            display: inline-block;\r\n        }\r\n        \r\n        .file-upload-label {\r\n            background-color: #f0f0f0;\r\n            color: #555;\r\n            border: 1px solid #ddd;\r\n            padding: 10px 20px;\r\n            border-radius: 4px;\r\n            cursor: pointer;\r\n            display: inline-block;\r\n            transition: all 0.3s;\r\n        }\r\n        \r\n        .file-upload-label:hover {\r\n            background-color: #e0e0e0;\r\n        }\r\n        \r\n        .file-name {\r\n            margin-left: 10px;\r\n            font-size: 14px;\r\n        }\r\n        \r\n        input[type=\"file\"] {\r\n            position: absolute;\r\n            left: 0;\r\n            top: 0;\r\n            opacity: 0;\r\n            cursor: pointer;\r\n            width: 100%;\r\n            height: 100%;\r\n        }\r\n        \r\n        .submit-btn {\r\n            background-color: #DDAA33;\r\n            color: black;\r\n            border: none;\r\n            padding: 5px 30px;\r\n            font-size: 14px;\r\n            border-radius: 40px;\r\n            cursor: pointer;\r\n            transition: background-color 0.3s;\r\n\r\n            margin-top: 10px;\r\n        }\r\n        \r\n        .submit-btn:hover {\r\n            background-color: #AB8635;\r\n             color: black;\r\n        }\r\n        \r\n        .required {\r\n            color: #e74c3c;\r\n        }\r\n        \r\n        @media (max-width: 768px) {\r\n            .container {\r\n                padding: 15px;\r\n                margin: 20px 10px;\r\n            }\r\n            \r\n            .job-title {\r\n                font-size: 24px;\r\n            }\r\n            \r\n            .form-title {\r\n                font-size: 20px;\r\n            }\r\n        }\r\n    <\/style>\r\n<\/head>\r\n<body>\r\n    <div class=\"container\">\r\n        <!-- Secci\u00f3n de descripci\u00f3n del puesto -->\r\n        <div class=\"job-description\">\r\n            <h1 class=\"job-title\">Pagalb\u0173 vadybininkas turk\u0173 kalba (v\/m)<\/h1>\r\n            \r\n            <div class=\"job-details\">\r\n                <p>Vykdydama konsolidavimo ir augimo strategij\u0105, tarptautin\u0117 \u012fmon\u0117 \u201eTruck & Trail Performance\u201c, kurios specializacija yra transporto priemoni\u0173 gedimo paslaugos, biure Lisabonoje (Carnaxide) samdo pagalb\u0173 paslaug\u0173 vadynink\u0105 turk\u0173 kalba, kuris valdyt\u0173 Turkijos klient\u0173 gedim\u0173 paslaugas visoje Europoje.<\/p>\r\n                \r\n                <h3>J\u016bs\u0173 misija:<\/h3>\r\n                <ul>\r\n                    <li>Pagalbos d\u0117l gedim\u0173 valdymas Turkijos klientams.<\/li>\r\n                    <li>Reguliarus telefono ry\u0161ys su klientais ir tinklo partneriais.<\/li>\r\n                    <li>Nauj\u0173 Turkijos klient\u0173 paie\u0161ka.<\/li>\r\n                    <li>Pagalbos byl\u0173 ir kain\u0173 pasi\u016blym\u0173 kontrol\u0117.<\/li>\r\n                    <li>Nauj\u0173 verslo partneri\u0173 paie\u0161ka.<\/li>\r\n                <\/ul>\r\n                \r\n                <h3>J\u016bs\u0173 profilis:<\/h3>\r\n                <ul>\r\n                    <li>Bakalauro laipsnis ir komercinis mokymas (privalumas).<\/li>\r\n                    <li>Laisvai kalba turk\u0173 kalba (gimtoji pirmenyb\u0117).<\/li>\r\n                    <li>Laisvai kalba angli\u0161kai.<\/li>\r\n                    <li>Kit\u0173 kalb\u0173, toki\u0173 kaip vokie\u010di\u0173, pranc\u016bz\u0173, ital\u0173, ispan\u0173 ar lenk\u0173, mok\u0117jimas bus privalumas, bet ne esminis veiksnys.<\/li>\r\n                    <li>Patirtis transporto pramon\u0117je arba mechanikoje b\u016bt\u0173 privalumas, bet ne atmetimas.<\/li>\r\n                    <li>MS Office \u012franki\u0173 i\u0161manymas.<\/li>\r\n                <\/ul>\r\n                \r\n                <h3>S\u0117kmingai integruotis \u012f komand\u0105 tikim\u0117s motyvuoto, entuziastingo, dinami\u0161ko ir iniciatyvaus kolegos, turin\u010dio \u0161iuos \u012fg\u016bd\u017eius:<\/h3>\r\n                <ul>\r\n                    <li>Orientuotas \u012f klient\u0105.<\/li>\r\n                    <li>Puikus organizuotumas ir grie\u017etumas.<\/li>\r\n                    <li>Geros \u017einios ir prioritet\u0173 valdymas.<\/li>\r\n                    <li>Atsakomyb\u0117s ir savaranki\u0161kumo jausmas.<\/li>\r\n                    <li>Problem\u0173 sprendimo \u012fg\u016bd\u017eiai, diplomatija ir komandinio darbo dvasia.<\/li>\r\n                <\/ul>\r\n                \r\n                 <h3>Truck & Trail Performance si\u016blo jums:<\/h3>\r\n                <ul>\r\n                    <li>Nuolatin\u0117 sutartis su jauna, bet daug patyrusia, dinami\u0161ka ir aktyvia komanda.<\/li>\r\n                <\/ul>\r\n                \r\n            <\/div>\r\n        <\/div>\r\n    <\/div>\r\n\r\n<\/body>\r\n<\/html>\t\t\t\t<\/div>\n\t\t\t\t<\/div>\n\t\t\t\t<div class=\"elementor-element elementor-element-ae5dc62 elementor-widget__width-initial elementor-widget elementor-widget-shortcode\" data-id=\"ae5dc62\" data-element_type=\"widget\" data-widget_type=\"shortcode.default\">\n\t\t\t\t<div class=\"elementor-widget-container\">\n\t\t\t\t\t\t\t<div class=\"elementor-shortcode\">\n<div class=\"wpcf7 no-js\" id=\"wpcf7-f14864-o1\" lang=\"en-US\" dir=\"ltr\" data-wpcf7-id=\"14864\">\n<div class=\"screen-reader-response\"><p role=\"status\" aria-live=\"polite\" aria-atomic=\"true\"><\/p> <ul><\/ul><\/div>\n<form action=\"\/lt\/wp-json\/wp\/v2\/pages\/12572#wpcf7-f14864-o1\" method=\"post\" class=\"wpcf7-form init\" aria-label=\"Contact form\" enctype=\"multipart\/form-data\" novalidate=\"novalidate\" data-status=\"init\">\n<div style=\"display: none;\">\n<input type=\"hidden\" name=\"_wpcf7\" value=\"14864\" \/>\n<input type=\"hidden\" name=\"_wpcf7_version\" value=\"6.0.3\" \/>\n<input type=\"hidden\" name=\"_wpcf7_locale\" value=\"en_US\" \/>\n<input type=\"hidden\" name=\"_wpcf7_unit_tag\" value=\"wpcf7-f14864-o1\" \/>\n<input type=\"hidden\" name=\"_wpcf7_container_post\" value=\"0\" \/>\n<input type=\"hidden\" name=\"_wpcf7_posted_data_hash\" value=\"\" \/>\n<\/div>\n<p><br \/>\n<label> Vardas ir pavard\u0117<br \/>\n<span class=\"wpcf7-form-control-wrap\" data-name=\"your-name\"><input size=\"40\" maxlength=\"400\" class=\"wpcf7-form-control wpcf7-text wpcf7-validates-as-required\" aria-required=\"true\" aria-invalid=\"false\" placeholder=\"J\u016bs\u0173 pilnas vardas\" value=\"\" type=\"text\" name=\"your-name\" \/><\/span><br \/>\n<\/label>\n<\/p>\n<p><br \/>\n<label> Elektroninis pa\u0161tas<br \/>\n<span class=\"wpcf7-form-control-wrap\" data-name=\"your-email\"><input size=\"40\" maxlength=\"400\" class=\"wpcf7-form-control wpcf7-email wpcf7-validates-as-required wpcf7-text wpcf7-validates-as-email\" aria-required=\"true\" aria-invalid=\"false\" placeholder=\"J\u016bs\u0173 el. pa\u0161to adresas\" value=\"\" type=\"email\" name=\"your-email\" \/><\/span><br \/>\n<\/label>\n<\/p>\n<p><br \/>\n<label> Telefonas<br \/>\n<span class=\"wpcf7-form-control-wrap\" data-name=\"your-phone\"><input size=\"40\" maxlength=\"400\" class=\"wpcf7-form-control wpcf7-tel wpcf7-validates-as-required wpcf7-text wpcf7-validates-as-tel\" aria-required=\"true\" aria-invalid=\"false\" placeholder=\"J\u016bs\u0173 telefono numeris\" value=\"\" type=\"tel\" name=\"your-phone\" \/><\/span><br \/>\n<\/label>\n<\/p>\n<p class=\"cv-upload-wrapper\"><br \/>\n<label for=\"your-cv-input\" class=\"cv-upload-label\">Prisegti CV (PDF, DOC, DOCX)<\/label><br \/>\n<span class=\"wpcf7-form-control-wrap\" data-name=\"your-cv\"><input size=\"40\" class=\"wpcf7-form-control wpcf7-file wpcf7-validates-as-required cv-input\" id=\"your-cv-input\" accept=\".pdf,.doc,.docx\" aria-required=\"true\" aria-invalid=\"false\" type=\"file\" name=\"your-cv\" \/><\/span><br \/>\n<span class=\"cv-file-name\">N\u0117ra pasirinkto failo<\/span>\n<\/p>\n<p><br \/>\n<input class=\"wpcf7-form-control wpcf7-submit has-spinner\" type=\"submit\" value=\"Pateikti parai\u0161k\u0105\" \/>\n<\/p>\n<input class=\"wpcf7-form-control wpcf7-hidden\" value=\"\" type=\"hidden\" name=\"page-url\" \/><div class=\"wpcf7-response-output\" aria-hidden=\"true\"><\/div>\n<\/form>\n<\/div>\n<\/div>\n\t\t\t\t\t\t<\/div>\n\t\t\t\t<\/div>\n\t\t\t\t<div class=\"elementor-element elementor-element-369977d elementor-widget elementor-widget-html\" data-id=\"369977d\" data-element_type=\"widget\" data-widget_type=\"html.default\">\n\t\t\t\t<div class=\"elementor-widget-container\">\n\t\t\t\t\t<script>\r\n  document.addEventListener('DOMContentLoaded', function () {\r\n    const fileInput = document.querySelector('#your-cv-input');\r\n    const fileNameDisplay = document.querySelector('.cv-file-name');\r\n\r\n    if (fileInput) {\r\n      fileInput.addEventListener('change', function () {\r\n        if (fileInput.files.length > 0) {\r\n          const fileName = fileInput.files[0].name;\r\n          fileNameDisplay.innerHTML = `${fileName} <span class=\"remove-file\" style=\"margin-left: 10px; color: red; cursor: pointer;\">Remove<\/span>`;\r\n\r\n          const removeBtn = fileNameDisplay.querySelector('.remove-file');\r\n          removeBtn.addEventListener('click', function () {\r\n            fileInput.value = '';\r\n            fileNameDisplay.textContent = 'No file selected';\r\n          });\r\n        } else {\r\n          fileNameDisplay.textContent = 'No file selected';\r\n        }\r\n      });\r\n    }\r\n  });\r\n<\/script>\r\n\t\t\t\t<\/div>\n\t\t\t\t<\/div>\n\t\t\t\t\t<\/div>\n\t\t\t\t<\/div>\n\t\t\t\t<\/div>\n\t\t","protected":false},"excerpt":{"rendered":"<p>Pagalb\u0173 vadybininkas turk\u0173 kalba Formulario de Aplicaci\u00f3n Pagalb\u0173 vadybininkas turk\u0173 kalba (v\/m) Vykdydama konsolidavimo ir augimo strategij\u0105, tarptautin\u0117 \u012fmon\u0117 \u201eTruck &#038; Trail Performance\u201c, kurios specializacija yra transporto priemoni\u0173 gedimo paslaugos, biure Lisabonoje (Carnaxide) samdo pagalb\u0173 paslaug\u0173 vadynink\u0105 turk\u0173 kalba, kuris valdyt\u0173 Turkijos klient\u0173 gedim\u0173 paslaugas visoje Europoje. J\u016bs\u0173 misija: Pagalbos d\u0117l gedim\u0173 valdymas Turkijos klientams. &#8230; <a title=\"Pagalb\u0173 vadybininkas turk\u0173 kalba\" class=\"read-more\" href=\"https:\/\/ttp.expert\/lt\/pagalbu-vadybininkas-turku-kalba\/\" aria-label=\"Read more about Pagalb\u0173 vadybininkas turk\u0173 kalba\">Skaityti toliau<\/a><\/p>\n","protected":false},"author":1,"featured_media":0,"parent":0,"menu_order":0,"comment_status":"closed","ping_status":"closed","template":"","meta":{"_joinchat":[],"footnotes":""},"class_list":["post-12572","page","type-page","status-publish"],"aioseo_notices":[],"_links":{"self":[{"href":"https:\/\/ttp.expert\/lt\/wp-json\/wp\/v2\/pages\/12572","targetHints":{"allow":["GET"]}}],"collection":[{"href":"https:\/\/ttp.expert\/lt\/wp-json\/wp\/v2\/pages"}],"about":[{"href":"https:\/\/ttp.expert\/lt\/wp-json\/wp\/v2\/types\/page"}],"author":[{"embeddable":true,"href":"https:\/\/ttp.expert\/lt\/wp-json\/wp\/v2\/users\/1"}],"replies":[{"embeddable":true,"href":"https:\/\/ttp.expert\/lt\/wp-json\/wp\/v2\/comments?post=12572"}],"version-history":[{"count":6,"href":"https:\/\/ttp.expert\/lt\/wp-json\/wp\/v2\/pages\/12572\/revisions"}],"predecessor-version":[{"id":14871,"href":"https:\/\/ttp.expert\/lt\/wp-json\/wp\/v2\/pages\/12572\/revisions\/14871"}],"wp:attachment":[{"href":"https:\/\/ttp.expert\/lt\/wp-json\/wp\/v2\/media?parent=12572"}],"curies":[{"name":"wp","href":"https:\/\/api.w.org\/{rel}","templated":true}]}}