{"id":1460,"date":"2024-06-06T19:25:58","date_gmt":"2024-06-06T19:25:58","guid":{"rendered":"https:\/\/ttp-expert.com\/privatumo-politika\/"},"modified":"2025-06-03T14:44:11","modified_gmt":"2025-06-03T14:44:11","slug":"privatumo-politika","status":"publish","type":"page","link":"https:\/\/ttp.expert\/lt\/privatumo-politika\/","title":{"rendered":"Privatumo politika"},"content":{"rendered":"\t\t<div data-elementor-type=\"wp-page\" data-elementor-id=\"1460\" class=\"elementor elementor-1460\" data-elementor-post-type=\"page\">\n\t\t\t\t<div class=\"elementor-element elementor-element-b1a5ca1 e-flex e-con-boxed e-con e-parent\" data-id=\"b1a5ca1\" data-element_type=\"container\">\n\t\t\t\t\t<div class=\"e-con-inner\">\n\t\t\t\t<div class=\"elementor-element elementor-element-7134238 elementor-widget elementor-widget-text-editor\" data-id=\"7134238\" data-element_type=\"widget\" data-widget_type=\"text-editor.default\">\n\t\t\t\t<div class=\"elementor-widget-container\">\n\t\t\t\t\t\t\t\t\t<h2><strong><span style=\"color: #ddaa33;\">Komentarai<\/span><\/strong><\/h2><p>Kai lankytojai <span class=\"error-spellcheck\" data-word=\"svetain\u0117je\" data-suggestion=\"svetain\u00ebje\">svetain\u0117je<\/span> palieka komentarus, renkame <span class=\"error-spellcheck\" data-word=\"komentar\u0173\" data-suggestion=\"komentaras\">komentar\u0173<\/span> formoje nurodytus duomenis, lankytojo IP <span class=\"error-spellcheck\" data-word=\"adres\u0105\" data-suggestion=\"adresas\">adres\u0105<\/span> ir <span class=\"error-spellcheck\" data-word=\"nar\u0161ykl\u0117s\" data-suggestion=\"nar\u00f0ykl\u00ebs\">nar\u0161ykl\u0117s<\/span> naudotojo agento <span class=\"error-spellcheck\" data-word=\"eilut\u0119\" data-suggestion=\"eilut\u00eb\">eilut\u0119<\/span>, kad <span class=\"error-spellcheck\" data-word=\"b\u016bt\u0173\" data-suggestion=\"\">b\u016bt\u0173<\/span> lengviau aptikti nepageidaujamus <span class=\"error-spellcheck\" data-word=\"lai\u0161kus\" data-suggestion=\"laikus\">lai\u0161kus<\/span>.<\/p><p>I\u0161 j\u016bs\u0173 el. pa\u0161to adreso sukurta anonimin\u0117 eilut\u0117 (dar vadinama hash) gali b\u016bti pateikta &#8222;Gravatar&#8221; paslaugai, kad b\u016bt\u0173 galima nustatyti, ar j\u0105 naudojate.<\/p><p>&#8222;Gravatar&#8221; paslaugos privatumo politik\u0105 galima rasti \u010dia: https:\/\/automattic.com\/privacy\/. Patvirtinus j\u016bs\u0173 komentar\u0105, j\u016bs\u0173 profilio nuotrauka matoma vie\u0161ai, atsi\u017evelgiant \u012f j\u016bs\u0173 komentaro kontekst\u0105.<\/p><p>\u00a0<\/p><h2><strong><span style=\"color: #ddaa33;\">Medijos<\/span><\/strong><\/h2><p>Jei \u012f <span class=\"error-spellcheck\" data-word=\"svetain\u0119\" data-suggestion=\"svetain\u00eb\">svetain\u0119<\/span> <span class=\"error-spellcheck\" data-word=\"\u012fkeliate\" data-suggestion=\"Keliate\">\u012fkeliate<\/span> vaizdus, <span class=\"error-spellcheck\" data-word=\"tur\u0117tum\u0117te\" data-suggestion=\"\">tur\u0117tum\u0117te<\/span> vengti <span class=\"error-spellcheck\" data-word=\"\u012fkelti\" data-suggestion=\"Kelti\">\u012fkelti<\/span> vaizdus su <span class=\"error-spellcheck\" data-word=\"\u012fterptais\" data-suggestion=\"Terptais\">\u012fterptais<\/span> buvimo vietos duomenimis (EXIF GPS).<\/p><p><span class=\"error-spellcheck\" data-word=\"Svetain\u0117s\" data-suggestion=\"Svetain\u00ebs\">Svetain\u0117s<\/span> lankytojai gali <span class=\"error-spellcheck\" data-word=\"atsisi\u0173sti\" data-suggestion=\"atsitiktinis\">atsisi\u0173sti<\/span> ir <span class=\"error-spellcheck\" data-word=\"i\u0161\" data-suggestion=\"\">i\u0161<\/span> <span class=\"error-spellcheck\" data-word=\"svetain\u0117s\" data-suggestion=\"svetain\u00ebs\">svetain\u0117s<\/span> <span class=\"error-spellcheck\" data-word=\"vaizd\u0173\" data-suggestion=\"vaizdina\">vaizd\u0173<\/span> <span class=\"error-spellcheck\" data-word=\"i\u0161gauti\" data-suggestion=\"girgauti\">i\u0161gauti<\/span> bet kokius buvimo vietos duomenis.<\/p><p>\u00a0<\/p><h2><strong><span style=\"color: #ddaa33;\">Slapukai<\/span><\/strong><\/h2><p>Jei <span class=\"error-spellcheck\" data-word=\"m\u016bs\u0173\" data-suggestion=\"\">m\u016bs\u0173<\/span> <span class=\"error-spellcheck\" data-word=\"svetain\u0117je\" data-suggestion=\"svetain\u00ebje\">svetain\u0117je<\/span> paliekate <span class=\"error-spellcheck\" data-word=\"komentar\u0105\" data-suggestion=\"komentaras\">komentar\u0105<\/span>, galite sutikti, kad slapukuose <span class=\"error-spellcheck\" data-word=\"b\u016bt\u0173\" data-suggestion=\"\">b\u016bt\u0173<\/span> <span class=\"error-spellcheck\" data-word=\"i\u0161saugotas\" data-suggestion=\"saugotas\">i\u0161saugotas<\/span> <span class=\"error-spellcheck\" data-word=\"j\u016bs\u0173\" data-suggestion=\"\">j\u016bs\u0173<\/span> vardas, el. <span class=\"error-spellcheck\" data-word=\"pa\u0161to\" data-suggestion=\"pato\">pa\u0161to<\/span> adresas ir <span class=\"error-spellcheck\" data-word=\"svetain\u0117\" data-suggestion=\"svetain\u00eb\">svetain\u0117<\/span>.<\/p><p>Jie skirti <span class=\"error-spellcheck\" data-word=\"j\u016bs\u0173\" data-suggestion=\"\">j\u016bs\u0173<\/span> patogumui, kad <span class=\"error-spellcheck\" data-word=\"nereik\u0117t\u0173\" data-suggestion=\"nereik\u00ebti\">nereik\u0117t\u0173<\/span> <span class=\"error-spellcheck\" data-word=\"i\u0161\" data-suggestion=\"\">i\u0161<\/span> naujo pildyti savo <span class=\"error-spellcheck\" data-word=\"duomen\u0173\" data-suggestion=\"diduomen\u00eb\">duomen\u0173<\/span> paliekant <span class=\"error-spellcheck\" data-word=\"kit\u0105\" data-suggestion=\"kit\u00ebt\">kit\u0105<\/span> <span class=\"error-spellcheck\" data-word=\"komentar\u0105\" data-suggestion=\"komentaras\">komentar\u0105<\/span>.<\/p><p>\u0160ie slapukai i\u0161silaikys vienerius metus.<\/p><p>Jei apsilankysite m\u016bs\u0173 prisijungimo puslapyje, nustatysime laikin\u0105 slapuk\u0105, kad nustatytume, ar j\u016bs\u0173 nar\u0161ykl\u0117 priima slapukus.<\/p><p><span class=\"error-spellcheck\" data-word=\"\u0160iame\" data-suggestion=\"Mel\u00feiame\">\u0160iame<\/span> slapuke n\u0117ra <span class=\"error-spellcheck\" data-word=\"joki\u0173\" data-suggestion=\"jokia\">joki\u0173<\/span> <span class=\"error-spellcheck\" data-word=\"asmenini\u0173\" data-suggestion=\"asmenini|menininkas\">asmenini\u0173<\/span> <span class=\"error-spellcheck\" data-word=\"duomen\u0173\" data-suggestion=\"diduomen\u00eb\">duomen\u0173<\/span> ir jis <span class=\"error-spellcheck\" data-word=\"i\u0161metamas\" data-suggestion=\"metamfetaminas\">i\u0161metamas<\/span>, kai <span class=\"error-spellcheck\" data-word=\"u\u017edarote\" data-suggestion=\"Darote\">u\u017edarote<\/span> <span class=\"error-spellcheck\" data-word=\"nar\u0161ykl\u0119\" data-suggestion=\"nar\u00f0ykl\u00eb\">nar\u0161ykl\u0119<\/span>.<\/p><p>Kai prisijungiate, taip pat nustatome kelis slapukus, kad i\u0161saugotume j\u016bs\u0173 prisijungimo informacij\u0105 ir ekrano rodymo parinktis.<\/p><p>Prisijungimo slapukai galioja dvi dienas, o ekrano parink\u010di\u0173 slapukai &#8211; metus.<\/p><p>Jei pasirinksite &#8222;Prisiminti mane&#8221;, j\u016bs\u0173 prisijungimas i\u0161liks dvi savaites.<\/p><p>Jei <span class=\"error-spellcheck\" data-word=\"i\u0161eisite\" data-suggestion=\"teisite|teisinsite\">i\u0161eisite<\/span> <span class=\"error-spellcheck\" data-word=\"i\u0161\" data-suggestion=\"\">i\u0161<\/span> savo paskyros, prisijungimo slapukai bus <span class=\"error-spellcheck\" data-word=\"pa\u0161alinti\" data-suggestion=\"pabalinti|padalinti|pa\u00f0alinti\">pa\u0161alinti<\/span>.<\/p><p>Jei redaguojate arba publikuojate straipsn\u012f, j\u016bs\u0173 nar\u0161ykl\u0117je bus i\u0161saugotas papildomas slapukas.<\/p><p>\u0160iame slapuke n\u0117ra joki\u0173 asmenini\u0173 duomen\u0173, jame tiesiog nurodomas k\u0105 tik redaguoto straipsnio prane\u0161imo ID.<\/p><p>Jis nustoja galioti po 1 dienos.<\/p><p>\u00a0<\/p><h2><strong><span style=\"color: #ddaa33;\"><span class=\"error-spellcheck\" data-word=\"\u012eterptasis\" data-suggestion=\"\u00d0erpetotasis\">\u012eterptasis<\/span> turinys <span class=\"error-spellcheck\" data-word=\"i\u0161\" data-suggestion=\"\">i\u0161<\/span> <span class=\"error-spellcheck\" data-word=\"kit\u0173\" data-suggestion=\"kit\u00ebt\">kit\u0173<\/span> <span class=\"error-spellcheck\" data-word=\"svetaini\u0173\" data-suggestion=\"svetain\u00eb\">svetaini\u0173<\/span><\/span><\/strong><\/h2><p>\u0160ios svetain\u0117s straipsniuose gali b\u016bti \u012fterpto turinio (pvz., vaizdo \u012fra\u0161\u0173, paveiksl\u0117li\u0173, straipsni\u0173 ir kt.).<\/p><p><span class=\"error-spellcheck\" data-word=\"\u012eterptas\" data-suggestion=\"Terptas\">\u012eterptas<\/span> turinys <span class=\"error-spellcheck\" data-word=\"i\u0161\" data-suggestion=\"\">i\u0161<\/span> <span class=\"error-spellcheck\" data-word=\"kit\u0173\" data-suggestion=\"kit\u00ebt\">kit\u0173<\/span> <span class=\"error-spellcheck\" data-word=\"svetaini\u0173\" data-suggestion=\"svetain\u00eb\">svetaini\u0173<\/span> elgiasi lygiai taip pat, tarsi lankytojas <span class=\"error-spellcheck\" data-word=\"b\u016bt\u0173\" data-suggestion=\"\">b\u016bt\u0173<\/span> <span class=\"error-spellcheck\" data-word=\"apsilank\u0119s\" data-suggestion=\"aplankalas\">apsilank\u0119s<\/span> kitoje <span class=\"error-spellcheck\" data-word=\"svetain\u0117je\" data-suggestion=\"svetain\u00ebje\">svetain\u0117je<\/span>.<\/p><p>\u0160iose svetain\u0117se gali b\u016bti renkami duomenys apie jus, naudojami slapukai, \u012fterpiamas papildomas tre\u010di\u0173j\u0173 \u0161ali\u0173 steb\u0117jimas ir stebima j\u016bs\u0173 s\u0105veika su \u012fterptu turiniu, \u012fskaitant j\u016bs\u0173 s\u0105veikos su \u012fterptu turiniu steb\u0117jim\u0105, jei turite paskyr\u0105 ir esate prisijung\u0119 prie tos svetain\u0117s.<\/p><p>\u00a0<\/p><h2><strong><span style=\"color: #ddaa33;\">Su kuo dalijam\u0117s j\u016bs\u0173 duomenimis<\/span><\/strong><\/h2><p>Jei papra\u0161ysite i\u0161 naujo nustatyti slapta\u017eod\u012f, j\u016bs\u0173 IP adresas bus \u012ftrauktas \u012f naujo slapta\u017eod\u017eio el. lai\u0161k\u0105.<\/p><p>\u00a0<\/p><h2><strong><span style=\"color: #ddaa33;\">Kiek laiko saugome <span class=\"error-spellcheck\" data-word=\"j\u016bs\u0173\" data-suggestion=\"\">j\u016bs\u0173<\/span> duomenis<\/span><\/strong><\/h2><p>Jei paliekate komentar\u0105, komentaras ir jo metaduomenys saugomi neribot\u0105 laik\u0105.<\/p><p>Tai daroma tam, kad <span class=\"error-spellcheck\" data-word=\"gal\u0117tume\" data-suggestion=\"galuotume\">gal\u0117tume<\/span> <span class=\"error-spellcheck\" data-word=\"automati\u0161kai\" data-suggestion=\"automatikai|automati\u00f0kai|automati\u00f0ka|automatininkai\">automati\u0161kai<\/span> <span class=\"error-spellcheck\" data-word=\"atpa\u017einti\" data-suggestion=\"atpa\u00feinti|tapatinti\">atpa\u017einti<\/span> ir patvirtinti visus tolesnius komentarus, <span class=\"error-spellcheck\" data-word=\"u\u017euot\" data-suggestion=\"uoguot\">u\u017euot<\/span> <span class=\"error-spellcheck\" data-word=\"laik\u0119\" data-suggestion=\"laikikli\">laik\u0119<\/span> juos <span class=\"error-spellcheck\" data-word=\"moderavimo\" data-suggestion=\"modeliavimo|modernizavimo|klederavimo|degeneravimo\">moderavimo<\/span> <span class=\"error-spellcheck\" data-word=\"eil\u0117je\" data-suggestion=\"eil\u00ebje\">eil\u0117je<\/span>.<\/p><p><span class=\"error-spellcheck\" data-word=\"Vartotoj\u0173\" data-suggestion=\"Vartotoja\">Vartotoj\u0173<\/span>, <span class=\"error-spellcheck\" data-word=\"u\u017esiregistravusi\u0173\" data-suggestion=\"\">u\u017esiregistravusi\u0173<\/span> <span class=\"error-spellcheck\" data-word=\"m\u016bs\u0173\" data-suggestion=\"\">m\u016bs\u0173<\/span> <span class=\"error-spellcheck\" data-word=\"svetain\u0117je\" data-suggestion=\"svetain\u00ebje\">svetain\u0117je<\/span> (jei <span class=\"error-spellcheck\" data-word=\"toki\u0173\" data-suggestion=\"tokia\">toki\u0173<\/span> yra), <span class=\"error-spellcheck\" data-word=\"asmenin\u0119\" data-suggestion=\"asmenini\">asmenin\u0119<\/span> <span class=\"error-spellcheck\" data-word=\"informacij\u0105\" data-suggestion=\"informacija|informacini\">informacij\u0105<\/span> taip pat saugome <span class=\"error-spellcheck\" data-word=\"j\u0173\" data-suggestion=\"\">j\u0173<\/span> naudotojo profilyje.<\/p><p>Visi naudotojai gali bet kada per\u017ei\u016br\u0117ti, redaguoti ar i\u0161trinti savo asmenin\u0119 informacij\u0105 (tik negali keisti savo naudotojo vardo).<\/p><p><span class=\"error-spellcheck\" data-word=\"Svetain\u0117s\" data-suggestion=\"Svetain\u00ebs\">Svetain\u0117s<\/span> administratoriai taip pat gali matyti ir redaguoti <span class=\"error-spellcheck\" data-word=\"\u0161i\u0105\" data-suggestion=\"\">\u0161i\u0105<\/span> <span class=\"error-spellcheck\" data-word=\"informacij\u0105\" data-suggestion=\"informacija|informacini\">informacij\u0105<\/span>.<\/p><p>\u00a0<\/p><h2><strong><span style=\"color: #ddaa33;\">Kokias teises turite \u012f savo duomenis<\/span><\/strong><\/h2><p>Jei turite <span class=\"error-spellcheck\" data-word=\"paskyr\u0105\" data-suggestion=\"paskyra\">paskyr\u0105<\/span> <span class=\"error-spellcheck\" data-word=\"\u0161ioje\" data-suggestion=\"\u00d0iojoje\">\u0161ioje<\/span> <span class=\"error-spellcheck\" data-word=\"svetain\u0117je\" data-suggestion=\"svetain\u00ebje\">svetain\u0117je<\/span> arba palikote <span class=\"error-spellcheck\" data-word=\"komentar\u0173\" data-suggestion=\"komentaras\">komentar\u0173<\/span>, galite <span class=\"error-spellcheck\" data-word=\"papra\u0161yti\" data-suggestion=\"papra\u00f0yti\">papra\u0161yti<\/span> gauti <span class=\"error-spellcheck\" data-word=\"eksportuot\u0105\" data-suggestion=\"eksportuot\">eksportuot\u0105<\/span> <span class=\"error-spellcheck\" data-word=\"m\u016bs\u0173\" data-suggestion=\"\">m\u016bs\u0173<\/span> <span class=\"error-spellcheck\" data-word=\"turim\u0173\" data-suggestion=\"turizmas\">turim\u0173<\/span> <span class=\"error-spellcheck\" data-word=\"j\u016bs\u0173\" data-suggestion=\"\">j\u016bs\u0173<\/span> asmens <span class=\"error-spellcheck\" data-word=\"duomen\u0173\" data-suggestion=\"diduomen\u00eb\">duomen\u0173<\/span> <span class=\"error-spellcheck\" data-word=\"fail\u0105\" data-suggestion=\"failas\">fail\u0105<\/span>, <span class=\"error-spellcheck\" data-word=\"\u012fskaitant\" data-suggestion=\"Skaitant|Skantant\">\u012fskaitant<\/span> visus duomenis, kuriuos mums <span class=\"error-spellcheck\" data-word=\"pateik\u0117te\" data-suggestion=\"pateikiate|pateiktie|pateiki|pateikia\">pateik\u0117te<\/span>.<\/p><p>Taip pat galite <span class=\"error-spellcheck\" data-word=\"papra\u0161yti\" data-suggestion=\"papra\u00f0yti\">papra\u0161yti<\/span>, kad <span class=\"error-spellcheck\" data-word=\"i\u0161trintume\" data-suggestion=\"antrintume|mitrintume|trinkintume\">i\u0161trintume<\/span> visus turimus <span class=\"error-spellcheck\" data-word=\"j\u016bs\u0173\" data-suggestion=\"\">j\u016bs\u0173<\/span> asmens duomenis.<\/p><p>Tai neapima joki\u0173 duomen\u0173, kuriuos privalome saugoti administraciniais, teisiniais ar saugumo tikslais.<\/p><p>\u00a0<\/p><h2><strong><span style=\"color: #ddaa33;\">Kur <span class=\"error-spellcheck\" data-word=\"siun\u010diami\" data-suggestion=\"siun\u00e8iami\">siun\u010diami<\/span> <span class=\"error-spellcheck\" data-word=\"j\u016bs\u0173\" data-suggestion=\"\">j\u016bs\u0173<\/span> duomenys<\/span><\/strong><\/h2><p><span class=\"error-spellcheck\" data-word=\"Lankytoj\u0173\" data-suggestion=\"Lankytoja\">Lankytoj\u0173<\/span> komentarai gali <span class=\"error-spellcheck\" data-word=\"b\u016bti\" data-suggestion=\"\">b\u016bti<\/span> tikrinami naudojant <span class=\"error-spellcheck\" data-word=\"automatin\u0119\" data-suggestion=\"automatina|automatini|automatino|automatinti\">automatin\u0119<\/span> <span class=\"error-spellcheck\" data-word=\"\u0161lam\u0161to\" data-suggestion=\"\">\u0161lam\u0161to<\/span> aptikimo <span class=\"error-spellcheck\" data-word=\"paslaug\u0105\" data-suggestion=\"paslauga|paslaugu|paslaugus\">paslaug\u0105<\/span>.<\/p><p>\u00a0<\/p><h2><strong><span style=\"color: #ddaa33;\">Kontaktin\u0117 informacija<\/span><\/strong><\/h2><p><span class=\"error-spellcheck\" data-word=\"Lankytoj\u0173\" data-suggestion=\"Lankytoja\">Lankytoj\u0173<\/span> komentarai gali <span class=\"error-spellcheck\" data-word=\"b\u016bti\" data-suggestion=\"\">b\u016bti<\/span> tikrinami naudojant <span class=\"error-spellcheck\" data-word=\"automatin\u0119\" data-suggestion=\"automatina|automatini|automatino|automatinti\">automatin\u0119<\/span> <span class=\"error-spellcheck\" data-word=\"\u0161lam\u0161to\" data-suggestion=\"\">\u0161lam\u0161to<\/span> aptikimo <span class=\"error-spellcheck\" data-word=\"paslaug\u0105\" data-suggestion=\"paslauga|paslaugu|paslaugus\">paslaug\u0105<\/span>.<\/p><p>Jei turite <span class=\"error-spellcheck\" data-word=\"klausim\u0173\" data-suggestion=\"klausimas\">klausim\u0173<\/span> <span class=\"error-spellcheck\" data-word=\"d\u0117l\" data-suggestion=\"\">d\u0117l<\/span> <span class=\"error-spellcheck\" data-word=\"\u0161ios\" data-suggestion=\"\u00d0iosios\">\u0161ios<\/span> privatumo politikos arba norite pasinaudoti savo <span class=\"error-spellcheck\" data-word=\"teis\u0117mis\" data-suggestion=\"teis\u00ebmis\">teis\u0117mis<\/span>, susijusiomis su savo asmens duomenimis, galite susisiekti su mumis:<br \/>el. pa\u0161tas: service24@ttp.expert<\/p><h2><strong><span style=\"color: #ddaa33;\"><span class=\"error-spellcheck\" data-word=\"Kontaktin\u0117\" data-suggestion=\"Kontaktini|Kontaktuoti\">Kontaktin\u0117<\/span> informacija<\/span><\/strong><\/h2><p>J\u016bs\u0173 asmens duomenis tvarkome remdamiesi \u0161iais teisiniais pagrindais:<\/p><ul data-start=\"1415\" data-end=\"1664\"><li data-start=\"1415\" data-end=\"1490\"><p data-start=\"1417\" data-end=\"1490\"><strong data-start=\"1417\" data-end=\"1429\"><span class=\"sc-dcJsrY hepMoq AT-ate-chip--compact ate-chip--marker ate-chip ate-chip--compact ate-chip--marker\" data-segment=\"gid_0\" data-type=\"g\">Sutikimas<\/span>:<\/strong> kai <span class=\"error-spellcheck\" data-word=\"j\u012f\" data-suggestion=\"\">j\u012f<\/span> <span class=\"error-spellcheck\" data-word=\"ai\u0161kiai\" data-suggestion=\"Alki\u00f0kiai\">ai\u0161kiai<\/span> pateikiate (pvz., palikdami komentar\u0105).<\/p><\/li><li data-start=\"1491\" data-end=\"1569\"><p data-start=\"1493\" data-end=\"1569\"><strong data-start=\"1493\" data-end=\"1517\"><span class=\"sc-dcJsrY hepMoq AT-ate-chip--compact ate-chip--marker ate-chip ate-chip--compact ate-chip--marker\" data-segment=\"gid_0\" data-type=\"g\"><span class=\"error-spellcheck\" data-word=\"Teis\u0117tas\" data-suggestion=\"Teistas|Teteistas\">Teis\u0117tas<\/span> interesas<\/span>:<\/strong> <span class=\"error-spellcheck\" data-word=\"u\u017etikrinti\" data-suggestion=\"tikrinti\">u\u017etikrinti<\/span> <span class=\"error-spellcheck\" data-word=\"svetain\u0117s\" data-suggestion=\"svetain\u00ebs\">svetain\u0117s<\/span> <span class=\"error-spellcheck\" data-word=\"saugum\u0105\" data-suggestion=\"saugus\">saugum\u0105<\/span> arba tobulinti <span class=\"error-spellcheck\" data-word=\"m\u016bs\u0173\" data-suggestion=\"\">m\u016bs\u0173<\/span> paslaugas.<\/p><\/li><li data-start=\"1570\" data-end=\"1664\"><p data-start=\"1572\" data-end=\"1664\"><strong data-start=\"1572\" data-end=\"1598\"><span class=\"sc-dcJsrY hepMoq AT-ate-chip--compact ate-chip--marker ate-chip ate-chip--compact ate-chip--marker\" data-segment=\"gid_0\" data-type=\"g\">Sutartinis <span class=\"error-spellcheck\" data-word=\"b\u016btinumas\" data-suggestion=\"t\u00e6stinumas\">b\u016btinumas<\/span><\/span>:<\/strong> jei <span class=\"error-spellcheck\" data-word=\"registruojat\u0117s\" data-suggestion=\"registruoja|registruotoja|registruotojas\">registruojat\u0117s<\/span> arba naudojate funkcijas, kurioms reikalingas vartotojo identifikavimas.<\/p><\/li><\/ul><h2><strong><span style=\"color: #ddaa33;\">Tarptautinis duomen\u0173 perdavimas<\/span><\/strong><\/h2><p>Kai kurie m\u016bs\u0173 paslaug\u0173 teik\u0117jai gali b\u016bti \u012fsik\u016br\u0119 u\u017e Europos ekonomin\u0117s erdv\u0117s rib\u0173. Tokiais atvejais u\u017etikriname, kad j\u016bs\u0173 duomenys b\u016bt\u0173 apsaugoti standartin\u0117mis sutarties s\u0105lygomis arba lygiaver\u010diais atitinkam\u0173 institucij\u0173 patvirtintais mechanizmais.<\/p><p>\u00a0<\/p><h2><strong><span style=\"color: #ddaa33;\"><span class=\"error-spellcheck\" data-word=\"\u0160ios\" data-suggestion=\"\u00d0iosios\">\u0160ios<\/span> politikos pakeitimai<\/span><\/strong><\/h2><p>Pasiliekame teis\u0119 bet kada atnaujinti \u0161i\u0105 privatumo politik\u0105. Visi pakeitimai bus paskelbti \u0161iame puslapyje ir, jei jie bus reik\u0161mingi, apie tai jus informuosime.<\/p><h2 class=\"wp-block-heading\">\u00a0<\/h2>\t\t\t\t\t\t\t\t<\/div>\n\t\t\t\t<\/div>\n\t\t\t\t\t<\/div>\n\t\t\t\t<\/div>\n\t\t\t\t<\/div>\n\t\t","protected":false},"excerpt":{"rendered":"<p>Komentarai Kai lankytojai svetain\u0117je palieka komentarus, renkame komentar\u0173 formoje nurodytus duomenis, lankytojo IP adres\u0105 ir nar\u0161ykl\u0117s naudotojo agento eilut\u0119, kad b\u016bt\u0173 lengviau aptikti nepageidaujamus lai\u0161kus. I\u0161 j\u016bs\u0173 el. pa\u0161to adreso sukurta anonimin\u0117 eilut\u0117 (dar vadinama hash) gali b\u016bti pateikta &#8222;Gravatar&#8221; paslaugai, kad b\u016bt\u0173 galima nustatyti, ar j\u0105 naudojate. &#8222;Gravatar&#8221; paslaugos privatumo politik\u0105 galima rasti \u010dia: &#8230; <a title=\"Privatumo politika\" class=\"read-more\" href=\"https:\/\/ttp.expert\/lt\/privatumo-politika\/\" aria-label=\"Read more about Privatumo politika\">Skaityti toliau<\/a><\/p>\n","protected":false},"author":1,"featured_media":0,"parent":0,"menu_order":0,"comment_status":"closed","ping_status":"open","template":"","meta":{"_joinchat":[],"footnotes":""},"class_list":["post-1460","page","type-page","status-publish"],"aioseo_notices":[],"_links":{"self":[{"href":"https:\/\/ttp.expert\/lt\/wp-json\/wp\/v2\/pages\/1460","targetHints":{"allow":["GET"]}}],"collection":[{"href":"https:\/\/ttp.expert\/lt\/wp-json\/wp\/v2\/pages"}],"about":[{"href":"https:\/\/ttp.expert\/lt\/wp-json\/wp\/v2\/types\/page"}],"author":[{"embeddable":true,"href":"https:\/\/ttp.expert\/lt\/wp-json\/wp\/v2\/users\/1"}],"replies":[{"embeddable":true,"href":"https:\/\/ttp.expert\/lt\/wp-json\/wp\/v2\/comments?post=1460"}],"version-history":[{"count":6,"href":"https:\/\/ttp.expert\/lt\/wp-json\/wp\/v2\/pages\/1460\/revisions"}],"predecessor-version":[{"id":13546,"href":"https:\/\/ttp.expert\/lt\/wp-json\/wp\/v2\/pages\/1460\/revisions\/13546"}],"wp:attachment":[{"href":"https:\/\/ttp.expert\/lt\/wp-json\/wp\/v2\/media?parent=1460"}],"curies":[{"name":"wp","href":"https:\/\/api.w.org\/{rel}","templated":true}]}}