{"id":13853,"date":"2025-05-12T08:55:32","date_gmt":"2025-05-12T08:55:32","guid":{"rendered":"https:\/\/ttp-expert.com\/analityk-danych-i-kierownik-projektu\/"},"modified":"2025-07-07T13:06:58","modified_gmt":"2025-07-07T13:06:58","slug":"analityk-danych-i-kierownik-projektu","status":"publish","type":"page","link":"https:\/\/ttp.expert\/pl\/analityk-danych-i-kierownik-projektu\/","title":{"rendered":"Analityk danych i Kierownik projektu"},"content":{"rendered":"\t\t<div data-elementor-type=\"wp-page\" data-elementor-id=\"13853\" class=\"elementor elementor-13853\" data-elementor-post-type=\"page\">\n\t\t\t\t<div class=\"elementor-element elementor-element-74ad67c e-flex e-con-boxed e-con e-parent\" data-id=\"74ad67c\" data-element_type=\"container\">\n\t\t\t\t\t<div class=\"e-con-inner\">\n\t\t<div class=\"elementor-element elementor-element-b4ba880 e-con-full e-flex e-con e-child\" data-id=\"b4ba880\" data-element_type=\"container\">\n\t\t<div class=\"elementor-element elementor-element-69ff3fe e-con-full e-flex e-con e-child\" data-id=\"69ff3fe\" data-element_type=\"container\">\n\t\t\t\t<div class=\"elementor-element elementor-element-bc7026c premium-header-inline elementor-invisible elementor-widget elementor-widget-premium-addon-dual-header\" data-id=\"bc7026c\" data-element_type=\"widget\" data-settings=\"{&quot;_animation&quot;:&quot;fadeInDown&quot;}\" data-widget_type=\"premium-addon-dual-header.default\">\n\t\t\t\t<div class=\"elementor-widget-container\">\n\t\t\t\t\t\r\n\t\t\t\t\t<h2 class=\"premium-dual-header-first-header \"><span class=\"premium-dual-header-first-span\">Analityk Danych i <\/span><span class=\"premium-dual-header-second-header \">Kierownik Projektu<\/span><\/h2> \t\t\r\n\t\t\t\t\t\t<\/div>\n\t\t\t\t<\/div>\n\t\t\t\t<div class=\"elementor-element elementor-element-9ed4cfe elementor-widget-divider--view-line elementor-widget elementor-widget-divider\" data-id=\"9ed4cfe\" data-element_type=\"widget\" data-widget_type=\"divider.default\">\n\t\t\t\t<div class=\"elementor-widget-container\">\n\t\t\t\t\t\t\t<div class=\"elementor-divider\">\n\t\t\t<span class=\"elementor-divider-separator\">\n\t\t\t\t\t\t<\/span>\n\t\t<\/div>\n\t\t\t\t\t\t<\/div>\n\t\t\t\t<\/div>\n\t\t\t\t<div class=\"elementor-element elementor-element-9670609 elementor-widget__width-inherit elementor-invisible elementor-widget elementor-widget-html\" data-id=\"9670609\" data-element_type=\"widget\" data-settings=\"{&quot;_animation&quot;:&quot;fadeInLeft&quot;}\" data-widget_type=\"html.default\">\n\t\t\t\t<div class=\"elementor-widget-container\">\n\t\t\t\t\t\r\n<!DOCTYPE html>\r\n<html lang=\"es\">\r\n<head>\r\n    <meta charset=\"UTF-8\">\r\n    <meta name=\"viewport\" content=\"width=device-width, initial-scale=1.0\">\r\n    <title>Formulario de Aplicaci\u00f3n<\/title>\r\n    \r\n    <link href=\"https:\/\/fonts.googleapis.com\/css2?family=Montserrat:wght@400&display=swap\" rel=\"stylesheet\">\r\n\r\n    <style>\r\n        * {\r\n            margin: 0;\r\n            padding: 0;\r\n            box-sizing: border-box;\r\n            font-family: 'Montserrat', sans-serif;\r\n    font-weight: 400;\r\n        }\r\n        \r\n        body {\r\n            background-color: #f5f5f5;\r\n            color: #333;\r\n            line-height: 1.6;\r\n        }\r\n        \r\n        .container {\r\n            max-width: 1000px;\r\n            margin: 40px auto;\r\n            padding: 0px;\r\n            background-color: #fff;\r\n            border-radius: 8px;\r\n           \r\n        }\r\n        \r\n        .job-description {\r\n            border-bottom: 1px solid #e0e0e0;\r\n        }\r\n        \r\n        .job-title {\r\n            color: #DDAA33;\r\n            font-size: 28px;\r\n            margin-bottom: 15px;\r\n            font-weight: bold;\r\n        }\r\n        \r\n        .job-details {\r\n            margin-bottom: 20px;\r\n        }\r\n        \r\n        .job-details h3 {\r\n            font-size: 20px;\r\n            margin: 15px 0 10px;\r\n            color: #555;\r\n        }\r\n        \r\n        .job-details p, .job-details li {\r\n            margin-bottom: 10px;\r\n            font-size: 16px;\r\n        }\r\n        \r\n        .job-details ul {\r\n            padding-left: 20px;\r\n            margin-bottom: 15px;\r\n        }\r\n        \r\n        .application-form {\r\n            padding-top: 20px;\r\n        }\r\n        \r\n        .form-title {\r\n            font-size: 24px;\r\n            margin-bottom: 20px;\r\n            color: #333;\r\n        }\r\n        \r\n        .form-group {\r\n            margin-bottom: 20px;\r\n        }\r\n        \r\n        label {\r\n            display: block;\r\n            margin-bottom: 8px;\r\n\r\n            color: #555;\r\n             font-family: 'Montserrat', sans-serif;\r\n        }\r\n        \r\n        input, textarea {\r\n            width: 100%;\r\n            padding: 12px;\r\n            border: 1px solid #ddd;\r\n            border-radius: 4px;\r\n            font-size: 16px;\r\n            transition: border-color 0.3s;\r\n        }\r\n        \r\n        input:focus, textarea:focus {\r\n            border-color: #e6a700;\r\n            outline: none;\r\n        }\r\n        \r\n        textarea {\r\n            min-height: 150px;\r\n            resize: vertical;\r\n        }\r\n        \r\n        .file-upload {\r\n            position: relative;\r\n            overflow: hidden;\r\n            margin-top: 10px;\r\n            display: inline-block;\r\n        }\r\n        \r\n        .file-upload-label {\r\n            background-color: #f0f0f0;\r\n            color: #555;\r\n            border: 1px solid #ddd;\r\n            padding: 10px 20px;\r\n            border-radius: 4px;\r\n            cursor: pointer;\r\n            display: inline-block;\r\n            transition: all 0.3s;\r\n        }\r\n        \r\n        .file-upload-label:hover {\r\n            background-color: #e0e0e0;\r\n        }\r\n        \r\n        .file-name {\r\n            margin-left: 10px;\r\n            font-size: 14px;\r\n        }\r\n        \r\n        input[type=\"file\"] {\r\n            position: absolute;\r\n            left: 0;\r\n            top: 0;\r\n            opacity: 0;\r\n            cursor: pointer;\r\n            width: 100%;\r\n            height: 100%;\r\n        }\r\n        \r\n        .submit-btn {\r\n            background-color: #DDAA33;\r\n            color: black;\r\n            border: none;\r\n            padding: 5px 30px;\r\n            font-size: 14px;\r\n            border-radius: 40px;\r\n            cursor: pointer;\r\n            transition: background-color 0.3s;\r\n\r\n            margin-top: 10px;\r\n        }\r\n        \r\n        .submit-btn:hover {\r\n            background-color: #AB8635;\r\n             color: black;\r\n        }\r\n        \r\n        .required {\r\n            color: #e74c3c;\r\n        }\r\n        \r\n        @media (max-width: 768px) {\r\n            .container {\r\n                padding: 15px;\r\n                margin: 20px 10px;\r\n            }\r\n            \r\n            .job-title {\r\n                font-size: 24px;\r\n            }\r\n            \r\n            .form-title {\r\n                font-size: 20px;\r\n            }\r\n        }\r\n    <\/style>\r\n<\/head>\r\n<body>\r\n    <div class=\"container\">\r\n        <!-- Secci\u00f3n de descripci\u00f3n del puesto -->\r\n        <div class=\"job-description\">\r\n            <h1 class=\"job-title\">Analityk Danych i Kierownik Projektu (k\/m) <\/h1>\r\n            \r\n            <div class=\"job-details\">\r\n                <p>W ramach realizacji strategii konsolidacji i rozwoju, Truck & Trail Performance, mi\u0119dzynarodowa firma specjalizuj\u0105ca si\u0119 w \u015bwiadczeniu us\u0142ug Pomocy Drogowej dla pojazd\u00f3w transportowych, poszukuje Analityka Danych i Kierownika Projektu do pracy w biurze w Carnaxide (Portugalia). \r\n                \r\n                G\u0142\u00f3wne obowi\u0105zki obejmuj\u0105 analiz\u0119 i transformacj\u0119 danych, rozw\u00f3j oraz wdra\u017canie systemu Power BI, a tak\u017ce udzia\u0142 w podejmowaniu decyzji dotycz\u0105cych ci\u0105g\u0142ej optymalizacji i rozwoju g\u0142\u00f3wnego oprogramowania zarz\u0105dzaj\u0105cego firmy. <\/p>\r\n                \r\n                <h3>Opis stanowiska:<\/h3>\r\n                <ul>\r\n                    <li>Analiza i walidacja danych, przygotowywanie raport\u00f3w oraz operacyjnych dashboard\u00f3w. <\/li>\r\n                    <li>Ekstrakcja danych biznesowych i ich przekszta\u0142canie w dane statystyczne. <\/li>\r\n                    <li>Opracowywanie zasad i proces\u00f3w dotycz\u0105cych gromadzenia oraz analizy danych.<\/li>\r\n                    <li>Synteza informacji i udost\u0119pnianie ich partnerom i u\u017cytkownikom. <\/li>\r\n                    <li>Wsparcie, szkolenie i doradztwo w zakresie efektywnego korzystania z rozwi\u0105za\u0144 BI. <\/li>\r\n                     <li>Proponowanie usprawnie\u0144 dla wdra\u017canych rozwi\u0105za\u0144 i ich integracja z procesami ETL. <\/li>\r\n                      <li>Dokumentowanie proces\u00f3w operacyjnych. <\/li>\r\n                       <li>Tworzenie szczeg\u00f3\u0142owych specyfikacji technicznych rozwi\u0105za\u0144 wdra\u017canych w g\u0142\u00f3wnym systemie zarz\u0105dzania firmy. <\/li>\r\n                        <li>Udzia\u0142 w przegl\u0105dach kodu i projekt\u00f3w, dokumentacji oraz wdra\u017caniu metod zwi\u0119kszaj\u0105cych produktywno\u015b\u0107. <\/li>\r\n                         <li>Nadzorowanie, ustalanie priorytet\u00f3w i weryfikacja pracy zespo\u0142u deweloperskiego. <\/li>\r\n                          <li>Przeprowadzanie test\u00f3w akceptacyjnych (UAT) w celu zapewnienia, \u017ce wdro\u017cone rozwi\u0105zania i rozwini\u0119cia spe\u0142niaj\u0105 potrzeby u\u017cytkownik\u00f3w w spos\u00f3b dok\u0142adny, efektywny i skuteczny. <\/li>\r\n                <\/ul>\r\n                \r\n                <h3>Wymagania: <\/h3>\r\n                <ul>\r\n                    <li>Wykszta\u0142cenie wy\u017csze z zakresu in\u017cynierii komputerowej, statystyki stosowanej, matematyki lub pokrewnych dziedzin. <\/li>\r\n                    <li>Szkolenia z Business Intelligence, analizy danych lub podobnych dziedzin b\u0119d\u0105 dodatkowym atutem. <\/li>\r\n                    <li>Od 1 do 3 lat do\u015bwiadczenia w tworzeniu dashboard\u00f3w, KPI oraz proces\u00f3w ETL. <\/li>\r\n                    <li>Do\u015bwiadczenie w \u015brodowisku Microsoft oraz znajomo\u015b\u0107 rozwi\u0105za\u0144 z zakresu BI, Big Data, analizy danych, uczenia maszynowego i sztucznej inteligencji. <\/li>\r\n                    <li>Bieg\u0142o\u015b\u0107 w narz\u0119dziach IT (pakiet Microsoft Office), w szczeg\u00f3lno\u015bci w Word, PowerPoint i Excel, ze znajomo\u015bci\u0105 formu\u0142, tabel przestawnych i VBA (preferowane). <\/li>\r\n                     <li>Znajomo\u015b\u0107 SQL oraz narz\u0119dzi do analizy danych takich jak Power BI, Tableau itp. (mile widziane). <\/li>\r\n                      <li>Do\u015bwiadczenie w generowaniu raport\u00f3w oraz raportowaniu. <\/li>\r\n                       <li>Umiej\u0119tno\u015b\u0107 analizy i tworzenia rozwi\u0105za\u0144 biznesowych oraz zarz\u0105dzania projektami. <\/li>\r\n                        <li>Praktyczna znajomo\u015b\u0107 metod i technik pozyskiwania wymaga\u0144 biznesowych i funkcjonalnych. <\/li>\r\n                         <li>Umiej\u0119tno\u015b\u0107 tworzenia dokumentacji funkcjonalnej i schemat\u00f3w proces\u00f3w.<\/li>\r\n                          <li>Silne zdolno\u015bci analityczne, umiej\u0119tno\u015b\u0107 identyfikowania problem\u00f3w i szans na usprawnienie dzia\u0142a\u0144, dok\u0142adno\u015b\u0107 i dba\u0142o\u015b\u0107 o szczeg\u00f3\u0142y. <\/li>\r\n                           <li>Wysoko rozwini\u0119te umiej\u0119tno\u015bci komunikacyjne i negocjacyjne, orientacja na klienta. <\/li>\r\n                            <li>Bardzo dobra znajomo\u015b\u0107 j\u0119zyka angielskiego w mowie i pi\u015bmie (wymagana). <\/li>\r\n                            <li>Wysokie poczucie odpowiedzialno\u015bci, dobra organizacja pracy i planowanie. <\/li>\r\n                            <li>Umiej\u0119tno\u015b\u0107 zarz\u0105dzania czasem, ustalania priorytet\u00f3w i realizacji cel\u00f3w. <\/li>\r\n                            <li>Umiej\u0119tno\u015b\u0107 pracy zespo\u0142owej oraz dostosowania si\u0119 do \u015brodowiska wielokulturowego. <\/li>\r\n                            <li>Samodzielno\u015b\u0107, dynamika i proaktywno\u015b\u0107. <\/li>\r\n                <\/ul>\r\n                \r\n                <h3>Oferujemy:<\/h3>\r\n                <ul>\r\n                    <li>Sta\u0142e zatrudnienie w ramach umowy o prac\u0119. <\/li>\r\n                    <li>Udzia\u0142 w projekcie o du\u017cej skali. <\/li>\r\n                    <li>Atrakcyjny pakiet wynagrodzenia, uzale\u017cniony od posiadanego do\u015bwiadczenia i pozytywnego wyniku oceny technicznej. <\/li>\r\n                \r\n            <\/div>\r\n        <\/div>\r\n    <\/div>\r\n\r\n<\/body>\r\n<\/html>\t\t\t\t<\/div>\n\t\t\t\t<\/div>\n\t\t\t\t<\/div>\n\t\t\t\t<\/div>\n\t\t\t\t<div class=\"elementor-element elementor-element-ae5dc62 elementor-widget__width-initial elementor-widget elementor-widget-shortcode\" data-id=\"ae5dc62\" data-element_type=\"widget\" data-widget_type=\"shortcode.default\">\n\t\t\t\t<div class=\"elementor-widget-container\">\n\t\t\t\t\t\t\t<div class=\"elementor-shortcode\">\n<div class=\"wpcf7 no-js\" id=\"wpcf7-f14896-o1\" lang=\"en-US\" dir=\"ltr\" data-wpcf7-id=\"14896\">\n<div class=\"screen-reader-response\"><p role=\"status\" aria-live=\"polite\" aria-atomic=\"true\"><\/p> <ul><\/ul><\/div>\n<form action=\"\/pl\/wp-json\/wp\/v2\/pages\/13853#wpcf7-f14896-o1\" method=\"post\" class=\"wpcf7-form init\" aria-label=\"Contact form\" enctype=\"multipart\/form-data\" novalidate=\"novalidate\" data-status=\"init\">\n<div style=\"display: none;\">\n<input type=\"hidden\" name=\"_wpcf7\" value=\"14896\" \/>\n<input type=\"hidden\" name=\"_wpcf7_version\" value=\"6.0.3\" \/>\n<input type=\"hidden\" name=\"_wpcf7_locale\" value=\"en_US\" \/>\n<input type=\"hidden\" name=\"_wpcf7_unit_tag\" value=\"wpcf7-f14896-o1\" \/>\n<input type=\"hidden\" name=\"_wpcf7_container_post\" value=\"0\" \/>\n<input type=\"hidden\" name=\"_wpcf7_posted_data_hash\" value=\"\" \/>\n<\/div>\n<p><br \/>\n<label> Imi\u0119 i nazwisko<br \/>\n<span class=\"wpcf7-form-control-wrap\" data-name=\"your-name\"><input size=\"40\" maxlength=\"400\" class=\"wpcf7-form-control wpcf7-text wpcf7-validates-as-required\" aria-required=\"true\" aria-invalid=\"false\" placeholder=\"Twoje pe\u0142ne imi\u0119 i nazwisko\" value=\"\" type=\"text\" name=\"your-name\" \/><\/span><br \/>\n<\/label>\n<\/p>\n<p><br \/>\n<label> E-mail<br \/>\n<span class=\"wpcf7-form-control-wrap\" data-name=\"your-email\"><input size=\"40\" maxlength=\"400\" class=\"wpcf7-form-control wpcf7-email wpcf7-validates-as-required wpcf7-text wpcf7-validates-as-email\" aria-required=\"true\" aria-invalid=\"false\" placeholder=\"Tw\u00f3j adres e-mail\" value=\"\" type=\"email\" name=\"your-email\" \/><\/span><br \/>\n<\/label>\n<\/p>\n<p><br \/>\n<label> Telefon<br \/>\n<span class=\"wpcf7-form-control-wrap\" data-name=\"your-phone\"><input size=\"40\" maxlength=\"400\" class=\"wpcf7-form-control wpcf7-tel wpcf7-validates-as-required wpcf7-text wpcf7-validates-as-tel\" aria-required=\"true\" aria-invalid=\"false\" placeholder=\"Tw\u00f3j numer telefonu\" value=\"\" type=\"tel\" name=\"your-phone\" \/><\/span><br \/>\n<\/label>\n<\/p>\n<p class=\"cv-upload-wrapper\"><br \/>\n<label for=\"your-cv-input\" class=\"cv-upload-label\">Za\u0142\u0105cz CV (PDF, DOC, DOCX)<\/label><br \/>\n<span class=\"wpcf7-form-control-wrap\" data-name=\"your-cv\"><input size=\"40\" class=\"wpcf7-form-control wpcf7-file wpcf7-validates-as-required cv-input\" id=\"your-cv-input\" accept=\".pdf,.doc,.docx\" aria-required=\"true\" aria-invalid=\"false\" type=\"file\" name=\"your-cv\" \/><\/span><br \/>\n<span class=\"cv-file-name\">\u017baden plik nie zosta\u0142 wybrany<\/span>\n<\/p>\n<p><br \/>\n<input class=\"wpcf7-form-control wpcf7-submit has-spinner\" type=\"submit\" value=\"Wy\u015blij aplikacj\u0119\" \/>\n<\/p>\n<input class=\"wpcf7-form-control wpcf7-hidden\" value=\"\" type=\"hidden\" name=\"page-url\" \/><div class=\"wpcf7-response-output\" aria-hidden=\"true\"><\/div>\n<\/form>\n<\/div>\n<\/div>\n\t\t\t\t\t\t<\/div>\n\t\t\t\t<\/div>\n\t\t\t\t<div class=\"elementor-element elementor-element-649e6bd elementor-widget elementor-widget-html\" data-id=\"649e6bd\" data-element_type=\"widget\" data-widget_type=\"html.default\">\n\t\t\t\t<div class=\"elementor-widget-container\">\n\t\t\t\t\t<script>\r\n  document.addEventListener('DOMContentLoaded', function () {\r\n    const fileInput = document.querySelector('#your-cv-input');\r\n    const fileNameDisplay = document.querySelector('.cv-file-name');\r\n\r\n    if (fileInput) {\r\n      fileInput.addEventListener('change', function () {\r\n        if (fileInput.files.length > 0) {\r\n          const fileName = fileInput.files[0].name;\r\n          fileNameDisplay.innerHTML = `${fileName} <span class=\"remove-file\" style=\"margin-left: 10px; color: red; cursor: pointer;\">Remove<\/span>`;\r\n\r\n          const removeBtn = fileNameDisplay.querySelector('.remove-file');\r\n          removeBtn.addEventListener('click', function () {\r\n            fileInput.value = '';\r\n            fileNameDisplay.textContent = 'No file selected';\r\n          });\r\n        } else {\r\n          fileNameDisplay.textContent = 'No file selected';\r\n        }\r\n      });\r\n    }\r\n  });\r\n<\/script>\r\n\t\t\t\t<\/div>\n\t\t\t\t<\/div>\n\t\t\t\t\t<\/div>\n\t\t\t\t<\/div>\n\t\t\t\t<\/div>\n\t\t","protected":false},"excerpt":{"rendered":"<p>Analityk Danych i Kierownik Projektu Formulario de Aplicaci\u00f3n Analityk Danych i Kierownik Projektu (k\/m) W ramach realizacji strategii konsolidacji i rozwoju, Truck &#038; Trail Performance, mi\u0119dzynarodowa firma specjalizuj\u0105ca si\u0119 w \u015bwiadczeniu us\u0142ug Pomocy Drogowej dla pojazd\u00f3w transportowych, poszukuje Analityka Danych i Kierownika Projektu do pracy w biurze w Carnaxide (Portugalia). G\u0142\u00f3wne obowi\u0105zki obejmuj\u0105 analiz\u0119 i &#8230; <a title=\"Analityk danych i Kierownik projektu\" class=\"read-more\" href=\"https:\/\/ttp.expert\/pl\/analityk-danych-i-kierownik-projektu\/\" aria-label=\"Read more about Analityk danych i Kierownik projektu\">Dowiedz si\u0119 wi\u0119cej<\/a><\/p>\n","protected":false},"author":1,"featured_media":0,"parent":0,"menu_order":0,"comment_status":"closed","ping_status":"closed","template":"","meta":{"_joinchat":[],"footnotes":""},"class_list":["post-13853","page","type-page","status-publish"],"aioseo_notices":[],"_links":{"self":[{"href":"https:\/\/ttp.expert\/pl\/wp-json\/wp\/v2\/pages\/13853","targetHints":{"allow":["GET"]}}],"collection":[{"href":"https:\/\/ttp.expert\/pl\/wp-json\/wp\/v2\/pages"}],"about":[{"href":"https:\/\/ttp.expert\/pl\/wp-json\/wp\/v2\/types\/page"}],"author":[{"embeddable":true,"href":"https:\/\/ttp.expert\/pl\/wp-json\/wp\/v2\/users\/1"}],"replies":[{"embeddable":true,"href":"https:\/\/ttp.expert\/pl\/wp-json\/wp\/v2\/comments?post=13853"}],"version-history":[{"count":6,"href":"https:\/\/ttp.expert\/pl\/wp-json\/wp\/v2\/pages\/13853\/revisions"}],"predecessor-version":[{"id":14906,"href":"https:\/\/ttp.expert\/pl\/wp-json\/wp\/v2\/pages\/13853\/revisions\/14906"}],"wp:attachment":[{"href":"https:\/\/ttp.expert\/pl\/wp-json\/wp\/v2\/media?parent=13853"}],"curies":[{"name":"wp","href":"https:\/\/api.w.org\/{rel}","templated":true}]}}