{"id":14012,"date":"2025-05-12T08:39:47","date_gmt":"2025-05-12T08:39:47","guid":{"rendered":"https:\/\/ttp-expert.com\/kierownik-ds-obslugi-w-jezyku-tureckim\/"},"modified":"2025-07-07T13:06:23","modified_gmt":"2025-07-07T13:06:23","slug":"kierownik-ds-obslugi-w-jezyku-tureckim","status":"publish","type":"page","link":"https:\/\/ttp.expert\/pl\/kierownik-ds-obslugi-w-jezyku-tureckim\/","title":{"rendered":"Kierownik ds. obs\u0142ugi w j\u0119zyku tureckim"},"content":{"rendered":"\t\t<div data-elementor-type=\"wp-page\" data-elementor-id=\"14012\" class=\"elementor elementor-14012\" data-elementor-post-type=\"page\">\n\t\t\t\t<div class=\"elementor-element elementor-element-74ad67c e-flex e-con-boxed e-con e-parent\" data-id=\"74ad67c\" data-element_type=\"container\">\n\t\t\t\t\t<div class=\"e-con-inner\">\n\t\t<div class=\"elementor-element elementor-element-5a5bb37 e-con-full e-flex e-con e-child\" data-id=\"5a5bb37\" data-element_type=\"container\">\n\t\t<div class=\"elementor-element elementor-element-15521bf e-con-full e-flex e-con e-child\" data-id=\"15521bf\" data-element_type=\"container\">\n\t\t\t\t<div class=\"elementor-element elementor-element-a5db37d premium-header-inline elementor-invisible elementor-widget elementor-widget-premium-addon-dual-header\" data-id=\"a5db37d\" data-element_type=\"widget\" data-settings=\"{&quot;_animation&quot;:&quot;fadeInDown&quot;}\" data-widget_type=\"premium-addon-dual-header.default\">\n\t\t\t\t<div class=\"elementor-widget-container\">\n\t\t\t\t\t\r\n\t\t\t\t\t<h2 class=\"premium-dual-header-first-header \"><span class=\"premium-dual-header-first-span\">Mened\u017cer ds. Obs\u0142ugi Klienta <\/span><span class=\"premium-dual-header-second-header \">\u2013 j\u0119zyk turecki<\/span><\/h2> \t\t\r\n\t\t\t\t\t\t<\/div>\n\t\t\t\t<\/div>\n\t\t\t\t<div class=\"elementor-element elementor-element-eac478b elementor-widget-divider--view-line elementor-widget elementor-widget-divider\" data-id=\"eac478b\" data-element_type=\"widget\" data-widget_type=\"divider.default\">\n\t\t\t\t<div class=\"elementor-widget-container\">\n\t\t\t\t\t\t\t<div class=\"elementor-divider\">\n\t\t\t<span class=\"elementor-divider-separator\">\n\t\t\t\t\t\t<\/span>\n\t\t<\/div>\n\t\t\t\t\t\t<\/div>\n\t\t\t\t<\/div>\n\t\t\t\t<\/div>\n\t\t\t\t<\/div>\n\t\t\t\t<div class=\"elementor-element elementor-element-db504af elementor-widget__width-inherit elementor-invisible elementor-widget elementor-widget-html\" data-id=\"db504af\" data-element_type=\"widget\" data-settings=\"{&quot;_animation&quot;:&quot;fadeInLeft&quot;}\" data-widget_type=\"html.default\">\n\t\t\t\t<div class=\"elementor-widget-container\">\n\t\t\t\t\t\r\n<!DOCTYPE html>\r\n<html lang=\"es\">\r\n<head>\r\n    <meta charset=\"UTF-8\">\r\n    <meta name=\"viewport\" content=\"width=device-width, initial-scale=1.0\">\r\n    <title>Formulario de Aplicaci\u00f3n<\/title>\r\n    \r\n    <link href=\"https:\/\/fonts.googleapis.com\/css2?family=Montserrat:wght@400&display=swap\" rel=\"stylesheet\">\r\n\r\n    <style>\r\n        * {\r\n            margin: 0;\r\n            padding: 0;\r\n            box-sizing: border-box;\r\n            font-family: 'Montserrat', sans-serif;\r\n    font-weight: 400;\r\n        }\r\n        \r\n        body {\r\n            background-color: #f5f5f5;\r\n            color: #333;\r\n            line-height: 1.6;\r\n        }\r\n        \r\n        .container {\r\n            max-width: 1000px;\r\n            margin: 40px auto;\r\n            padding: 0px;\r\n            background-color: #fff;\r\n            border-radius: 8px;\r\n           \r\n        }\r\n        \r\n        .job-description {\r\n            border-bottom: 1px solid #e0e0e0;\r\n        }\r\n        \r\n        .job-title {\r\n            color: #DDAA33;\r\n            font-size: 28px;\r\n            margin-bottom: 15px;\r\n            font-weight: bold;\r\n        }\r\n        \r\n        .job-details {\r\n            margin-bottom: 20px;\r\n        }\r\n        \r\n        .job-details h3 {\r\n            font-size: 20px;\r\n            margin: 15px 0 10px;\r\n            color: #555;\r\n        }\r\n        \r\n        .job-details p, .job-details li {\r\n            margin-bottom: 10px;\r\n            font-size: 16px;\r\n        }\r\n        \r\n        .job-details ul {\r\n            padding-left: 20px;\r\n            margin-bottom: 15px;\r\n        }\r\n        \r\n        .application-form {\r\n            padding-top: 20px;\r\n        }\r\n        \r\n        .form-title {\r\n            font-size: 24px;\r\n            margin-bottom: 20px;\r\n            color: #333;\r\n        }\r\n        \r\n        .form-group {\r\n            margin-bottom: 20px;\r\n        }\r\n        \r\n        label {\r\n            display: block;\r\n            margin-bottom: 8px;\r\n\r\n            color: #555;\r\n             font-family: 'Montserrat', sans-serif;\r\n        }\r\n        \r\n        input, textarea {\r\n            width: 100%;\r\n            padding: 12px;\r\n            border: 1px solid #ddd;\r\n            border-radius: 4px;\r\n            font-size: 16px;\r\n            transition: border-color 0.3s;\r\n        }\r\n        \r\n        input:focus, textarea:focus {\r\n            border-color: #e6a700;\r\n            outline: none;\r\n        }\r\n        \r\n        textarea {\r\n            min-height: 150px;\r\n            resize: vertical;\r\n        }\r\n        \r\n        .file-upload {\r\n            position: relative;\r\n            overflow: hidden;\r\n            margin-top: 10px;\r\n            display: inline-block;\r\n        }\r\n        \r\n        .file-upload-label {\r\n            background-color: #f0f0f0;\r\n            color: #555;\r\n            border: 1px solid #ddd;\r\n            padding: 10px 20px;\r\n            border-radius: 4px;\r\n            cursor: pointer;\r\n            display: inline-block;\r\n            transition: all 0.3s;\r\n        }\r\n        \r\n        .file-upload-label:hover {\r\n            background-color: #e0e0e0;\r\n        }\r\n        \r\n        .file-name {\r\n            margin-left: 10px;\r\n            font-size: 14px;\r\n        }\r\n        \r\n        input[type=\"file\"] {\r\n            position: absolute;\r\n            left: 0;\r\n            top: 0;\r\n            opacity: 0;\r\n            cursor: pointer;\r\n            width: 100%;\r\n            height: 100%;\r\n        }\r\n        \r\n        .submit-btn {\r\n            background-color: #DDAA33;\r\n            color: black;\r\n            border: none;\r\n            padding: 5px 30px;\r\n            font-size: 14px;\r\n            border-radius: 40px;\r\n            cursor: pointer;\r\n            transition: background-color 0.3s;\r\n\r\n            margin-top: 10px;\r\n        }\r\n        \r\n        .submit-btn:hover {\r\n            background-color: #AB8635;\r\n             color: black;\r\n        }\r\n        \r\n        .required {\r\n            color: #e74c3c;\r\n        }\r\n        \r\n        @media (max-width: 768px) {\r\n            .container {\r\n                padding: 15px;\r\n                margin: 20px 10px;\r\n            }\r\n            \r\n            .job-title {\r\n                font-size: 24px;\r\n            }\r\n            \r\n            .form-title {\r\n                font-size: 20px;\r\n            }\r\n        }\r\n    <\/style>\r\n<\/head>\r\n<body>\r\n    <div class=\"container\">\r\n        <!-- Secci\u00f3n de descripci\u00f3n del puesto -->\r\n        <div class=\"job-description\">\r\n            <h1 class=\"job-title\">Mened\u017cer ds. Obs\u0142ugi Klienta \u2013 j\u0119zyk turecki (k\/m) <\/h1>\r\n            \r\n            <div class=\"job-details\">\r\n                <p>W ramach strategii konsolidacji i rozwoju, Truck & Trail Performance, mi\u0119dzynarodowa firma specjalizuj\u0105ca si\u0119 w \u015bwiadczeniu us\u0142ug pomocy drogowej dla pojazd\u00f3w transportowych, poszukuje Mened\u017cera ds. Obs\u0142ugi Klienta z j\u0119zykiem tureckim do pracy w biurze w Lizbonie (Carnaxide, Portugalia), odpowiedzialnego za obs\u0142ug\u0119 klient\u00f3w tureckich na terenie ca\u0142ej Europy. <\/p>\r\n                \r\n                <h3>Zakres obowi\u0105zk\u00f3w:<\/h3>\r\n                <ul>\r\n                    <li> Zarz\u0105dzanie zg\u0142oszeniami pomocy drogowej dla klient\u00f3w tureckoj\u0119zycznych. <\/li>\r\n                    <li> Regularny kontakt telefoniczny z klientami i partnerami w sieci wsp\u00f3\u0142pracuj\u0105cej. <\/li>\r\n                    <li>Pozyskiwanie nowych klient\u00f3w z rynku tureckiego. <\/li>\r\n                    <li>Kontrola zg\u0142osze\u0144 assistance oraz przygotowywanie ofert cenowych. <\/li>\r\n                    <li>Poszukiwanie nowych partner\u00f3w biznesowych. <\/li>\r\n                <\/ul>\r\n                \r\n                <h3>Profil kandydata:<\/h3>\r\n                <ul>\r\n                    <li>Wykszta\u0142cenie wy\u017csze (licencjat) oraz preferowane przygotowanie handlowe.<\/li>\r\n                    <li>Bieg\u0142a znajomo\u015b\u0107 j\u0119zyka tureckiego (preferowane osoby z j\u0119zykiem ojczystym).<\/li>\r\n                    <li>Dobra znajomo\u015b\u0107 j\u0119zyka angielskiego.<\/li>\r\n                    <li>Znajomo\u015b\u0107 innych j\u0119zyk\u00f3w (niemiecki, francuski, w\u0142oski, hiszpa\u0144ski, polski) b\u0119dzie dodatkowym atutem, ale nie jest wymagana.<\/li>\r\n                    <li>Do\u015bwiadczenie w bran\u017cy transportowej lub mechanice b\u0119dzie atutem, lecz nie jest warunkiem koniecznym.<\/li>\r\n                    <li>Dobra znajomo\u015b\u0107 pakietu MS Office.<\/li>\r\n                <\/ul>\r\n                \r\n                <h3>Kogo szukamy:<\/h3>\r\n                <ul>\r\n                    <li>Osoby zorientowanej na klienta. .<\/li>\r\n                    <li>\u015awietnie zorganizowanej i skrupulatnej.<\/li>\r\n                    <li>Umiej\u0105cej dobrze zarz\u0105dza\u0107 priorytetami.<\/li>\r\n                    <li>Odpowiedzialnej i samodzielnej.<\/li>\r\n                    <li>Z umiej\u0119tno\u015bciami rozwi\u0105zywania problem\u00f3w, dyplomatycznej, z duchem pracy zespo\u0142owej.<\/li>\r\n                    <li>Zmotywowanej, entuzjastycznej, dynamicznej i proaktywnej.<\/li>\r\n                <\/ul>\r\n                \r\n                 <h3>Oferujemy:<\/h3>\r\n                <ul>\r\n                    <li>Sta\u0142\u0105 umow\u0119 o prac\u0119.<\/li>\r\n                    <li>Prac\u0119 w m\u0142odym, ale do\u015bwiadczonym, dynamicznym i zaanga\u017cowanym zespole..<\/li>\r\n                <\/ul>\r\n                \r\n            <\/div>\r\n        <\/div>\r\n    <\/div>\r\n\r\n<\/body>\r\n<\/html>\t\t\t\t<\/div>\n\t\t\t\t<\/div>\n\t\t\t\t<div class=\"elementor-element elementor-element-ae5dc62 elementor-widget__width-initial elementor-widget elementor-widget-shortcode\" data-id=\"ae5dc62\" data-element_type=\"widget\" data-widget_type=\"shortcode.default\">\n\t\t\t\t<div class=\"elementor-widget-container\">\n\t\t\t\t\t\t\t<div class=\"elementor-shortcode\">\n<div class=\"wpcf7 no-js\" id=\"wpcf7-f14896-o1\" lang=\"en-US\" dir=\"ltr\" data-wpcf7-id=\"14896\">\n<div class=\"screen-reader-response\"><p role=\"status\" aria-live=\"polite\" aria-atomic=\"true\"><\/p> <ul><\/ul><\/div>\n<form action=\"\/pl\/wp-json\/wp\/v2\/pages\/14012#wpcf7-f14896-o1\" method=\"post\" class=\"wpcf7-form init\" aria-label=\"Contact form\" enctype=\"multipart\/form-data\" novalidate=\"novalidate\" data-status=\"init\">\n<div style=\"display: none;\">\n<input type=\"hidden\" name=\"_wpcf7\" value=\"14896\" \/>\n<input type=\"hidden\" name=\"_wpcf7_version\" value=\"6.0.3\" \/>\n<input type=\"hidden\" name=\"_wpcf7_locale\" value=\"en_US\" \/>\n<input type=\"hidden\" name=\"_wpcf7_unit_tag\" value=\"wpcf7-f14896-o1\" \/>\n<input type=\"hidden\" name=\"_wpcf7_container_post\" value=\"0\" \/>\n<input type=\"hidden\" name=\"_wpcf7_posted_data_hash\" value=\"\" \/>\n<\/div>\n<p><br \/>\n<label> Imi\u0119 i nazwisko<br \/>\n<span class=\"wpcf7-form-control-wrap\" data-name=\"your-name\"><input size=\"40\" maxlength=\"400\" class=\"wpcf7-form-control wpcf7-text wpcf7-validates-as-required\" aria-required=\"true\" aria-invalid=\"false\" placeholder=\"Twoje pe\u0142ne imi\u0119 i nazwisko\" value=\"\" type=\"text\" name=\"your-name\" \/><\/span><br \/>\n<\/label>\n<\/p>\n<p><br \/>\n<label> E-mail<br \/>\n<span class=\"wpcf7-form-control-wrap\" data-name=\"your-email\"><input size=\"40\" maxlength=\"400\" class=\"wpcf7-form-control wpcf7-email wpcf7-validates-as-required wpcf7-text wpcf7-validates-as-email\" aria-required=\"true\" aria-invalid=\"false\" placeholder=\"Tw\u00f3j adres e-mail\" value=\"\" type=\"email\" name=\"your-email\" \/><\/span><br \/>\n<\/label>\n<\/p>\n<p><br \/>\n<label> Telefon<br \/>\n<span class=\"wpcf7-form-control-wrap\" data-name=\"your-phone\"><input size=\"40\" maxlength=\"400\" class=\"wpcf7-form-control wpcf7-tel wpcf7-validates-as-required wpcf7-text wpcf7-validates-as-tel\" aria-required=\"true\" aria-invalid=\"false\" placeholder=\"Tw\u00f3j numer telefonu\" value=\"\" type=\"tel\" name=\"your-phone\" \/><\/span><br \/>\n<\/label>\n<\/p>\n<p class=\"cv-upload-wrapper\"><br \/>\n<label for=\"your-cv-input\" class=\"cv-upload-label\">Za\u0142\u0105cz CV (PDF, DOC, DOCX)<\/label><br \/>\n<span class=\"wpcf7-form-control-wrap\" data-name=\"your-cv\"><input size=\"40\" class=\"wpcf7-form-control wpcf7-file wpcf7-validates-as-required cv-input\" id=\"your-cv-input\" accept=\".pdf,.doc,.docx\" aria-required=\"true\" aria-invalid=\"false\" type=\"file\" name=\"your-cv\" \/><\/span><br \/>\n<span class=\"cv-file-name\">\u017baden plik nie zosta\u0142 wybrany<\/span>\n<\/p>\n<p><br \/>\n<input class=\"wpcf7-form-control wpcf7-submit has-spinner\" type=\"submit\" value=\"Wy\u015blij aplikacj\u0119\" \/>\n<\/p>\n<input class=\"wpcf7-form-control wpcf7-hidden\" value=\"\" type=\"hidden\" name=\"page-url\" \/><div class=\"wpcf7-response-output\" aria-hidden=\"true\"><\/div>\n<\/form>\n<\/div>\n<\/div>\n\t\t\t\t\t\t<\/div>\n\t\t\t\t<\/div>\n\t\t\t\t<div class=\"elementor-element elementor-element-369977d elementor-widget elementor-widget-html\" data-id=\"369977d\" data-element_type=\"widget\" data-widget_type=\"html.default\">\n\t\t\t\t<div class=\"elementor-widget-container\">\n\t\t\t\t\t<script>\r\n  document.addEventListener('DOMContentLoaded', function () {\r\n    const fileInput = document.querySelector('#your-cv-input');\r\n    const fileNameDisplay = document.querySelector('.cv-file-name');\r\n\r\n    if (fileInput) {\r\n      fileInput.addEventListener('change', function () {\r\n        if (fileInput.files.length > 0) {\r\n          const fileName = fileInput.files[0].name;\r\n          fileNameDisplay.innerHTML = `${fileName} <span class=\"remove-file\" style=\"margin-left: 10px; color: red; cursor: pointer;\">Remove<\/span>`;\r\n\r\n          const removeBtn = fileNameDisplay.querySelector('.remove-file');\r\n          removeBtn.addEventListener('click', function () {\r\n            fileInput.value = '';\r\n            fileNameDisplay.textContent = 'No file selected';\r\n          });\r\n        } else {\r\n          fileNameDisplay.textContent = 'No file selected';\r\n        }\r\n      });\r\n    }\r\n  });\r\n<\/script>\r\n\t\t\t\t<\/div>\n\t\t\t\t<\/div>\n\t\t\t\t\t<\/div>\n\t\t\t\t<\/div>\n\t\t\t\t<\/div>\n\t\t","protected":false},"excerpt":{"rendered":"<p>Mened\u017cer ds. Obs\u0142ugi Klienta \u2013 j\u0119zyk turecki Formulario de Aplicaci\u00f3n Mened\u017cer ds. Obs\u0142ugi Klienta \u2013 j\u0119zyk turecki (k\/m) W ramach strategii konsolidacji i rozwoju, Truck &#038; Trail Performance, mi\u0119dzynarodowa firma specjalizuj\u0105ca si\u0119 w \u015bwiadczeniu us\u0142ug pomocy drogowej dla pojazd\u00f3w transportowych, poszukuje Mened\u017cera ds. Obs\u0142ugi Klienta z j\u0119zykiem tureckim do pracy w biurze w Lizbonie (Carnaxide, &#8230; <a title=\"Kierownik ds. obs\u0142ugi w j\u0119zyku tureckim\" class=\"read-more\" href=\"https:\/\/ttp.expert\/pl\/kierownik-ds-obslugi-w-jezyku-tureckim\/\" aria-label=\"Read more about Kierownik ds. obs\u0142ugi w j\u0119zyku tureckim\">Dowiedz si\u0119 wi\u0119cej<\/a><\/p>\n","protected":false},"author":1,"featured_media":0,"parent":0,"menu_order":0,"comment_status":"closed","ping_status":"closed","template":"","meta":{"_joinchat":[],"footnotes":""},"class_list":["post-14012","page","type-page","status-publish"],"aioseo_notices":[],"_links":{"self":[{"href":"https:\/\/ttp.expert\/pl\/wp-json\/wp\/v2\/pages\/14012","targetHints":{"allow":["GET"]}}],"collection":[{"href":"https:\/\/ttp.expert\/pl\/wp-json\/wp\/v2\/pages"}],"about":[{"href":"https:\/\/ttp.expert\/pl\/wp-json\/wp\/v2\/types\/page"}],"author":[{"embeddable":true,"href":"https:\/\/ttp.expert\/pl\/wp-json\/wp\/v2\/users\/1"}],"replies":[{"embeddable":true,"href":"https:\/\/ttp.expert\/pl\/wp-json\/wp\/v2\/comments?post=14012"}],"version-history":[{"count":6,"href":"https:\/\/ttp.expert\/pl\/wp-json\/wp\/v2\/pages\/14012\/revisions"}],"predecessor-version":[{"id":14903,"href":"https:\/\/ttp.expert\/pl\/wp-json\/wp\/v2\/pages\/14012\/revisions\/14903"}],"wp:attachment":[{"href":"https:\/\/ttp.expert\/pl\/wp-json\/wp\/v2\/media?parent=14012"}],"curies":[{"name":"wp","href":"https:\/\/api.w.org\/{rel}","templated":true}]}}