{"id":12634,"date":"2025-05-12T08:55:32","date_gmt":"2025-05-12T08:55:32","guid":{"rendered":"https:\/\/ttp-expert.com\/analista-de-dados-gestor-de-projeto\/"},"modified":"2025-07-07T11:01:18","modified_gmt":"2025-07-07T11:01:18","slug":"analista-de-dados-gestor-de-projeto","status":"publish","type":"page","link":"https:\/\/ttp.expert\/pt-pt\/analista-de-dados-gestor-de-projeto\/","title":{"rendered":"Analista de Dados; Gestor de Projeto"},"content":{"rendered":"\t\t<div data-elementor-type=\"wp-page\" data-elementor-id=\"12634\" class=\"elementor elementor-12634\" data-elementor-post-type=\"page\">\n\t\t\t\t<div class=\"elementor-element elementor-element-74ad67c e-flex e-con-boxed e-con e-parent\" data-id=\"74ad67c\" data-element_type=\"container\">\n\t\t\t\t\t<div class=\"e-con-inner\">\n\t\t<div class=\"elementor-element elementor-element-b4ba880 e-con-full e-flex e-con e-child\" data-id=\"b4ba880\" data-element_type=\"container\">\n\t\t<div class=\"elementor-element elementor-element-69ff3fe e-con-full e-flex e-con e-child\" data-id=\"69ff3fe\" data-element_type=\"container\">\n\t\t\t\t<div class=\"elementor-element elementor-element-bc7026c premium-header-inline elementor-invisible elementor-widget elementor-widget-premium-addon-dual-header\" data-id=\"bc7026c\" data-element_type=\"widget\" data-settings=\"{&quot;_animation&quot;:&quot;fadeInDown&quot;}\" data-widget_type=\"premium-addon-dual-header.default\">\n\t\t\t\t<div class=\"elementor-widget-container\">\n\t\t\t\t\t\r\n\t\t\t\t\t<h2 class=\"premium-dual-header-first-header \"><span class=\"premium-dual-header-first-span\">Analista de Dados &amp; <\/span><span class=\"premium-dual-header-second-header \">Gerente de Projetos<\/span><\/h2> \t\t\r\n\t\t\t\t\t\t<\/div>\n\t\t\t\t<\/div>\n\t\t\t\t<div class=\"elementor-element elementor-element-de8d321 elementor-widget-divider--view-line elementor-widget elementor-widget-divider\" data-id=\"de8d321\" data-element_type=\"widget\" data-widget_type=\"divider.default\">\n\t\t\t\t<div class=\"elementor-widget-container\">\n\t\t\t\t\t\t\t<div class=\"elementor-divider\">\n\t\t\t<span class=\"elementor-divider-separator\">\n\t\t\t\t\t\t<\/span>\n\t\t<\/div>\n\t\t\t\t\t\t<\/div>\n\t\t\t\t<\/div>\n\t\t\t\t<\/div>\n\t\t\t\t<\/div>\n\t\t\t\t<div class=\"elementor-element elementor-element-db504af elementor-widget__width-inherit elementor-invisible elementor-widget elementor-widget-html\" data-id=\"db504af\" data-element_type=\"widget\" data-settings=\"{&quot;_animation&quot;:&quot;fadeInLeft&quot;}\" data-widget_type=\"html.default\">\n\t\t\t\t<div class=\"elementor-widget-container\">\n\t\t\t\t\t\r\n<!DOCTYPE html>\r\n<html lang=\"es\">\r\n<head>\r\n    <meta charset=\"UTF-8\">\r\n    <meta name=\"viewport\" content=\"width=device-width, initial-scale=1.0\">\r\n    <title>Formulario de Aplicaci\u00f3n<\/title>\r\n    \r\n    <link href=\"https:\/\/fonts.googleapis.com\/css2?family=Montserrat:wght@400&display=swap\" rel=\"stylesheet\">\r\n\r\n    <style>\r\n        * {\r\n            margin: 0;\r\n            padding: 0;\r\n            box-sizing: border-box;\r\n            font-family: 'Montserrat', sans-serif;\r\n    font-weight: 400;\r\n        }\r\n        \r\n        body {\r\n            background-color: #f5f5f5;\r\n            color: #333;\r\n            line-height: 1.6;\r\n        }\r\n        \r\n        .container {\r\n            max-width: 1000px;\r\n            margin: 40px auto;\r\n            padding: 0px;\r\n            background-color: #fff;\r\n            border-radius: 8px;\r\n           \r\n        }\r\n        \r\n        .job-description {\r\n            border-bottom: 1px solid #e0e0e0;\r\n        }\r\n        \r\n        .job-title {\r\n            color: #DDAA33;\r\n            font-size: 28px;\r\n            margin-bottom: 15px;\r\n            font-weight: bold;\r\n        }\r\n        \r\n        .job-details {\r\n            margin-bottom: 20px;\r\n        }\r\n        \r\n        .job-details h3 {\r\n            font-size: 20px;\r\n            margin: 15px 0 10px;\r\n            color: #555;\r\n        }\r\n        \r\n        .job-details p, .job-details li {\r\n            margin-bottom: 10px;\r\n            font-size: 16px;\r\n        }\r\n        \r\n        .job-details ul {\r\n            padding-left: 20px;\r\n            margin-bottom: 15px;\r\n        }\r\n        \r\n        .application-form {\r\n            padding-top: 20px;\r\n        }\r\n        \r\n        .form-title {\r\n            font-size: 24px;\r\n            margin-bottom: 20px;\r\n            color: #333;\r\n        }\r\n        \r\n        .form-group {\r\n            margin-bottom: 20px;\r\n        }\r\n        \r\n        label {\r\n            display: block;\r\n            margin-bottom: 8px;\r\n\r\n            color: #555;\r\n             font-family: 'Montserrat', sans-serif;\r\n        }\r\n        \r\n        input, textarea {\r\n            width: 100%;\r\n            padding: 12px;\r\n            border: 1px solid #ddd;\r\n            border-radius: 4px;\r\n            font-size: 16px;\r\n            transition: border-color 0.3s;\r\n        }\r\n        \r\n        input:focus, textarea:focus {\r\n            border-color: #e6a700;\r\n            outline: none;\r\n        }\r\n        \r\n        textarea {\r\n            min-height: 150px;\r\n            resize: vertical;\r\n        }\r\n        \r\n        .file-upload {\r\n            position: relative;\r\n            overflow: hidden;\r\n            margin-top: 10px;\r\n            display: inline-block;\r\n        }\r\n        \r\n        .file-upload-label {\r\n            background-color: #f0f0f0;\r\n            color: #555;\r\n            border: 1px solid #ddd;\r\n            padding: 10px 20px;\r\n            border-radius: 4px;\r\n            cursor: pointer;\r\n            display: inline-block;\r\n            transition: all 0.3s;\r\n        }\r\n        \r\n        .file-upload-label:hover {\r\n            background-color: #e0e0e0;\r\n        }\r\n        \r\n        .file-name {\r\n            margin-left: 10px;\r\n            font-size: 14px;\r\n        }\r\n        \r\n        input[type=\"file\"] {\r\n            position: absolute;\r\n            left: 0;\r\n            top: 0;\r\n            opacity: 0;\r\n            cursor: pointer;\r\n            width: 100%;\r\n            height: 100%;\r\n        }\r\n        \r\n        .submit-btn {\r\n            background-color: #DDAA33;\r\n            color: black;\r\n            border: none;\r\n            padding: 5px 30px;\r\n            font-size: 14px;\r\n            border-radius: 40px;\r\n            cursor: pointer;\r\n            transition: background-color 0.3s;\r\n\r\n            margin-top: 10px;\r\n        }\r\n        \r\n        .submit-btn:hover {\r\n            background-color: #AB8635;\r\n             color: black;\r\n        }\r\n        \r\n        .required {\r\n            color: #e74c3c;\r\n        }\r\n        \r\n        @media (max-width: 768px) {\r\n            .container {\r\n                padding: 15px;\r\n                margin: 20px 10px;\r\n            }\r\n            \r\n            .job-title {\r\n                font-size: 24px;\r\n            }\r\n            \r\n            .form-title {\r\n                font-size: 20px;\r\n            }\r\n        }\r\n    <\/style>\r\n<\/head>\r\n<body>\r\n    <div class=\"container\">\r\n        <!-- Secci\u00f3n de descripci\u00f3n del puesto -->\r\n        <div class=\"job-description\">\r\n            <h1 class=\"job-title\">Analista de Dados & Gerente de Projetos (m\/f)<\/h1>\r\n            \r\n            <div class=\"job-details\">\r\n                <p>No \u00e2mbito da sua estrat\u00e9gia de consolida\u00e7\u00e3o e crescimento, a Truck & Trail Performance, empresa internacional especializada em assist\u00eancia na estrada para ve\u00edculos de transporte, est\u00e1 a recrutar um(a) Analista de Dados e Gerente de Projetos para o seu escrit\u00f3rio em Carnaxide.\r\nAs principais responsabilidades incluem a an\u00e1lise e transforma\u00e7\u00e3o de dados, o desenvolvimento e implementa\u00e7\u00e3o de solu\u00e7\u00f5es em Power BI, bem como a participa\u00e7\u00e3o em processos de tomada de decis\u00e3o relacionados \u00e0 otimiza\u00e7\u00e3o cont\u00ednua e ao desenvolvimento do principal software de gest\u00e3o da empresa.\r\n<\/p>\r\n                \r\n                <h3>Descri\u00e7\u00e3o do Trabalho:<\/h3>\r\n                <ul>\r\n                    <li>Analisar e validar dados, elaborando relat\u00f3rios e pain\u00e9is operacionais com foco na efici\u00eancia e tomada de decis\u00e3o.<\/li>\r\n                    <li>Extrair dados de sistemas de neg\u00f3cios e traduzi-los em informa\u00e7\u00f5es estat\u00edsticas relevantes.<\/li>\r\n                    <li>Desenvolver pol\u00edticas e procedimentos para a coleta, tratamento e an\u00e1lise de dados.<\/li>\r\n                    <li>Sintetizar e apresentar informa\u00e7\u00f5es de forma clara e acess\u00edvel para a rede de parceiros e usu\u00e1rios.<\/li>\r\n                    <li>Prestar suporte t\u00e9cnico, forma\u00e7\u00e3o e orienta\u00e7\u00e3o aos utilizadores, promovendo o uso eficaz das solu\u00e7\u00f5es de Business Intelligence (BI);<\/li>\r\n                     <li>Propor e implementar melhorias em processos e ferramentas de BI, especialmente nas etapas de ETL (extra\u00e7\u00e3o, transforma\u00e7\u00e3o e carregamento de dados);<\/li>\r\n                      <li>Documentar fluxos e processos operacionais, assegurando a rastreabilidade e padroniza\u00e7\u00e3o das pr\u00e1ticas adotadas.<\/li>\r\n                       <li>Elaborar especifica\u00e7\u00f5es t\u00e9cnicas detalhadas para as solu\u00e7\u00f5es a serem desenvolvidas e integradas ao principal software de gest\u00e3o da empresa;<\/li>\r\n                        <li>Contribuir em revis\u00f5es de design, c\u00f3digo e documenta\u00e7\u00e3o, bem como na implementa\u00e7\u00e3o de metodologias voltadas para o aumento da produtividade e efici\u00eancia;<\/li>\r\n                         <li>Monitorar, priorizar e validar as atividades da equipe de desenvolvimento, garantindo a entrega de solu\u00e7\u00f5es alinhadas com os objetivos do projeto;<\/li>\r\n                          <li>Conduzir testes de aceita\u00e7\u00e3o do usu\u00e1rio (UAT), assegurando que os desenvolvimentos implementados atendam de forma precisa, eficiente e eficaz \u00e0s necessidades dos utilizadores.<\/li>\r\n                <\/ul>\r\n                \r\n                <h3>Requisitos:<\/h3>\r\n                <ul>\r\n                    <li>Forma\u00e7\u00e3o acad\u00eamica ou estudos em Engenharia da Computa\u00e7\u00e3o, Estat\u00edstica Aplicada, Matem\u00e1tica ou em outra \u00e1rea relevante;<\/li>\r\n                    <li>Forma\u00e7\u00e3o complementar ou treinamento em Business Intelligence, An\u00e1lise de Dados ou \u00e1reas correlatas ser\u00e1 considerado um diferencial;<\/li>\r\n                    <li>Boa capacidade de comunica\u00e7\u00e3o e colabora\u00e7\u00e3o em equipe;<\/li>\r\n                    <li>Flu\u00eancia em ingl\u00eas (obrigat\u00f3ria); o conhecimento de outros idiomas ser\u00e1 valorizado.<\/li>\r\n                    <li>Entre 1 a 3 anos de experi\u00eancia no desenvolvimento de dashboards, KPIs e processos de ETL;<\/li>\r\n                     <li>Experi\u00eancia em ambientes Microsoft e em solu\u00e7\u00f5es ligadas a BI, Big Data, An\u00e1lise de Dados, Machine Learning e Intelig\u00eancia Artificial;<\/li>\r\n                      <li>Profici\u00eancia em ferramentas de produtividade da Microsoft (Office), com \u00eanfase em Word, PowerPoint e Excel \u2014 sendo este \u00faltimo com forte dom\u00ednio de f\u00f3rmulas, tabelas din\u00e2micas e VBA (preferencial);<\/li>\r\n                       <li>Conhecimentos em SQL e em ferramentas de visualiza\u00e7\u00e3o e an\u00e1lise de dados como Power BI e Tableau (preferencial);<\/li>\r\n                        <li>Experi\u00eancia na elabora\u00e7\u00e3o de relat\u00f3rios e na an\u00e1lise e desenvolvimento de solu\u00e7\u00f5es de neg\u00f3cio e gest\u00e3o de projetos;<\/li>\r\n                         <li>Experi\u00eancia em processos de levantamento de requisitos e na cria\u00e7\u00e3o de documenta\u00e7\u00e3o funcional e fluxos de processos;<\/li>\r\n                          <li>Fortes compet\u00eancias anal\u00edticas, com capacidade para identificar e resolver problemas, propor melhorias e aplicar pensamento cr\u00edtico, com elevada aten\u00e7\u00e3o aos detalhes;<\/li>\r\n                           <li>Excelentes habilidades de comunica\u00e7\u00e3o e negocia\u00e7\u00e3o, com foco no cliente interno e facilidade em interagir com equipes de suporte;<\/li>\r\n                            <li>Bom dom\u00ednio do ingl\u00eas, falado e escrito (obrigat\u00f3rio);<\/li>\r\n                            <li>Elevado senso de responsabilidade, com boas compet\u00eancias de organiza\u00e7\u00e3o, planejamento e gest\u00e3o do tempo;<\/li>\r\n                            <li>Capacidade de estabelecer prioridades e manter o foco no cumprimento de metas e prazos;<\/li>\r\n                            <li>Esp\u00edrito de colabora\u00e7\u00e3o e gosto pelo trabalho em equipa, com facilidade de adapta\u00e7\u00e3o a ambientes multiculturais;<\/li>\r\n                            <li>Perfil aut\u00f4nomo, proativo e din\u00e2mico, com motiva\u00e7\u00e3o para contribuir ativamente para o crescimento da empresa.<\/li>\r\n                <\/ul>\r\n                \r\n                <h3>Condi\u00e7\u00f5es oferecidas:<\/h3>\r\n                <ul>\r\n                    <li>Contrato de trabalho permanente diretamente com a empresa;<\/li>\r\n                    <li>Integra\u00e7\u00e3o em um projeto de grande escala, com forte componente internacional;<\/li>\r\n                    <li>\u2022\tPacote salarial competitivo, ajustado \u00e0 experi\u00eancia demonstrada e condicionado \u00e0 aprova\u00e7\u00e3o em uma avalia\u00e7\u00e3o t\u00e9cnica.<\/li>\r\n                \r\n            <\/div>\r\n        <\/div>\r\n    <\/div>\r\n\r\n<\/body>\r\n<\/html>\t\t\t\t<\/div>\n\t\t\t\t<\/div>\n\t\t\t\t<div class=\"elementor-element elementor-element-ae5dc62 elementor-widget__width-initial elementor-widget elementor-widget-shortcode\" data-id=\"ae5dc62\" data-element_type=\"widget\" data-widget_type=\"shortcode.default\">\n\t\t\t\t<div class=\"elementor-widget-container\">\n\t\t\t\t\t\t\t<div class=\"elementor-shortcode\">\n<div class=\"wpcf7 no-js\" id=\"wpcf7-f14834-o1\" lang=\"en-US\" dir=\"ltr\" data-wpcf7-id=\"14834\">\n<div class=\"screen-reader-response\"><p role=\"status\" aria-live=\"polite\" aria-atomic=\"true\"><\/p> <ul><\/ul><\/div>\n<form action=\"\/pt-pt\/wp-json\/wp\/v2\/pages\/12634#wpcf7-f14834-o1\" method=\"post\" class=\"wpcf7-form init\" aria-label=\"Contact form\" enctype=\"multipart\/form-data\" novalidate=\"novalidate\" data-status=\"init\">\n<div style=\"display: none;\">\n<input type=\"hidden\" name=\"_wpcf7\" value=\"14834\" \/>\n<input type=\"hidden\" name=\"_wpcf7_version\" value=\"6.0.3\" \/>\n<input type=\"hidden\" name=\"_wpcf7_locale\" value=\"en_US\" \/>\n<input type=\"hidden\" name=\"_wpcf7_unit_tag\" value=\"wpcf7-f14834-o1\" \/>\n<input type=\"hidden\" name=\"_wpcf7_container_post\" value=\"0\" \/>\n<input type=\"hidden\" name=\"_wpcf7_posted_data_hash\" value=\"\" \/>\n<\/div>\n<p><br \/>\n<label> Nome completo<br \/>\n<span class=\"wpcf7-form-control-wrap\" data-name=\"your-name\"><input size=\"40\" maxlength=\"400\" class=\"wpcf7-form-control wpcf7-text wpcf7-validates-as-required\" aria-required=\"true\" aria-invalid=\"false\" placeholder=\"O seu nome completo\" value=\"\" type=\"text\" name=\"your-name\" \/><\/span><br \/>\n<\/label>\n<\/p>\n<p><br \/>\n<label> Email<br \/>\n<span class=\"wpcf7-form-control-wrap\" data-name=\"your-email\"><input size=\"40\" maxlength=\"400\" class=\"wpcf7-form-control wpcf7-email wpcf7-validates-as-required wpcf7-text wpcf7-validates-as-email\" aria-required=\"true\" aria-invalid=\"false\" placeholder=\"O seu email\" value=\"\" type=\"email\" name=\"your-email\" \/><\/span><br \/>\n<\/label>\n<\/p>\n<p><br \/>\n<label> Telefone<br \/>\n<span class=\"wpcf7-form-control-wrap\" data-name=\"your-phone\"><input size=\"40\" maxlength=\"400\" class=\"wpcf7-form-control wpcf7-tel wpcf7-validates-as-required wpcf7-text wpcf7-validates-as-tel\" aria-required=\"true\" aria-invalid=\"false\" placeholder=\"O seu n\u00famero de telefone\" value=\"\" type=\"tel\" name=\"your-phone\" \/><\/span><br \/>\n<\/label>\n<\/p>\n<p class=\"cv-upload-wrapper\"><br \/>\n<label for=\"your-cv-input\" class=\"cv-upload-label\">Anexar CV (PDF, DOC, DOCX)<\/label><br \/>\n<span class=\"wpcf7-form-control-wrap\" data-name=\"your-cv\"><input size=\"40\" class=\"wpcf7-form-control wpcf7-file wpcf7-validates-as-required cv-input\" id=\"your-cv-input\" accept=\".pdf,.doc,.docx\" aria-required=\"true\" aria-invalid=\"false\" type=\"file\" name=\"your-cv\" \/><\/span><br \/>\n<span class=\"cv-file-name\">Nenhum ficheiro selecionado<\/span>\n<\/p>\n<p><br \/>\n<input class=\"wpcf7-form-control wpcf7-submit has-spinner\" type=\"submit\" value=\"Enviar candidatura\" \/>\n<\/p>\n<input class=\"wpcf7-form-control wpcf7-hidden\" value=\"\" type=\"hidden\" name=\"page-url\" \/><div class=\"wpcf7-response-output\" aria-hidden=\"true\"><\/div>\n<\/form>\n<\/div>\n<\/div>\n\t\t\t\t\t\t<\/div>\n\t\t\t\t<\/div>\n\t\t\t\t<div class=\"elementor-element elementor-element-649e6bd elementor-widget elementor-widget-html\" data-id=\"649e6bd\" data-element_type=\"widget\" data-widget_type=\"html.default\">\n\t\t\t\t<div class=\"elementor-widget-container\">\n\t\t\t\t\t<script>\r\n  document.addEventListener('DOMContentLoaded', function () {\r\n    const fileInput = document.querySelector('#your-cv-input');\r\n    const fileNameDisplay = document.querySelector('.cv-file-name');\r\n\r\n    if (fileInput) {\r\n      fileInput.addEventListener('change', function () {\r\n        if (fileInput.files.length > 0) {\r\n          const fileName = fileInput.files[0].name;\r\n          fileNameDisplay.innerHTML = `${fileName} <span class=\"remove-file\" style=\"margin-left: 10px; color: red; cursor: pointer;\">Remove<\/span>`;\r\n\r\n          const removeBtn = fileNameDisplay.querySelector('.remove-file');\r\n          removeBtn.addEventListener('click', function () {\r\n            fileInput.value = '';\r\n            fileNameDisplay.textContent = 'No file selected';\r\n          });\r\n        } else {\r\n          fileNameDisplay.textContent = 'No file selected';\r\n        }\r\n      });\r\n    }\r\n  });\r\n<\/script>\r\n\t\t\t\t<\/div>\n\t\t\t\t<\/div>\n\t\t\t\t\t<\/div>\n\t\t\t\t<\/div>\n\t\t\t\t<\/div>\n\t\t","protected":false},"excerpt":{"rendered":"<p>Analista de Dados &amp; Gerente de Projetos Formulario de Aplicaci\u00f3n Analista de Dados &#038; Gerente de Projetos (m\/f) No \u00e2mbito da sua estrat\u00e9gia de consolida\u00e7\u00e3o e crescimento, a Truck &#038; Trail Performance, empresa internacional especializada em assist\u00eancia na estrada para ve\u00edculos de transporte, est\u00e1 a recrutar um(a) Analista de Dados e Gerente de Projetos para &#8230; <a title=\"Analista de Dados; Gestor de Projeto\" class=\"read-more\" href=\"https:\/\/ttp.expert\/pt-pt\/analista-de-dados-gestor-de-projeto\/\" aria-label=\"Leia mais sobre Analista de Dados; Gestor de Projeto\">Ler mais<\/a><\/p>\n","protected":false},"author":1,"featured_media":0,"parent":0,"menu_order":0,"comment_status":"closed","ping_status":"closed","template":"","meta":{"_joinchat":[],"footnotes":""},"class_list":["post-12634","page","type-page","status-publish"],"aioseo_notices":[],"_links":{"self":[{"href":"https:\/\/ttp.expert\/pt-pt\/wp-json\/wp\/v2\/pages\/12634","targetHints":{"allow":["GET"]}}],"collection":[{"href":"https:\/\/ttp.expert\/pt-pt\/wp-json\/wp\/v2\/pages"}],"about":[{"href":"https:\/\/ttp.expert\/pt-pt\/wp-json\/wp\/v2\/types\/page"}],"author":[{"embeddable":true,"href":"https:\/\/ttp.expert\/pt-pt\/wp-json\/wp\/v2\/users\/1"}],"replies":[{"embeddable":true,"href":"https:\/\/ttp.expert\/pt-pt\/wp-json\/wp\/v2\/comments?post=12634"}],"version-history":[{"count":6,"href":"https:\/\/ttp.expert\/pt-pt\/wp-json\/wp\/v2\/pages\/12634\/revisions"}],"predecessor-version":[{"id":14844,"href":"https:\/\/ttp.expert\/pt-pt\/wp-json\/wp\/v2\/pages\/12634\/revisions\/14844"}],"wp:attachment":[{"href":"https:\/\/ttp.expert\/pt-pt\/wp-json\/wp\/v2\/media?parent=12634"}],"curies":[{"name":"wp","href":"https:\/\/api.w.org\/{rel}","templated":true}]}}