{"id":12740,"date":"2025-05-12T08:39:47","date_gmt":"2025-05-12T08:39:47","guid":{"rendered":"https:\/\/ttp-expert.com\/gestor-de-assistencia-turco\/"},"modified":"2025-07-07T11:00:34","modified_gmt":"2025-07-07T11:00:34","slug":"gestor-de-assistencia-turco","status":"publish","type":"page","link":"https:\/\/ttp.expert\/pt-pt\/gestor-de-assistencia-turco\/","title":{"rendered":"Gestor de Assist\u00eancia Turco"},"content":{"rendered":"\t\t<div data-elementor-type=\"wp-page\" data-elementor-id=\"12740\" class=\"elementor elementor-12740\" data-elementor-post-type=\"page\">\n\t\t\t\t<div class=\"elementor-element elementor-element-74ad67c e-flex e-con-boxed e-con e-parent\" data-id=\"74ad67c\" data-element_type=\"container\">\n\t\t\t\t\t<div class=\"e-con-inner\">\n\t\t<div class=\"elementor-element elementor-element-5a5bb37 e-con-full e-flex e-con e-child\" data-id=\"5a5bb37\" data-element_type=\"container\">\n\t\t<div class=\"elementor-element elementor-element-15521bf e-con-full e-flex e-con e-child\" data-id=\"15521bf\" data-element_type=\"container\">\n\t\t\t\t<div class=\"elementor-element elementor-element-a5db37d premium-header-inline elementor-invisible elementor-widget elementor-widget-premium-addon-dual-header\" data-id=\"a5db37d\" data-element_type=\"widget\" data-settings=\"{&quot;_animation&quot;:&quot;fadeInDown&quot;}\" data-widget_type=\"premium-addon-dual-header.default\">\n\t\t\t\t<div class=\"elementor-widget-container\">\n\t\t\t\t\t\r\n\t\t\t\t\t<h2 class=\"premium-dual-header-first-header \"><span class=\"premium-dual-header-first-span\">Gestor de Servi\u00e7o  <\/span><span class=\"premium-dual-header-second-header \"> Turco<\/span><\/h2> \t\t\r\n\t\t\t\t\t\t<\/div>\n\t\t\t\t<\/div>\n\t\t\t\t<div class=\"elementor-element elementor-element-eac478b elementor-widget-divider--view-line elementor-widget elementor-widget-divider\" data-id=\"eac478b\" data-element_type=\"widget\" data-widget_type=\"divider.default\">\n\t\t\t\t<div class=\"elementor-widget-container\">\n\t\t\t\t\t\t\t<div class=\"elementor-divider\">\n\t\t\t<span class=\"elementor-divider-separator\">\n\t\t\t\t\t\t<\/span>\n\t\t<\/div>\n\t\t\t\t\t\t<\/div>\n\t\t\t\t<\/div>\n\t\t\t\t<\/div>\n\t\t\t\t<\/div>\n\t\t\t\t<div class=\"elementor-element elementor-element-db504af elementor-widget__width-inherit elementor-invisible elementor-widget elementor-widget-html\" data-id=\"db504af\" data-element_type=\"widget\" data-settings=\"{&quot;_animation&quot;:&quot;fadeInLeft&quot;}\" data-widget_type=\"html.default\">\n\t\t\t\t<div class=\"elementor-widget-container\">\n\t\t\t\t\t\r\n<!DOCTYPE html>\r\n<html lang=\"es\">\r\n<head>\r\n    <meta charset=\"UTF-8\">\r\n    <meta name=\"viewport\" content=\"width=device-width, initial-scale=1.0\">\r\n    <title>Formulario de Aplicaci\u00f3n<\/title>\r\n    \r\n    <link href=\"https:\/\/fonts.googleapis.com\/css2?family=Montserrat:wght@400&display=swap\" rel=\"stylesheet\">\r\n\r\n    <style>\r\n        * {\r\n            margin: 0;\r\n            padding: 0;\r\n            box-sizing: border-box;\r\n            font-family: 'Montserrat', sans-serif;\r\n    font-weight: 400;\r\n        }\r\n        \r\n        body {\r\n            background-color: #f5f5f5;\r\n            color: #333;\r\n            line-height: 1.6;\r\n        }\r\n        \r\n        .container {\r\n            max-width: 1000px;\r\n            margin: 40px auto;\r\n            padding: 0px;\r\n            background-color: #fff;\r\n            border-radius: 8px;\r\n           \r\n        }\r\n        \r\n        .job-description {\r\n            border-bottom: 1px solid #e0e0e0;\r\n        }\r\n        \r\n        .job-title {\r\n            color: #DDAA33;\r\n            font-size: 28px;\r\n            margin-bottom: 15px;\r\n            font-weight: bold;\r\n        }\r\n        \r\n        .job-details {\r\n            margin-bottom: 20px;\r\n        }\r\n        \r\n        .job-details h3 {\r\n            font-size: 20px;\r\n            margin: 15px 0 10px;\r\n            color: #555;\r\n        }\r\n        \r\n        .job-details p, .job-details li {\r\n            margin-bottom: 10px;\r\n            font-size: 16px;\r\n        }\r\n        \r\n        .job-details ul {\r\n            padding-left: 20px;\r\n            margin-bottom: 15px;\r\n        }\r\n        \r\n        .application-form {\r\n            padding-top: 20px;\r\n        }\r\n        \r\n        .form-title {\r\n            font-size: 24px;\r\n            margin-bottom: 20px;\r\n            color: #333;\r\n        }\r\n        \r\n        .form-group {\r\n            margin-bottom: 20px;\r\n        }\r\n        \r\n        label {\r\n            display: block;\r\n            margin-bottom: 8px;\r\n\r\n            color: #555;\r\n             font-family: 'Montserrat', sans-serif;\r\n        }\r\n        \r\n        input, textarea {\r\n            width: 100%;\r\n            padding: 12px;\r\n            border: 1px solid #ddd;\r\n            border-radius: 4px;\r\n            font-size: 16px;\r\n            transition: border-color 0.3s;\r\n        }\r\n        \r\n        input:focus, textarea:focus {\r\n            border-color: #e6a700;\r\n            outline: none;\r\n        }\r\n        \r\n        textarea {\r\n            min-height: 150px;\r\n            resize: vertical;\r\n        }\r\n        \r\n        .file-upload {\r\n            position: relative;\r\n            overflow: hidden;\r\n            margin-top: 10px;\r\n            display: inline-block;\r\n        }\r\n        \r\n        .file-upload-label {\r\n            background-color: #f0f0f0;\r\n            color: #555;\r\n            border: 1px solid #ddd;\r\n            padding: 10px 20px;\r\n            border-radius: 4px;\r\n            cursor: pointer;\r\n            display: inline-block;\r\n            transition: all 0.3s;\r\n        }\r\n        \r\n        .file-upload-label:hover {\r\n            background-color: #e0e0e0;\r\n        }\r\n        \r\n        .file-name {\r\n            margin-left: 10px;\r\n            font-size: 14px;\r\n        }\r\n        \r\n        input[type=\"file\"] {\r\n            position: absolute;\r\n            left: 0;\r\n            top: 0;\r\n            opacity: 0;\r\n            cursor: pointer;\r\n            width: 100%;\r\n            height: 100%;\r\n        }\r\n        \r\n        .submit-btn {\r\n            background-color: #DDAA33;\r\n            color: black;\r\n            border: none;\r\n            padding: 5px 30px;\r\n            font-size: 14px;\r\n            border-radius: 40px;\r\n            cursor: pointer;\r\n            transition: background-color 0.3s;\r\n\r\n            margin-top: 10px;\r\n        }\r\n        \r\n        .submit-btn:hover {\r\n            background-color: #AB8635;\r\n             color: black;\r\n        }\r\n        \r\n        .required {\r\n            color: #e74c3c;\r\n        }\r\n        \r\n        @media (max-width: 768px) {\r\n            .container {\r\n                padding: 15px;\r\n                margin: 20px 10px;\r\n            }\r\n            \r\n            .job-title {\r\n                font-size: 24px;\r\n            }\r\n            \r\n            .form-title {\r\n                font-size: 20px;\r\n            }\r\n        }\r\n    <\/style>\r\n<\/head>\r\n<body>\r\n    <div class=\"container\">\r\n        <!-- Secci\u00f3n de descripci\u00f3n del puesto -->\r\n        <div class=\"job-description\">\r\n            <h1 class=\"job-title\">Gestor de Servi\u00e7o Turco (m\/f)<\/h1>\r\n            \r\n            <div class=\"job-details\">\r\n                <p>No seguimento da sua estrat\u00e9gia de consolida\u00e7\u00e3o e crescimento, a Truck & Trail Performance, empresa internacional especializada em servi\u00e7os de assist\u00eancia em estrada para ve\u00edculos de transporte, pretende recrutar um(a) Gestor(a) de Servi\u00e7o fluente em turco para integrar a sua equipa no escrit\u00f3rio de Lisboa (Carnaxide).\r\nO(a) profissional ser\u00e1 respons\u00e1vel por gerir os servi\u00e7os de assist\u00eancia em estrada prestados a clientes turcos em toda a Europa, garantindo um acompanhamento eficiente, profissional e orientado para a satisfa\u00e7\u00e3o do cliente.\r\n<\/p>\r\n                \r\n                <h3>A sua miss\u00e3o:<\/h3>\r\n                <ul>\r\n                    <li>Gerir os servi\u00e7os de assist\u00eancia em caso de avarias para clientes turcos, assegurando um acompanhamento eficaz e personalizado;<\/li>\r\n                    <li>Manter contactos telef\u00f3nicos regulares com clientes e parceiros da rede;<\/li>\r\n                    <li>Identificar e desenvolver oportunidades de neg\u00f3cio atrav\u00e9s da prospec\u00e7\u00e3o de novos clientes turcos;<\/li>\r\n                    <li>Identificar e desenvolver oportunidades de neg\u00f3cio atrav\u00e9s da prospec\u00e7\u00e3o de novos clientes turcos;<\/li>\r\n                    <li>Realizar pesquisa e capta\u00e7\u00e3o de novos parceiros de neg\u00f3cios, com foco na expans\u00e3o e consolida\u00e7\u00e3o da rede de assist\u00eancia.<\/li>\r\n                <\/ul>\r\n                \r\n                <h3>O seu perfil:<\/h3>\r\n                <ul>\r\n                    <li>Licenciatura, preferencialmente com forma\u00e7\u00e3o na \u00e1rea comercial;<\/li>\r\n                    <li>Flu\u00eancia em turco, (preferencialmente nativo);<\/li>\r\n                    <li>Flu\u00eancia em ingl\u00eas, tanto na comunica\u00e7\u00e3o oral quanto escrita;<\/li>\r\n                    <li>Conhecimento de outros idiomas, como alem\u00e3o, franc\u00eas, italiano, espanhol ou polaco, ser\u00e1 considerado uma mais-valia, embora n\u00e3o seja um requisito eliminat\u00f3rio;<\/li>\r\n                    <li>Experi\u00eancia pr\u00e9via na ind\u00fastria de transportes ou no setor de mec\u00e2nica ser\u00e1 valorizada, mas n\u00e3o ser\u00e1 eliminat\u00f3ria;<\/li>\r\n                    <li>Dom\u00ednio das ferramentas do Microsoft Office, com especial (Word, Excel, PowerPoint e Outlook).<\/li>\r\n                <\/ul>\r\n                \r\n                <h3>Procuramos um(a) profissional motivado(a), entusi\u00e1stico(a), din\u00e2mico(a) e proativo(a), com as seguintes compet\u00eancias essenciais para uma integra\u00e7\u00e3o bem-sucedida na equipa:<\/h3>\r\n                <ul>\r\n                    <li>Forte orienta\u00e7\u00e3o para o cliente e compromisso com a qualidade do servi\u00e7o prestado;<\/li>\r\n                    <li>Excelente capacidade de organiza\u00e7\u00e3o, com aten\u00e7\u00e3o ao detalhe e elevado grau de rigor;<\/li>\r\n                    <li>Boa gest\u00e3o de prioridades e capacidade de adapta\u00e7\u00e3o a contextos exigentes;<\/li>\r\n                    <li>Boa gest\u00e3o de prioridades e capacidade de adapta\u00e7\u00e3o a contextos exigentes;<\/li>\r\n                    <li>Aptid\u00e3o para a resolu\u00e7\u00e3o de problemas, com diplomacia e verdadeiro esp\u00edrito de equipa.<\/li>\r\n                <\/ul>\r\n                \r\n                 <h3>A Truck & Trail Performance oferece-lhe:<\/h3>\r\n                <ul>\r\n                    <li>Contrato de trabalho permanente, com estabilidade e perspetivas de desenvolvimento a longo prazo;<\/li>\r\n                     <li>Integra\u00e7\u00e3o numa equipa jovem, experiente, din\u00e2mica e fortemente comprometida com a excel\u00eancia operacional e o crescimento conjunto.<\/li>\r\n                <\/ul>\r\n                \r\n            <\/div>\r\n        <\/div>\r\n    <\/div>\r\n\r\n<\/body>\r\n<\/html>\t\t\t\t<\/div>\n\t\t\t\t<\/div>\n\t\t\t\t<div class=\"elementor-element elementor-element-ae5dc62 elementor-widget__width-initial elementor-widget elementor-widget-shortcode\" data-id=\"ae5dc62\" data-element_type=\"widget\" data-widget_type=\"shortcode.default\">\n\t\t\t\t<div class=\"elementor-widget-container\">\n\t\t\t\t\t\t\t<div class=\"elementor-shortcode\">\n<div class=\"wpcf7 no-js\" id=\"wpcf7-f14834-o1\" lang=\"en-US\" dir=\"ltr\" data-wpcf7-id=\"14834\">\n<div class=\"screen-reader-response\"><p role=\"status\" aria-live=\"polite\" aria-atomic=\"true\"><\/p> <ul><\/ul><\/div>\n<form action=\"\/pt-pt\/wp-json\/wp\/v2\/pages\/12740#wpcf7-f14834-o1\" method=\"post\" class=\"wpcf7-form init\" aria-label=\"Contact form\" enctype=\"multipart\/form-data\" novalidate=\"novalidate\" data-status=\"init\">\n<div style=\"display: none;\">\n<input type=\"hidden\" name=\"_wpcf7\" value=\"14834\" \/>\n<input type=\"hidden\" name=\"_wpcf7_version\" value=\"6.0.3\" \/>\n<input type=\"hidden\" name=\"_wpcf7_locale\" value=\"en_US\" \/>\n<input type=\"hidden\" name=\"_wpcf7_unit_tag\" value=\"wpcf7-f14834-o1\" \/>\n<input type=\"hidden\" name=\"_wpcf7_container_post\" value=\"0\" \/>\n<input type=\"hidden\" name=\"_wpcf7_posted_data_hash\" value=\"\" \/>\n<\/div>\n<p><br \/>\n<label> Nome completo<br \/>\n<span class=\"wpcf7-form-control-wrap\" data-name=\"your-name\"><input size=\"40\" maxlength=\"400\" class=\"wpcf7-form-control wpcf7-text wpcf7-validates-as-required\" aria-required=\"true\" aria-invalid=\"false\" placeholder=\"O seu nome completo\" value=\"\" type=\"text\" name=\"your-name\" \/><\/span><br \/>\n<\/label>\n<\/p>\n<p><br \/>\n<label> Email<br \/>\n<span class=\"wpcf7-form-control-wrap\" data-name=\"your-email\"><input size=\"40\" maxlength=\"400\" class=\"wpcf7-form-control wpcf7-email wpcf7-validates-as-required wpcf7-text wpcf7-validates-as-email\" aria-required=\"true\" aria-invalid=\"false\" placeholder=\"O seu email\" value=\"\" type=\"email\" name=\"your-email\" \/><\/span><br \/>\n<\/label>\n<\/p>\n<p><br \/>\n<label> Telefone<br \/>\n<span class=\"wpcf7-form-control-wrap\" data-name=\"your-phone\"><input size=\"40\" maxlength=\"400\" class=\"wpcf7-form-control wpcf7-tel wpcf7-validates-as-required wpcf7-text wpcf7-validates-as-tel\" aria-required=\"true\" aria-invalid=\"false\" placeholder=\"O seu n\u00famero de telefone\" value=\"\" type=\"tel\" name=\"your-phone\" \/><\/span><br \/>\n<\/label>\n<\/p>\n<p class=\"cv-upload-wrapper\"><br \/>\n<label for=\"your-cv-input\" class=\"cv-upload-label\">Anexar CV (PDF, DOC, DOCX)<\/label><br \/>\n<span class=\"wpcf7-form-control-wrap\" data-name=\"your-cv\"><input size=\"40\" class=\"wpcf7-form-control wpcf7-file wpcf7-validates-as-required cv-input\" id=\"your-cv-input\" accept=\".pdf,.doc,.docx\" aria-required=\"true\" aria-invalid=\"false\" type=\"file\" name=\"your-cv\" \/><\/span><br \/>\n<span class=\"cv-file-name\">Nenhum ficheiro selecionado<\/span>\n<\/p>\n<p><br \/>\n<input class=\"wpcf7-form-control wpcf7-submit has-spinner\" type=\"submit\" value=\"Enviar candidatura\" \/>\n<\/p>\n<input class=\"wpcf7-form-control wpcf7-hidden\" value=\"\" type=\"hidden\" name=\"page-url\" \/><div class=\"wpcf7-response-output\" aria-hidden=\"true\"><\/div>\n<\/form>\n<\/div>\n<\/div>\n\t\t\t\t\t\t<\/div>\n\t\t\t\t<\/div>\n\t\t\t\t<div class=\"elementor-element elementor-element-369977d elementor-widget elementor-widget-html\" data-id=\"369977d\" data-element_type=\"widget\" data-widget_type=\"html.default\">\n\t\t\t\t<div class=\"elementor-widget-container\">\n\t\t\t\t\t<script>\r\n  document.addEventListener('DOMContentLoaded', function () {\r\n    const fileInput = document.querySelector('#your-cv-input');\r\n    const fileNameDisplay = document.querySelector('.cv-file-name');\r\n\r\n    if (fileInput) {\r\n      fileInput.addEventListener('change', function () {\r\n        if (fileInput.files.length > 0) {\r\n          const fileName = fileInput.files[0].name;\r\n          fileNameDisplay.innerHTML = `${fileName} <span class=\"remove-file\" style=\"margin-left: 10px; color: red; cursor: pointer;\">Remove<\/span>`;\r\n\r\n          const removeBtn = fileNameDisplay.querySelector('.remove-file');\r\n          removeBtn.addEventListener('click', function () {\r\n            fileInput.value = '';\r\n            fileNameDisplay.textContent = 'No file selected';\r\n          });\r\n        } else {\r\n          fileNameDisplay.textContent = 'No file selected';\r\n        }\r\n      });\r\n    }\r\n  });\r\n<\/script>\r\n\t\t\t\t<\/div>\n\t\t\t\t<\/div>\n\t\t\t\t\t<\/div>\n\t\t\t\t<\/div>\n\t\t\t\t<\/div>\n\t\t","protected":false},"excerpt":{"rendered":"<p>Gestor de Servi\u00e7o Turco Formulario de Aplicaci\u00f3n Gestor de Servi\u00e7o Turco (m\/f) No seguimento da sua estrat\u00e9gia de consolida\u00e7\u00e3o e crescimento, a Truck &#038; Trail Performance, empresa internacional especializada em servi\u00e7os de assist\u00eancia em estrada para ve\u00edculos de transporte, pretende recrutar um(a) Gestor(a) de Servi\u00e7o fluente em turco para integrar a sua equipa no escrit\u00f3rio &#8230; <a title=\"Gestor de Assist\u00eancia Turco\" class=\"read-more\" href=\"https:\/\/ttp.expert\/pt-pt\/gestor-de-assistencia-turco\/\" aria-label=\"Leia mais sobre Gestor de Assist\u00eancia Turco\">Ler mais<\/a><\/p>\n","protected":false},"author":1,"featured_media":0,"parent":0,"menu_order":0,"comment_status":"closed","ping_status":"closed","template":"","meta":{"_joinchat":[],"footnotes":""},"class_list":["post-12740","page","type-page","status-publish"],"aioseo_notices":[],"_links":{"self":[{"href":"https:\/\/ttp.expert\/pt-pt\/wp-json\/wp\/v2\/pages\/12740","targetHints":{"allow":["GET"]}}],"collection":[{"href":"https:\/\/ttp.expert\/pt-pt\/wp-json\/wp\/v2\/pages"}],"about":[{"href":"https:\/\/ttp.expert\/pt-pt\/wp-json\/wp\/v2\/types\/page"}],"author":[{"embeddable":true,"href":"https:\/\/ttp.expert\/pt-pt\/wp-json\/wp\/v2\/users\/1"}],"replies":[{"embeddable":true,"href":"https:\/\/ttp.expert\/pt-pt\/wp-json\/wp\/v2\/comments?post=12740"}],"version-history":[{"count":6,"href":"https:\/\/ttp.expert\/pt-pt\/wp-json\/wp\/v2\/pages\/12740\/revisions"}],"predecessor-version":[{"id":14841,"href":"https:\/\/ttp.expert\/pt-pt\/wp-json\/wp\/v2\/pages\/12740\/revisions\/14841"}],"wp:attachment":[{"href":"https:\/\/ttp.expert\/pt-pt\/wp-json\/wp\/v2\/media?parent=12740"}],"curies":[{"name":"wp","href":"https:\/\/api.w.org\/{rel}","templated":true}]}}