{"id":1464,"date":"2024-06-06T19:25:58","date_gmt":"2024-06-06T19:25:58","guid":{"rendered":"https:\/\/ttp-expert.com\/politica-de-privacidade\/"},"modified":"2025-06-06T13:39:54","modified_gmt":"2025-06-06T13:39:54","slug":"politica-de-privacidade","status":"publish","type":"page","link":"https:\/\/ttp.expert\/pt-pt\/politica-de-privacidade\/","title":{"rendered":"Pol\u00edtica de Privacidade"},"content":{"rendered":"\t\t<div data-elementor-type=\"wp-page\" data-elementor-id=\"1464\" class=\"elementor elementor-1464\" data-elementor-post-type=\"page\">\n\t\t\t\t<div class=\"elementor-element elementor-element-b2e9826 e-flex e-con-boxed e-con e-parent\" data-id=\"b2e9826\" data-element_type=\"container\">\n\t\t\t\t\t<div class=\"e-con-inner\">\n\t\t\t\t<div class=\"elementor-element elementor-element-215ce3f elementor-widget elementor-widget-text-editor\" data-id=\"215ce3f\" data-element_type=\"widget\" data-widget_type=\"text-editor.default\">\n\t\t\t\t<div class=\"elementor-widget-container\">\n\t\t\t\t\t\t\t\t\t<h2 class=\"wp-block-heading\"><strong><span style=\"color: #ddaa33;\">Coment\u00e1rios<\/span><\/strong><\/h2><p>Quando os visitantes deixam coment\u00e1rios no website, recolhemos os dados fornecidos no formul\u00e1rio de coment\u00e1rios, bem como o endere\u00e7o IP do visitante e a cadeia de caracteres do agente do utilizador do navegador, para ajudar na dete\u00e7\u00e3o de spam.<\/p><p>Uma cadeia an\u00f3nima criada a partir do seu endere\u00e7o de e-mail (tamb\u00e9m designada por hash) pode ser fornecida ao servi\u00e7o Gravatar para verificar se o utilizador o est\u00e1 a utilizar.<\/p><p>A pol\u00edtica de privacidade do servi\u00e7o Gravatar est\u00e1 dispon\u00edvel aqui: https:\/\/automattic.com\/privacy\/. Ap\u00f3s a aprova\u00e7\u00e3o do seu coment\u00e1rio, a sua imagem de perfil fica vis\u00edvel para o p\u00fablico no contexto do seu coment\u00e1rio.<\/p><p>\u00a0<\/p><h2 class=\"wp-block-heading\"><strong><span style=\"color: #ddaa33;\">Media<\/span><\/strong><\/h2><p>Se carregar imagens para o s\u00edtio Web, deve evitar carregar imagens com dados de localiza\u00e7\u00e3o incorporados (EXIF GPS).<\/p><p>Os visitantes do s\u00edtio Web podem descarregar e extrair quaisquer dados de localiza\u00e7\u00e3o de imagens no s\u00edtio Web.<\/p><p>\u00a0<\/p><h2 class=\"wp-block-heading\"><strong><span style=\"color: #ddaa33;\">Cookies<\/span><\/strong><\/h2><p>Se deixar um coment\u00e1rio no nosso site Web, pode optar por guardar o seu nome, endere\u00e7o de correio eletr\u00f3nico e <span class=\"error-spellcheck\" data-word=\"website\" data-suggestion=\"web-site|webmaster|web site\">website<\/span> nos <span class=\"error-spellcheck\" data-word=\"cookies\" data-suggestion=\"comercies\">cookies<\/span>.<\/p><p>Estes s\u00e3o para sua conveni\u00eancia, para que n\u00e3o tenha de preencher os seus dados novamente quando deixar outro coment\u00e1rio.<\/p><p>Estes <span class=\"error-spellcheck\" data-word=\"cookies\" data-suggestion=\"comercies\">cookies<\/span> duram um ano.<\/p><p>\u00a0<\/p><p>Se visitar a nossa p\u00e1gina de in\u00edcio de sess\u00e3o, definiremos um cookie tempor\u00e1rio para determinar se o seu browser aceita cookies.<\/p><p>\u00a0<\/p><p>Este cookie n\u00e3o cont\u00e9m dados pessoais e \u00e9 eliminado quando o utilizador fecha o seu browser.<\/p><p>\u00a0<\/p><p>Quando inicia sess\u00e3o, tamb\u00e9m configuramos v\u00e1rios cookies para guardar as suas informa\u00e7\u00f5es de in\u00edcio de sess\u00e3o e as suas op\u00e7\u00f5es de visualiza\u00e7\u00e3o do ecr\u00e3.<\/p><p>\u00a0<\/p><p>Os cookies de in\u00edcio de sess\u00e3o duram dois dias e os cookies de op\u00e7\u00f5es de ecr\u00e3 duram um ano.<\/p><p>\u00a0<\/p><p>Se selecionar &#8220;Lembrar-me&#8221;, o seu in\u00edcio de sess\u00e3o persistir\u00e1 durante duas semanas.<\/p><p>\u00a0<\/p><p>Se sair da sua conta, os cookies de in\u00edcio de sess\u00e3o ser\u00e3o removidos.<\/p><p>\u00a0<\/p><p>Se editar ou publicar um artigo, ser\u00e1 guardado um cookie adicional no seu browser.<\/p><p>\u00a0<\/p><p>Este cookie n\u00e3o inclui dados pessoais e indica simplesmente o ID da publica\u00e7\u00e3o do artigo que acabou de editar.<\/p><p>\u00a0<\/p><p>Expira ao fim de 1 dia.<\/p><p>\u00a0<\/p><p>When you log in, we will also set up several cookies to save your login information and your screen display choices. Login cookies last for two days, and screen options cookies last for a year. If you select &#8220;Remember Me&#8221;, your login will persist for two weeks. If you log out of your account, the login cookies will be removed.<\/p><p>\u00a0<\/p><p>If you edit or publish an article, an additional cookie will be saved in your browser. This cookie includes no personal data and simply indicates the post ID of the article you just edited. It expires after 1 day.<\/p><p>\u00a0<\/p><h2 class=\"wp-block-heading\"><strong><span style=\"color: #ddaa33;\">Conte\u00fado incorporado de outros s\u00edtios Web<\/span><\/strong><\/h2><p>Os artigos deste site podem incluir conte\u00fados incorporados (por exemplo, v\u00eddeos, imagens, artigos, etc.).<\/p><p>O conte\u00fado incorporado de outros websites comporta-se exatamente da mesma forma como se o visitante tivesse visitado o outro s\u00edtio Web.<\/p><p>Estes websites podem recolher dados sobre o utilizador, utilizar cookies, incorporar rastreio adicional de terceiros e monitorizar a sua intera\u00e7\u00e3o com esse conte\u00fado incorporado, incluindo o rastreio da sua intera\u00e7\u00e3o com o conte\u00fado incorporado se tiver uma conta e estiver ligado a esse s\u00edtio Web.<\/p><p>\u00a0<\/p><h2 class=\"wp-block-heading\"><strong><span style=\"color: #ddaa33;\">Com quem partilhamos os seus dados<\/span><\/strong><\/h2><p>Com quem partilhamos os seus dados<\/p><p>If you request a password reset, your IP address will be included in the reset email.<\/p><p>\u00a0<\/p><h2 class=\"wp-block-heading\"><strong><span style=\"color: #ddaa33;\">Durante quanto tempo conservamos os seus dados<\/span><\/strong><\/h2><p>Se deixar um coment\u00e1rio, o coment\u00e1rio e os seus metadados s\u00e3o conservados indefinidamente.<\/p><p>Isto \u00e9 para que possamos reconhecer e aprovar automaticamente quaisquer coment\u00e1rios de seguimento em vez de os manter numa fila de modera\u00e7\u00e3o.<\/p><p>Para os utilizadores que se registam no nosso website (se for o caso), tamb\u00e9m guardamos as informa\u00e7\u00f5es pessoais que fornecem no seu perfil de utilizador.<\/p><p>Todos os utilizadores podem ver, editar ou eliminar as suas informa\u00e7\u00f5es pessoais em qualquer altura (exceto que n\u00e3o podem alterar o seu nome de utilizador).<\/p><p>Os administradores do website tamb\u00e9m podem ver e editar essas informa\u00e7\u00f5es.<\/p><p>\u00a0<\/p><h2 class=\"wp-block-heading\"><strong><span style=\"color: #ddaa33;\">Que direitos tem sobre os seus dados<\/span><\/strong><\/h2><p>Se tiver uma conta neste site ou tiver deixado coment\u00e1rios, pode pedir para receber um ficheiro exportado dos dados pessoais que temos sobre si, incluindo quaisquer dados que nos tenha fornecido.<\/p><p>Tamb\u00e9m pode solicitar que apaguemos quaisquer dados pessoais que tenhamos sobre si.<\/p><p>Isto n\u00e3o inclui quaisquer dados que sejamos obrigados a manter para fins administrativos, legais ou de seguran\u00e7a.<\/p><p>\u00a0<\/p><h2 class=\"wp-block-heading\"><strong><span style=\"color: #ddaa33;\">Para onde s\u00e3o enviados os seus dados<\/span><\/strong><\/h2><p>Os coment\u00e1rios dos visitantes podem ser verificados atrav\u00e9s de um servi\u00e7o autom\u00e1tico de dete\u00e7\u00e3o de spam.<\/p><p>\u00a0<\/p><h2 class=\"wp-block-heading\"><strong><span style=\"color: #ddaa33;\">Informa\u00e7\u00f5es de <span class=\"error-spellcheck\" data-word=\"Contato\" data-suggestion=\"Contado|Constato|Conta-to|Contacto|Contanto|Contrato|Conta\">Contato<\/span><\/span><\/strong><\/h2><p>Os coment\u00e1rios dos visitantes podem ser verificados atrav\u00e9s de um servi\u00e7o autom\u00e1tico de dete\u00e7\u00e3o de spam.<\/p><p>Caso tenha alguma d\u00favida sobre esta pol\u00edtica de privacidade ou deseje exercer os seus direitos em rela\u00e7\u00e3o aos seus dados pessoais, por favor contacte-nos :<br \/>Email: service24@ttp.expert<\/p><p>\u00a0<\/p><h2 class=\"wp-block-heading\"><strong><span style=\"color: #ddaa33;\">Informa\u00e7\u00f5es de <span class=\"error-spellcheck\" data-word=\"Contato\" data-suggestion=\"Contado|Constato|Conta-to|Contacto|Contanto|Contrato|Conta\">Contato<\/span><\/span><\/strong><\/h2><p>Tratamos os seus dados pessoais com base nos seguintes fundamentos legais:<\/p><ul data-start=\"1415\" data-end=\"1664\"><li data-start=\"1415\" data-end=\"1490\"><p data-start=\"1417\" data-end=\"1490\"><strong data-start=\"1417\" data-end=\"1429\"><span class=\"sc-dcJsrY hepMoq AT-ate-chip--compact ate-chip--marker  ate-chip ate-chip--compact ate-chip--marker\" data-segment=\"gid_0\" data-type=\"g\">Consentimento<\/span>:<\/strong> quando o fornece explicitamente (por exemplo, deixando um coment\u00e1rio).<\/p><\/li><li data-start=\"1491\" data-end=\"1569\"><p data-start=\"1493\" data-end=\"1569\"><strong data-start=\"1493\" data-end=\"1517\"><span class=\"sc-dcJsrY hepMoq AT-ate-chip--compact ate-chip--marker  ate-chip ate-chip--compact ate-chip--marker\" data-segment=\"gid_0\" data-type=\"g\">Interesse leg\u00edtimo: <\/span><\/strong><span style=\"font-size: inherit;\">para garantir a seguran\u00e7a do site ou melhorar os nossos servi\u00e7os.<\/span><\/p><\/li><li data-start=\"1570\" data-end=\"1664\"><p data-start=\"1572\" data-end=\"1664\"><strong><span class=\"sc-dcJsrY hepMoq AT-ate-chip--compact ate-chip--marker  ate-chip ate-chip--compact ate-chip--marker\" data-segment=\"gid_0\" data-type=\"g\">Necessidade contratual: <\/span><\/strong><span class=\"sc-dcJsrY hepMoq AT-ate-chip--compact ate-chip--marker  ate-chip ate-chip--compact ate-chip--marker\" data-segment=\"gid_0\" data-type=\"g\">se se registar ou utilizar recursos que exijam identifica\u00e7\u00e3o do utilizador.<\/span><\/p><\/li><\/ul><h2 class=\"wp-block-heading\"><strong><span style=\"color: #ddaa33;\">Transfer\u00eancias Internacionais de Dados<\/span><\/strong><\/h2><p>Alguns dos nossos prestadores de servi\u00e7os podem estar localizados fora do Espa\u00e7o Econ\u00f3mico Europeu. Nestes casos, garantimos a prote\u00e7\u00e3o dos seus dados atrav\u00e9s de cl\u00e1usulas contratuais-tipo ou mecanismos equivalentes aprovados pelas autoridades competentes.<\/p><p>\u00a0<\/p><h2 class=\"wp-block-heading\"><strong><span style=\"color: #ddaa33;\">Altera\u00e7\u00f5es a esta Pol\u00edtica<\/span><\/strong><\/h2><p>Reservamo-nos o direito de atualizar esta pol\u00edtica de privacidade a qualquer momento. Quaisquer altera\u00e7\u00f5es ser\u00e3o publicadas nesta p\u00e1gina e, se significativas, iremos notific\u00e1-lo de acordo.<\/p><h2 class=\"wp-block-heading\">\u00a0<\/h2>\t\t\t\t\t\t\t\t<\/div>\n\t\t\t\t<\/div>\n\t\t\t\t\t<\/div>\n\t\t\t\t<\/div>\n\t\t\t\t<\/div>\n\t\t","protected":false},"excerpt":{"rendered":"<p>Coment\u00e1rios Quando os visitantes deixam coment\u00e1rios no website, recolhemos os dados fornecidos no formul\u00e1rio de coment\u00e1rios, bem como o endere\u00e7o IP do visitante e a cadeia de caracteres do agente do utilizador do navegador, para ajudar na dete\u00e7\u00e3o de spam. Uma cadeia an\u00f3nima criada a partir do seu endere\u00e7o de e-mail (tamb\u00e9m designada por hash) &#8230; <a title=\"Pol\u00edtica de Privacidade\" class=\"read-more\" href=\"https:\/\/ttp.expert\/pt-pt\/politica-de-privacidade\/\" aria-label=\"Leia mais sobre Pol\u00edtica de Privacidade\">Ler mais<\/a><\/p>\n","protected":false},"author":1,"featured_media":0,"parent":0,"menu_order":0,"comment_status":"closed","ping_status":"open","template":"","meta":{"_joinchat":[],"footnotes":""},"class_list":["post-1464","page","type-page","status-publish"],"aioseo_notices":[],"_links":{"self":[{"href":"https:\/\/ttp.expert\/pt-pt\/wp-json\/wp\/v2\/pages\/1464","targetHints":{"allow":["GET"]}}],"collection":[{"href":"https:\/\/ttp.expert\/pt-pt\/wp-json\/wp\/v2\/pages"}],"about":[{"href":"https:\/\/ttp.expert\/pt-pt\/wp-json\/wp\/v2\/types\/page"}],"author":[{"embeddable":true,"href":"https:\/\/ttp.expert\/pt-pt\/wp-json\/wp\/v2\/users\/1"}],"replies":[{"embeddable":true,"href":"https:\/\/ttp.expert\/pt-pt\/wp-json\/wp\/v2\/comments?post=1464"}],"version-history":[{"count":6,"href":"https:\/\/ttp.expert\/pt-pt\/wp-json\/wp\/v2\/pages\/1464\/revisions"}],"predecessor-version":[{"id":13747,"href":"https:\/\/ttp.expert\/pt-pt\/wp-json\/wp\/v2\/pages\/1464\/revisions\/13747"}],"wp:attachment":[{"href":"https:\/\/ttp.expert\/pt-pt\/wp-json\/wp\/v2\/media?parent=1464"}],"curies":[{"name":"wp","href":"https:\/\/api.w.org\/{rel}","templated":true}]}}